{"id":47,"date":"2024-04-04T08:32:17","date_gmt":"2024-04-04T05:32:17","guid":{"rendered":"https:\/\/sisu.ut.ee\/craft\/tood\/"},"modified":"2024-08-25T12:35:09","modified_gmt":"2024-08-25T09:35:09","slug":"tood","status":"publish","type":"page","link":"https:\/\/sisu.ut.ee\/craft\/tood\/","title":{"rendered":"PT tekstiili portfooliod"},"content":{"rendered":"<p>V\u00e4ike valik tekstiili eriala vilistlaste portfooliodest. Pdf failile klikkides avaneb t\u00e4ismahus portfoolio.<\/p>\n<p><strong>Taive Peedosaar <\/strong><span class=\"file media-element file-os-files-link-icon\" data-file_info=\"%7B%22fid%22:%2276285%22,%22view_mode%22:%22os_files_link_icon%22,%22type%22:%22media%22%7D\"><img decoding=\"async\" class=\"file-icon\" src=\"\/profiles\/openscholar\/modules\/os\/modules\/os_files\/icons\/application-pdf.svg\" alt=\"\"> <a href=\"https:\/\/sisu.ut.ee\/wp-content\/uploads\/sites\/619\/taive_peedosaar_portfoolio.pdf\">taive_peedosaar_portfoolio.pdf<\/a><\/span><\/p>\n<p><img loading=\"lazy\" decoding=\"async\" width=\"1806\" height=\"1018\" class=\"alignnone wp-image-114\" style=\"width: 450px; height: 254px; float: left;\" title=\"taive_p_sisu.png\" src=\"https:\/\/sisu.ut.ee\/wp-content\/uploads\/sites\/619\/taive_p_sisu.png\" alt=\"Taive P\" srcset=\"https:\/\/sisu.ut.ee\/wp-content\/uploads\/sites\/619\/taive_p_sisu.png 1806w, https:\/\/sisu.ut.ee\/wp-content\/uploads\/sites\/619\/taive_p_sisu-300x169.png 300w, https:\/\/sisu.ut.ee\/wp-content\/uploads\/sites\/619\/taive_p_sisu-1024x577.png 1024w, https:\/\/sisu.ut.ee\/wp-content\/uploads\/sites\/619\/taive_p_sisu-768x433.png 768w, https:\/\/sisu.ut.ee\/wp-content\/uploads\/sites\/619\/taive_p_sisu-1536x866.png 1536w\" sizes=\"auto, (max-width: 1806px) 100vw, 1806px\"><\/p>\n<p><strong>K\u00e4tli Saarkoppel-Kruuser<\/strong> <a href=\"https:\/\/sisu.ut.ee\/wp-content\/uploads\/sites\/619\/katli_saarkoppel-kruuser_portfoolio.pdf\">katli_saarkoppel-kruuser_portfoolio.pdf<\/a><\/p>\n<p><img loading=\"lazy\" decoding=\"async\" class=\"alignleft wp-image-116\" src=\"https:\/\/sisu.ut.ee\/wp-content\/uploads\/sites\/619\/katli-1024x574.png\" alt=\"K\u00e4tli\" width=\"1024\" height=\"574\" srcset=\"https:\/\/sisu.ut.ee\/wp-content\/uploads\/sites\/619\/katli-1024x574.png 1024w, https:\/\/sisu.ut.ee\/wp-content\/uploads\/sites\/619\/katli-300x168.png 300w, https:\/\/sisu.ut.ee\/wp-content\/uploads\/sites\/619\/katli-768x430.png 768w, https:\/\/sisu.ut.ee\/wp-content\/uploads\/sites\/619\/katli-1536x861.png 1536w, https:\/\/sisu.ut.ee\/wp-content\/uploads\/sites\/619\/katli.png 1820w\" sizes=\"auto, (max-width: 1024px) 100vw, 1024px\"><\/p>\n<p><strong>Evelin Siiman <\/strong><a href=\"https:\/\/sisu.ut.ee\/wp-content\/uploads\/sites\/619\/portfoolio_evelin_siiman.pdf\">evelin_siiman_portfoolio.pdf<\/a><strong><br>\n<\/strong><\/p>\n<p><img loading=\"lazy\" decoding=\"async\" class=\"alignleft wp-image-117\" src=\"https:\/\/sisu.ut.ee\/wp-content\/uploads\/sites\/619\/evelin-300x217.png\" alt=\"evelin siiman\" width=\"300\" height=\"217\" srcset=\"https:\/\/sisu.ut.ee\/wp-content\/uploads\/sites\/619\/evelin-300x217.png 300w, https:\/\/sisu.ut.ee\/wp-content\/uploads\/sites\/619\/evelin-1024x742.png 1024w, https:\/\/sisu.ut.ee\/wp-content\/uploads\/sites\/619\/evelin-768x556.png 768w, https:\/\/sisu.ut.ee\/wp-content\/uploads\/sites\/619\/evelin.png 1382w\" sizes=\"auto, (max-width: 300px) 100vw, 300px\"><\/p>\n<p><strong>Mari Pukk<\/strong> <span class=\"file media-element file-os-files-link-icon\" data-file_info=\"%7B%22fid%22:%2276870%22,%22view_mode%22:%22os_files_link_icon%22,%22type%22:%22media%22%7D\"><img decoding=\"async\" class=\"file-icon\" src=\"\/profiles\/openscholar\/modules\/os\/modules\/os_files\/icons\/application-pdf.svg\" alt=\"\"> <a href=\"https:\/\/sisu.ut.ee\/wp-content\/uploads\/sites\/619\/mari_pukk_portfoolio.pdf\">mari_pukk_portfoolio.pdf<\/a><\/span><\/p>\n<p><img loading=\"lazy\" decoding=\"async\" width=\"1301\" height=\"986\" class=\"alignnone wp-image-119\" style=\"width: 450px; height: 341px;\" title=\"mari.png\" src=\"https:\/\/sisu.ut.ee\/wp-content\/uploads\/sites\/619\/mari.png\" alt=\"mari pukk\" srcset=\"https:\/\/sisu.ut.ee\/wp-content\/uploads\/sites\/619\/mari.png 1301w, https:\/\/sisu.ut.ee\/wp-content\/uploads\/sites\/619\/mari-300x227.png 300w, https:\/\/sisu.ut.ee\/wp-content\/uploads\/sites\/619\/mari-1024x776.png 1024w, https:\/\/sisu.ut.ee\/wp-content\/uploads\/sites\/619\/mari-768x582.png 768w\" sizes=\"auto, (max-width: 1301px) 100vw, 1301px\"><\/p>\n<p><strong>Tiina Laiva<\/strong> <span class=\"file media-element file-os-files-link-icon\" data-file_info=\"%7B%22fid%22:%2276873%22,%22view_mode%22:%22os_files_link_icon%22,%22type%22:%22media%22%7D\"><img decoding=\"async\" class=\"file-icon\" src=\"\/profiles\/openscholar\/modules\/os\/modules\/os_files\/icons\/application-pdf.svg\" alt=\"\"> <a href=\"https:\/\/sisu.ut.ee\/wp-content\/uploads\/sites\/619\/tiina_laiva_portfoolio.pdf\">tiina_laiva_portfoolio.pdf<\/a><\/span><\/p>\n<p><img loading=\"lazy\" decoding=\"async\" width=\"1319\" height=\"988\" class=\"alignnone wp-image-122\" style=\"width: 450px; height: 337px;\" title=\"tiina.png\" src=\"https:\/\/sisu.ut.ee\/wp-content\/uploads\/sites\/619\/tiina.png\" alt=\"tiina laiva\" srcset=\"https:\/\/sisu.ut.ee\/wp-content\/uploads\/sites\/619\/tiina.png 1319w, https:\/\/sisu.ut.ee\/wp-content\/uploads\/sites\/619\/tiina-300x225.png 300w, https:\/\/sisu.ut.ee\/wp-content\/uploads\/sites\/619\/tiina-1024x767.png 1024w, https:\/\/sisu.ut.ee\/wp-content\/uploads\/sites\/619\/tiina-768x575.png 768w\" sizes=\"auto, (max-width: 1319px) 100vw, 1319px\"><\/p>\n<p><strong>Triin Amur<\/strong> <span class=\"file media-element file-os-files-link-icon\" data-file_info=\"%7B%22fid%22:%2276877%22,%22view_mode%22:%22os_files_link_icon%22,%22type%22:%22media%22%7D\"><img decoding=\"async\" class=\"file-icon\" src=\"\/profiles\/openscholar\/modules\/os\/modules\/os_files\/icons\/application-pdf.svg\" alt=\"\"> <a href=\"https:\/\/sisu.ut.ee\/wp-content\/uploads\/sites\/619\/triin_amur_portfoolio.pdf\">triin_amur_portfoolio.pdf<\/a><\/span><\/p>\n<p><img loading=\"lazy\" decoding=\"async\" width=\"1224\" height=\"915\" class=\"alignnone wp-image-123\" style=\"width: 450px; height: 336px;\" title=\"triin.png\" src=\"https:\/\/sisu.ut.ee\/wp-content\/uploads\/sites\/619\/triin.png\" alt=\"triin amur\" srcset=\"https:\/\/sisu.ut.ee\/wp-content\/uploads\/sites\/619\/triin.png 1224w, https:\/\/sisu.ut.ee\/wp-content\/uploads\/sites\/619\/triin-300x224.png 300w, https:\/\/sisu.ut.ee\/wp-content\/uploads\/sites\/619\/triin-1024x765.png 1024w, https:\/\/sisu.ut.ee\/wp-content\/uploads\/sites\/619\/triin-768x574.png 768w\" sizes=\"auto, (max-width: 1224px) 100vw, 1224px\"><\/p>\n","protected":false},"excerpt":{"rendered":"<p>V\u00e4ike valik tekstiili eriala vilistlaste portfooliodest. Pdf failile klikkides avaneb t\u00e4ismahus portfoolio. Taive Peedosaar taive_peedosaar_portfoolio.pdf K\u00e4tli Saarkoppel-Kruuser katli_saarkoppel-kruuser_portfoolio.pdf Evelin Siiman evelin_siiman_portfoolio.pdf Mari Pukk mari_pukk_portfoolio.pdf Tiina Laiva tiina_laiva_portfoolio.pdf Triin Amur triin_amur_portfoolio.pdf<\/p>\n","protected":false},"author":274,"featured_media":0,"parent":0,"menu_order":0,"comment_status":"closed","ping_status":"closed","template":"","meta":{"_acf_changed":false,"inline_featured_image":false,"footnotes":""},"class_list":["post-47","page","type-page","status-publish","hentry"],"acf":[],"_links":{"self":[{"href":"https:\/\/sisu.ut.ee\/craft\/wp-json\/wp\/v2\/pages\/47","targetHints":{"allow":["GET"]}}],"collection":[{"href":"https:\/\/sisu.ut.ee\/craft\/wp-json\/wp\/v2\/pages"}],"about":[{"href":"https:\/\/sisu.ut.ee\/craft\/wp-json\/wp\/v2\/types\/page"}],"author":[{"embeddable":true,"href":"https:\/\/sisu.ut.ee\/craft\/wp-json\/wp\/v2\/users\/274"}],"replies":[{"embeddable":true,"href":"https:\/\/sisu.ut.ee\/craft\/wp-json\/wp\/v2\/comments?post=47"}],"version-history":[{"count":7,"href":"https:\/\/sisu.ut.ee\/craft\/wp-json\/wp\/v2\/pages\/47\/revisions"}],"predecessor-version":[{"id":632,"href":"https:\/\/sisu.ut.ee\/craft\/wp-json\/wp\/v2\/pages\/47\/revisions\/632"}],"wp:attachment":[{"href":"https:\/\/sisu.ut.ee\/craft\/wp-json\/wp\/v2\/media?parent=47"}],"curies":[{"name":"wp","href":"https:\/\/api.w.org\/{rel}","templated":true}]}}