{"id":444,"date":"2024-08-20T14:38:38","date_gmt":"2024-08-20T11:38:38","guid":{"rendered":"https:\/\/sisu.ut.ee\/craft\/?page_id=444"},"modified":"2026-02-19T14:34:50","modified_gmt":"2026-02-19T12:34:50","slug":"2023-kulo-sugiskool","status":"publish","type":"page","link":"https:\/\/sisu.ut.ee\/craft\/2023-kulo-sugiskool\/","title":{"rendered":"2023 KULO s\u00fcgiskool"},"content":{"rendered":"<h4 class=\"wp-block-heading has-extra-large-font-size\">\u201cS\u00f5nal olgu s\u00f5lm ja jutul j\u00e4tku\u201d<\/h4>\n\n\n\n<p>Kultuurip\u00e4randi loovrakenduste <a href=\"https:\/\/viljandi.ut.ee\/et\/sisu\/kultuuriparandi-loovrakenduste-sugiskool-2023?fbclid=IwAR3_KRM2WIUvFXQLc9fRCUvpjQ0-XvytSjuIP7nsRyLFwq74uaPVzu23Z18\" data-type=\"link\" data-id=\"https:\/\/viljandi.ut.ee\/et\/sisu\/kultuuriparandi-loovrakenduste-sugiskool-2023?fbclid=IwAR3_KRM2WIUvFXQLc9fRCUvpjQ0-XvytSjuIP7nsRyLFwq74uaPVzu23Z18\">s\u00fcgiskool<\/a> toimus 29.-30. septembril 2023 Toosikannu puhkekeskuses J\u00e4rvamaal. <\/p>\n\n\n\n<p>1. p\u00e4eva kavas olid j\u00e4rgmised loengud ja ettekanded:<br>Tanel M\u00e4llo \u201cKultuurp\u00e4randi loovrakendused ja digisf\u00e4\u00e4ri tunnetus\u201d<br>Kahro Tall \u201cAjukirurgia arengust. Kunsti ja k\u00e4sit\u00f6\u00f6 osa selle eriala omandamisel ning hoidmisel\u201d<br>Krista Sarv \u201cKas t\u00f5esti eit teadis? Museaali p\u00fchadusest ja p\u00fchitsemisest\u201d<br>Meelis Kihulane \u201c Rahvap\u00e4rane puut\u00f6\u00f6- m\u00f5tteviis ja elustiil\u201d<\/p>\n\n\n\n<p>2. p\u00e4eva kavas olid j\u00e4rgmised ettekanded:<br>Aigar Vaigu \u201cAPPI ehk ajaloolise pudru paratamatu ilming\u201d<br>Margus Ott \u201cMaterjalism\u201d<br>P\u00e4eva l\u00f5petas osalejate tagasisidering.<br>S\u00fcgiskooli moderaator oli kultuurip\u00e4randi loovrakenduse magistrand Merle Liinsoo.<\/p>\n\n\n\n<p>Vaata UTTV-st j\u00e4rgi <a href=\"https:\/\/uttv.ee\/naita?id=34752\">1. loengup\u00e4eva<\/a> ja <a href=\"https:\/\/uttv.ee\/naita?id=34754\">2. loengup\u00e4eva<\/a> ettekandeid.<\/p>\n\n\n\n<figure class=\"wp-block-image size-large\"><img loading=\"lazy\" decoding=\"async\" width=\"1024\" height=\"724\" src=\"https:\/\/sisu.ut.ee\/wp-content\/uploads\/sites\/619\/PT-sugiskool-2023-1024x724.jpg\" alt=\"\" class=\"wp-image-448\" srcset=\"https:\/\/sisu.ut.ee\/wp-content\/uploads\/sites\/619\/PT-sugiskool-2023-1024x724.jpg 1024w, https:\/\/sisu.ut.ee\/wp-content\/uploads\/sites\/619\/PT-sugiskool-2023-300x212.jpg 300w, https:\/\/sisu.ut.ee\/wp-content\/uploads\/sites\/619\/PT-sugiskool-2023-768x543.jpg 768w, https:\/\/sisu.ut.ee\/wp-content\/uploads\/sites\/619\/PT-sugiskool-2023.jpg 1415w\" sizes=\"auto, (max-width: 1024px) 100vw, 1024px\"><\/figure>\n","protected":false},"excerpt":{"rendered":"<p>\u201cS\u00f5nal olgu s\u00f5lm ja jutul j\u00e4tku\u201d Kultuurip\u00e4randi loovrakenduste s\u00fcgiskool toimus 29.-30. septembril 2023 Toosikannu puhkekeskuses J\u00e4rvamaal. 1. p\u00e4eva kavas olid j\u00e4rgmised loengud ja ettekanded:Tanel M\u00e4llo \u201cKultuurp\u00e4randi loovrakendused ja digisf\u00e4\u00e4ri tunnetus\u201dKahro Tall \u201cAjukirurgia arengust. Kunsti ja k\u00e4sit\u00f6\u00f6 osa selle eriala omandamisel &#8230;<\/p>\n","protected":false},"author":274,"featured_media":0,"parent":0,"menu_order":0,"comment_status":"closed","ping_status":"closed","template":"","meta":{"_acf_changed":false,"inline_featured_image":false,"footnotes":""},"class_list":["post-444","page","type-page","status-publish","hentry"],"acf":[],"_links":{"self":[{"href":"https:\/\/sisu.ut.ee\/craft\/wp-json\/wp\/v2\/pages\/444","targetHints":{"allow":["GET"]}}],"collection":[{"href":"https:\/\/sisu.ut.ee\/craft\/wp-json\/wp\/v2\/pages"}],"about":[{"href":"https:\/\/sisu.ut.ee\/craft\/wp-json\/wp\/v2\/types\/page"}],"author":[{"embeddable":true,"href":"https:\/\/sisu.ut.ee\/craft\/wp-json\/wp\/v2\/users\/274"}],"replies":[{"embeddable":true,"href":"https:\/\/sisu.ut.ee\/craft\/wp-json\/wp\/v2\/comments?post=444"}],"version-history":[{"count":9,"href":"https:\/\/sisu.ut.ee\/craft\/wp-json\/wp\/v2\/pages\/444\/revisions"}],"predecessor-version":[{"id":866,"href":"https:\/\/sisu.ut.ee\/craft\/wp-json\/wp\/v2\/pages\/444\/revisions\/866"}],"wp:attachment":[{"href":"https:\/\/sisu.ut.ee\/craft\/wp-json\/wp\/v2\/media?parent=444"}],"curies":[{"name":"wp","href":"https:\/\/api.w.org\/{rel}","templated":true}]}}