{"id":33,"date":"2024-04-04T08:32:16","date_gmt":"2024-04-04T05:32:16","guid":{"rendered":"https:\/\/sisu.ut.ee\/craft\/omamood-0\/"},"modified":"2026-02-03T21:43:54","modified_gmt":"2026-02-03T19:43:54","slug":"omamood-0","status":"publish","type":"page","link":"https:\/\/sisu.ut.ee\/craft\/omamood-0\/","title":{"rendered":"OmaMood"},"content":{"rendered":"<p style=\"text-align: justify;\">OmaMood on rohkem kui lihtsalt moeetendus, see on k\u00e4sit\u00f6\u00f6liste kogukondadele m\u00f5eldud pidu, kus on v\u00f5imalik kokku saada ja inspiratsiooni ammutada. K\u00e4sit\u00f6\u00f6 on eestlaste vaimse kultuurip\u00e4randi oluline osa ja t\u00fckike meie identiteedist, mis on siiani igap\u00e4evases kasutuses ning arengus. Moeetenduse eesm\u00e4rgiks on tuua osalejani klassikalise k\u00e4sit\u00f6\u00f6 elemendid modernses v\u00f5tmes.<br>\nAlati esitletakse ka T\u00dc Viljandi kultuuriakadeemia p\u00e4randtehnoloogia rahvusliku tekstiili eriala \u00fcli\u00f5pilaste ja vilistlaste disainitud kollektsioone.<br>\n<a href=\"https:\/\/fashionfestival.ee\/programm\/omamood\" target=\"_blank\" rel=\"noopener\">OmaMood<\/a> on \u00fcks kolmest Estonian Fashion Festivali moeetendusest ning seda aitab korraldada T\u00dc Viljandi kultuuriakadeemia p\u00e4randtehnoloogia \u00f5ppekava.<\/p>\n<h4 style=\"text-align: justify;\">2026<\/h4>\n<p><strong>J\u00e4rgmine Estonian Fashion Festival toimub 10. juunil 2026 Viljandis ja 11.-12. juunil Tartus.<\/strong><\/p>\n<h4 style=\"text-align: justify;\">2025<\/h4>\n<p>2025 etenduse lavastus kandis pealkirja HELK. See keskendus m\u00f6\u00f6duvatele hetkedele ja sisemistele peegeldustele, helgid, mis ilmuvad vaid silmapilguks, ent j\u00e4\u00e4vad meelde, avalduvad laval liikumise, kujunduse ja r\u00f5ivakollektsioonide kaudu.<br>\nMoeloojad-disainerid OmaMood etendusel olid: Sirje Ani, Pauline \u00d6\u00f6pik, Tiiu K\u00e4ngsepp-Prost ja Grete Prost-K\u00e4ngsepp, Marika Viitmaa, Ruth Moppel, Emely Sulg, Linda Teem\u00e4gi, Kristina Oja, Vilve Unt. K\u00fclalisdisaineritena astusid ERM-s \u00fcles Liina Viira ja Tiina Talumees. Tunnustusi disaineritele jagasid Eesti K\u00e4sit\u00f6\u00f6liit, Tartu \u00dclikooli Viljandi Kultuuriakadeemia, Disainipood Hopp ja ajakiri K\u00e4sit\u00f6\u00f6. S\u00fcndmuse kunstiliseks juhiks ja peakorraldajaks oli Karina Kirs. Lavastasid Karmen Teesi Pregel ja Julia Koneva. Muusikalise maailma l\u00f5i Erki P\u00e4rnoja. Fotografeeris Kerttu Kruusla, vaata etenduse <a href=\"https:\/\/flickr.com\/photos\/184756568@N05\/albums\/72177720327241700\/\" target=\"_blank\" rel=\"noopener\">fotogaleriid<\/a>.<\/p>\n<h4 style=\"text-align: justify;\">2024<\/h4>\n<p>12. korda toimunud moeetendus t\u00f5i vaatajani traditsioonilise k\u00e4sit\u00f6\u00f6 v\u00e4\u00e4rtused modernses v\u00f5tmes, toetades kohalikust k\u00e4sit\u00f6\u00f6p\u00e4randist inspireeritud ning j\u00e4tkusuutliku, eelk\u00f5ige aeglase, disainiliikumise p\u00f5him\u00f5tete j\u00e4rgi valmistatud r\u00f5ivaste loomist ja kandmist. Anti v\u00e4lja auhind \u201cJ\u00e4tkusuutlikuim disainer 2024\u201d. Etendusel osalesid j\u00e4rgnevad moedisainerid: Piret T\u00e4rno, Angela Mettus, Inger P\u00fcrjema, Janika Solmann (NaturalSolmann), Ene Vainola (UNIUSE), Heidi Toome, Liisi Tammar, Margit Randm\u00e4e, Kristi Everst, Vilve Unt, Ulvi Kangru ja Gea Rahel Promet. Etenduse peakorraldaja oli Karina Kirs, muusika l\u00f5i Tuuliki Bartosik. Vaata etenduse <a href=\"https:\/\/www.flickr.com\/photos\/184756568@N05\/albums\/72177720319217247\/\" target=\"_blank\" rel=\"noopener\">fotogaleriid<\/a>.<\/p>\n<h4 style=\"text-align: justify;\">2023<\/h4>\n<p style=\"text-align: justify;\">Moeetendus toimus Tartus ERMis. Laval sai vaadata 10 p\u00e4rimusmoe kollektsiooni. Moeetenduse peakorraldaja ning kunstiline juht oli Karina Kirs. Etenduse muusikaliseks kujundajaks oli Maris Pihlap, koreograaf-lavastaja Karmen Teesi Pregel. Varasemast enam oli etenduse fookuses kodumaine, ehe ja j\u00e4tkusuutlik materjal, mis kangastab meie traditsioone. Moeetenduse m\u00e4rks\u00f5nadeks olid p\u00e4rimus- ja n\u00fc\u00fcdiskultuuri p\u00f5imumine. Etenduse peakorraldaja oli Karina Kirs, muusika l\u00f5i Maris Pihlap. Vaata moeetenduse <a href=\"https:\/\/api.flickr.com\/photos\/184756568@N05\/albums\/72177720309039101\/\" target=\"_blank\" rel=\"noopener\">fotogaleriid<\/a> ja <a href=\"https:\/\/www.youtube.com\/watch?v=BEGcCDIFT44\" target=\"_blank\" rel=\"noopener\">j\u00e4relfilmi<\/a>.<\/p>\n<h4 style=\"text-align: justify;\">2022<\/h4>\n<p style=\"text-align: justify;\">Moeetendus t\u00e4histas 10. juubelit moefilmide esilinastusega. Ekraanile j\u00f5udis seitse uut moe l\u00fchifilmi, kus esitlesid oma kollektsioone Vilve Unt, Katre Arula, Annika Vaalma, Kristina Libe, Sirje Ani, Anu Sirkas ning Grete K\u00fcppar &amp; Maarja Palu. Moefilmide re\u017eiss\u00f6\u00f6r on Kadi Aare, produtsent Triin Amur ja muusika autor Tintura. Vaata tervikuks p\u00f5imitud <a title=\"\" href=\"https:\/\/www.youtube.com\/watch?v=0ZvmmF2Go_s\" target=\"_blank\" rel=\"noopener\" data-url=\"https:\/\/www.youtube.com\/watch?v=0ZvmmF2Go_s\">l\u00fchifilme<\/a>.<\/p>\n<h4 style=\"text-align: justify;\">2021<\/h4>\n<p style=\"text-align: justify;\">Juunis toimus OmaMood moefilmi esmaesitlus Viljandi Forum Cinemas saalis. <a title=\"\" href=\"https:\/\/www.youtube.com\/watch?v=F1DyerKGTDk\" target=\"_blank\" rel=\"noopener\" data-url=\"https:\/\/www.youtube.com\/watch?v=F1DyerKGTDk\">Filmietendusele<\/a> valiti seitse disainerit, kelle kollektsioonid p\u00f5imiti 25-minutiliseks tervikuks. Kulgedes m\u00f6\u00f6da Heimtali muuseumi ja p\u00f5hikooli atmosf\u00e4\u00e4re ning loodusvaateid, kutsub film osa saama t\u00e4nasest p\u00e4rimusmoest. Filmi kunstiline lavastaja ja produtsent on Triin Amur, re\u017eiss\u00f6\u00f6r Bohdana Korohod, muusika looja Duo Ruut.<\/p>\n<h4 style=\"text-align: justify;\">2020<\/h4>\n<p style=\"text-align: justify;\">2020 etendus toimus Tartus, Rahvusarhiivis <a title=\"\" href=\"https:\/\/www.youtube.com\/watch?v=tGCDvcLX8HM\" target=\"_blank\" rel=\"noopener\" data-url=\"https:\/\/www.youtube.com\/watch?v=tGCDvcLX8HM\">otse\u00fclekandena<\/a> Delfi TV, Anne &amp; Stiil v\u00f5i L\u2019Officiel Baltic vahendusel ning j\u00e4\u00e4dvustati ka <a title=\"\" href=\"https:\/\/www.flickr.com\/photos\/158549901@N07\/albums\/72157714750670202\" target=\"_blank\" rel=\"noopener\" data-url=\"https:\/\/www.flickr.com\/photos\/158549901@N07\/albums\/72157714750670202\">fotodena<\/a>. Osales 10 kollektsiooni. Muusikalise kujunduse autor oli Argo Vals. Koreograafia autorid olid Karoline Suhhov ja Karina Kirs. Etenduse peakorraldaja oli Henri Karmiste.<\/p>\n<h4 style=\"text-align: justify;\">2019<\/h4>\n<p style=\"text-align: justify;\">2019 OmaMood toimus ERMis. Laval sai vaadata 12 k\u00f5ige v\u00e4rskemat p\u00e4rimusmoe kollektsiooni. Moeetenduse m\u00e4rks\u00f5nadeks olid traditsiooni ja n\u00fc\u00fcdiskultuuri vastandumine ja kordused. Tugevad, j\u00f5ulised ja k\u00fclmad kontrastid versus pehmus, leebus ja \u00f5rnus. Kaja ja korduste tekitamine etenduse visuaalses pooles, tr\u00fckimaterjalis, muusikas ja liikumises. Moeetenduse kunstiline juht oli Triin Amur. Muusikalise kujunduse etendusele l\u00f5i projekt Ju-Ju, koosseisus C\u00e4tlin M\u00e4gi ja DJ Erki Pruul. Etenduse lavalise liikumise l\u00f5id lavastaja Karoline Suhhov ja kaaslavastaja Karina Kirs. Moeetenduse peakorraldaja oli kultuurikorralduse eriala \u00fcli\u00f5pilane Kaari Soosalu. Etendust saab vaadata <a title=\"\" href=\"https:\/\/www.uttv.ee\/naita?id=28781\" target=\"_blank\" rel=\"noopener\" data-url=\"https:\/\/www.uttv.ee\/naita?id=28781\">otse\u00fclekande salvestusena<\/a> ning <a title=\"\" href=\"https:\/\/www.flickr.com\/photos\/158549901@N07\/sets\/72157709243900948\/\" target=\"_blank\" rel=\"noopener\" data-url=\"https:\/\/www.flickr.com\/photos\/158549901@N07\/sets\/72157709243900948\/\">fotogalerii<\/a> vahendusel.<\/p>\n<h4 style=\"text-align: justify;\">2018<\/h4>\n<p style=\"text-align: justify;\">2018 toimus OmaMood Tartus ERMis ning oli esmakordset osa moehuviliste elustiilifestivalist Estonian Fashion Festival. Laval oli 12 kollektsiooni, kokku \u00fcle 80 r\u00f5ivakomplekti. Kollektsioone aitas luua 16 disainerit ning esitleda 38 modelli. Moeetendusele loodi iga kollektsiooni jaoks muusikaline kujundus, koreograafia ja valguskujundus. 2018. aasta etenduse peamisteks m\u00e4rks\u00f5nadeks olid minimalism ja erinevad ilmastikuga seotud n\u00e4htused (udu, p\u00e4iksekiired, vihmapiisad). Muusikalise kujunduse l\u00f5i Silver Sepp. Peakorraldaja oli Kaari Soosalu. Selle aasta moeetendusest valmisid <a title=\"\" href=\"https:\/\/www.youtube.com\/watch?v=XXBTdp3Z22c\" target=\"_blank\" rel=\"noopener\" data-url=\"https:\/\/www.youtube.com\/watch?v=XXBTdp3Z22c\">l\u00fchiklipp<\/a>, kogu <a title=\"\" href=\"https:\/\/www.uttv.ee\/naita?id=27652\" target=\"_blank\" rel=\"noopener\" data-url=\"https:\/\/www.uttv.ee\/naita?id=27652\">etenduse salvestus<\/a> ning <a title=\"\" href=\"https:\/\/www.flickr.com\/photos\/158549901@N07\/sets\/72157670020584238\/\" target=\"_blank\" rel=\"noopener\" data-url=\"https:\/\/www.flickr.com\/photos\/158549901@N07\/sets\/72157670020584238\/\">fotogalerii<\/a>.<\/p>\n<h4 style=\"text-align: justify;\">2017<\/h4>\n<p style=\"text-align: justify;\">OmaMood toimus 2017. aastal Viljandis p\u00e4rimusmuusika aidas. Moeetendusel esitlesid T\u00dc Viljandi kultuuriakadeemia rahvusliku tekstiili eriala \u00fcli\u00f5pilased oma l\u00f5put\u00f6id ning erinevad tekstiilikunstnikud ja moeloojad tutvustavad p\u00e4rimuslike sugemetega r\u00f5ivakollektsioone. Sellel aastal oli laval 14 kollektsiooni. Disainerite seas oli Viljandi kultuuriakadeemia, Viljandi kunstikooli \u00f5pilasi ja vabakutselisi disainereid. Lavale j\u00f5udis ka Kersti Heinloo loodud lillep\u00e4rgade kollektsioon. Inspiratsiooniallikateks olid l\u00f5ng ja mets. Musitseeris K\u00e4rtseptsioon koosseisus K\u00e4rt Anton ja K\u00e4rt M\u00e4nna. Peakorraldaja oli Elo Meier. Vaata etenduse <a title=\"\" href=\"https:\/\/www.uttv.ee\/naita?id=25812\" target=\"_blank\" rel=\"noopener\" data-url=\"https:\/\/www.uttv.ee\/naita?id=25812\">salvestust<\/a>.<\/p>\n<h4 style=\"text-align: justify;\">2016<\/h4>\n<p style=\"text-align: justify;\">OmaMood toimus Viljandis p\u00e4rimusmuusika aidas. Moeetendusel osalesid T\u00dc Viljandi kultuuriakadeemia rahvusliku tekstiili eriala l\u00f5petajad, \u00fcli\u00f5pilased ning vilistlased. Laval n\u00e4gi traditsioonilisi Ruhnu naise peor\u00f5ivaid, Seto rahvariideid kui ka soome-ugri rahvariietest inspireeritud etnofuturistlikku kollektsiooni ning palju muud. Esitleti kollektsioone j\u00e4rgmistelt autoritelt: Anneli Arro, Liisi-Ly Viitkin ja Karolina Lehtma, Triin Kuus, Liina Laansalu, Tiina Laiva, Margot Marks, Helve Maripuu, Siiri N\u00f5mmsalu, Inga Teder, Sandra Urvak, Kadri Viin, Liina Laaneoja ja Annika Vaalma. Modellide tantsulise liikumise eest vastutasid kultuuriakadeemia tantsukunsti vilistlased Kristel Maruste ja Susanne Org. Musitseerisid Cathy Sommer ja Johannes Ahun. Peakorraldaja oli Laidi Sergejeva. Vaata etenduse <a title=\"\" href=\"https:\/\/www.uttv.ee\/naita?id=24221\" target=\"_blank\" rel=\"noopener\" data-url=\"https:\/\/www.uttv.ee\/naita?id=24221\">salvestust<\/a>.<\/p>\n<h4 style=\"text-align: justify;\">2014<\/h4>\n<p style=\"text-align: justify;\">OmaMood toimus Viljandis p\u00e4rimusmuusika aidas. Esitlemisele tuli 10 kollektsiooni. Lavale j\u00f5udsid rahvusliku tekstiili eriala l\u00f5petajate \u2013 Alliki Oidekivi, Annika Vaalma, Eve Variku, Jane J\u00f5gi, K\u00e4rt Aedviiru, Liina Laansalu, Liina Laaneoja, Maren Suurna, Merike Saaremetsa ja Signe R\u00e4tsepso \u2013 t\u00f6\u00f6d. Kollektsioone esitleti tantsulise liikumise kaudu, koreograafia autoriteks T\u00dc VKA tantsutudengid Susanne Org ja Kristel Kermes. Muusika l\u00f5id Kulno Malva ning DJ Harlet Orasmaa. Peakorraldaja oli Laidi Sergejeva. Etendust koos autorite kommentaaridega saab <a title=\"\" href=\"https:\/\/www.uttv.ee\/naita?id=19894\" target=\"_blank\" rel=\"noopener\" data-url=\"https:\/\/www.uttv.ee\/naita?id=19894\">vaadata UTTV-st<\/a>.<\/p>\n<h4 style=\"text-align: justify;\">2013<\/h4>\n<p style=\"text-align: justify;\">Viljandis toimunud moeetendus oli seotud kampsunikonverentsiga ning kokku esitleti 10 kollektsiooni. Moeetendusel osalesid moeloojad-k\u00e4sit\u00f6\u00f6lised T\u00dc Viljandi kultuuriakadeemiast ning Tartu K\u00f5rgema Kunstikooli Pallase III kursuse tekstiilitudengid. Peakorraldaja oli Laidi Sergejeva. Koreograafia autoriteks T\u00dc VKA tantsutudengid Susanne Org ja Kristel Kermes.<\/p>\n<h4 style=\"text-align: justify;\">2012<\/h4>\n<p style=\"text-align: justify;\">2012 toimus Viljandi p\u00e4rimusmuusika aidas esimene moeetendus OmaMood, kus esitleti T\u00dc Viljandi Kultuuriakadeemia rahvusliku tekstiili eriala l\u00f5put\u00f6\u00f6dest koosnevaid kollektsioone. K\u00f5ik 13 kollektsiooni olid suuremal v\u00f5i v\u00e4hemal m\u00e4\u00e4ral saanud inspiratsiooni Eesti rahvar\u00f5ivastest v\u00f5i nende aksessuaaridest. Moeetenduse valmimisse kaasati pea k\u00f5ikide kultuuriakadeemia erialade inimesi. Lavalise liikumise seadsid tantsukunsti tudengid Evelyn Uisk ja Sille Ardel, musitseeris ansambel Midrid. OmaMood peakorraldaja oli Laidi Sergejeva, T\u00dc Viljandi kultuuriakadeemia kultuurikorralduse \u00fcli\u00f5pilane, kes kirjutas l\u00f5put\u00f6\u00f6 <a title=\"\" href=\"https:\/\/dspace.ut.ee\/handle\/10062\/26418\" target=\"_blank\" rel=\"noopener\" data-url=\"https:\/\/dspace.ut.ee\/handle\/10062\/26418\">\u201cMoeetendus OmaMood\u201d<\/a>.<\/p>\n<div id=\"collapse-22448\" class=\"collapse show\" aria-labelledby=\"heading-22448\">\n<div class=\"card-body px-4 py-0\">\n<p style=\"text-align: right;\"><em>Hetk OmaMood etendusest 2018. aastal ERMis, foto autor K\u00e4tlin Nurm.<\/em><\/p>\n<p style=\"text-align: justify;\"><img loading=\"lazy\" decoding=\"async\" width=\"2047\" height=\"1365\" class=\"alignnone wp-image-111\" style=\"width: 860px; float: left; height: 573px;\" title=\"28867370038_24eb8f6b64_k.jpg\" src=\"https:\/\/sisu.ut.ee\/wp-content\/uploads\/sites\/619\/28867370038_24eb8f6b64_k.jpg\" alt=\"OmaMood\" srcset=\"https:\/\/sisu.ut.ee\/wp-content\/uploads\/sites\/619\/28867370038_24eb8f6b64_k.jpg 2047w, https:\/\/sisu.ut.ee\/wp-content\/uploads\/sites\/619\/28867370038_24eb8f6b64_k-300x200.jpg 300w, https:\/\/sisu.ut.ee\/wp-content\/uploads\/sites\/619\/28867370038_24eb8f6b64_k-1024x683.jpg 1024w, https:\/\/sisu.ut.ee\/wp-content\/uploads\/sites\/619\/28867370038_24eb8f6b64_k-768x512.jpg 768w, https:\/\/sisu.ut.ee\/wp-content\/uploads\/sites\/619\/28867370038_24eb8f6b64_k-1536x1024.jpg 1536w, https:\/\/sisu.ut.ee\/wp-content\/uploads\/sites\/619\/28867370038_24eb8f6b64_k-1920x1280.jpg 1920w\" sizes=\"auto, (max-width: 2047px) 100vw, 2047px\"><\/p>\n<\/div>\n<\/div>\n<p style=\"text-align: justify;\">\n<\/p>","protected":false},"excerpt":{"rendered":"<p>OmaMood on rohkem kui lihtsalt moeetendus, see on k\u00e4sit\u00f6\u00f6liste kogukondadele m\u00f5eldud pidu, kus on v\u00f5imalik kokku saada ja inspiratsiooni ammutada. K\u00e4sit\u00f6\u00f6 on eestlaste vaimse kultuurip\u00e4randi oluline osa ja t\u00fckike meie identiteedist, mis on siiani igap\u00e4evases kasutuses ning arengus. Moeetenduse eesm\u00e4rgiks &#8230;<\/p>\n","protected":false},"author":274,"featured_media":0,"parent":0,"menu_order":0,"comment_status":"closed","ping_status":"closed","template":"","meta":{"_acf_changed":false,"inline_featured_image":false,"footnotes":""},"class_list":["post-33","page","type-page","status-publish","hentry"],"acf":[],"_links":{"self":[{"href":"https:\/\/sisu.ut.ee\/craft\/wp-json\/wp\/v2\/pages\/33","targetHints":{"allow":["GET"]}}],"collection":[{"href":"https:\/\/sisu.ut.ee\/craft\/wp-json\/wp\/v2\/pages"}],"about":[{"href":"https:\/\/sisu.ut.ee\/craft\/wp-json\/wp\/v2\/types\/page"}],"author":[{"embeddable":true,"href":"https:\/\/sisu.ut.ee\/craft\/wp-json\/wp\/v2\/users\/274"}],"replies":[{"embeddable":true,"href":"https:\/\/sisu.ut.ee\/craft\/wp-json\/wp\/v2\/comments?post=33"}],"version-history":[{"count":25,"href":"https:\/\/sisu.ut.ee\/craft\/wp-json\/wp\/v2\/pages\/33\/revisions"}],"predecessor-version":[{"id":841,"href":"https:\/\/sisu.ut.ee\/craft\/wp-json\/wp\/v2\/pages\/33\/revisions\/841"}],"wp:attachment":[{"href":"https:\/\/sisu.ut.ee\/craft\/wp-json\/wp\/v2\/media?parent=33"}],"curies":[{"name":"wp","href":"https:\/\/api.w.org\/{rel}","templated":true}]}}