{"id":32,"date":"2024-04-04T08:32:16","date_gmt":"2024-04-04T05:32:16","guid":{"rendered":"https:\/\/sisu.ut.ee\/craft\/craft-camp-0\/"},"modified":"2026-01-25T16:14:04","modified_gmt":"2026-01-25T14:14:04","slug":"craft-camp-0","status":"publish","type":"page","link":"https:\/\/sisu.ut.ee\/craft\/craft-camp-0\/","title":{"rendered":"Craft Camp"},"content":{"rendered":"<h4 style=\"text-align: justify;\">J\u00e4rgmine rahvusvaheline k\u00e4sit\u00f6\u00f6laager <a title=\"\" href=\"https:\/\/viljandi.ut.ee\/en\/craftcamp\" target=\"_blank\" rel=\"noopener\" data-url=\"https:\/\/viljandi.ut.ee\/en\/craftcamp\">\u201cCraft Camp\u201d toimub 12.-18. juulil 2026.<\/a><\/h4>\n<p style=\"text-align: justify;\">P\u00e4randtehnoloogia \u00f5ppekava korraldab alates 2014. aastast rahvusvahelist k\u00e4sit\u00f6\u00f6laagrit \u201cCraft Camp\u201d, mille eesm\u00e4rk on tutvustada v\u00e4lismaalastele Eesti traditsioonilisi k\u00e4sit\u00f6\u00f6tehnikaid ja nende kasutusv\u00f5imalusi t\u00e4nap\u00e4eval. Laager toimub tavaliselt juuli teisel n\u00e4dalal ning \u00f5ppet\u00f6\u00f6 on inglise keeles. \u00d5petajateks on T\u00dc Viljandi kultuuriakadeemia \u00f5ppej\u00f5ud, vilistlased, \u00fcli\u00f5pilased ja teised tunnustatud k\u00e4sit\u00f6\u00f6meistrid. Lisaks t\u00f6\u00f6tubadele on osalejatel v\u00f5imalus \u00fchel p\u00e4eval k\u00fclastada m\u00f5nda Eestimaa erin\u00e4olistest kultuuripiirkondadest ning saada osa \u00f5htuti toimuvast kultuuriprogrammist.<\/p>\n<p style=\"text-align: justify;\">Esimene k\u00e4sit\u00f6\u00f6laager toimus 13.\u201318. juulil 2014, kus lisaks tekstiiliteemalistele t\u00f6\u00f6tubadele olid valikus luu- ja tohut\u00f6\u00f6 ning Olustvere m\u00f5isa t\u00f6\u00f6kodades pakutavad klaasipuhumine ja keraamika.<br>2015. aastal lisandusid laagri tunniplaani metalli- ja puut\u00f6\u00f6 t\u00f6\u00f6toad.<br>2016. aastal muutus t\u00f6\u00f6tubade valik rikkalikumaks, varasema 11 teema asemel oli pakkumisel juba 17 erinevat teemat.<br>2017. aastal lisandusid n\u00e4iteks l\u00f5nga v\u00e4rvimine, niplispits ja kuldtikand, toimus 24 erinevat t\u00f6\u00f6tuba.<br>2018. aastast alates muutus t\u00f6\u00f6tubade s\u00fcsteem: 1-p\u00e4evastele lisandusid 2-p\u00e4evased t\u00f6\u00f6toad. Esmakordselt olid kavas telgedel kudumine, ketramine, nahat\u00f6\u00f6 ja viltimine.<br>2019. aastal katsetati esmakordselt 4-p\u00e4evase t\u00f6\u00f6toa mahutamist laagri formaati ning s\u00fcndmus kolis Viljandisse, eesm\u00e4rgiga laiendada t\u00f6\u00f6tubade valikut: Vilma maja ruumides oli v\u00f5imalus villakojas l\u00f5nga valmistada, masinaga kududa ning sepistada.<br>Seoses koroonapiirangutega peeti laagrist 2 aastat pausi, 2022. aasta juulis toimunud laagris olid esmakordselt kavas n\u00e4iteks eesti rahvustoitude ja kivil\u00f5ike t\u00f6\u00f6toad. Nordplusi rahastuse toel sai laagris osaleda k\u00fcmmekond \u00fcli\u00f5pilast P\u00f5hjamaadest.<br>2023. aastal olid uute teemadena kavas seto niplispits, m\u00e4ngukarude \u00f5mblemine, kombineeritud pistetega tikitud pinnakirjad, traditsiooniline paikamine ning pastelde valmistamine.<br>2024 laagri temaatika seadis fookusesse Muhu saare \u2013 hommikuloengute k\u00e4igus anti \u00fclevaade Muhu vanematest ja uuematest r\u00f5ivastumistavadest. Uute kursustena olid programmis pakutr\u00fckk, metsikud s\u00f6\u00f6davad toidutaimed ja kaunistused kaaruspaelaga.<br>2025 laager keskendus Kihnu saarele, mida reisip\u00e4eval ka k\u00fclastati. T\u00f6\u00f6tubades \u00f5piti peamiselt tundma erinevaid traditsioonilisi tekstiilitehnikaid, esmakordselt oli kavas Kihnu jaki \u00f5mblemine.<\/p>\n<p style=\"text-align: justify;\">Esimesed viis laagrit toimusid koostoos Olustvere Teenindus- ja Maamajanduskooli ning Olustvere M\u00f5isaga, seej\u00e4rel on laager toimunud T\u00dc Viljandi kultuuriakadeemia Vilma majas.<br>Laagri osalejate hulgas on palju pikaajalisi k\u00fclastajaid, kes on meie t\u00f6\u00f6tubasid v\u00e4isanud pea igal aastal. L\u00e4htuvalt osalejate soovidest, p\u00fc\u00fcame igal aastal pakkuda uudseid ja huvitavaid t\u00f6\u00f6tubasid.<br>Vabade kohtade olemasolul pakume v\u00f5imalust osaleda \u00fcksikutes t\u00f6\u00f6tubades, sellekohase info avaldame paar kuud enne laagrit.<\/p>\n\n\n<figure class=\"wp-block-gallery has-nested-images columns-3 is-cropped wp-block-gallery-1 is-layout-flex wp-block-gallery-is-layout-flex\">\n<figure class=\"wp-block-image size-large\"><a href=\"https:\/\/sisu.ut.ee\/wp-content\/uploads\/sites\/619\/20150708_8253-scaled.jpg\"><img loading=\"lazy\" decoding=\"async\" width=\"683\" height=\"1024\" data-id=\"99\" src=\"https:\/\/sisu.ut.ee\/wp-content\/uploads\/sites\/619\/20150708_8253-683x1024.jpg\" alt=\"\" class=\"wp-image-99\" srcset=\"https:\/\/sisu.ut.ee\/wp-content\/uploads\/sites\/619\/20150708_8253-683x1024.jpg 683w, https:\/\/sisu.ut.ee\/wp-content\/uploads\/sites\/619\/20150708_8253-200x300.jpg 200w, https:\/\/sisu.ut.ee\/wp-content\/uploads\/sites\/619\/20150708_8253-768x1151.jpg 768w, https:\/\/sisu.ut.ee\/wp-content\/uploads\/sites\/619\/20150708_8253-1025x1536.jpg 1025w, https:\/\/sisu.ut.ee\/wp-content\/uploads\/sites\/619\/20150708_8253-1920x2877.jpg 1920w, https:\/\/sisu.ut.ee\/wp-content\/uploads\/sites\/619\/20150708_8253-scaled.jpg 1709w\" sizes=\"auto, (max-width: 683px) 100vw, 683px\"><\/a><\/figure>\n\n\n\n<figure class=\"wp-block-image size-large\"><a href=\"https:\/\/sisu.ut.ee\/wp-content\/uploads\/sites\/619\/20150710_8863-1-scaled.jpg\"><img loading=\"lazy\" decoding=\"async\" width=\"683\" height=\"1024\" data-id=\"171\" src=\"https:\/\/sisu.ut.ee\/wp-content\/uploads\/sites\/619\/20150710_8863-1-683x1024.jpg\" alt=\"\" class=\"wp-image-171\" srcset=\"https:\/\/sisu.ut.ee\/wp-content\/uploads\/sites\/619\/20150710_8863-1-683x1024.jpg 683w, https:\/\/sisu.ut.ee\/wp-content\/uploads\/sites\/619\/20150710_8863-1-200x300.jpg 200w, https:\/\/sisu.ut.ee\/wp-content\/uploads\/sites\/619\/20150710_8863-1-768x1151.jpg 768w, https:\/\/sisu.ut.ee\/wp-content\/uploads\/sites\/619\/20150710_8863-1-1025x1536.jpg 1025w, https:\/\/sisu.ut.ee\/wp-content\/uploads\/sites\/619\/20150710_8863-1-1367x2048.jpg 1367w, https:\/\/sisu.ut.ee\/wp-content\/uploads\/sites\/619\/20150710_8863-1-1920x2877.jpg 1920w, https:\/\/sisu.ut.ee\/wp-content\/uploads\/sites\/619\/20150710_8863-1-scaled.jpg 1709w\" sizes=\"auto, (max-width: 683px) 100vw, 683px\"><\/a><\/figure>\n\n\n\n<figure class=\"wp-block-image size-large\"><a href=\"https:\/\/sisu.ut.ee\/wp-content\/uploads\/sites\/619\/20150708_8039-1-scaled.jpg\"><img loading=\"lazy\" decoding=\"async\" width=\"683\" height=\"1024\" data-id=\"173\" src=\"https:\/\/sisu.ut.ee\/wp-content\/uploads\/sites\/619\/20150708_8039-1-683x1024.jpg\" alt=\"\" class=\"wp-image-173\" srcset=\"https:\/\/sisu.ut.ee\/wp-content\/uploads\/sites\/619\/20150708_8039-1-683x1024.jpg 683w, https:\/\/sisu.ut.ee\/wp-content\/uploads\/sites\/619\/20150708_8039-1-200x300.jpg 200w, https:\/\/sisu.ut.ee\/wp-content\/uploads\/sites\/619\/20150708_8039-1-768x1151.jpg 768w, https:\/\/sisu.ut.ee\/wp-content\/uploads\/sites\/619\/20150708_8039-1-1025x1536.jpg 1025w, https:\/\/sisu.ut.ee\/wp-content\/uploads\/sites\/619\/20150708_8039-1-1367x2048.jpg 1367w, https:\/\/sisu.ut.ee\/wp-content\/uploads\/sites\/619\/20150708_8039-1-1920x2877.jpg 1920w, https:\/\/sisu.ut.ee\/wp-content\/uploads\/sites\/619\/20150708_8039-1-scaled.jpg 1709w\" sizes=\"auto, (max-width: 683px) 100vw, 683px\"><\/a><\/figure>\n\n\n\n<figure class=\"wp-block-image size-large\"><a href=\"https:\/\/sisu.ut.ee\/wp-content\/uploads\/sites\/619\/20170711_0088.jpg\"><img loading=\"lazy\" decoding=\"async\" width=\"1024\" height=\"683\" data-id=\"102\" src=\"https:\/\/sisu.ut.ee\/wp-content\/uploads\/sites\/619\/20170711_0088-1024x683.jpg\" alt=\"\" class=\"wp-image-102\" srcset=\"https:\/\/sisu.ut.ee\/wp-content\/uploads\/sites\/619\/20170711_0088-1024x683.jpg 1024w, https:\/\/sisu.ut.ee\/wp-content\/uploads\/sites\/619\/20170711_0088-300x200.jpg 300w, https:\/\/sisu.ut.ee\/wp-content\/uploads\/sites\/619\/20170711_0088-768x513.jpg 768w, https:\/\/sisu.ut.ee\/wp-content\/uploads\/sites\/619\/20170711_0088.jpg 1500w\" sizes=\"auto, (max-width: 1024px) 100vw, 1024px\"><\/a><\/figure>\n\n\n\n<figure class=\"wp-block-image size-large\"><a href=\"https:\/\/sisu.ut.ee\/wp-content\/uploads\/sites\/619\/20170714_0049-1.jpg\"><img loading=\"lazy\" decoding=\"async\" width=\"1024\" height=\"683\" data-id=\"103\" src=\"https:\/\/sisu.ut.ee\/wp-content\/uploads\/sites\/619\/20170714_0049-1-1024x683.jpg\" alt=\"\" class=\"wp-image-103\" srcset=\"https:\/\/sisu.ut.ee\/wp-content\/uploads\/sites\/619\/20170714_0049-1-1024x683.jpg 1024w, https:\/\/sisu.ut.ee\/wp-content\/uploads\/sites\/619\/20170714_0049-1-300x200.jpg 300w, https:\/\/sisu.ut.ee\/wp-content\/uploads\/sites\/619\/20170714_0049-1-768x513.jpg 768w, https:\/\/sisu.ut.ee\/wp-content\/uploads\/sites\/619\/20170714_0049-1-1536x1025.jpg 1536w, https:\/\/sisu.ut.ee\/wp-content\/uploads\/sites\/619\/20170714_0049-1.jpg 1840w\" sizes=\"auto, (max-width: 1024px) 100vw, 1024px\"><\/a><\/figure>\n\n\n\n<figure class=\"wp-block-image size-large\"><a href=\"https:\/\/sisu.ut.ee\/wp-content\/uploads\/sites\/619\/20150709_8545.resized.jpg\"><img loading=\"lazy\" decoding=\"async\" width=\"1024\" height=\"684\" data-id=\"106\" src=\"https:\/\/sisu.ut.ee\/wp-content\/uploads\/sites\/619\/20150709_8545.resized-1024x684.jpg\" alt=\"\" class=\"wp-image-106\" srcset=\"https:\/\/sisu.ut.ee\/wp-content\/uploads\/sites\/619\/20150709_8545.resized-1024x684.jpg 1024w, https:\/\/sisu.ut.ee\/wp-content\/uploads\/sites\/619\/20150709_8545.resized-300x200.jpg 300w, https:\/\/sisu.ut.ee\/wp-content\/uploads\/sites\/619\/20150709_8545.resized-768x513.jpg 768w, https:\/\/sisu.ut.ee\/wp-content\/uploads\/sites\/619\/20150709_8545.resized-1536x1026.jpg 1536w, https:\/\/sisu.ut.ee\/wp-content\/uploads\/sites\/619\/20150709_8545.resized.jpg 1749w\" sizes=\"auto, (max-width: 1024px) 100vw, 1024px\"><\/a><\/figure>\n\n\n\n<figure class=\"wp-block-image size-large\"><a href=\"https:\/\/sisu.ut.ee\/wp-content\/uploads\/sites\/619\/yld_dsc_0605-scaled.jpg\"><img loading=\"lazy\" decoding=\"async\" width=\"1024\" height=\"683\" data-id=\"107\" src=\"https:\/\/sisu.ut.ee\/wp-content\/uploads\/sites\/619\/yld_dsc_0605-1024x683.jpg\" alt=\"\" class=\"wp-image-107\" srcset=\"https:\/\/sisu.ut.ee\/wp-content\/uploads\/sites\/619\/yld_dsc_0605-1024x683.jpg 1024w, https:\/\/sisu.ut.ee\/wp-content\/uploads\/sites\/619\/yld_dsc_0605-300x200.jpg 300w, https:\/\/sisu.ut.ee\/wp-content\/uploads\/sites\/619\/yld_dsc_0605-768x512.jpg 768w, https:\/\/sisu.ut.ee\/wp-content\/uploads\/sites\/619\/yld_dsc_0605-1536x1024.jpg 1536w, https:\/\/sisu.ut.ee\/wp-content\/uploads\/sites\/619\/yld_dsc_0605-2048x1365.jpg 2048w, https:\/\/sisu.ut.ee\/wp-content\/uploads\/sites\/619\/yld_dsc_0605-1920x1280.jpg 1920w\" sizes=\"auto, (max-width: 1024px) 100vw, 1024px\"><\/a><\/figure>\n\n\n\n<figure class=\"wp-block-image size-large\"><a href=\"https:\/\/sisu.ut.ee\/wp-content\/uploads\/sites\/619\/aapdn6sh-scaled.jpeg\"><img loading=\"lazy\" decoding=\"async\" width=\"683\" height=\"1024\" data-id=\"109\" src=\"https:\/\/sisu.ut.ee\/wp-content\/uploads\/sites\/619\/aapdn6sh-683x1024.jpeg\" alt=\"\" class=\"wp-image-109\" srcset=\"https:\/\/sisu.ut.ee\/wp-content\/uploads\/sites\/619\/aapdn6sh-683x1024.jpeg 683w, https:\/\/sisu.ut.ee\/wp-content\/uploads\/sites\/619\/aapdn6sh-200x300.jpeg 200w, https:\/\/sisu.ut.ee\/wp-content\/uploads\/sites\/619\/aapdn6sh-768x1152.jpeg 768w, https:\/\/sisu.ut.ee\/wp-content\/uploads\/sites\/619\/aapdn6sh-1024x1536.jpeg 1024w, https:\/\/sisu.ut.ee\/wp-content\/uploads\/sites\/619\/aapdn6sh-1365x2048.jpeg 1365w, https:\/\/sisu.ut.ee\/wp-content\/uploads\/sites\/619\/aapdn6sh-1920x2880.jpeg 1920w, https:\/\/sisu.ut.ee\/wp-content\/uploads\/sites\/619\/aapdn6sh-scaled.jpeg 1707w\" sizes=\"auto, (max-width: 683px) 100vw, 683px\"><\/a><\/figure>\n\n\n\n<figure class=\"wp-block-image size-large\"><a href=\"https:\/\/sisu.ut.ee\/wp-content\/uploads\/sites\/619\/dsc_0730.jpg\"><img loading=\"lazy\" decoding=\"async\" width=\"1024\" height=\"683\" data-id=\"94\" src=\"https:\/\/sisu.ut.ee\/wp-content\/uploads\/sites\/619\/dsc_0730-1024x683.jpg\" alt=\"dugout canoe\" class=\"wp-image-94\" srcset=\"https:\/\/sisu.ut.ee\/wp-content\/uploads\/sites\/619\/dsc_0730-1024x683.jpg 1024w, https:\/\/sisu.ut.ee\/wp-content\/uploads\/sites\/619\/dsc_0730-300x200.jpg 300w, https:\/\/sisu.ut.ee\/wp-content\/uploads\/sites\/619\/dsc_0730-768x512.jpg 768w, https:\/\/sisu.ut.ee\/wp-content\/uploads\/sites\/619\/dsc_0730-1536x1024.jpg 1536w, https:\/\/sisu.ut.ee\/wp-content\/uploads\/sites\/619\/dsc_0730-2048x1365.jpg 2048w, https:\/\/sisu.ut.ee\/wp-content\/uploads\/sites\/619\/dsc_0730-1920x1280.jpg 1920w\" sizes=\"auto, (max-width: 1024px) 100vw, 1024px\"><\/a><\/figure>\n<\/figure>\n","protected":false},"excerpt":{"rendered":"<p>J\u00e4rgmine rahvusvaheline k\u00e4sit\u00f6\u00f6laager \u201cCraft Camp\u201d toimub 12.-18. juulil 2026. P\u00e4randtehnoloogia \u00f5ppekava korraldab alates 2014. aastast rahvusvahelist k\u00e4sit\u00f6\u00f6laagrit \u201cCraft Camp\u201d, mille eesm\u00e4rk on tutvustada v\u00e4lismaalastele Eesti traditsioonilisi k\u00e4sit\u00f6\u00f6tehnikaid ja nende kasutusv\u00f5imalusi t\u00e4nap\u00e4eval. Laager toimub tavaliselt juuli teisel n\u00e4dalal ning \u00f5ppet\u00f6\u00f6 on &#8230;<\/p>\n","protected":false},"author":274,"featured_media":0,"parent":0,"menu_order":0,"comment_status":"closed","ping_status":"closed","template":"","meta":{"_acf_changed":false,"inline_featured_image":false,"footnotes":""},"class_list":["post-32","page","type-page","status-publish","hentry"],"acf":[],"_links":{"self":[{"href":"https:\/\/sisu.ut.ee\/craft\/wp-json\/wp\/v2\/pages\/32","targetHints":{"allow":["GET"]}}],"collection":[{"href":"https:\/\/sisu.ut.ee\/craft\/wp-json\/wp\/v2\/pages"}],"about":[{"href":"https:\/\/sisu.ut.ee\/craft\/wp-json\/wp\/v2\/types\/page"}],"author":[{"embeddable":true,"href":"https:\/\/sisu.ut.ee\/craft\/wp-json\/wp\/v2\/users\/274"}],"replies":[{"embeddable":true,"href":"https:\/\/sisu.ut.ee\/craft\/wp-json\/wp\/v2\/comments?post=32"}],"version-history":[{"count":6,"href":"https:\/\/sisu.ut.ee\/craft\/wp-json\/wp\/v2\/pages\/32\/revisions"}],"predecessor-version":[{"id":783,"href":"https:\/\/sisu.ut.ee\/craft\/wp-json\/wp\/v2\/pages\/32\/revisions\/783"}],"wp:attachment":[{"href":"https:\/\/sisu.ut.ee\/craft\/wp-json\/wp\/v2\/media?parent=32"}],"curies":[{"name":"wp","href":"https:\/\/api.w.org\/{rel}","templated":true}]}}