{"id":31,"date":"2024-04-04T08:32:16","date_gmt":"2024-04-04T05:32:16","guid":{"rendered":"https:\/\/sisu.ut.ee\/craft\/noore-meistri-kool-0\/"},"modified":"2026-01-25T16:09:20","modified_gmt":"2026-01-25T14:09:20","slug":"noore-meistri-kool-0","status":"publish","type":"page","link":"https:\/\/sisu.ut.ee\/craft\/noore-meistri-kool-0\/","title":{"rendered":"Noore Meistri Kool"},"content":{"rendered":"<h4>J\u00e4rgmine Noore Meistri Kool toimub 13.-15. aprillil 2026.<\/h4>\n<p><strong>Noore Meistri Kooli <\/strong>eesm\u00e4rk on anda noortele esmaseid teadmisi ja oskusi traditsioonilisest k\u00e4sit\u00f6\u00f6st, p\u00e4randkultuurist ja materjalide kestlikust kasutamisest. See on oman\u00e4oline k\u00e4sit\u00f6\u00f6laager 16- kuni 30-aastastele noortele \u00fcle Eesti. Kolmep\u00e4evane laager toimub tavaliselt aprillikuu koolivaheajal Vilma \u00f5ppehoones (Viljandi, Turu 7). Laagri programmi mahuvad nii individuaalne k\u00e4sit\u00f6\u00f6 tegemine juhendaja juuresolekul kui ka mitmed \u00fchistegevused, arutelud, tuurid ja m\u00e4ngud. Osalejad saavad valida 3 erineva t\u00f6\u00f6toa vahel \u2013 mille fookuses on tavaliselt tekstiil, metall ning puit. T\u00f6\u00f6tubade k\u00e4igus valmivad praktilised esemed, p\u00f5hir\u00f5hk on uue tehnika omandamisel ja loomet\u00f6\u00f6l. Osalejad tutvuvad praktilistes tegevustes erinevate materjalide loova kasutuse v\u00f5imalustega ja saavad esmase \u00fclevaate traditsioonilistest k\u00e4sit\u00f6\u00f6v\u00f5tetest ning arendavad oma k\u00e4elisi oskusi. T\u00f6\u00f6tubasid juhendavad p\u00e4randtehnoloogia \u00f5ppekava \u00fcli\u00f5pilased ja \u00f5ppej\u00f5ud. Noore Meistri Kooli toimumist on regulaarselt toetanud Eesti Kultuurkapital.<\/p>\n<h4>Noore Meistri Kool 2025<\/h4>\n<p>teema <a href=\"https:\/\/viljandi.ut.ee\/et\/noore-meistri-kool-2025\" target=\"_blank\" rel=\"noopener\">oMA-MAA-MAterjal<\/a><br>\nToimumisaeg 14.-16. aprill 2025<br>\nLaagris keskenduti kohalikule materjalile. Osalejad said t\u00f6\u00f6tubades loomanahast mobiilikotti valmistada, kiudtaimest paberit teha ning luust ja sarvest esemeid valmistada. Lisaks tutvuti paikkondlike p\u00e4rimustoitudega, erinevate p\u00e4rimuslike tegevustega ning avastati Viljandi linna.<br>\nVaata 2025 laagri <a href=\"https:\/\/www.flickr.com\/photos\/184756568@N05\/albums\/72177720325300320\/\" target=\"_blank\" rel=\"noopener\">fotogaleriid<\/a>.<\/p>\n<h4 style=\"text-align: justify;\">Noore Meistri Kool 2024<\/h4>\n<p>teema <a href=\"https:\/\/viljandi.ut.ee\/et\/noore-meistri-kool-2024\" target=\"_blank\" rel=\"noopener\">LIHTNE JA LOOGILINE \u2013 LIHTTEHNOLOOGILINE<\/a><br>\nToimumisaeg 23.-25. aprill 2024<br>\nSel korral olid laagri fookuses erinevad lihttehnoloogiad. T\u00f6\u00f6tubades vesteti tihva ja katsetati kiriv\u00f6\u00f6 kudumist, valmistatid punseldatud s\u00f5rmust ja preesi ning nahast l\u00e4hkrit. Lisaks tutvuti viikingiaja metallit\u00f6\u00f6 ja tinast ehete valamisega, kevadiste p\u00e4rimustoitudega ning m\u00f5tiskleti loengus lihttehnoloogiate \u00fcle.<br>\nVaata 2024 laagri <a href=\"https:\/\/www.flickr.com\/photos\/184756568@N05\/albums\/72177720316569487\" data-wplink-edit=\"true\">fotogaleriid<\/a>.<\/p>\n<h4 style=\"text-align: justify;\">Noore Meistri Kool 2023<\/h4>\n<p style=\"text-align: justify;\">teema <a href=\"https:\/\/viljandi.ut.ee\/et\/noore-meistri-kool-2023\" target=\"_blank\" rel=\"noopener\">PARANDA MAAILMA OMA K\u00c4TEGA!<\/a><strong><br>\n<\/strong>Toimumisaeg: 25.-27. aprill 2023<br>\nSelle aasta laagri t\u00f6\u00f6tubade programmis oli vanast puidust koduste vahenditega m\u00f6\u00f6bli ehitamine ja emailitud n\u00f6\u00f6bi valmistamine. Lisaks toimus Monika Hindi loeng \u201cInspiratsioon tuulest, tulest, \u00f5hust ja veest\u201d, tutvuti padade ning v\u00e4\u00e4riskividega ehete parandamisega ning eetilise puidu, metalli ja tekstiiliga. Tekstiili teemat ilmestas k\u00fclask\u00e4ik Toom Tekstiili tootmishoonesse.<\/p>\n<h4 style=\"text-align: justify;\">Noore Meistri Kool 2022<\/h4>\n<p style=\"text-align: justify;\">teema KEHA KANNAB!<br>\nToimumisaeg: 27. aprill 2022<br>\nT\u00f6\u00f6tubades meisterdati vaselisi ehk pronksist spiraalidest ehteid, valmistati pisisepiseid ja vasest saunakulpe.<\/p>\n<h4 style=\"text-align: justify;\">Noore Meistri Kool 2019<\/h4>\n<p style=\"text-align: justify;\">teema R\u00c4NDAME AJAS TAGASI<br>\nToimumisaeg: 23.-25. aprill 2019<br>\nT\u00f6\u00f6tubades said osalejad meisterdada v\u00e4ikese pingi v\u00f5i nahast v\u00f6\u00f6koti, sepistada arhailise ehte v\u00f5i \u00f5mmelda muinasl\u00f5ikelise s\u00e4rgi. Lisaks erinevate materjalide kasutamisele kuulati loenguid viikingite aaretest, rehielamust ja tekstiilileidude rekonstrueerimisest.<\/p>\n<h4 style=\"text-align: justify;\">Noore Meistri Kool 2018<\/h4>\n<p style=\"text-align: justify;\">teema LOOMINGULINE MEISTERDAMINE<br>\nToimumisaeg: 1.-3. m\u00e4rts 2018<br>\nT\u00f6\u00f6tubades \u00f5mmeldi tekstiilne seljakott, osaleti nunovildi \u00f5pitoas, valmistati pussnuga, puidust pink, meisterdati k\u00e4ev\u00f5ru ja s\u00f5rmus ning sepistati vasest kauss ja lusikas. Loengutes tutvuti puidu leidliku kasutamisega ehitusvaldkonnas\u00a0 ning metallide ja tekstiilide taaskasutusega.<\/p>\n<h4 style=\"text-align: justify;\">Noore Meistri Kool 2017<\/h4>\n<p style=\"text-align: justify;\">teema LEIAN OMA KULDSED K\u00c4ED!<br>\nToimumisaeg: 23.-25. m\u00e4rts 2017<br>\nTutvuti kohalike ettev\u00f5tete tootmisj\u00e4\u00e4kide ja nende loova taaskasutuse v\u00f5imalustega. Toimusid saviehituse ja kuldtikandi \u00f5pituba, kaelaehte tegemine punsli abil ning ahjuroobi ja suure naela sepistamine. Villakojas sai vaadata, kuidas lambavillast valmib l\u00f5ng.<\/p>\n<p style=\"text-align: right;\"><em>Foto autor Kerttu Kruusla.<\/em><\/p>\n<p style=\"text-align: justify;\"><img loading=\"lazy\" decoding=\"async\" width=\"2560\" height=\"1707\" class=\"alignnone wp-image-97\" style=\"width: 900px; height: 600px; float: left;\" title=\"craftsymp-kerttukruusla_44.jpg\" src=\"https:\/\/sisu.ut.ee\/wp-content\/uploads\/sites\/619\/craftsymp-kerttukruusla_44-scaled.jpg\" alt=\"NMK\" srcset=\"https:\/\/sisu.ut.ee\/wp-content\/uploads\/sites\/619\/craftsymp-kerttukruusla_44-scaled.jpg 2560w, https:\/\/sisu.ut.ee\/wp-content\/uploads\/sites\/619\/craftsymp-kerttukruusla_44-300x200.jpg 300w, https:\/\/sisu.ut.ee\/wp-content\/uploads\/sites\/619\/craftsymp-kerttukruusla_44-1024x683.jpg 1024w, https:\/\/sisu.ut.ee\/wp-content\/uploads\/sites\/619\/craftsymp-kerttukruusla_44-768x512.jpg 768w, https:\/\/sisu.ut.ee\/wp-content\/uploads\/sites\/619\/craftsymp-kerttukruusla_44-1536x1024.jpg 1536w\" sizes=\"auto, (max-width: 2560px) 100vw, 2560px\"><\/p>\n","protected":false},"excerpt":{"rendered":"<p>J\u00e4rgmine Noore Meistri Kool toimub 13.-15. aprillil 2026. Noore Meistri Kooli eesm\u00e4rk on anda noortele esmaseid teadmisi ja oskusi traditsioonilisest k\u00e4sit\u00f6\u00f6st, p\u00e4randkultuurist ja materjalide kestlikust kasutamisest. See on oman\u00e4oline k\u00e4sit\u00f6\u00f6laager 16- kuni 30-aastastele noortele \u00fcle Eesti. Kolmep\u00e4evane laager toimub tavaliselt &#8230;<\/p>\n","protected":false},"author":274,"featured_media":0,"parent":0,"menu_order":0,"comment_status":"closed","ping_status":"closed","template":"","meta":{"_acf_changed":false,"inline_featured_image":false,"footnotes":""},"class_list":["post-31","page","type-page","status-publish","hentry"],"acf":[],"_links":{"self":[{"href":"https:\/\/sisu.ut.ee\/craft\/wp-json\/wp\/v2\/pages\/31","targetHints":{"allow":["GET"]}}],"collection":[{"href":"https:\/\/sisu.ut.ee\/craft\/wp-json\/wp\/v2\/pages"}],"about":[{"href":"https:\/\/sisu.ut.ee\/craft\/wp-json\/wp\/v2\/types\/page"}],"author":[{"embeddable":true,"href":"https:\/\/sisu.ut.ee\/craft\/wp-json\/wp\/v2\/users\/274"}],"replies":[{"embeddable":true,"href":"https:\/\/sisu.ut.ee\/craft\/wp-json\/wp\/v2\/comments?post=31"}],"version-history":[{"count":16,"href":"https:\/\/sisu.ut.ee\/craft\/wp-json\/wp\/v2\/pages\/31\/revisions"}],"predecessor-version":[{"id":781,"href":"https:\/\/sisu.ut.ee\/craft\/wp-json\/wp\/v2\/pages\/31\/revisions\/781"}],"wp:attachment":[{"href":"https:\/\/sisu.ut.ee\/craft\/wp-json\/wp\/v2\/media?parent=31"}],"curies":[{"name":"wp","href":"https:\/\/api.w.org\/{rel}","templated":true}]}}