{"id":30,"date":"2024-04-04T08:32:16","date_gmt":"2024-04-04T05:32:16","guid":{"rendered":"https:\/\/sisu.ut.ee\/craft\/sundmusdeee\/"},"modified":"2026-02-19T14:27:38","modified_gmt":"2026-02-19T12:27:38","slug":"sundmusdeee","status":"publish","type":"page","link":"https:\/\/sisu.ut.ee\/craft\/sundmusdeee\/","title":{"rendered":"S\u00fcgiskoolid"},"content":{"rendered":"<p style=\"text-align: justify;\">Kultuurip\u00e4randi loovrakenduste (varasem nimi P\u00e4randtehnoloogia s\u00fcgiskool) on igas\u00fcgisene kahep\u00e4evane s\u00fcndmus, mille algatajaks ning korraldajaks on T\u00dc VKA samanimelise magistri\u00f5ppe \u00fcli\u00f5pilased. S\u00fcgiskooli eesm\u00e4rk on kokku viia erinevaid k\u00e4elise ja muusikalise p\u00e4randiga haakuvaid inimesi ning luua seel\u00e4bi v\u00f5imalused interdistsiplinaarseteks aruteludeks ja koost\u00f6\u00f6ks. S\u00fcgiskoolis keskendutakse igal aastal kindlale teemale. Tavaks on saanud saunask\u00e4ik ja \u00f6\u00f6matk ning tutvumiseks pannakse v\u00e4lja magistrantide uurimisteemade seinapostrid.<br>\nKultuurip\u00e4randi loovrakenduste magistri\u00f5ppekava on p\u00e4randtehnoloogia ja p\u00e4rimusmuusika \u00fcli\u00f5pilaste \u00fchine \u00f5ppekava, mis pakub suulise ja ainelise kultuurip\u00e4randi k\u00e4sitlemise k\u00f5rvale p\u00e4rimuse eksperimentaalse ja teoreetilise uurimise suuna. P\u00e4randtehnoloogia all m\u00f5istame loovat tehnilist ja kultuurilist praktikat, mis l\u00e4htub paikkondlikest kujundusp\u00f5him\u00f5tetest, oskustest ja k\u00e4sit\u00f6\u00f6tehnikatest.<\/p>\n<p>Korraldajad: T\u00dc VKA p\u00e4randtehnoloogia\/kultuurip\u00e4randi loovrakenduste magistrandid.<br>\nAlgatajad: T\u00dc VKA p\u00e4randtehnoloogia \u00f5ppekava I lennu vilistlased aastal 2013.<br>\nSihtgrupp: Humanitaarvaldkonna, eriti aga p\u00e4rimusmuusika, p\u00e4randtehnoloogia jt praktiliste kunstialade magistritudengid, \u00fcli\u00f5pilased, \u00f5ppej\u00f5ud, k\u00e4sit\u00f6\u00f6meistrid ja teised loovisikud.<br>\nOsalejate arv on olnud: 35-70 inimest<br>\nToetajad: Eesti Kultuurkapital, T\u00dc Viljandi kultuuriakadeemia<\/p>\n","protected":false},"excerpt":{"rendered":"<p>Kultuurip\u00e4randi loovrakenduste (varasem nimi P\u00e4randtehnoloogia s\u00fcgiskool) on igas\u00fcgisene kahep\u00e4evane s\u00fcndmus, mille algatajaks ning korraldajaks on T\u00dc VKA samanimelise magistri\u00f5ppe \u00fcli\u00f5pilased. S\u00fcgiskooli eesm\u00e4rk on kokku viia erinevaid k\u00e4elise ja muusikalise p\u00e4randiga haakuvaid inimesi ning luua seel\u00e4bi v\u00f5imalused interdistsiplinaarseteks aruteludeks ja koost\u00f6\u00f6ks. &#8230;<\/p>\n","protected":false},"author":274,"featured_media":0,"parent":0,"menu_order":0,"comment_status":"closed","ping_status":"closed","template":"","meta":{"_acf_changed":false,"inline_featured_image":false,"footnotes":""},"class_list":["post-30","page","type-page","status-publish","hentry"],"acf":[],"_links":{"self":[{"href":"https:\/\/sisu.ut.ee\/craft\/wp-json\/wp\/v2\/pages\/30","targetHints":{"allow":["GET"]}}],"collection":[{"href":"https:\/\/sisu.ut.ee\/craft\/wp-json\/wp\/v2\/pages"}],"about":[{"href":"https:\/\/sisu.ut.ee\/craft\/wp-json\/wp\/v2\/types\/page"}],"author":[{"embeddable":true,"href":"https:\/\/sisu.ut.ee\/craft\/wp-json\/wp\/v2\/users\/274"}],"replies":[{"embeddable":true,"href":"https:\/\/sisu.ut.ee\/craft\/wp-json\/wp\/v2\/comments?post=30"}],"version-history":[{"count":5,"href":"https:\/\/sisu.ut.ee\/craft\/wp-json\/wp\/v2\/pages\/30\/revisions"}],"predecessor-version":[{"id":857,"href":"https:\/\/sisu.ut.ee\/craft\/wp-json\/wp\/v2\/pages\/30\/revisions\/857"}],"wp:attachment":[{"href":"https:\/\/sisu.ut.ee\/craft\/wp-json\/wp\/v2\/media?parent=30"}],"curies":[{"name":"wp","href":"https:\/\/api.w.org\/{rel}","templated":true}]}}