{"id":28,"date":"2024-04-04T08:32:15","date_gmt":"2024-04-04T05:32:15","guid":{"rendered":"https:\/\/sisu.ut.ee\/craft\/eesti-projektid-0\/"},"modified":"2026-02-03T13:19:02","modified_gmt":"2026-02-03T11:19:02","slug":"eesti-projektid-0","status":"publish","type":"page","link":"https:\/\/sisu.ut.ee\/craft\/eesti-projektid-0\/","title":{"rendered":"Eesti projektid"},"content":{"rendered":"<p>2025 septembris algas t\u00e4iend\u00f5ppe koolitus<strong> \u201cV\u00e4\u00e4rtustades ja v\u00e4\u00e4rindades lammast \u2013 p\u00e4randtarkused ja ringtehnoloogia\u201d<\/strong>! Programmi eesm\u00e4rgiks on anda terviklik \u00fclevaade lamba rollist Eesti talukultuuris, rahvap\u00e4rimuses ja t\u00e4nap\u00e4eva p\u00f5llumajanduses ning \u00f5petada lambasaadusi keskkonnateadlikult, j\u00e4tkusuutlikult, terviklikult ja loovalt kasutama! T\u00e4iendkoolitus kestab juunini 2026 (kord kuus 2-p\u00e4evaste moodulitena) ja toimub Viljandis, Heimtalis, Rebasem\u00f5isa k\u00fclas ja Kaika k\u00fclas. T\u00e4psem \u00fclevaade <a href=\"https:\/\/viljandi.ut.ee\/et\/vaartustades-ja-vaarindades-lammast-parandtarkused-ja-ringtehnoloogia\" target=\"_blank\" rel=\"noopener\">\u00f5ppemoodulite ja koolituse sisu kohta.<\/a><\/p>\n<p>2021-2023 korraldas T\u00dc Viljandi kultuuriakadeemia <strong>koost\u00f6\u00f6s Eesti Rahvakultuuri Keskusega esimese Viljandimaa rahvar\u00f5ivakooli. <\/strong>Kursusel osalejad valmistavad komplekte \u00fcheksast Mulgimaa ja P\u00f5hja-Viljandimaa kihelkonnast. Koolituse l\u00f5puks koostab iga osaleja enda rahvar\u00f5ivakomplekti ja uurimust\u00f6\u00f6. Lisaks sellele saavad k\u00f5ik osalejad p\u00f5hjaliku \u00fclevaate muuseumikogudest, r\u00f5ivaste komplekteerimisest ja k\u00f5igist kost\u00fc\u00fcmi valmistamiseks vajalikest tehnikatest. Enamik rahvar\u00f5ivakooli \u00f5petajaid \u00f5petab T\u00dc Viljandi kultuuriakadeemia p\u00e4randtehnoloogia \u00f5ppekaval. Kaheaastast koolitusprojekti on toetanud Kultuurkapital ja Eesti rahvakultuuri keskuse Mulgi p\u00e4rimuskultuuri meede. Rahvar\u00f5ivakooli teine lend alustas m\u00e4rtsis 2024 ning l\u00f5petab 2026 maikuus. <a href=\"https:\/\/viljandi.ut.ee\/et\/sisu\/viljandimaa-rahvaroivakool-2024-2026\" target=\"_blank\" rel=\"noopener\">Loe p\u00f5hjalikumalt teise lennu \u00f5ppekava ja kursuse kohta.<\/a><\/p>\n<p>2020. aasta s\u00fcgisest hakkas kultuuriakadeemia eesotsas Ave Matsiniga koordineerima <strong>Viljandi UNESCO k\u00e4sit\u00f6\u00f6 ja rahvakunsti loovlinna<\/strong> tegevusi. <a href=\"https:\/\/parandilinn-viljandi.voog.com\/et\">P\u00e4randilinn Viljandi<\/a> tegevuste rakendamine toimub koost\u00f6\u00f6s k\u00f5igi oluliste Viljandi kultuuriasutustega. UNESCO loovlinnaks olemine v\u00f5imaldab n\u00e4idata laiemale avalikkusele p\u00e4randis peituvaid v\u00e4\u00e4rtusi ja tutvustada viise, kuidas need saaks aidata kaasa igap\u00e4evase elu rikastamisele nii kultuurilises, sotsiaalses kui majanduslikus vaates. 2021.-2022. aasta p\u00e4randilinna teemaks valiti \u201cparandamine\u201d, 2023.-2024. aasta teemaks valiti \u201ep\u00e4randaiandus\u201c ning 2024 aasta teemaks \u201cp\u00e4randus\u201d.\u00a0 Igal aastal valitakse Viljandi linnameister. 2022. aasta 10. septembril toimus Viljandis esimene <a title=\"\" href=\"https:\/\/viljandi.ut.ee\/et\/sisu\/viljandis-toimus-eesti-esimene-parandusfestival\" target=\"_blank\" rel=\"noopener\" data-url=\"https:\/\/viljandi.ut.ee\/et\/sisu\/viljandis-toimus-eesti-esimene-parandusfestival\">Parandusfestival<\/a>.<\/p>\n<p>P\u00e4randtehnoloogia \u00f5ppekava projektijuht Ave Matsin on osalenud <strong>Eesti disainik\u00f5rgkoolide \u00fcmarlaua t\u00f6\u00f6s<\/strong>. Selle eesm\u00e4rgiks on disaini\u00f5ppe kaardistamine ja terviklik arendamine Eestis. \u00dcmarlaua t\u00f6\u00f6d veab eest MT\u00dc Eesti Disainikeskus. 15.11.2019 toimus \u00fcmarlaua koosolek Viljandis. Veebruaris 2020 osales Ave Matsin disaini arengukava tegevuskava v\u00e4ljat\u00f6\u00f6tamisel.<\/p>\n<p>T\u00dc Viljandi kultuuriakadeemia <strong>koost\u00f6\u00f6s Eesti Rahvakunsti ja K\u00e4sit\u00f6\u00f6 Liiduga <\/strong>korraldas kolm korda <strong>Oma Mood meistrite kooli <\/strong>kursust. Koolitusel keskenduti Eesti k\u00e4sit\u00f6\u00f6p\u00e4randi meisterlikule ja kaasaegsele v\u00e4ljendusele ning selle populariseerimisele. Keskmes oli Eesti p\u00e4randkultuurile ja k\u00e4sit\u00f6\u00f6le omased meistrioskused, elustiil, maailmavaade, tootmine ja valmistamine. Avardati rahvusliku moe piire, laiendati rahvakunsti erinevaid osi moeloomingus ning praktilises moes. Osad meistrite koolis osalejad l\u00f5id uusi kollektsioone Oma Moe etendusele. Oma Mood meistrite kool toimus: 12.10.2019-10.04.2020, 10.10.2020-21.02.2021, 09.10.2021-20.02.2022.<\/p>\n<p>25.03.2017-17.02.2018 korraldas T\u00dc Viljandi kultuuriakadeemia <strong>koost\u00f6\u00f6s Eesti Ingerisoomlaste Liidu ja Tartu Ingerisoomlaste Seltsiga <\/strong>kursuse, mis tutvustas <strong>Ingerimaa rahvariideid <\/strong>koos praktiliste t\u00f6\u00f6tubadega. K\u00f5ik kursusele registreerunud 19 osalejat (nii ingerisoomlaste seltsidest, kultuuriakadeemia tudengid ja lektorid kui ka teised huvilised) koostasid iseseisva uurimust\u00f6\u00f6. Kursuse jooksul valminud \u00f5ppematerjal j\u00e4\u00e4dvustati ja s\u00e4ilitatakse Eesti Ingerisoomlaste Liidu arhiivis. Samuti k\u00e4ivitus kursuse jooksul projekt J\u00e4rvisaari kihelkonna rahvar\u00f5ivastest (Ida-Ingerimaa). Koolitusprojekti toetas Kultuurkapital.<\/p>\n<p style=\"text-align: justify;\">2016. a. alustati k\u00e4sit\u00f6\u00f6teaduse oskuskeele toimkonna kokkusaamistega, mille eesm\u00e4rgiks on <strong>k\u00e4sit\u00f6\u00f6 terminoloogia<\/strong> korrastamine. Selle raames tehakse koost\u00f6\u00f6d T\u00dc ja EKI keeleteadlastega. Projekti eesm\u00e4rk on k\u00e4sit\u00f6\u00f6terminite kaardistamine ja lisamine Eesti Keele Instituudi veebip\u00f5hisesse ja avalikult k\u00e4ttesaadavasse s\u00f5nastiku- ja terminibaasis\u00fcsteemi Ekilex (varem Termek). K\u00e4sit\u00f6\u00f6teaduse oskuss\u00f5nade andmebaasi on lisatud \u00fcle 2400 termini. Valdkondlik t\u00e4helepanu on olnud suunatud k\u00e4sit\u00f6\u00f6keele \u00fcldterminitele, tegeleti niplamise, v\u00f5rkp\u00f5ime, silmuskudumise, heegeldamise, metallk\u00e4sit\u00f6\u00f6, puiduk\u00e4sit\u00f6\u00f6 jm kirjete ning m\u00f5istete kokku leppimisega.<br>\n<a title=\"\" href=\"https:\/\/sonaveeb.ee\/ds\/kto\" target=\"_blank\" rel=\"noopener\" data-url=\"https:\/\/sonaveeb.ee\/ds\/kto\">K\u00e4sit\u00f6\u00f6teaduse terminite andmebaas.<\/a><br>\nK\u00e4sit\u00f6\u00f6keele korrastamise kohta kaitses terminikomisjoni eestvedaja Marja-Leena Jaanus 2019. aastal magistrit\u00f6\u00f6. K\u00e4sit\u00f6\u00f6 terminoloogia komisjoni t\u00f6\u00f6 oskuss\u00f5navara korrastamist toetab EKI eestikeelse terminoloogia programm.<br>\nEesti Keele Instituudi terminikonkursi tegevustoetuse abil valmis oskuskeele \u00f5ppematerjal T\u00dc Viljandi kultuuriakadeemia rakendusk\u00f5rghariduse \u00f5ppekavade \u00fcldainetesse: <a title=\"\" href=\"https:\/\/sisu.ut.ee\/oskuskeel\" target=\"_blank\" rel=\"noopener\" data-url=\"https:\/\/sisu.ut.ee\/oskuskeel\">Teadus- ja loomet\u00f6\u00f6 metodoloogia ja Teadust\u00f6\u00f6 metoodika praktikum.<\/a><\/p>\n<p>J\u00e4tkunud on <strong>Vilma villalabori arendustegevused.<\/strong> V\u00e4lja on kujunenud kaks olulisemat tegevussuunda:<br>\n-eksperimentaalsed l\u00f5ngapartiid konkreetsete ajalooliste tehnikate jaoks;<br>\n-tootearenduslikud katsetused ja v\u00e4ikesed testpartiid erinevate villakooslustega.<br>\nTartu \u00dclikooli ASTRA projekti PER ASPERA raames sai 2017\/18 \u00f5ppeaastal <strong>Vilma \u00f5ppehoone villalabor<\/strong> villakiudude uurimiseks ja m\u00f5\u00f5tmiseks sobiva <strong>mikroskoobi<\/strong>. Meede: Institutsionaalne arendusprogramm teadus- ja arendusasutustele ja k\u00f5rgkoolidele. Toetati projekte, mis parandavad \u00f5ppe- ja teadust\u00f6\u00f6 tingimusi, t\u00f5husust ja kvaliteeti.<br>\nAstri Kaljus osales Eesti Kunstiakadeemia projektis \u201cPurustatud tekstiilij\u00e4\u00e4tmetest \u00fcmbert\u00f6\u00f6deldud materjali arendamine l\u00f5ngaks\u201d (01.11.2021\u221201.11.2022), mille eesm\u00e4rgiks oli testida mitmesuguste taaskasutuskiudude rakendusv\u00f5imalusi. Projekti raames valmisid villakojas mitmesugused l\u00f5ngad erinevate purustatud r\u00f5iva- ja kodutekstiilide ning villa kiududest.<br>\nKoos Tartu K\u00f5rgema Kunstikooli ja MT\u00dcga Muhu Maalammas viidi ellu uurimis- ja tootearendusprojekt, kus valmis <strong>muhu maalamba villast l\u00f5ngapartii<\/strong>, millest valmistatud tekstiile testiti erinevate omaduste v\u00e4ljaselgitamiseks. Projekt l\u00f5ppes 2018. aasta s\u00fcgisel ja selle tulemused publitseeriti <a title=\"\" href=\"https:\/\/ojs.utlib.ee\/index.php\/SV\/article\/view\/17014\" target=\"_blank\" rel=\"noopener\" data-url=\"https:\/\/ojs.utlib.ee\/index.php\/SV\/article\/view\/17014\">Studia Vernaculas<\/a>.<br>\nLabor on avatud <strong>Eesti koolide tekstiilierialade \u00fcli\u00f5pilastele.<\/strong> Seda v\u00f5imalust on kasutanud Tartu K\u00f5rgema Kunstikooli, Eesti Kunstiakadeemia ning Olustvere Teenindus- ja Maamajanduskooli \u00f5ppurid. N\u00e4iteks EKA magistrant An\u017eelika M\u00e4ndmaa valmistas laboris Tallinna Loomaaia poe tootearendusele keskenduva magistriprojekti tarbeks loomaaia asukate villadest ja karvadest l\u00f5ngu.<\/p>\n<p><strong>\u201eP\u00e4randtehnoloogia rakenduskeskuse v\u00e4ljaarendamine (P\u00c4RTEL)\u201c<\/strong> (01.01.2009 \u2013 30.06.2015) arendusprojekt keskendus p\u00e4randtehnoloogia \u00f5ppekava erialade arendamisesse l\u00e4htuvalt ettev\u00f5tluse vajadustest. P\u00e4rtli projekti ehk P\u00e4randtehnoloogia rakenduskeskuse v\u00e4ljaarendamise projekti eesm\u00e4rk oli luua ettev\u00f5tete, kutse- ja erialaliitudega koost\u00f6\u00f6s p\u00e4randtehnoloogia alane rakendus- ja p\u00e4devuskeskus. Selle saavutamiseks parendati T\u00dc VKA rahvusliku tekstiili ja rahvusliku ehituse \u00f5ppekavu ning t\u00f6\u00f6tati v\u00e4lja rahvusliku metallit\u00f6\u00f6 rakendusk\u00f5rghariduse \u00f5ppekava ja p\u00e4randtehnoloogia magistri\u00f5ppekava.<\/p>\n<p>T\u00f6\u00f6tute k\u00e4sit\u00f6\u00f6alase koolitusega olid seotud kaks projekti:<br>\n<strong>\u201eVanemaealiste k\u00e4sit\u00f6\u00f6meistrite l\u00f5imimine t\u00f6\u00f6turule\u201c<\/strong>\u00a0 (01.06.2012-30.09.2013) projekti eesm\u00e4rk oli t\u00f6\u00f6tutele suunatud kvaliteetse k\u00e4sit\u00f6\u00f6tehnoloogia ja ettev\u00f5tlusalase koolituse kaudu luua eeldused toimiva allhankev\u00f5rgustiku tekkimiseks.<br>\n<strong>\u201eK\u00e4sit\u00f6\u00f6ga t\u00f6\u00f6le 2\u201c<\/strong> (01.05.2009\u221230.04.2012) kaudu said osalejad uusi teadmisi kohalikust k\u00e4sit\u00f6\u00f6st kui loomemajanduse \u00fchest olulisest valdkonnast ja v\u00f5imaluse t\u00e4iendada oma tootearenduse alaseid oskusi. <a title=\"\" href=\"https:\/\/viljandi.ut.ee\/et\/sisu\/projekt-kasitooga-toole-2-alustas-tootute-registreerimist-tasuta-koolitusele\" target=\"_blank\" rel=\"noopener\" data-url=\"https:\/\/viljandi.ut.ee\/et\/sisu\/projekt-kasitooga-toole-2-alustas-tootute-registreerimist-tasuta-koolitusele\">Projekti eesm\u00e4rgiks<\/a> oli aidata ette valmistada potentsiaalseid kohalikke v\u00e4ikeettev\u00f5tjaid. Koolitustel osalesid k\u00e4sit\u00f6\u00f6d oskavad aktiivsed inimesed, kes olid hetkel t\u00f6\u00f6tud.<\/p>\n<p style=\"text-align: right;\"><em>Oma Moe meistrite kooli kursus, foto Kerttu Kruusla.<\/em><\/p>\n<p><img loading=\"lazy\" decoding=\"async\" width=\"2560\" height=\"1441\" class=\"alignnone wp-image-96\" title=\"oma_moe_kool_by_kerttu_kruusla.jpg\" src=\"https:\/\/sisu.ut.ee\/wp-content\/uploads\/sites\/619\/oma_moe_kool_by_kerttu_kruusla-scaled.jpg\" alt=\"Oma Moe kool, foto Kerttu Kruusla\" srcset=\"https:\/\/sisu.ut.ee\/wp-content\/uploads\/sites\/619\/oma_moe_kool_by_kerttu_kruusla-scaled.jpg 2560w, https:\/\/sisu.ut.ee\/wp-content\/uploads\/sites\/619\/oma_moe_kool_by_kerttu_kruusla-300x169.jpg 300w, https:\/\/sisu.ut.ee\/wp-content\/uploads\/sites\/619\/oma_moe_kool_by_kerttu_kruusla-1024x576.jpg 1024w, https:\/\/sisu.ut.ee\/wp-content\/uploads\/sites\/619\/oma_moe_kool_by_kerttu_kruusla-768x432.jpg 768w, https:\/\/sisu.ut.ee\/wp-content\/uploads\/sites\/619\/oma_moe_kool_by_kerttu_kruusla-1536x864.jpg 1536w, https:\/\/sisu.ut.ee\/wp-content\/uploads\/sites\/619\/oma_moe_kool_by_kerttu_kruusla-2048x1153.jpg 2048w, https:\/\/sisu.ut.ee\/wp-content\/uploads\/sites\/619\/oma_moe_kool_by_kerttu_kruusla-1920x1081.jpg 1920w\" sizes=\"auto, (max-width: 2560px) 100vw, 2560px\"><\/p>\n","protected":false},"excerpt":{"rendered":"<p>2025 septembris algas t\u00e4iend\u00f5ppe koolitus \u201cV\u00e4\u00e4rtustades ja v\u00e4\u00e4rindades lammast \u2013 p\u00e4randtarkused ja ringtehnoloogia\u201d! Programmi eesm\u00e4rgiks on anda terviklik \u00fclevaade lamba rollist Eesti talukultuuris, rahvap\u00e4rimuses ja t\u00e4nap\u00e4eva p\u00f5llumajanduses ning \u00f5petada lambasaadusi keskkonnateadlikult, j\u00e4tkusuutlikult, terviklikult ja loovalt kasutama! T\u00e4iendkoolitus kestab juunini 2026 &#8230;<\/p>\n","protected":false},"author":274,"featured_media":0,"parent":0,"menu_order":0,"comment_status":"closed","ping_status":"closed","template":"","meta":{"_acf_changed":false,"inline_featured_image":false,"footnotes":""},"class_list":["post-28","page","type-page","status-publish","hentry"],"acf":[],"_links":{"self":[{"href":"https:\/\/sisu.ut.ee\/craft\/wp-json\/wp\/v2\/pages\/28","targetHints":{"allow":["GET"]}}],"collection":[{"href":"https:\/\/sisu.ut.ee\/craft\/wp-json\/wp\/v2\/pages"}],"about":[{"href":"https:\/\/sisu.ut.ee\/craft\/wp-json\/wp\/v2\/types\/page"}],"author":[{"embeddable":true,"href":"https:\/\/sisu.ut.ee\/craft\/wp-json\/wp\/v2\/users\/274"}],"replies":[{"embeddable":true,"href":"https:\/\/sisu.ut.ee\/craft\/wp-json\/wp\/v2\/comments?post=28"}],"version-history":[{"count":10,"href":"https:\/\/sisu.ut.ee\/craft\/wp-json\/wp\/v2\/pages\/28\/revisions"}],"predecessor-version":[{"id":787,"href":"https:\/\/sisu.ut.ee\/craft\/wp-json\/wp\/v2\/pages\/28\/revisions\/787"}],"wp:attachment":[{"href":"https:\/\/sisu.ut.ee\/craft\/wp-json\/wp\/v2\/media?parent=28"}],"curies":[{"name":"wp","href":"https:\/\/api.w.org\/{rel}","templated":true}]}}