{"id":27,"date":"2024-04-04T08:32:15","date_gmt":"2024-04-04T05:32:15","guid":{"rendered":"https:\/\/sisu.ut.ee\/craft\/rahvusvaheline\/"},"modified":"2026-02-03T13:33:19","modified_gmt":"2026-02-03T11:33:19","slug":"rahvusvaheline","status":"publish","type":"page","link":"https:\/\/sisu.ut.ee\/craft\/rahvusvaheline\/","title":{"rendered":"Rahvusvahelised projektid"},"content":{"rendered":"<p>2025 aastal toimus mitmeid koost\u00f6\u00f6kohtumisi uute rahvusvaheliste partneritega.<br>\nP\u00f5hja- ja Baltimaade haridusprogramm<strong>\u00a0Nordplus\u00a0projekti\u00a0F.E.L.T.WOOL<\/strong> \u2013 \u201cKohalike tekstiilide tuleviku esilekerkimine villa baasil\u201d raames toimus m\u00e4rtsis \u00f5ppek\u00e4ik Norra ja mais Rootsi. \u00d5ppek\u00e4ikude eesm\u00e4rgiks oli tutvuda naabrite villamajanduse ja -t\u00f6\u00f6stuse hetkeseisuga.<br>\n2025. aasta m\u00e4rtsis toimus Loov Eesti koost\u00f6\u00f6projekti raames <strong>reis Namiibiasse<\/strong>, kus tutvustati p\u00e4randip\u00f5histe toodete arendamise h\u00e4id praktikaid kultuuriakadeemias ja viidi koost\u00f6\u00f6s Namiibia \u00dclikooliga l\u00e4bi p\u00e4randih\u00e4katon.<br>\n17.\u201320. septembril v\u00f5\u00f5rustati Horisondi <strong>projekti CULTURALITY partnerkohtumist<\/strong>. Selle k\u00e4igus toimusid CULTURALITY konsortsiumi koosolekud ja seminar \u201eParandus, kultuur ja j\u00e4tkusuutlik k\u00e4sit\u00f6\u00f6\u201c projekti tulemuste tutvustamiseks, kus kohtusid teadlased, k\u00e4sit\u00f6\u00f6meistrid ja kohalike omavalitsuste esindajad \u00fcheksast Euroopa riigist.<\/p>\n<p>P\u00e4randtehnoloogia \u00f5ppekava osales Erasmus+ strateegilise koost\u00f6\u00f6 projektis <strong>\u201cKultuurip\u00e4randi elavdamine k\u00f5rgharidusest l\u00e4htuva avatud innovatsiooni abil\u201d<\/strong> (1.01.2022 \u2013 01.07.2024). Projekti eesm\u00e4rk on anal\u00fc\u00fcsida viise, kuidas \u00fclikoolid saavad aidata kultuurip\u00e4randi asutustel toibuda pandeemiast p\u00f5hjustatud kriisist ja luua \u00fclikoolidele t\u00f6\u00f6riist avatud innovatsiooni meetodite ja praktikate kasutamiseks \u00f5ppet\u00f6\u00f6s. Projekti juhtpartner oli Norwegian University of Science and Technology, lisaks T\u00dc Viljandi kultuuriakadeemiale olid partneritena kaasatud Sant\u2019Anna \u2013 School of Advanced Studies Pisa, Sofia University St. Kliment Ohridski, Web2learn ja Federation of Women Association \u201cKores of Cyclades\u201d.<\/p>\n<p>2020. aastast kuulub kultuuriakadeemia esindaja Ave Matsin <strong>Baltic Wool Cooperation v\u00f5rgustikku<\/strong>, mille eesm\u00e4rgiks on villa t\u00f6\u00f6tlemist toetava ettev\u00f5tlusv\u00f5rgustiku loomine L\u00e4\u00e4nemere maades. <a title=\"\" href=\"https:\/\/viljandi.ut.ee\/en\/nordtradcraft\" target=\"_blank\" rel=\"noopener\" data-url=\"https:\/\/ullindustrigotland.wordpress.com\/baltic-wool-cooperation\/  \">Toimunud kohtumised<\/a>: Gotlandi \u00f5ppereis 06.-10.10.2021, Gotlandi villakonverentsid 08.-09.10.2020 ja 06.-08.10.2022 ning 09.-13.05.2022 \u00f5ppereis Poola villavabrikutesse ja tekstiilit\u00f6\u00f6stustesse.<\/p>\n<p>2019. aastal algas kultuuriakadeemia eestvedamisel rahvusvaheline koost\u00f6\u00f6 <strong>Nordplus projektiga Higher Education on Craft Traditions<\/strong> \u2013 P\u00f5hjamaade traditsioonilist k\u00e4sit\u00f6\u00f6d uurivate ja \u00f6petavate <a href=\"https:\/\/viljandi.ut.ee\/en\/nordtradcraft\" target=\"_blank\" rel=\"noopener\">k\u00f5rgkoolide v\u00f5rgustiku <strong>NordTradCraft<\/strong> t\u00f6\u00f6<\/a>. V\u00f5rgustik \u00fchendab kaheksat traditsioonilise k\u00e4sit\u00f6\u00f6 alal k\u00f5rgharidust andvat \u00fclikooli P\u00f5hjamaadest. V\u00f5rgustiku eesm\u00e4rgiks on koost\u00f6\u00f6 edendamine traditsioonilise k\u00e4sit\u00f6\u00f6\u00f5ppe vallas, kogemuste vahetamine, \u00f5ppe- ja uurimismeetodite koost\u00f6ine arendamine ja rahvusvaheliste \u00fchisprojektide algatamine. V\u00f5rgustiku tegevust rahastab peamiselt P\u00f5hjamaade Ministrite N\u00f5ukogu riikliku teadust\u00f6\u00f6 baasfinantseerimine Nordplus Higher Education Programm. Lisaks v\u00e4iksematele regulaarsetele v\u00f5rgustiku kohtumistele on toimunud kolm suuremat k\u00e4sit\u00f6\u00f6 s\u00fcmpoosionit. Esimene <a title=\"\" href=\"https:\/\/viljandi.ut.ee\/en\/nordtradcraft\" target=\"_blank\" rel=\"noopener\" data-url=\"https:\/\/sisu.ut.ee\/craftsymposium2022\/start\">Craft Symposium<\/a>, kus osales \u00fcle 40 \u00fcli\u00f5pilase ja 15 \u00f5ppej\u00f5udu, toimus Viljandis m\u00e4rtsis 2022. Teine s\u00fcmpoosion toimus m\u00e4rtsis 2023 Rootsis Mariestadis ning kolmas 2024. aastal Norras Raulandis.<br>\n2025 aasta septembris toimus Tartus Pallases ja Viljandis VKAs j\u00e4rjekordne partnerite kohtumine. 2025. aastal k\u00e4isid ringtehnoloogia 2. ja 3. kursuse tudengid v\u00e4lispraktikal \u00fche v\u00f5rgustikupartneri Ida-Norra \u00dclikooli Raulandi \u00fclikoolilinnakus. N\u00e4dala jooksul viidi l\u00e4bi neli t\u00f6\u00f6tuba norra tudengitele ning osaleti ka nende korraldatud \u00f5pitubades. Lisaks k\u00fclastati koos kohalike tudengitega k\u00e4sit\u00f6\u00f6meistrite t\u00f6\u00f6kodasid ja muuseume.<\/p>\n<p>Koost\u00f6\u00f6s Taani silmuskudujaid \u00fchendava organisatsiooniga <strong><a title=\"\" href=\"https:\/\/viljandi.ut.ee\/en\/nordtradcraft\" target=\"_blank\" rel=\"noopener\" data-url=\"https:\/\/www.gavstrik.dk\/\">Gavstrik<\/a><\/strong> toimus 25.06. \u2013 01.07.2018 Viljandis <a title=\"\" href=\"https:\/\/viljandi.ut.ee\/en\/nordtradcraft\" target=\"_blank\" rel=\"noopener\" data-url=\"https:\/\/sisu.ut.ee\/knitting2018\/avaleht\">Nordic Knitting Symposium<\/a> (NKS) ehk rahvusvaheline P\u00f5hjamaade silmuskudumise s\u00fcmpoosion. S\u00fcmpoosion oli p\u00fchendatud Eesti-, L\u00e4ti-, Leedu- ja Vene l\u00e4\u00e4neosa traditsioonilisele kudumisele. Toimusid ajaloolisi kudumistraditsioone, tehnikaid ja esemeid tutvustavad loengud ja \u00f5pitoad, millele pakkus vaheldust Eesti kultuuri tutvustav rikkalik programm ning seitsmendat korda toimuv legendaarne \u201eK\u00e4i ja Koo!\u201c vaba\u00f5huv\u00f5istlus (korraldajaks Lossi Gild).\u00a0 Kohal olid 12 riigi esindajad, kaugeimad Kanadast ja Jaapanist, kokku 104 osalejat. Kudumis\u00f5petajaid ja loengupidajaid oli kokku 19. NKS koondab kudumise entusiaste P\u00f5hjamaadest, aga ka kogu maailmast.<\/p>\n<p style=\"text-align: justify;\">2020 suvel sai T\u00dc Viljandi kultuuriakadeemia Euroopa Majanduspiirkonna Norra k\u00f5rghariduse koost\u00f6\u00f6programmist toetuse projektile <strong>\u201eEesti ja Norra kohalik lambavill \u2013 uuringu l\u00e4biviimine ja \u00f5ppematerjalide loomine k\u00f5rgkooli tekstiilitudengitele\u201c<\/strong>.<br>\nDetsembrist 2020 kuni m\u00e4rtsini 2023 v\u00e4ldanud projekti eesm\u00e4rgiks oli <a title=\"\" href=\"https:\/\/sisu.ut.ee\/eestivill\/villa-oppematerjal\/\" target=\"_blank\" rel=\"noopener\" data-url=\"https:\/\/viljandi.ut.ee\/et\/sisu\/kultuuriakadeemia-hakkab-uurima-eesti-ja-norra-lambavilla\">uurida, testida ja luua \u00f5ppematerjal Eesti ja Norra p\u00f5liste ja enamlevinud lambat\u00f5ugude villa kvaliteedi ja omaduste kohta<\/a> ning piloteerida tekstiilitudengitele m\u00f5eldud villa \u00f5ppeprogramme. Projekti raames toimusid intensiiv\u00f5ppe n\u00e4dal Trondheimis ja Eestis (\u00fcli\u00f5pilased ja \u00f5ppej\u00f5ud Eestist ja Norrast), millel osalesid ka Baltic Wool Cooperation v\u00f5rgustiku esindajad. \u00d5ppematerjali tarbeks valmistatud tekstiilmaterjale testiti Tallinna Tehnikak\u00f5rgkoolis. Taltechi Pol\u00fcmeeride ja tekstiilitehnoloogia labori tellimusel valmisid Vilma villavabrikus lausmaterjalide katsekehad mitmesuguste taaskasutuskiudude rakendusv\u00f5imaluste testimiseks. Projektiga soovitakse suurendada kohaliku lambavilla eesm\u00e4rgip\u00e4rast kasutamist tekstiilide valmistamisel.<br>\nProjekti raames valminud \u00f5ppematerjalid ning t\u00e4iendavat villateemalist infot leiab <a href=\"https:\/\/sisu.ut.ee\/eestivill\/villa-oppematerjal\/\" target=\"_blank\" rel=\"noopener\">T\u00dc VKA Eesti villa kodulehelt<\/a>.<\/p>\n<p style=\"text-align: justify;\">J\u00e4tkunud on <strong>Vilma villalabori arendustegevused.<\/strong> V\u00e4lja on kujunenud kaks olulisemat tegevussuunda:<br>\n-eksperimentaalsed l\u00f5ngapartiid konkreetsete ajalooliste tehnikate jaoks;<br>\n-tootearenduslikud katsetused ja v\u00e4ikesed testpartiid erinevate villakooslustega.<br>\n<a title=\"\" href=\"https:\/\/sisu.ut.ee\/eestivill\/vilma-villakoda\" target=\"_blank\" rel=\"noopener\" data-url=\"https:\/\/sisu.ut.ee\/eestivill\/vilma-villakoda\">Labor<\/a> on avatud <strong>Eesti koolide tekstiilierialade \u00fcli\u00f5pilastele<\/strong>. Laborit on k\u00fclastanud Eesti, Soome ja Norra ettev\u00f5tjad. Tellimust\u00f6\u00f6d on tehtud Venemaa kitsekasvatajatele.<\/p>\n<p style=\"text-align: justify;\">T\u00dc VKA p\u00e4randtehnoloogia \u00f5ppekava osales aastatel 2017-2018 rahvusvahelises projektis <strong>\u201eDigitaalne\u00a0 k\u00e4sit\u00f6\u00f6\u00a0 kogukonna\u00a0 teenistuses\u201c\u00a0 (\u201eDigitally\u00a0 Crafting\u00a0 New\u00a0 Communities\u00a0 of\u00a0 Practice\u201c,\u00a0 l\u00fchidalt\u00a0 EUdigiTAC).<\/strong>\u00a0 Euroopa\u00a0 Liidu\u00a0 poolt rahastatav Creative Europe\u2019i programm toetas projekti kahe aasta v\u00e4ltel (01.05.2016\u201330.04.2018). Projekti \u00fcldkoordinaator oli t\u00e4iskasvanuhariduse keskus Studief\u00f6rbundet Vuxenskolan V\u00e4stra G\u00f6taland. Lisaks osalesid tegevuskavas partnerasutused Itaaliast ja Eestist, Creative Europe. Projekti eesm\u00e4rk oli julgustada eri p\u00f5lvkondade k\u00e4sit\u00f6\u00f6lisi kasutama digitaalseid vahendeid ning korraldada kommunikatiivne ja digitaalne p\u00f6\u00f6re traditsioonilises k\u00e4sit\u00f6\u00f6s, mille alla kuulub hulk h\u00e4\u00e4buvaid v\u00f5i ohustatud k\u00e4sit\u00f6\u00f6liike. 18.10.2017 ja 04.04.2018 oli valminud dokumentaal-, \u00f5ppe- ja reklaamfilmide esitlus, rahvusvaheline projektikohtumine toimus 19.-22.11.2017 ja 30.04.2018 valmis haridusprogramm.<br>\nTulemustest saab pikemalt lugeda <a title=\"\" href=\"https:\/\/ojs.utlib.ee\/index.php\/SV\/article\/view\/17001\/11880\" target=\"_blank\" rel=\"noopener\" data-url=\"https:\/\/ojs.utlib.ee\/index.php\/SV\/article\/view\/17001\/11880\">Studia Vernacula artiklist<\/a>.<\/p>\n<p style=\"text-align: justify;\">Projekt<strong> \u201cK\u00e4sitsi tehtud heaolu \u2013 \u00fches\u00f5pe k\u00e4sit\u00f6\u00f6 ja hoolekande \u00fchendamiseks\u201d<\/strong> (01.09.2015\u201331.08.2017) loodi innovaatilisuse edendamiseks ja kompetentsi t\u00f5stmiseks t\u00e4iskasvanuhariduses. \u201cHandmade Wellbeing \u2013 Collaborative learning in craft and welfare interfaces\u201d oli Erasmus+ projekt, mille eesm\u00e4rgiks oli v\u00e4lja t\u00f6\u00f6tada vanemaealistele sobivad ja nende heaolu parandavad k\u00e4sit\u00f6\u00f6 \u00f5petamise meetodid. Teisalt t\u00f6\u00f6tada v\u00e4lja hariduslikud mudelid, mis aitavad kunstnikel, koolitajatel ja k\u00e4sit\u00f6\u00f6listel t\u00f6\u00f6tada erinevate sihtr\u00fchmadega hoolekande- ja raviasutustes. Rahvusvahelise projekti \u00fcldkoordinaator oli Helsingi \u00dclikool (\u00f5petajakoolituse osakond) ning partnerasutused UniT Austrias ning SuperAct Inglismaal. 08.02.2017 toimus Viljandis projekti konverents \u201cK\u00e4sit\u00f6\u00f6 ja vananemine: kuidas toetada eakaid?\u201d.<\/p>\n<p><strong>PROLOG \u2013 Assessing and developing the situation of log building education in Nordic-Baltic region<\/strong> (2012-2014). Projekti eesm\u00e4rk oli k\u00f5rvaldada k\u00e4sit\u00f6ise palkehitussektori arengutakistusi, luues \u00fclevaate ja tervikn\u00e4gemuse palkehitushariduse arendamisest Baltoskandia regioonis.<\/p>\n<p style=\"text-align: justify;\"><strong>The Threads That Connect Us<\/strong> (01.08.2010 \u2013 31.07.2012)<\/p>\n<p><strong>Promoting Natural Material Know-How<\/strong> (01.9.2009 \u2013 31.8.2012)<\/p>\n<p style=\"text-align: right;\"><em>Villauuringute n\u00e4idismaterjalid, foto autor Maritta Anton.<\/em><\/p>\n<p style=\"text-align: right;\"><img loading=\"lazy\" decoding=\"async\" width=\"2560\" height=\"1707\" class=\"alignnone wp-image-95\" style=\"width: 860px; float: left; height: 573px;\" title=\"villad-kaed_by_maritta_anton.jpg\" src=\"https:\/\/sisu.ut.ee\/wp-content\/uploads\/sites\/619\/villad-kaed_by_maritta_anton-scaled.jpg\" alt=\"Villa uurimus, Maritta Anton\" srcset=\"https:\/\/sisu.ut.ee\/wp-content\/uploads\/sites\/619\/villad-kaed_by_maritta_anton-scaled.jpg 2560w, https:\/\/sisu.ut.ee\/wp-content\/uploads\/sites\/619\/villad-kaed_by_maritta_anton-300x200.jpg 300w, https:\/\/sisu.ut.ee\/wp-content\/uploads\/sites\/619\/villad-kaed_by_maritta_anton-1024x683.jpg 1024w, https:\/\/sisu.ut.ee\/wp-content\/uploads\/sites\/619\/villad-kaed_by_maritta_anton-768x512.jpg 768w, https:\/\/sisu.ut.ee\/wp-content\/uploads\/sites\/619\/villad-kaed_by_maritta_anton-1536x1024.jpg 1536w, https:\/\/sisu.ut.ee\/wp-content\/uploads\/sites\/619\/villad-kaed_by_maritta_anton-2048x1365.jpg 2048w, https:\/\/sisu.ut.ee\/wp-content\/uploads\/sites\/619\/villad-kaed_by_maritta_anton-1920x1280.jpg 1920w\" sizes=\"auto, (max-width: 2560px) 100vw, 2560px\"><\/p>\n","protected":false},"excerpt":{"rendered":"<p>2025 aastal toimus mitmeid koost\u00f6\u00f6kohtumisi uute rahvusvaheliste partneritega. P\u00f5hja- ja Baltimaade haridusprogramm\u00a0Nordplus\u00a0projekti\u00a0F.E.L.T.WOOL \u2013 \u201cKohalike tekstiilide tuleviku esilekerkimine villa baasil\u201d raames toimus m\u00e4rtsis \u00f5ppek\u00e4ik Norra ja mais Rootsi. \u00d5ppek\u00e4ikude eesm\u00e4rgiks oli tutvuda naabrite villamajanduse ja -t\u00f6\u00f6stuse hetkeseisuga. 2025. aasta m\u00e4rtsis toimus &#8230;<\/p>\n","protected":false},"author":274,"featured_media":0,"parent":0,"menu_order":0,"comment_status":"closed","ping_status":"closed","template":"","meta":{"_acf_changed":false,"inline_featured_image":false,"footnotes":""},"class_list":["post-27","page","type-page","status-publish","hentry"],"acf":[],"_links":{"self":[{"href":"https:\/\/sisu.ut.ee\/craft\/wp-json\/wp\/v2\/pages\/27","targetHints":{"allow":["GET"]}}],"collection":[{"href":"https:\/\/sisu.ut.ee\/craft\/wp-json\/wp\/v2\/pages"}],"about":[{"href":"https:\/\/sisu.ut.ee\/craft\/wp-json\/wp\/v2\/types\/page"}],"author":[{"embeddable":true,"href":"https:\/\/sisu.ut.ee\/craft\/wp-json\/wp\/v2\/users\/274"}],"replies":[{"embeddable":true,"href":"https:\/\/sisu.ut.ee\/craft\/wp-json\/wp\/v2\/comments?post=27"}],"version-history":[{"count":8,"href":"https:\/\/sisu.ut.ee\/craft\/wp-json\/wp\/v2\/pages\/27\/revisions"}],"predecessor-version":[{"id":791,"href":"https:\/\/sisu.ut.ee\/craft\/wp-json\/wp\/v2\/pages\/27\/revisions\/791"}],"wp:attachment":[{"href":"https:\/\/sisu.ut.ee\/craft\/wp-json\/wp\/v2\/media?parent=27"}],"curies":[{"name":"wp","href":"https:\/\/api.w.org\/{rel}","templated":true}]}}