{"id":23,"date":"2024-04-04T08:32:15","date_gmt":"2024-04-04T05:32:15","guid":{"rendered":"https:\/\/sisu.ut.ee\/craft\/vaata-lisaks\/"},"modified":"2024-08-20T13:32:02","modified_gmt":"2024-08-20T10:32:02","slug":"vaata-lisaks","status":"publish","type":"page","link":"https:\/\/sisu.ut.ee\/craft\/vaata-lisaks\/","title":{"rendered":"Meist meedias"},"content":{"rendered":"<p>Tartu \u00dclikooli televisioonis saad j\u00e4lgida T\u00dc oluliste s\u00fcndmuste otse\u00fclekandeid ning leida toimunud \u00fcrituste salvestusi: <a title=\"\" href=\"https:\/\/www.uttv.ee\/\" target=\"_blank\" rel=\"noopener\" data-url=\"https:\/\/www.uttv.ee\/\">https:\/\/www.uttv.ee\/<\/a>.<\/p>\n<p>T\u00dc Viljandi Kultuuriakadeemia s\u00fcndmuste otse\u00fclekanded ning j\u00e4relvaatamine: <a title=\"\" href=\"https:\/\/live.kultuuriakadeemia.ee\/\" target=\"_blank\" rel=\"noopener\" data-url=\"https:\/\/live.kultuuriakadeemia.ee\/\">https:\/\/live.kultuuriakadeemia.ee\/<\/a>.<\/p>\n<p>T\u00dc Viljandi kultuuriakadeemia fotogalerii <a title=\"\" href=\"https:\/\/www.flickr.com\/photos\/184756568@N05\/albums\" target=\"_blank\" rel=\"noopener\" data-url=\"https:\/\/www.flickr.com\/photos\/184756568@N05\/albums\">Flickeris<\/a>.<\/p>\n<h3>Sotsiaalmeedia kanalid<\/h3>\n<p><a title=\"\" href=\"https:\/\/www.facebook.com\/rahvuslik\" target=\"_blank\" rel=\"noopener\" data-url=\"https:\/\/www.facebook.com\/rahvuslik\">T\u00dc Viljandi kultuuriakadeemia p\u00e4randtehnoloogia<\/a> Facebookis<\/p>\n<p><a title=\"\" href=\"https:\/\/www.facebook.com\/profile.php?id=100091303278025\" target=\"_blank\" rel=\"noopener\" data-url=\"https:\/\/www.facebook.com\/profile.php?id=100091303278025\">T\u00dc VKA p\u00e4randtehnoloogia ringtehnoloogia<\/a> Facebookis<\/p>\n<p><a href=\"https:\/\/www.facebook.com\/PTmetall\">T\u00dc VKA p\u00e4randtehnoloogia metallit\u00f6\u00f6<\/a> Facebookis<\/p>\n<p><a title=\"\" href=\"https:\/\/www.instagram.com\/tyvka_metall\/\" target=\"_blank\" rel=\"noopener\" data-url=\"https:\/\/www.instagram.com\/tyvka_metall\/\">T\u00dc VKA p\u00e4randtehnoloogia metall<\/a> Instagramis<\/p>\n<p><a title=\"\" href=\"https:\/\/www.facebook.com\/rahvuslikuehituseeriala\" target=\"_blank\" rel=\"noopener\" data-url=\"https:\/\/www.facebook.com\/rahvuslikuehituseeriala\">T\u00dc VKA p\u00e4randtehnoloogia ehitus<\/a> Facebookis<\/p>\n<p><a href=\"https:\/\/www.facebook.com\/tyvkatekstiil\">T\u00dc VKA p\u00e4randtehnoloogia tekstiil<\/a> Facebookis<\/p>\n<p><a title=\"\" href=\"https:\/\/www.facebook.com\/tyvka.kulo\" target=\"_blank\" rel=\"noopener\" data-url=\"https:\/\/www.facebook.com\/tyvka.kulo\">T\u00dc VKA kultuurip\u00e4randi loovrakenduste MA<\/a> Facebookis<\/p>\n<p>Rahvusvaheline suve\u00fclikool <a title=\"\" href=\"https:\/\/www.facebook.com\/craftcampestonia\" target=\"_blank\" rel=\"noopener\" data-url=\"https:\/\/www.facebook.com\/craftcampestonia\">Craft Camp<\/a> Facebookis<\/p>\n<p>Moeetendus <a title=\"\" href=\"https:\/\/www.facebook.com\/omamood\" target=\"_blank\" rel=\"noopener\" data-url=\"https:\/\/www.facebook.com\/omamood\">OmaMood<\/a> Facebookis<\/p>\n<p>Teised <a title=\"\" href=\"https:\/\/viljandi.ut.ee\/et\/sotsiaalmeedia\" target=\"_blank\" rel=\"noopener\" data-url=\"https:\/\/viljandi.ut.ee\/et\/sotsiaalmeedia\">T\u00dc Viljandi kultuuriakadeemia sotsiaalmeedia kanalid<\/a><\/p>\n","protected":false},"excerpt":{"rendered":"<p>Tartu \u00dclikooli televisioonis saad j\u00e4lgida T\u00dc oluliste s\u00fcndmuste otse\u00fclekandeid ning leida toimunud \u00fcrituste salvestusi: https:\/\/www.uttv.ee\/. T\u00dc Viljandi Kultuuriakadeemia s\u00fcndmuste otse\u00fclekanded ning j\u00e4relvaatamine: https:\/\/live.kultuuriakadeemia.ee\/. T\u00dc Viljandi kultuuriakadeemia fotogalerii Flickeris. Sotsiaalmeedia kanalid T\u00dc Viljandi kultuuriakadeemia p\u00e4randtehnoloogia Facebookis T\u00dc VKA p\u00e4randtehnoloogia ringtehnoloogia Facebookis &#8230;<\/p>\n","protected":false},"author":274,"featured_media":0,"parent":0,"menu_order":0,"comment_status":"closed","ping_status":"closed","template":"","meta":{"_acf_changed":false,"inline_featured_image":false,"footnotes":""},"class_list":["post-23","page","type-page","status-publish","hentry"],"acf":[],"_links":{"self":[{"href":"https:\/\/sisu.ut.ee\/craft\/wp-json\/wp\/v2\/pages\/23","targetHints":{"allow":["GET"]}}],"collection":[{"href":"https:\/\/sisu.ut.ee\/craft\/wp-json\/wp\/v2\/pages"}],"about":[{"href":"https:\/\/sisu.ut.ee\/craft\/wp-json\/wp\/v2\/types\/page"}],"author":[{"embeddable":true,"href":"https:\/\/sisu.ut.ee\/craft\/wp-json\/wp\/v2\/users\/274"}],"replies":[{"embeddable":true,"href":"https:\/\/sisu.ut.ee\/craft\/wp-json\/wp\/v2\/comments?post=23"}],"version-history":[{"count":3,"href":"https:\/\/sisu.ut.ee\/craft\/wp-json\/wp\/v2\/pages\/23\/revisions"}],"predecessor-version":[{"id":436,"href":"https:\/\/sisu.ut.ee\/craft\/wp-json\/wp\/v2\/pages\/23\/revisions\/436"}],"wp:attachment":[{"href":"https:\/\/sisu.ut.ee\/craft\/wp-json\/wp\/v2\/media?parent=23"}],"curies":[{"name":"wp","href":"https:\/\/api.w.org\/{rel}","templated":true}]}}