{"id":21,"date":"2024-04-04T08:32:15","date_gmt":"2024-04-04T05:32:15","guid":{"rendered":"https:\/\/sisu.ut.ee\/craft\/vilistlased\/"},"modified":"2026-01-25T15:43:58","modified_gmt":"2026-01-25T13:43:58","slug":"vilistlased","status":"publish","type":"page","link":"https:\/\/sisu.ut.ee\/craft\/vilistlased\/","title":{"rendered":"Vilistlased"},"content":{"rendered":"<p>2024. aasta l\u00f5pus valmis T\u00dc Viljandi Kultuuriakadeemia tellimusel kutse- ja k\u00f5rgkoolide k\u00e4sit\u00f6\u00f6- ja p\u00e4randtehnoloogia vilistlaste erialase t\u00f6\u00f6h\u00f5ive uuring, mille viis l\u00e4bi Tartu \u00dclikooli Sotsiaalteaduslike rakendusuuringute keskus (RAKE). Uuringu tulemuste kajastamiseks ja tagamaade avamiseks ilmus Ave Matsini sulest artikkel \u201cK\u00e4sit\u00f6\u00f6 ja p\u00e4randtehnoloogia vilistlaste erialase t\u00f6\u00f6h\u00f5ive uuring: laiem kontekst ja tulevikuvaated\u201d. <a href=\"https:\/\/ojs.utlib.ee\/index.php\/SV\/article\/view\/26189\/19909\" target=\"_blank\" rel=\"noopener\">Tervet artiklit on v\u00f5imalik lugeda \u201cPuust ja punaseks. Studia Vernacula 17\u201d<\/a> 2025. aastal ilmunud numbrist.<\/p>\n<p>Artikkel k\u00e4sitleb kutse- ja k\u00f5rgkoolide k\u00e4sit\u00f6\u00f6 ja p\u00e4randtehnoloogia vilistlaste erialase t\u00f6\u00f6h\u00f5ive uuringut, asetades selle tulemused hariduslikku, kultuurilisse ja majanduslikku konteksti ning anal\u00fc\u00fcsides k\u00e4sit\u00f6\u00f6hariduse rakendumise viise ja m\u00f5\u00f5tmise metoodikat. Uuring n\u00e4itab, et k\u00e4sit\u00f6\u00f6hariduse vilistlased rakenduvad t\u00f6\u00f6maailmas mitmekesiselt, sealhulgas \u00f5petajatena, koolitajatena, ettev\u00f5tjatena ja vabatahtlikes rollides, kusjuures k\u00f5rgema haridustasemega vilistlased on erialaselt aktiivsemad. T\u00f6\u00f6vormide mitmekesisus ja Eesti Majanduse Tegevusalade Klassifikaatori (EMTAK) ebaselgus osutavad vajadusele uute, valdkonnaspetsiifiliste tulemusm\u00f5\u00f5dikute j\u00e4rele. Artikkel r\u00f5hutab k\u00e4sit\u00f6\u00f6oskuste t\u00e4htsust kestlikkuse, kultuurip\u00e4randi hoidmise, kogukondliku sidususe ja regionaalse t\u00f6\u00f6h\u00f5ive kontekstis ning visandab kolm k\u00e4sit\u00f6\u00f6ettev\u00f5tluse suunda: loominguline, oskusp\u00f5hine ja traditsiooniline k\u00e4sit\u00f6\u00f6. Kokkuv\u00f5ttes kutsutakse \u00fcles k\u00e4sit\u00f6\u00f6hariduse ja -ettev\u00f5tluse s\u00fcsteemsele arendamisele viisil, mis rakendaks parimal viisil selle kultuurilist, majanduslikku ja sotsiaalset v\u00e4\u00e4rtust.<\/p>\n<p style=\"text-align: right;\"><em>Foto p\u00e4randtehnoloogia eriala pildipangast 2024 suvest rahvusliku k\u00e4sit\u00f6\u00f6 ja p\u00e4randtehnoloogia erialade 30. juubeli kokkutulekult\u00a0<\/em><\/p>\n<p><img loading=\"lazy\" decoding=\"async\" class=\"alignnone wp-image-751 size-large\" src=\"https:\/\/sisu.ut.ee\/wp-content\/uploads\/sites\/619\/TUVKAPT-vilistlased-1024x768.jpg\" alt=\"\" width=\"1024\" height=\"768\" srcset=\"https:\/\/sisu.ut.ee\/wp-content\/uploads\/sites\/619\/TUVKAPT-vilistlased-1024x768.jpg 1024w, https:\/\/sisu.ut.ee\/wp-content\/uploads\/sites\/619\/TUVKAPT-vilistlased-300x225.jpg 300w, https:\/\/sisu.ut.ee\/wp-content\/uploads\/sites\/619\/TUVKAPT-vilistlased-768x576.jpg 768w, https:\/\/sisu.ut.ee\/wp-content\/uploads\/sites\/619\/TUVKAPT-vilistlased-1920x1440.jpg 1920w, https:\/\/sisu.ut.ee\/wp-content\/uploads\/sites\/619\/TUVKAPT-vilistlased.jpg 2048w\" sizes=\"auto, (max-width: 1024px) 100vw, 1024px\"><\/p>\n","protected":false},"excerpt":{"rendered":"<p>2024. aasta l\u00f5pus valmis T\u00dc Viljandi Kultuuriakadeemia tellimusel kutse- ja k\u00f5rgkoolide k\u00e4sit\u00f6\u00f6- ja p\u00e4randtehnoloogia vilistlaste erialase t\u00f6\u00f6h\u00f5ive uuring, mille viis l\u00e4bi Tartu \u00dclikooli Sotsiaalteaduslike rakendusuuringute keskus (RAKE). Uuringu tulemuste kajastamiseks ja tagamaade avamiseks ilmus Ave Matsini sulest artikkel \u201cK\u00e4sit\u00f6\u00f6 ja &#8230;<\/p>\n","protected":false},"author":274,"featured_media":0,"parent":0,"menu_order":0,"comment_status":"closed","ping_status":"closed","template":"","meta":{"_acf_changed":false,"inline_featured_image":false,"footnotes":""},"class_list":["post-21","page","type-page","status-publish","hentry"],"acf":[],"_links":{"self":[{"href":"https:\/\/sisu.ut.ee\/craft\/wp-json\/wp\/v2\/pages\/21","targetHints":{"allow":["GET"]}}],"collection":[{"href":"https:\/\/sisu.ut.ee\/craft\/wp-json\/wp\/v2\/pages"}],"about":[{"href":"https:\/\/sisu.ut.ee\/craft\/wp-json\/wp\/v2\/types\/page"}],"author":[{"embeddable":true,"href":"https:\/\/sisu.ut.ee\/craft\/wp-json\/wp\/v2\/users\/274"}],"replies":[{"embeddable":true,"href":"https:\/\/sisu.ut.ee\/craft\/wp-json\/wp\/v2\/comments?post=21"}],"version-history":[{"count":6,"href":"https:\/\/sisu.ut.ee\/craft\/wp-json\/wp\/v2\/pages\/21\/revisions"}],"predecessor-version":[{"id":772,"href":"https:\/\/sisu.ut.ee\/craft\/wp-json\/wp\/v2\/pages\/21\/revisions\/772"}],"wp:attachment":[{"href":"https:\/\/sisu.ut.ee\/craft\/wp-json\/wp\/v2\/media?parent=21"}],"curies":[{"name":"wp","href":"https:\/\/api.w.org\/{rel}","templated":true}]}}