{"id":20,"date":"2024-04-04T08:32:15","date_gmt":"2024-04-04T05:32:15","guid":{"rendered":"https:\/\/sisu.ut.ee\/craft\/projektid\/"},"modified":"2024-08-23T14:19:08","modified_gmt":"2024-08-23T11:19:08","slug":"projektid","status":"publish","type":"page","link":"https:\/\/sisu.ut.ee\/craft\/projektid\/","title":{"rendered":"Projektid"},"content":{"rendered":"<p style=\"text-align: justify;\">\n<\/p><p style=\"text-align: justify;\">Siit saad lugeda pikemalt T\u00dc Viljandi kultuuriakadeemia p\u00e4randtehnoloogia eriala koordineerimisel ja osalusel toimunud rahvusvahelistest ja Eesti-sisestest projektidest ning j\u00e4tkuvast koost\u00f6\u00f6st erinevate organisatsioonide ja asutustega.<\/p>\n<p style=\"text-align: right;\"><em>Lambast l\u00f5ngaks, foto autor Kerttu Kruusla. <\/em><\/p>\n<p><img loading=\"lazy\" decoding=\"async\" width=\"1365\" height=\"2048\" class=\"alignnone wp-image-93\" style=\"width: 600px; height: 900px; float: left;\" title=\"villad_craft_symposium_foto_kerttu_kruusla.jpg\" src=\"https:\/\/sisu.ut.ee\/wp-content\/uploads\/sites\/619\/villad_craft_symposium_foto_kerttu_kruusla.jpg\" alt=\"Wool, Craft Symposium, foto Kerttu Kruusla\" srcset=\"https:\/\/sisu.ut.ee\/wp-content\/uploads\/sites\/619\/villad_craft_symposium_foto_kerttu_kruusla.jpg 1365w, https:\/\/sisu.ut.ee\/wp-content\/uploads\/sites\/619\/villad_craft_symposium_foto_kerttu_kruusla-200x300.jpg 200w, https:\/\/sisu.ut.ee\/wp-content\/uploads\/sites\/619\/villad_craft_symposium_foto_kerttu_kruusla-683x1024.jpg 683w, https:\/\/sisu.ut.ee\/wp-content\/uploads\/sites\/619\/villad_craft_symposium_foto_kerttu_kruusla-768x1152.jpg 768w, https:\/\/sisu.ut.ee\/wp-content\/uploads\/sites\/619\/villad_craft_symposium_foto_kerttu_kruusla-1024x1536.jpg 1024w\" sizes=\"auto, (max-width: 1365px) 100vw, 1365px\"><\/p>\n","protected":false},"excerpt":{"rendered":"<p>Siit saad lugeda pikemalt T\u00dc Viljandi kultuuriakadeemia p\u00e4randtehnoloogia eriala koordineerimisel ja osalusel toimunud rahvusvahelistest ja Eesti-sisestest projektidest ning j\u00e4tkuvast koost\u00f6\u00f6st erinevate organisatsioonide ja asutustega. Lambast l\u00f5ngaks, foto autor Kerttu Kruusla.<\/p>\n","protected":false},"author":274,"featured_media":0,"parent":0,"menu_order":0,"comment_status":"closed","ping_status":"closed","template":"","meta":{"_acf_changed":false,"inline_featured_image":false,"footnotes":""},"class_list":["post-20","page","type-page","status-publish","hentry"],"acf":[],"_links":{"self":[{"href":"https:\/\/sisu.ut.ee\/craft\/wp-json\/wp\/v2\/pages\/20","targetHints":{"allow":["GET"]}}],"collection":[{"href":"https:\/\/sisu.ut.ee\/craft\/wp-json\/wp\/v2\/pages"}],"about":[{"href":"https:\/\/sisu.ut.ee\/craft\/wp-json\/wp\/v2\/types\/page"}],"author":[{"embeddable":true,"href":"https:\/\/sisu.ut.ee\/craft\/wp-json\/wp\/v2\/users\/274"}],"replies":[{"embeddable":true,"href":"https:\/\/sisu.ut.ee\/craft\/wp-json\/wp\/v2\/comments?post=20"}],"version-history":[{"count":2,"href":"https:\/\/sisu.ut.ee\/craft\/wp-json\/wp\/v2\/pages\/20\/revisions"}],"predecessor-version":[{"id":578,"href":"https:\/\/sisu.ut.ee\/craft\/wp-json\/wp\/v2\/pages\/20\/revisions\/578"}],"wp:attachment":[{"href":"https:\/\/sisu.ut.ee\/craft\/wp-json\/wp\/v2\/media?parent=20"}],"curies":[{"name":"wp","href":"https:\/\/api.w.org\/{rel}","templated":true}]}}