{"id":17,"date":"2024-04-04T08:32:14","date_gmt":"2024-04-04T05:32:14","guid":{"rendered":"https:\/\/sisu.ut.ee\/craft\/uliopilastood\/"},"modified":"2024-06-05T17:51:21","modified_gmt":"2024-06-05T14:51:21","slug":"uliopilastood","status":"publish","type":"page","link":"https:\/\/sisu.ut.ee\/craft\/uliopilastood\/","title":{"rendered":"\u00dcli\u00f5pilast\u00f6\u00f6d"},"content":{"rendered":"<p>P\u00e4randtehnoloogia rakendusk\u00f5rghariduse \u00f5pingute raames valmivad \u00fcli\u00f5pilastel seminarit\u00f6\u00f6d ning loov-praktilised l\u00f5put\u00f6\u00f6d. Portfooliote hulgast on v\u00e4lja valitud v\u00e4ike l\u00e4bil\u00f5ige erinevate erialade ilmestamiseks.<\/p>\n<p style=\"text-align: right;\"><em>Pumppuuridega luu t\u00f6\u00f6tlemine, foto autor Kerttu Kruusla.<\/em><\/p>\n<p style=\"text-align: right;\"><img loading=\"lazy\" decoding=\"async\" width=\"2048\" height=\"1365\" class=\"alignnone wp-image-91\" style=\"width: 900px; height: 600px; float: left;\" title=\"pumppuurid_foto_kerttu_kruusla.jpg\" src=\"https:\/\/sisu.ut.ee\/wp-content\/uploads\/sites\/619\/pumppuurid_foto_kerttu_kruusla.jpg\" alt=\"pumppuurid\" srcset=\"https:\/\/sisu.ut.ee\/wp-content\/uploads\/sites\/619\/pumppuurid_foto_kerttu_kruusla.jpg 2048w, https:\/\/sisu.ut.ee\/wp-content\/uploads\/sites\/619\/pumppuurid_foto_kerttu_kruusla-300x200.jpg 300w, https:\/\/sisu.ut.ee\/wp-content\/uploads\/sites\/619\/pumppuurid_foto_kerttu_kruusla-1024x683.jpg 1024w, https:\/\/sisu.ut.ee\/wp-content\/uploads\/sites\/619\/pumppuurid_foto_kerttu_kruusla-768x512.jpg 768w, https:\/\/sisu.ut.ee\/wp-content\/uploads\/sites\/619\/pumppuurid_foto_kerttu_kruusla-1536x1024.jpg 1536w, https:\/\/sisu.ut.ee\/wp-content\/uploads\/sites\/619\/pumppuurid_foto_kerttu_kruusla-1920x1280.jpg 1920w\" sizes=\"auto, (max-width: 2048px) 100vw, 2048px\"><\/p>\n","protected":false},"excerpt":{"rendered":"<p>P\u00e4randtehnoloogia rakendusk\u00f5rghariduse \u00f5pingute raames valmivad \u00fcli\u00f5pilastel seminarit\u00f6\u00f6d ning loov-praktilised l\u00f5put\u00f6\u00f6d. Portfooliote hulgast on v\u00e4lja valitud v\u00e4ike l\u00e4bil\u00f5ige erinevate erialade ilmestamiseks. Pumppuuridega luu t\u00f6\u00f6tlemine, foto autor Kerttu Kruusla.<\/p>\n","protected":false},"author":274,"featured_media":0,"parent":0,"menu_order":0,"comment_status":"closed","ping_status":"closed","template":"","meta":{"_acf_changed":false,"inline_featured_image":false,"footnotes":""},"class_list":["post-17","page","type-page","status-publish","hentry"],"acf":[],"_links":{"self":[{"href":"https:\/\/sisu.ut.ee\/craft\/wp-json\/wp\/v2\/pages\/17","targetHints":{"allow":["GET"]}}],"collection":[{"href":"https:\/\/sisu.ut.ee\/craft\/wp-json\/wp\/v2\/pages"}],"about":[{"href":"https:\/\/sisu.ut.ee\/craft\/wp-json\/wp\/v2\/types\/page"}],"author":[{"embeddable":true,"href":"https:\/\/sisu.ut.ee\/craft\/wp-json\/wp\/v2\/users\/274"}],"replies":[{"embeddable":true,"href":"https:\/\/sisu.ut.ee\/craft\/wp-json\/wp\/v2\/comments?post=17"}],"version-history":[{"count":2,"href":"https:\/\/sisu.ut.ee\/craft\/wp-json\/wp\/v2\/pages\/17\/revisions"}],"predecessor-version":[{"id":355,"href":"https:\/\/sisu.ut.ee\/craft\/wp-json\/wp\/v2\/pages\/17\/revisions\/355"}],"wp:attachment":[{"href":"https:\/\/sisu.ut.ee\/craft\/wp-json\/wp\/v2\/media?parent=17"}],"curies":[{"name":"wp","href":"https:\/\/api.w.org\/{rel}","templated":true}]}}