{"id":15,"date":"2024-04-04T08:32:14","date_gmt":"2024-04-04T05:32:14","guid":{"rendered":"https:\/\/sisu.ut.ee\/craft\/naitused-2023\/"},"modified":"2025-08-25T15:12:33","modified_gmt":"2025-08-25T12:12:33","slug":"naitused-2023","status":"publish","type":"page","link":"https:\/\/sisu.ut.ee\/craft\/naitused-2023\/","title":{"rendered":"N\u00e4itused 2023"},"content":{"rendered":"<h4>\u201eP\u00e4rand haagib\u201c<\/h4>\n<p>Tekstiili ja metallit\u00f6\u00f6 eriala \u00fcli\u00f5pilaste \u00f5ppet\u00f6\u00f6d tutvustav <a title=\"\" href=\"https:\/\/viljandi.ut.ee\/et\/sisu\/voru-linnagaleriis-saab-naha-kultuuriakadeemia-tudengite-naitust-parand-haagib\" target=\"_blank\" rel=\"noopener\" data-url=\"https:\/\/viljandi.ut.ee\/et\/sisu\/voru-linnagaleriis-saab-naha-kultuuriakadeemia-tudengite-naitust-parand-haagib\">v\u00e4ljapanek esitles<\/a> nii \u00f5ppet\u00f6\u00f6 k\u00e4igus kui ka l\u00f5put\u00f6\u00f6na valminud esemeid: r\u00f5ivakomplekte, vaipu, metallist n\u00f5usid ja ehteid.<br>N\u00e4itus toimus:<br><a title=\"\" href=\"https:\/\/kultuur.err.ee\/1608842977\/kultuuriakadeemia-tudengid-avavad-vorus-naituse-parand-haagib\" target=\"_blank\" rel=\"noopener\" data-url=\" https:\/\/kultuur.err.ee\/1608842977\/kultuuriakadeemia-tudengid-avavad-vorus-naituse-parand-haagib\">9. jaanuarist 6. m\u00e4rtsini V\u00f5ru linnagaleriis<\/a>,<br>3. aprillist 15. juunini P\u00f5ltsamaa lossi meistritemaja galeriis ja muuseumihoones.<\/p>\n<h4>N\u00e4itus \u201cVahast ehteks\u201d<\/h4>\n<p>Metallit\u00f6\u00f6 \u00fcli\u00f5pilaste iseseisvalt koostatud n\u00e4ituse enamik ehteid on valminud kaduva vaha meetodil. Vahamudelite valmistamisel kasutati nii kaasaegset mudelivaha kui ka mesilasvaha.<br>N\u00e4itus oli eksponeeritud:<br>9. jaanuarist 6. m\u00e4rtsini V\u00f5ru linnagaleriis,<br><a title=\"\" href=\"https:\/\/poltsamaaloss.ee\/tu-viljandi-kultuuriakadeemia-naitus-vahast-ehteks\/\" target=\"_blank\" rel=\"noopener\" data-url=\"https:\/\/poltsamaaloss.ee\/tu-viljandi-kultuuriakadeemia-naitus-vahast-ehteks\/\">10. m\u00e4rtsist 15. juunini P\u00f5ltsamaa lossi meistritemaja galeriis<\/a>.<\/p>\n<h4>\u201cEsiemade h\u00f5be\u201d<\/h4>\n<p>23. m\u00e4rtsist 23. aprillini 2023 toimus Tartu linnagaleriis <a title=\"\" href=\"https:\/\/viljandi.ut.ee\/et\/sisu\/tartu-linnagaleriis-avatakse-tu-vka-uliopilastoode-naitus-esiemade-hobe\" target=\"_blank\" rel=\"noopener\" data-url=\"https:\/\/viljandi.ut.ee\/et\/sisu\/tartu-linnagaleriis-avatakse-tu-vka-uliopilastoode-naitus-esiemade-hobe\">metallit\u00f6\u00f6 eriala \u00fcliopilast\u00f6\u00f6de n\u00e4itus \u201eEsiemade h\u00f5be\u201c<\/a>. Eksponeeriti \u00f5ppet\u00f6\u00f6 k\u00e4igus valminud h\u00f5beehteid, mis on inspireeritud 18.\u201319. sajandil esimade piduehetena kantud etnograafilistest originaalidest.<\/p>\n<h4>\u201cNahaga v\u00f5i nahata\u201d<\/h4>\n<p>16. veebruar kuni 18. m\u00e4rts 2023 osalesime Pallase galeriis, Tartus rahvusvahelisel n\u00e4itusel \u201cNahaga v\u00f5i nahata\u201d. <a title=\"\" href=\"https:\/\/www.facebook.com\/search\/top?q=nahaga%20v%C3%B5i%20nahata\" target=\"_blank\" rel=\"noopener\" data-url=\"https:\/\/www.facebook.com\/search\/top?q=nahaga%20v%C3%B5i%20nahata\">N\u00e4itus t\u00f5i k\u00fclastaja ette<\/a> naha\u00f5pet pakkuvate k\u00f5rgkoolide tudengite erinevad tood, mis on tehtud nahast ja ka alternatiivsetest materjalidest. Kokku osales 5 k\u00f5rgkooli, kultuuriakadeemia tekstiili eriala nahat\u00f6\u00f6 mooduli tood moodustasid \u00fche eksponeerimisala. N\u00e4itust korraldas K\u00f5rgema Kunstikooli Pallas nahadisaini osakond.<\/p>\n<p>Septembris 2023 oli Tallinnas, Raekoja platsil Kaarmanni kaupluse aknan\u00e4itusel \u00fcleval vilistlaste <strong>Kristi Eversti naiste r\u00f5ivakollektsiooni ru : n koos Maarja Palu ehetega.<\/strong><\/p>\n<p>11. septembrist kuni 29. oktoobrini 2023 oli n\u00e4itus <strong>\u201eRahvuslikkuse otsingud\u201c<\/strong> Valga Kultuuri- ja Huvialakeskuses.<\/p>\n<p>18.-24. septembril 2023 toimunud <strong>XVIII Disaini\u00f6\u00f6l<\/strong>, traditsioonilisel disaini k\u00f5rgkoolide n\u00e4itusel Krulli kvartalis, eksponeerisime v\u00e4ljapanekuna p\u00e4randtehnoloogia l\u00f5put\u00f6id.<\/p>\n<p>13. novembrist 2023 kuni 1. m\u00e4rtsini 2024 oli Tartu \u00dclikooli peahoones tekstiili eriala \u00fcli\u00f5pilaste telgedel kootud s\u00f5bakirjaliste vaipade n\u00e4itus <strong>\u201eSitikal siledad tiivad II\u201c.<\/strong><\/p>\n\n\n<p><\/p>\n","protected":false},"excerpt":{"rendered":"<p>\u201eP\u00e4rand haagib\u201c Tekstiili ja metallit\u00f6\u00f6 eriala \u00fcli\u00f5pilaste \u00f5ppet\u00f6\u00f6d tutvustav v\u00e4ljapanek esitles nii \u00f5ppet\u00f6\u00f6 k\u00e4igus kui ka l\u00f5put\u00f6\u00f6na valminud esemeid: r\u00f5ivakomplekte, vaipu, metallist n\u00f5usid ja ehteid.N\u00e4itus toimus:9. jaanuarist 6. m\u00e4rtsini V\u00f5ru linnagaleriis,3. aprillist 15. juunini P\u00f5ltsamaa lossi meistritemaja galeriis ja muuseumihoones. &#8230;<\/p>\n","protected":false},"author":274,"featured_media":0,"parent":0,"menu_order":0,"comment_status":"closed","ping_status":"closed","template":"","meta":{"_acf_changed":false,"inline_featured_image":false,"footnotes":""},"class_list":["post-15","page","type-page","status-publish","hentry"],"acf":[],"_links":{"self":[{"href":"https:\/\/sisu.ut.ee\/craft\/wp-json\/wp\/v2\/pages\/15","targetHints":{"allow":["GET"]}}],"collection":[{"href":"https:\/\/sisu.ut.ee\/craft\/wp-json\/wp\/v2\/pages"}],"about":[{"href":"https:\/\/sisu.ut.ee\/craft\/wp-json\/wp\/v2\/types\/page"}],"author":[{"embeddable":true,"href":"https:\/\/sisu.ut.ee\/craft\/wp-json\/wp\/v2\/users\/274"}],"replies":[{"embeddable":true,"href":"https:\/\/sisu.ut.ee\/craft\/wp-json\/wp\/v2\/comments?post=15"}],"version-history":[{"count":4,"href":"https:\/\/sisu.ut.ee\/craft\/wp-json\/wp\/v2\/pages\/15\/revisions"}],"predecessor-version":[{"id":681,"href":"https:\/\/sisu.ut.ee\/craft\/wp-json\/wp\/v2\/pages\/15\/revisions\/681"}],"wp:attachment":[{"href":"https:\/\/sisu.ut.ee\/craft\/wp-json\/wp\/v2\/media?parent=15"}],"curies":[{"name":"wp","href":"https:\/\/api.w.org\/{rel}","templated":true}]}}