{"id":14,"date":"2024-04-04T08:32:14","date_gmt":"2024-04-04T05:32:14","guid":{"rendered":"https:\/\/sisu.ut.ee\/craft\/2014-2012-pt-sugiskoolid\/"},"modified":"2024-08-20T15:30:39","modified_gmt":"2024-08-20T12:30:39","slug":"2014-2012-pt-sugiskoolid","status":"publish","type":"page","link":"https:\/\/sisu.ut.ee\/craft\/2014-2012-pt-sugiskoolid\/","title":{"rendered":"2014 &#8211; 2012 PT s\u00fcgiskoolid"},"content":{"rendered":"<h4>2014 s\u00fcgiskool<\/h4>\n<p>Kolmandas s\u00fcgiskoolis m\u00f5testati loengute, arutelude ja ettekannete kaudu kohalikku p\u00e4rimust ja esemelist kultuuri. S\u00fcgiskool oli p\u00fchendatud T\u00dc Viljandi Kultuuriakadeemia rahvusliku k\u00e4sit\u00f6\u00f6 osakonna 20. juubeliaastale, sestap esines meenutustega Heimtali muuseumis Anu Raud. Videvikutund Marju K\u00f5ivupuuga oli teemal \u201eMineviku k\u00e4sit\u00f6\u00f6traditsioonid t\u00e4nasel p\u00e4eval\u201c. Vilistlastest puidu, tekstiili, naha ja luu k\u00e4sit\u00f6\u00f6meistrite ettekanded puudutasid \u201eP\u00e4randit disainis\u201c, toimus ka l\u00fchike loodusretk Kivi turismitalu peremehe Vidrik Kiviga.<\/p>\n<p>Esinejad: Marju K\u00f5ivupuu, Imre Annus, Made Uus, Anu Raud, Monika Hint, Andres Ansper, Liina Laaneoja, Andres Rattasepp, Sirpa Hannele Kokko.<\/p>\n<h4>2013 s\u00fcgiskool<\/h4>\n<p>Teise s\u00fcgiskooli fookusteemaks oli p\u00e4randtehnoloogia ja ettev\u00f5tlus ehk kuidas j\u00f5uda p\u00e4randtehnoloogiast oma ettev\u00f5tteni. Nendele k\u00fcsimustele otsisid magistrandid vastust koos oma k\u00fclalistega, kes on pikka aega p\u00fcsinud edukalt k\u00e4sit\u00f6\u00f6ettev\u00f5tluse maastikul. S\u00fcgiskoolis sai \u00fclevaate k\u00e4sit\u00f6\u00f6 valdkonna ettev\u00f5tlusest loomemajanduse kontekstis ja kogemusi toimivatest valdkonna v\u00e4ikeettev\u00f5tetest, toimusid praktilised p\u00e4randtehnoloogia t\u00f6\u00f6toad. S\u00fcndmus toimus Carl Robert Jakobsoni talumuuseumis Kurgjal, P\u00e4rnumaal.<\/p>\n<p>Esinejad: Signe Susi, Aivar Ruukel, Ave Matsin, Knut Klais, Martin Bristol.<\/p>\n<h4>2012 s\u00fcgiskool<\/h4>\n<p><a title=\"\" href=\"http:\/\/pt-sygiskool.edicy.co\/et\" target=\"_blank\" rel=\"noopener\" data-url=\"http:\/\/pt-sygiskool.edicy.co\/et\">Esimese s\u00fcgiskooli<\/a> eesm\u00e4rgiks oli kokku viia erinevaid p\u00e4randtehnoloogiaga haakuvaid inimesi, et julgustada n\u00f6 uinuva p\u00e4randi ellu \u00e4ratamist ja v\u00e4\u00e4rtustada vanade tehnikate kasutamist. Otep\u00e4\u00e4 vallas Andu puhkekeskuses toimunud s\u00fcgiskoolis keskenduti ettev\u00f5tlusele, muuseumit\u00f6\u00f6le, teadust\u00f6\u00f6le ja pedagoogikale.<\/p>\n<p>Ettekannetega esinesid Ave Matsin Viljandi kultuuriakadeemiast, Ellen V\u00e4rv ja Vaike Reemann Eesti Rahva Muuseumist, Kalle Eller Maavalla Kojast, Meelis S\u00e4re Vanakaru Valukojast, Viire Pajuste T\u00dc arheoloogiakabinetist ja Minna Leesment Eesti Kunstiakadeemiast. S\u00fcgiskooli ette valmistanud magistrandid tutvustasid oma uurimissuundi ning viisid l\u00e4bi \u00f5pitube, kus tegeldi eelk\u00f5ige erinevate loodusmaterjalide alase k\u00e4sit\u00f6\u00f6ga \u2013 l\u00f5huti maakive, t\u00f6\u00f6deldi luud, punuti kasetohtu ning saadi aimu traditsiooniliste meeste v\u00f6\u00f6de ja naiste peakatete valmistamisest, aga ka paarist vanamoelisest vaipade ja sokikandade kudumistehnikast.<\/p>\n<p>S\u00fcgiskooli kavas olid j\u00e4rgnevad loengud:<br>\n\u201cT\u00dc VKA RKO P\u00e4randtehnoloogia \u00f5ppekavast ja tulevikuvisioonidest\u201d Ave Matsin<br>\n\u201eVanade tehnikate uus elu\u201c Ellen V\u00e4rv ja Vaike Reemann<br>\n\u201cP\u00e4randkultuurihirm\u201d Kalle Eller<br>\n\u201eTaaskehastamine, harrastuse ja teaduse piirimail\u201c Meelis S\u00e4re<br>\n\u201eEksperimentaalarheoloogia. R\u00f5uge muinasmaja. Idee ja teostus\u201c Viire Pajuste<br>\n\u201cR\u00f5ivaste tootmise ja kasutamise kestlikusest\u201d Miina Leesment<\/p>\n","protected":false},"excerpt":{"rendered":"<p>2014 s\u00fcgiskool Kolmandas s\u00fcgiskoolis m\u00f5testati loengute, arutelude ja ettekannete kaudu kohalikku p\u00e4rimust ja esemelist kultuuri. S\u00fcgiskool oli p\u00fchendatud T\u00dc Viljandi Kultuuriakadeemia rahvusliku k\u00e4sit\u00f6\u00f6 osakonna 20. juubeliaastale, sestap esines meenutustega Heimtali muuseumis Anu Raud. Videvikutund Marju K\u00f5ivupuuga oli teemal \u201eMineviku k\u00e4sit\u00f6\u00f6traditsioonid &#8230;<\/p>\n","protected":false},"author":274,"featured_media":0,"parent":0,"menu_order":0,"comment_status":"closed","ping_status":"closed","template":"","meta":{"_acf_changed":false,"inline_featured_image":false,"footnotes":""},"class_list":["post-14","page","type-page","status-publish","hentry"],"acf":[],"_links":{"self":[{"href":"https:\/\/sisu.ut.ee\/craft\/wp-json\/wp\/v2\/pages\/14","targetHints":{"allow":["GET"]}}],"collection":[{"href":"https:\/\/sisu.ut.ee\/craft\/wp-json\/wp\/v2\/pages"}],"about":[{"href":"https:\/\/sisu.ut.ee\/craft\/wp-json\/wp\/v2\/types\/page"}],"author":[{"embeddable":true,"href":"https:\/\/sisu.ut.ee\/craft\/wp-json\/wp\/v2\/users\/274"}],"replies":[{"embeddable":true,"href":"https:\/\/sisu.ut.ee\/craft\/wp-json\/wp\/v2\/comments?post=14"}],"version-history":[{"count":2,"href":"https:\/\/sisu.ut.ee\/craft\/wp-json\/wp\/v2\/pages\/14\/revisions"}],"predecessor-version":[{"id":461,"href":"https:\/\/sisu.ut.ee\/craft\/wp-json\/wp\/v2\/pages\/14\/revisions\/461"}],"wp:attachment":[{"href":"https:\/\/sisu.ut.ee\/craft\/wp-json\/wp\/v2\/media?parent=14"}],"curies":[{"name":"wp","href":"https:\/\/api.w.org\/{rel}","templated":true}]}}