{"id":13,"date":"2024-04-04T08:32:14","date_gmt":"2024-04-04T05:32:14","guid":{"rendered":"https:\/\/sisu.ut.ee\/craft\/2015-2012-pt-sugiskoolid\/"},"modified":"2026-02-19T14:30:34","modified_gmt":"2026-02-19T12:30:34","slug":"2015-2012-pt-sugiskoolid","status":"publish","type":"page","link":"https:\/\/sisu.ut.ee\/craft\/2015-2012-pt-sugiskoolid\/","title":{"rendered":"2015 PT s\u00fcgiskool"},"content":{"rendered":"<h4>\u201eLoovast k\u00e4est saab terveks vaim\u201c<\/h4>\n<p>M\u00e4nniku metsatalus toimunud s\u00fcgiskool t\u00f5i kokku erinevad loovisikud, et arutleda k\u00e4elise tegevuse vaimse v\u00e4\u00e4rtuse ja m\u00f5ju \u00fcle, avardada p\u00e4randtehnoloogia k\u00e4sitlemise v\u00f5imalusi ning arendada sellealast koost\u00f6\u00f6d erinevate valdkondade vahel.<\/p>\n<p>S\u00fcgiskooli kavas olid j\u00e4rgnevad arutelud ja loengud:<br>\naruteluring \u201cK\u00e4sit\u00f6\u00f6 t\u00e4hendus vaimses kultuurip\u00e4randis\u201d, eestvedaja Ahto Kaasik<br>\n\u201cLoovusest\u201d, Valdur Mikita<br>\n\u201c\u00dcleelamise k\u00e4sit\u00f6\u00f6\u201d Marek Nisuma<br>\n\u201cViikingiaegsest ornamentikast, selle tundma\u00f5ppimise ja k\u00e4sit\u00f6\u00f6s rakendamise kogemusest ja elamusest\u201d Indrek Jets<br>\n\u201cOma pea kasutamise plussid ja miinused\u201d Joosep Metslang<\/p>\n<p><img loading=\"lazy\" decoding=\"async\" width=\"2048\" height=\"1448\" class=\"alignnone wp-image-90\" style=\"width: 849px; height: 600px;\" title=\"pt_sygiskool_2015.jpg\" src=\"https:\/\/sisu.ut.ee\/wp-content\/uploads\/sites\/619\/pt_sygiskool_2015.jpg\" alt=\"loov\" srcset=\"https:\/\/sisu.ut.ee\/wp-content\/uploads\/sites\/619\/pt_sygiskool_2015.jpg 2048w, https:\/\/sisu.ut.ee\/wp-content\/uploads\/sites\/619\/pt_sygiskool_2015-300x212.jpg 300w, https:\/\/sisu.ut.ee\/wp-content\/uploads\/sites\/619\/pt_sygiskool_2015-1024x724.jpg 1024w, https:\/\/sisu.ut.ee\/wp-content\/uploads\/sites\/619\/pt_sygiskool_2015-768x543.jpg 768w, https:\/\/sisu.ut.ee\/wp-content\/uploads\/sites\/619\/pt_sygiskool_2015-1536x1086.jpg 1536w, https:\/\/sisu.ut.ee\/wp-content\/uploads\/sites\/619\/pt_sygiskool_2015-1920x1358.jpg 1920w\" sizes=\"auto, (max-width: 2048px) 100vw, 2048px\"><\/p>\n","protected":false},"excerpt":{"rendered":"<p>\u201eLoovast k\u00e4est saab terveks vaim\u201c M\u00e4nniku metsatalus toimunud s\u00fcgiskool t\u00f5i kokku erinevad loovisikud, et arutleda k\u00e4elise tegevuse vaimse v\u00e4\u00e4rtuse ja m\u00f5ju \u00fcle, avardada p\u00e4randtehnoloogia k\u00e4sitlemise v\u00f5imalusi ning arendada sellealast koost\u00f6\u00f6d erinevate valdkondade vahel. S\u00fcgiskooli kavas olid j\u00e4rgnevad arutelud ja loengud: &#8230;<\/p>\n","protected":false},"author":274,"featured_media":0,"parent":0,"menu_order":0,"comment_status":"closed","ping_status":"closed","template":"","meta":{"_acf_changed":false,"inline_featured_image":false,"footnotes":""},"class_list":["post-13","page","type-page","status-publish","hentry"],"acf":[],"_links":{"self":[{"href":"https:\/\/sisu.ut.ee\/craft\/wp-json\/wp\/v2\/pages\/13","targetHints":{"allow":["GET"]}}],"collection":[{"href":"https:\/\/sisu.ut.ee\/craft\/wp-json\/wp\/v2\/pages"}],"about":[{"href":"https:\/\/sisu.ut.ee\/craft\/wp-json\/wp\/v2\/types\/page"}],"author":[{"embeddable":true,"href":"https:\/\/sisu.ut.ee\/craft\/wp-json\/wp\/v2\/users\/274"}],"replies":[{"embeddable":true,"href":"https:\/\/sisu.ut.ee\/craft\/wp-json\/wp\/v2\/comments?post=13"}],"version-history":[{"count":3,"href":"https:\/\/sisu.ut.ee\/craft\/wp-json\/wp\/v2\/pages\/13\/revisions"}],"predecessor-version":[{"id":860,"href":"https:\/\/sisu.ut.ee\/craft\/wp-json\/wp\/v2\/pages\/13\/revisions\/860"}],"wp:attachment":[{"href":"https:\/\/sisu.ut.ee\/craft\/wp-json\/wp\/v2\/media?parent=13"}],"curies":[{"name":"wp","href":"https:\/\/api.w.org\/{rel}","templated":true}]}}