{"id":11,"date":"2024-04-04T08:32:14","date_gmt":"2024-04-04T05:32:14","guid":{"rendered":"https:\/\/sisu.ut.ee\/craft\/2017-pt-sugiskool\/"},"modified":"2026-03-13T07:54:56","modified_gmt":"2026-03-13T05:54:56","slug":"2017-pt-sugiskool","status":"publish","type":"page","link":"https:\/\/sisu.ut.ee\/craft\/2017-pt-sugiskool\/","title":{"rendered":"2017 PT s\u00fcgiskool"},"content":{"rendered":"<h4>\u201eTulest tulnud\u201c<\/h4>\n<p>Kuuenda p\u00e4randtehnoloogia s\u00fcgiskooli eesm\u00e4rgiks oli arutleda k\u00e4elise tegevuse vaimse v\u00e4\u00e4rtuse ja m\u00f5ju \u00fcle, avardada p\u00e4randtehnoloogia k\u00e4sitlemise v\u00f5imalusi ning arendada sellealast koost\u00f6\u00f6d erinevate valdkondade esindajate vahel. Fookuses oli k\u00f5ik tulega seonduv. Toimusid ettekanded tulega seotud kommetest, rahvausundi uskumustest ja maagiast, t\u00f5rva ajamisest Rikka Ivvani talu n\u00e4itel. Lisaks p\u00f5nevad t\u00f6\u00f6toad: maa sees liha k\u00fcpsetamine, t\u00f5rvaseebi keetmine, tulerauaga tule tegemine ning saunakombed.<\/p>\n<p>Esinejad: Jan Seepter, Reet Hiiem\u00e4e, Kalle Eller, Inna Raud, Sigre Andreson, Karmo Kiilmann, Ain Raal.<\/p>\n<p><img loading=\"lazy\" decoding=\"async\" width=\"425\" height=\"406\" class=\"alignnone wp-image-88\" title=\"parandtehnoloogia_sugiskool.jpg\" src=\"https:\/\/sisu.ut.ee\/wp-content\/uploads\/sites\/619\/parandtehnoloogia_sugiskool.jpg\" alt=\"tulest\" srcset=\"https:\/\/sisu.ut.ee\/wp-content\/uploads\/sites\/619\/parandtehnoloogia_sugiskool.jpg 425w, https:\/\/sisu.ut.ee\/wp-content\/uploads\/sites\/619\/parandtehnoloogia_sugiskool-300x287.jpg 300w\" sizes=\"auto, (max-width: 425px) 100vw, 425px\"><\/p>\n","protected":false},"excerpt":{"rendered":"<p>\u201eTulest tulnud\u201c Kuuenda p\u00e4randtehnoloogia s\u00fcgiskooli eesm\u00e4rgiks oli arutleda k\u00e4elise tegevuse vaimse v\u00e4\u00e4rtuse ja m\u00f5ju \u00fcle, avardada p\u00e4randtehnoloogia k\u00e4sitlemise v\u00f5imalusi ning arendada sellealast koost\u00f6\u00f6d erinevate valdkondade esindajate vahel. Fookuses oli k\u00f5ik tulega seonduv. Toimusid ettekanded tulega seotud kommetest, rahvausundi uskumustest ja &#8230;<\/p>\n","protected":false},"author":274,"featured_media":0,"parent":0,"menu_order":0,"comment_status":"closed","ping_status":"closed","template":"","meta":{"_acf_changed":false,"inline_featured_image":false,"footnotes":""},"class_list":["post-11","page","type-page","status-publish","hentry"],"acf":[],"_links":{"self":[{"href":"https:\/\/sisu.ut.ee\/craft\/wp-json\/wp\/v2\/pages\/11","targetHints":{"allow":["GET"]}}],"collection":[{"href":"https:\/\/sisu.ut.ee\/craft\/wp-json\/wp\/v2\/pages"}],"about":[{"href":"https:\/\/sisu.ut.ee\/craft\/wp-json\/wp\/v2\/types\/page"}],"author":[{"embeddable":true,"href":"https:\/\/sisu.ut.ee\/craft\/wp-json\/wp\/v2\/users\/274"}],"replies":[{"embeddable":true,"href":"https:\/\/sisu.ut.ee\/craft\/wp-json\/wp\/v2\/comments?post=11"}],"version-history":[{"count":3,"href":"https:\/\/sisu.ut.ee\/craft\/wp-json\/wp\/v2\/pages\/11\/revisions"}],"predecessor-version":[{"id":872,"href":"https:\/\/sisu.ut.ee\/craft\/wp-json\/wp\/v2\/pages\/11\/revisions\/872"}],"wp:attachment":[{"href":"https:\/\/sisu.ut.ee\/craft\/wp-json\/wp\/v2\/media?parent=11"}],"curies":[{"name":"wp","href":"https:\/\/api.w.org\/{rel}","templated":true}]}}