{"id":10,"date":"2024-04-04T08:32:13","date_gmt":"2024-04-04T05:32:13","guid":{"rendered":"https:\/\/sisu.ut.ee\/craft\/2018-pt-sugiskool\/"},"modified":"2024-08-20T15:26:58","modified_gmt":"2024-08-20T12:26:58","slug":"2018-pt-sugiskool","status":"publish","type":"page","link":"https:\/\/sisu.ut.ee\/craft\/2018-pt-sugiskool\/","title":{"rendered":"2018 PT s\u00fcgiskool"},"content":{"rendered":"<h4>\u201eP\u00e4randtehnoloogi(line) elu\u201c<\/h4>\n<p><a title=\"\" href=\"https:\/\/www.facebook.com\/events\/2191280494493168\/\" target=\"_blank\" rel=\"noopener\" data-url=\"https:\/\/www.facebook.com\/events\/2191280494493168\/\">Seitsmendas s\u00fcgiskoolis<\/a> m\u00f5testati \u00fcheskoos loengute ja ettekannete kaudu kohalikku p\u00e4rimust ja esemelist kultuuri, n\u00e4idates seel\u00e4bi, milline on k\u00f5rghariduse roll ja v\u00f5imalus valdkonna arengule kaasa aidata. K\u00e4sit\u00f6\u00f6meistritena tegid ettekandeid p\u00e4randtehnoloogia magistri\u00f5ppe vilistlased, jagades enda kogemusi tegemistest ja liikumistest peale kooli l\u00f5petamist. Erik\u00fclalisena pidas p\u00f5neva loengu hiina rahvap\u00e4rasest korvipunumisest Indiana \u00dclikooli antropoloogiaprofessor Jason Baird Jackson, kes viibis Tartu \u00dclikoolis Fullbrighti stipendiumiga. Samuti algatas dotsent Priit-Kalev Parts rahvusliku k\u00e4sit\u00f6\u00f6 osakonna vilistlasklubi.<\/p>\n<p>Esinejad: Kristjan Bachman, Lilian Bristol, Liis Burk, Maret Lehis, Kersti Loite, Margit Pensa, Anu Pink, Mareli Rannap, Andres Rattasepp, Inna Raud, Tarmo Tammekivi, Veinika V\u00e4strik, Jason B. Jackson.<\/p>\n<p><img loading=\"lazy\" decoding=\"async\" width=\"1811\" height=\"2560\" class=\"alignnone wp-image-87\" style=\"width: 424px; height: 600px;\" title=\"pt_sygiskool_2018_a3_joeste1.jpg\" src=\"https:\/\/sisu.ut.ee\/wp-content\/uploads\/sites\/619\/pt_sygiskool_2018_a3_joeste1-scaled.jpg\" alt=\"p'randtehnoloogilised\" srcset=\"https:\/\/sisu.ut.ee\/wp-content\/uploads\/sites\/619\/pt_sygiskool_2018_a3_joeste1-scaled.jpg 1811w, https:\/\/sisu.ut.ee\/wp-content\/uploads\/sites\/619\/pt_sygiskool_2018_a3_joeste1-212x300.jpg 212w, https:\/\/sisu.ut.ee\/wp-content\/uploads\/sites\/619\/pt_sygiskool_2018_a3_joeste1-724x1024.jpg 724w, https:\/\/sisu.ut.ee\/wp-content\/uploads\/sites\/619\/pt_sygiskool_2018_a3_joeste1-768x1086.jpg 768w, https:\/\/sisu.ut.ee\/wp-content\/uploads\/sites\/619\/pt_sygiskool_2018_a3_joeste1-1086x1536.jpg 1086w, https:\/\/sisu.ut.ee\/wp-content\/uploads\/sites\/619\/pt_sygiskool_2018_a3_joeste1-1449x2048.jpg 1449w, https:\/\/sisu.ut.ee\/wp-content\/uploads\/sites\/619\/pt_sygiskool_2018_a3_joeste1-1920x2715.jpg 1920w\" sizes=\"auto, (max-width: 1811px) 100vw, 1811px\"><\/p>\n","protected":false},"excerpt":{"rendered":"<p>\u201eP\u00e4randtehnoloogi(line) elu\u201c Seitsmendas s\u00fcgiskoolis m\u00f5testati \u00fcheskoos loengute ja ettekannete kaudu kohalikku p\u00e4rimust ja esemelist kultuuri, n\u00e4idates seel\u00e4bi, milline on k\u00f5rghariduse roll ja v\u00f5imalus valdkonna arengule kaasa aidata. K\u00e4sit\u00f6\u00f6meistritena tegid ettekandeid p\u00e4randtehnoloogia magistri\u00f5ppe vilistlased, jagades enda kogemusi tegemistest ja liikumistest peale &#8230;<\/p>\n","protected":false},"author":274,"featured_media":0,"parent":0,"menu_order":0,"comment_status":"closed","ping_status":"closed","template":"","meta":{"_acf_changed":false,"inline_featured_image":false,"footnotes":""},"class_list":["post-10","page","type-page","status-publish","hentry"],"acf":[],"_links":{"self":[{"href":"https:\/\/sisu.ut.ee\/craft\/wp-json\/wp\/v2\/pages\/10","targetHints":{"allow":["GET"]}}],"collection":[{"href":"https:\/\/sisu.ut.ee\/craft\/wp-json\/wp\/v2\/pages"}],"about":[{"href":"https:\/\/sisu.ut.ee\/craft\/wp-json\/wp\/v2\/types\/page"}],"author":[{"embeddable":true,"href":"https:\/\/sisu.ut.ee\/craft\/wp-json\/wp\/v2\/users\/274"}],"replies":[{"embeddable":true,"href":"https:\/\/sisu.ut.ee\/craft\/wp-json\/wp\/v2\/comments?post=10"}],"version-history":[{"count":2,"href":"https:\/\/sisu.ut.ee\/craft\/wp-json\/wp\/v2\/pages\/10\/revisions"}],"predecessor-version":[{"id":457,"href":"https:\/\/sisu.ut.ee\/craft\/wp-json\/wp\/v2\/pages\/10\/revisions\/457"}],"wp:attachment":[{"href":"https:\/\/sisu.ut.ee\/craft\/wp-json\/wp\/v2\/media?parent=10"}],"curies":[{"name":"wp","href":"https:\/\/api.w.org\/{rel}","templated":true}]}}