{"id":526,"date":"2025-11-19T17:25:53","date_gmt":"2025-11-19T15:25:53","guid":{"rendered":"https:\/\/sisu.ut.ee\/consumercredit\/?page_id=526"},"modified":"2025-11-19T17:46:41","modified_gmt":"2025-11-19T15:46:41","slug":"webinar-on-consumer-creditworthiness-assessment","status":"publish","type":"page","link":"https:\/\/sisu.ut.ee\/consumercredit\/webinar-on-consumer-creditworthiness-assessment\/","title":{"rendered":"Webinar on Consumer Creditworthiness Assessment"},"content":{"rendered":"<p>14. November 2025, online<\/p>\n\n\n\n<p>The Consumer Creditworthiness Assessment in the Baltic States Webinar will examine how the obligation to assess consumer creditworthiness is regulated in the laws of the three Baltic countries and how it functions in practice. It will address key questions such as: What data must creditors collect to evaluate a consumer\u2019s creditworthiness? Do positive credit registers exist? And what are the consequences if the creditworthiness assessment obligation is not properly fulfilled?<\/p>\n\n\n\n<p>Speakers:<\/p>\n\n\n\n<ul class=\"wp-block-list\">\n<li><a href=\"https:\/\/www.tf.vu.lt\/about_us\/scientists-and-academics\/selvestraviciute-borowiec-agne-senior-lecturer-dr\/\" target=\"_blank\" rel=\"noreferrer noopener\">Dr Agn\u0117 Selvestravi\u010di\u016bt\u0117-Borowiec<\/a>, Senior Lecturer, Vilnius University (Lithuania) \u2013 <a href=\"https:\/\/sisu.ut.ee\/wp-content\/uploads\/sites\/892\/Slides.-ELI-11-14.-Selvestraviciute-Read-Only.pdf\" target=\"_blank\" rel=\"noreferrer noopener\">slides<\/a><\/li>\n\n\n\n<li>Margarita Brovacka, Financial Sector Expert (Latvia) \u2013 <a href=\"https:\/\/sisu.ut.ee\/wp-content\/uploads\/sites\/892\/Creditworthiness_assest_Latvia_2025.g._Baltic_meeting-Read-Only.pdf\" target=\"_blank\" rel=\"noreferrer noopener\">slides<\/a><\/li>\n\n\n\n<li><a href=\"https:\/\/www.etis.ee\/CV\/Peeter_Tarvis\/eng\/\" target=\"_blank\" rel=\"noreferrer noopener\">Peeter Tarvis<\/a>, Junior Research Fellow, University of Tartu (Estonia) \u2013 <a href=\"https:\/\/sisu.ut.ee\/wp-content\/uploads\/sites\/892\/CC_webinar_Tarvis.pdf\" target=\"_blank\" rel=\"noreferrer noopener\">slides<\/a><\/li>\n<\/ul>\n\n\n\n<p><\/p>\n","protected":false},"excerpt":{"rendered":"<p>14. November 2025, online The Consumer Creditworthiness Assessment in the Baltic States Webinar will examine how the obligation to assess consumer creditworthiness is regulated in the laws of the three Baltic countries and how it functions in practice. It will &#8230;<\/p>\n","protected":false},"author":661,"featured_media":0,"parent":0,"menu_order":0,"comment_status":"closed","ping_status":"closed","template":"","meta":{"_acf_changed":false,"inline_featured_image":false,"footnotes":""},"class_list":["post-526","page","type-page","status-publish","hentry"],"acf":[],"_links":{"self":[{"href":"https:\/\/sisu.ut.ee\/consumercredit\/wp-json\/wp\/v2\/pages\/526","targetHints":{"allow":["GET"]}}],"collection":[{"href":"https:\/\/sisu.ut.ee\/consumercredit\/wp-json\/wp\/v2\/pages"}],"about":[{"href":"https:\/\/sisu.ut.ee\/consumercredit\/wp-json\/wp\/v2\/types\/page"}],"author":[{"embeddable":true,"href":"https:\/\/sisu.ut.ee\/consumercredit\/wp-json\/wp\/v2\/users\/661"}],"replies":[{"embeddable":true,"href":"https:\/\/sisu.ut.ee\/consumercredit\/wp-json\/wp\/v2\/comments?post=526"}],"version-history":[{"count":3,"href":"https:\/\/sisu.ut.ee\/consumercredit\/wp-json\/wp\/v2\/pages\/526\/revisions"}],"predecessor-version":[{"id":537,"href":"https:\/\/sisu.ut.ee\/consumercredit\/wp-json\/wp\/v2\/pages\/526\/revisions\/537"}],"wp:attachment":[{"href":"https:\/\/sisu.ut.ee\/consumercredit\/wp-json\/wp\/v2\/media?parent=526"}],"curies":[{"name":"wp","href":"https:\/\/api.w.org\/{rel}","templated":true}]}}