{"id":22,"date":"2025-03-03T00:58:06","date_gmt":"2025-03-02T22:58:06","guid":{"rendered":"https:\/\/sisu.ut.ee\/consumercredit\/?page_id=22"},"modified":"2026-02-25T17:44:56","modified_gmt":"2026-02-25T15:44:56","slug":"events","status":"publish","type":"page","link":"https:\/\/sisu.ut.ee\/consumercredit\/events\/","title":{"rendered":"Events"},"content":{"rendered":"<figure class=\"wp-block-table is-style-stripes\"><table class=\"table table-hover\"><tbody><tr><td><strong>Time<\/strong><\/td><td><strong>Topic<\/strong><\/td><td><strong>Location<\/strong><\/td><td><strong>Contact\/Information<\/strong><\/td><td><\/td><\/tr><tr><td>10. March 2026<\/td><td><a href=\"https:\/\/oigus.ut.ee\/et\/uudis\/avalik-loeng-tarbijakrediidilepingu-kohtuvaline-umberkujundamine-10-martsil-tallinnas\" target=\"_blank\" rel=\"noreferrer noopener\">Public lecture: \u201cOut-of-court restructuring of a consumer credit agreement\u201d<\/a> (in Estonian)<\/td><td>Tallinn, T\u00f5nism\u00e4gi 5a-116<\/td><td>Merle P\u00f5lder (merle.polder@ut.ee)<\/td><td><\/td><\/tr><tr><td>2. December 2025<\/td><td>Training for Assistant Judges: \u201cConsumer credit agreements, creditworthiness assessment and responsible lending \u2013 law and court practice\u201d<\/td><td><\/td><td>Karin Sein (karin.sein@ut.ee)<\/td><td><\/td><\/tr><tr><td>14. November 2025, 10.00 EET<\/td><td><a href=\"https:\/\/oigus.ut.ee\/et\/uudis\/invitation-webinar-consumer-creditworthiness-assessment-baltic-states-14-november\" target=\"_blank\" rel=\"noreferrer noopener\">Webinar on Consumer Creditworthiness Assessment in the Baltic States<\/a> (in cooperation with <a href=\"https:\/\/www.europeanlawinstitute.eu\/hubs-sigs\/hubs\/baltic-hub\/\" target=\"_blank\" rel=\"noreferrer noopener\">ELI Baltic Hub<\/a>)<\/td><td><\/td><td>Piia Kalamees (piia.kalamees@ut.ee)<\/td><td><a href=\"https:\/\/sisu.ut.ee\/consumercredit\/webinar-on-consumer-creditworthiness-assessment\/\" data-type=\"page\" data-id=\"526\" target=\"_blank\" rel=\"noreferrer noopener\">slides<\/a><\/td><\/tr><tr><td>15. September 2025, 17.00-18.30 CET <\/td><td><a href=\"https:\/\/oigus.ut.ee\/en\/news\/ai-credit-scoring-webinar-15-sept-2025\" target=\"_blank\" rel=\"noreferrer noopener\">AI in Credit Scoring Webinar<\/a> (in English)<\/td><td><\/td><td>Merle P\u00f5lder (merle.polder@ut.ee)<\/td><td><a href=\"https:\/\/sisu.ut.ee\/consumercredit\/ai-in-credit-scoring-webinar\/\" target=\"_blank\" rel=\"noreferrer noopener\">Recording and slides<\/a><\/td><\/tr><tr><td>22. May 2025, 10.00-17.00<\/td><td><a href=\"https:\/\/oigus.ut.ee\/et\/uudis\/kutse-seminarile-tarbijakrediidi-aktuaalsed-probleemid-taotlemisest-tagasimaksmiseni-22-mail\">Topical issues in consumer credit: from application to repayment<\/a> (in Estonian)<\/td><td>Tallinn, Kaarli pst 3-201<\/td><td>Merle P\u00f5lder (merle.polder@ut.ee)<\/td><td><\/td><\/tr><tr><td>15 May 2025<\/td><td>Training for Judges: \u201cStandard Terms\u201d<\/td><td><\/td><td>Karin Sein (karin.sein@ut.ee)<\/td><td><\/td><\/tr><tr><td>4. June 2025, 16.00-19.00<\/td><td><a href=\"https:\/\/oigus.ut.ee\/et\/uudis\/avalik-loeng-eraisikute-laenukaitumine-eestis-4-juunil-tallinnas\" target=\"_blank\" rel=\"noreferrer noopener\">Public lecture: \u201cBorrowing behaviour of households\u201d<\/a> (in Estonian)<\/td><td>Tallinn, Kaarli pst 3-101<\/td><td>Merle P\u00f5lder (merle.polder@ut.ee)<\/td><td><\/td><\/tr><\/tbody><\/table><\/figure>\n\n\n\n<p><\/p>\n","protected":false},"excerpt":{"rendered":"<p>Time Topic Location Contact\/Information 10. March 2026 Public lecture: \u201cOut-of-court restructuring of a consumer credit agreement\u201d (in Estonian) Tallinn, T\u00f5nism\u00e4gi 5a-116 Merle P\u00f5lder (merle.polder@ut.ee) 2. December 2025 Training for Assistant Judges: \u201cConsumer credit agreements, creditworthiness assessment and responsible lending \u2013 &#8230;<\/p>\n","protected":false},"author":661,"featured_media":0,"parent":0,"menu_order":0,"comment_status":"closed","ping_status":"closed","template":"","meta":{"_acf_changed":false,"inline_featured_image":false,"footnotes":""},"class_list":["post-22","page","type-page","status-publish","hentry"],"acf":[],"_links":{"self":[{"href":"https:\/\/sisu.ut.ee\/consumercredit\/wp-json\/wp\/v2\/pages\/22","targetHints":{"allow":["GET"]}}],"collection":[{"href":"https:\/\/sisu.ut.ee\/consumercredit\/wp-json\/wp\/v2\/pages"}],"about":[{"href":"https:\/\/sisu.ut.ee\/consumercredit\/wp-json\/wp\/v2\/types\/page"}],"author":[{"embeddable":true,"href":"https:\/\/sisu.ut.ee\/consumercredit\/wp-json\/wp\/v2\/users\/661"}],"replies":[{"embeddable":true,"href":"https:\/\/sisu.ut.ee\/consumercredit\/wp-json\/wp\/v2\/comments?post=22"}],"version-history":[{"count":17,"href":"https:\/\/sisu.ut.ee\/consumercredit\/wp-json\/wp\/v2\/pages\/22\/revisions"}],"predecessor-version":[{"id":570,"href":"https:\/\/sisu.ut.ee\/consumercredit\/wp-json\/wp\/v2\/pages\/22\/revisions\/570"}],"wp:attachment":[{"href":"https:\/\/sisu.ut.ee\/consumercredit\/wp-json\/wp\/v2\/media?parent=22"}],"curies":[{"name":"wp","href":"https:\/\/api.w.org\/{rel}","templated":true}]}}