{"id":334,"date":"2025-08-05T12:35:41","date_gmt":"2025-08-05T09:35:41","guid":{"rendered":"https:\/\/sisu.ut.ee\/consumercredit\/?page_id=334"},"modified":"2025-08-05T14:55:34","modified_gmt":"2025-08-05T11:55:34","slug":"seminar-tarbijakrediidi-aktuaalsed-probleemid-taotlemisest-tagasimaksmiseni","status":"publish","type":"page","link":"https:\/\/sisu.ut.ee\/consumercredit\/et\/seminar-tarbijakrediidi-aktuaalsed-probleemid-taotlemisest-tagasimaksmiseni\/","title":{"rendered":"Seminar \u201eTarbijakrediidi aktuaalsed probleemid: taotlemisest tagasimaksmiseni\u201c"},"content":{"rendered":"<p><strong>22. mai 2025<\/strong><\/p>\n\n\n\n<figure class=\"wp-block-table\"><table class=\"table table-hover\"><tbody><tr><td>10.00<\/td><td>Tervituss\u00f5nad<\/td><td>Priit Pikam\u00e4e<br><em>Tartu \u00dclikool<\/em><\/td><td><\/td><\/tr><tr><td><\/td><td><strong>EL ja Eesti seadusandlikud algatused tarbijast laenusaaja kaitseks<\/strong><\/td><td><\/td><td><\/td><\/tr><tr><td>10.10<\/td><td><strong>Keynote:<\/strong><br>Most important changes and transposition options under the new Consumer Credit Directive<\/td><td>Peter Rott<br><em>University of Oldenburg, Germany<\/em><\/td><td><a href=\"https:\/\/sisu.ut.ee\/wp-content\/uploads\/sites\/892\/Peter-Rott-22_mai_2025.pdf\" target=\"_blank\" rel=\"noreferrer noopener\">slaidid<\/a><\/td><\/tr><tr><td>10.40<\/td><td>Diskussioon<\/td><td><\/td><td><\/td><\/tr><tr><td>11.00<\/td><td>\u00dclevaade uue tarbijakrediidi direktiivi \u00fclev\u00f5tmise hetkeseisust<\/td><td>Kaia L\u00e4\u00e4nemets-Ester<br><em>Justiits- ja Digiministeerium<\/em><\/td><td><a href=\"https:\/\/sisu.ut.ee\/wp-content\/uploads\/sites\/892\/Kaia-Laanemets-Ester-22.05.2025.pdf\" target=\"_blank\" rel=\"noreferrer noopener\">slaidid<\/a><\/td><\/tr><tr><td>11.20<\/td><td>Krediiditeaberegister \u2013 mis, kellele ja kuidas<\/td><td>Mirjam Rannula<br><em>Rahandusministeerium<\/em><\/td><td><a href=\"https:\/\/sisu.ut.ee\/wp-content\/uploads\/sites\/892\/Mirjam-Rannula-22.05.2025.pdf\" target=\"_blank\" rel=\"noreferrer noopener\">slaidid<\/a><\/td><\/tr><tr><td>11.40 <\/td><td>Diskussioon<\/td><td><\/td><td><\/td><\/tr><tr><td>12.00 \u2013 13.00<\/td><td>L\u00f5una<\/td><td><\/td><td><\/td><\/tr><tr><td><\/td><td><strong>Krediidiv\u00f5imelisuse hindamise kohustuse t\u00e4itmise kontroll kohtutes ja maksek\u00e4su kiirmenetluses<\/strong><\/td><td><\/td><td><\/td><\/tr><tr><td>13.00<\/td><td>Krediidiv\u00f5imelisuse hindamise kohustuse t\u00e4itmise kontroll maksek\u00e4su kiirmenetluses \u2013 maksek\u00e4suosakonna vaade<\/td><td>Heli Sirelbu<br>P\u00e4rnu Maakohtu <em>maksek\u00e4suosakond<\/em><\/td><td><a href=\"https:\/\/sisu.ut.ee\/wp-content\/uploads\/sites\/892\/Heli-Sirelbu-22.05.2025.pdf\" target=\"_blank\" rel=\"noreferrer noopener\">slaidid<\/a><\/td><\/tr><tr><td>13.20<\/td><td>Krediidiv\u00f5imelisuse hindamise kohustuse t\u00e4itmise kontroll maksek\u00e4su kiirmenetluses \u2013 Riigikohtu vaade<\/td><td>Peeter Tarvis, Urmas Volens<br><em>Riigikohus<\/em><\/td><td><a href=\"https:\/\/sisu.ut.ee\/wp-content\/uploads\/sites\/892\/Peeter-Tarvis_Urmas-Volens-22.05.2025.pdf\" target=\"_blank\" rel=\"noreferrer noopener\">slaidid<\/a><\/td><\/tr><tr><td>13.40<\/td><td>Kuidas paistab vastutustundliku laenamise kohustuse t\u00e4itmine maakohtuniku t\u00f6\u00f6laualt vaadates<\/td><td>Maris Juha<br><em>Harju Maakohus<\/em><\/td><td><a href=\"https:\/\/sisu.ut.ee\/wp-content\/uploads\/sites\/892\/Maris-Juha-22.05.2025.pdf\" target=\"_blank\" rel=\"noreferrer noopener\">slaidid<\/a><\/td><\/tr><tr><td>14.00<\/td><td>Diskussioon<\/td><td><\/td><td><\/td><\/tr><tr><td>14.30 \u2013 14.50<\/td><td>Kohvipaus<\/td><td><\/td><td><\/td><\/tr><tr><td><\/td><td><strong>Makseviivitus \u2013 kas ja kuidas p\u00e4\u00e4sta tarbijat?<\/strong><\/td><td><\/td><td><\/td><\/tr><tr><td>14.50<\/td><td>Kohtuv\u00e4line \u00fcmberkujundamine \u2013 tarbija aitamine v\u00f5i maksej\u00f5uetuse pikendamine<\/td><td>J\u00fcri Puust<br><em>Eesti Pangaliit<\/em><\/td><td><a href=\"https:\/\/sisu.ut.ee\/wp-content\/uploads\/sites\/892\/Juri-Puust-22.05.2025.pdf\" target=\"_blank\" rel=\"noreferrer noopener\">slaidid<\/a><\/td><\/tr><tr><td>15.10<\/td><td>Laenude n\u00f5iaring \u2013 uue laenuga vana laenu teenindamine<\/td><td>Teele J\u00fcrjer<br><em>Finantsinspektsioon<\/em><\/td><td><a href=\"https:\/\/sisu.ut.ee\/wp-content\/uploads\/sites\/892\/Teele-Jurjer-22.05.2025.pdf\" target=\"_blank\" rel=\"noreferrer noopener\">slaidid<\/a><\/td><\/tr><tr><td>15.30<\/td><td>Tarbijate kaitse ebam\u00f5istlike t\u00fc\u00fcptingimuste eest vs\u00a0<em>res judicata<\/em><\/td><td>Piia Kalamees<br><em>Tartu \u00dclikool<\/em><\/td><td><a href=\"https:\/\/sisu.ut.ee\/wp-content\/uploads\/sites\/892\/Piia-Kalamees-22.05.2025.pdf\" target=\"_blank\" rel=\"noreferrer noopener\">slaidid<\/a><\/td><\/tr><tr><td>15.50<\/td><td>TTJA \u2013 tarbijakrediidi v\u00e4ljakutsed<\/td><td>Merike Koppel<br><em>Tarbijakaitse ja Tehnilise J\u00e4relevalve Amet<\/em><\/td><td><a href=\"https:\/\/sisu.ut.ee\/wp-content\/uploads\/sites\/892\/Merike-Koppel-22.05.2025.pdf\" target=\"_blank\" rel=\"noreferrer noopener\">slaidid<\/a><\/td><\/tr><tr><td>16.10<\/td><td>Diskussioon<\/td><td><\/td><td><\/td><\/tr><tr><td>16.45 \u2013 17.00<\/td><td>Kokkuv\u00f5te ja l\u00f5pps\u00f5nad<\/td><td>Karin Sein<br><em>Tartu \u00dclikool<\/em><\/td><td><\/td><\/tr><\/tbody><\/table><\/figure>\n\n\n\n<p><\/p>\n","protected":false},"excerpt":{"rendered":"<p>22. mai 2025 10.00 Tervituss\u00f5nad Priit Pikam\u00e4eTartu \u00dclikool EL ja Eesti seadusandlikud algatused tarbijast laenusaaja kaitseks 10.10 Keynote:Most important changes and transposition options under the new Consumer Credit Directive Peter RottUniversity of Oldenburg, Germany slaidid 10.40 Diskussioon 11.00 \u00dclevaade uue &#8230;<\/p>\n","protected":false},"author":661,"featured_media":0,"parent":0,"menu_order":0,"comment_status":"closed","ping_status":"closed","template":"","meta":{"_acf_changed":false,"inline_featured_image":false,"footnotes":""},"class_list":["post-334","page","type-page","status-publish","hentry"],"acf":[],"_links":{"self":[{"href":"https:\/\/sisu.ut.ee\/consumercredit\/et\/wp-json\/wp\/v2\/pages\/334","targetHints":{"allow":["GET"]}}],"collection":[{"href":"https:\/\/sisu.ut.ee\/consumercredit\/et\/wp-json\/wp\/v2\/pages"}],"about":[{"href":"https:\/\/sisu.ut.ee\/consumercredit\/et\/wp-json\/wp\/v2\/types\/page"}],"author":[{"embeddable":true,"href":"https:\/\/sisu.ut.ee\/consumercredit\/et\/wp-json\/wp\/v2\/users\/661"}],"replies":[{"embeddable":true,"href":"https:\/\/sisu.ut.ee\/consumercredit\/et\/wp-json\/wp\/v2\/comments?post=334"}],"version-history":[{"count":11,"href":"https:\/\/sisu.ut.ee\/consumercredit\/et\/wp-json\/wp\/v2\/pages\/334\/revisions"}],"predecessor-version":[{"id":382,"href":"https:\/\/sisu.ut.ee\/consumercredit\/et\/wp-json\/wp\/v2\/pages\/334\/revisions\/382"}],"wp:attachment":[{"href":"https:\/\/sisu.ut.ee\/consumercredit\/et\/wp-json\/wp\/v2\/media?parent=334"}],"curies":[{"name":"wp","href":"https:\/\/api.w.org\/{rel}","templated":true}]}}