{"id":112,"date":"2025-04-03T12:23:40","date_gmt":"2025-04-03T09:23:40","guid":{"rendered":"https:\/\/sisu.ut.ee\/consumercredit\/?page_id=112"},"modified":"2025-04-21T17:40:37","modified_gmt":"2025-04-21T14:40:37","slug":"kontakt","status":"publish","type":"page","link":"https:\/\/sisu.ut.ee\/consumercredit\/et\/kontakt\/","title":{"rendered":"Kontakt"},"content":{"rendered":"<p><\/p>\n\n\n\n<p>T\u00f6\u00f6r\u00fchma juht: Karin Sein (karin.sein@ut.ee)<\/p>\n\n\n\n<p>Administratiivne tugi: Merle P\u00f5lder (merle.polder@ut.ee)<\/p>\n\n\n\n<p>Kommunikatsioon: Age V\u00e4rv (age.varv@ut.ee)<\/p>\n","protected":false},"excerpt":{"rendered":"<p>T\u00f6\u00f6r\u00fchma juht: Karin Sein (karin.sein@ut.ee) Administratiivne tugi: Merle P\u00f5lder (merle.polder@ut.ee) Kommunikatsioon: Age V\u00e4rv (age.varv@ut.ee)<\/p>\n","protected":false},"author":9,"featured_media":0,"parent":0,"menu_order":0,"comment_status":"closed","ping_status":"closed","template":"","meta":{"_acf_changed":false,"inline_featured_image":false,"footnotes":""},"class_list":["post-112","page","type-page","status-publish","hentry"],"acf":[],"_links":{"self":[{"href":"https:\/\/sisu.ut.ee\/consumercredit\/et\/wp-json\/wp\/v2\/pages\/112","targetHints":{"allow":["GET"]}}],"collection":[{"href":"https:\/\/sisu.ut.ee\/consumercredit\/et\/wp-json\/wp\/v2\/pages"}],"about":[{"href":"https:\/\/sisu.ut.ee\/consumercredit\/et\/wp-json\/wp\/v2\/types\/page"}],"author":[{"embeddable":true,"href":"https:\/\/sisu.ut.ee\/consumercredit\/et\/wp-json\/wp\/v2\/users\/9"}],"replies":[{"embeddable":true,"href":"https:\/\/sisu.ut.ee\/consumercredit\/et\/wp-json\/wp\/v2\/comments?post=112"}],"version-history":[{"count":3,"href":"https:\/\/sisu.ut.ee\/consumercredit\/et\/wp-json\/wp\/v2\/pages\/112\/revisions"}],"predecessor-version":[{"id":180,"href":"https:\/\/sisu.ut.ee\/consumercredit\/et\/wp-json\/wp\/v2\/pages\/112\/revisions\/180"}],"wp:attachment":[{"href":"https:\/\/sisu.ut.ee\/consumercredit\/et\/wp-json\/wp\/v2\/media?parent=112"}],"curies":[{"name":"wp","href":"https:\/\/api.w.org\/{rel}","templated":true}]}}