{"id":106,"date":"2025-03-03T00:59:33","date_gmt":"2025-03-02T22:59:33","guid":{"rendered":"https:\/\/sisu.ut.ee\/consumercredit\/?page_id=106"},"modified":"2025-12-10T22:20:47","modified_gmt":"2025-12-10T20:20:47","slug":"publikatsioonid","status":"publish","type":"page","link":"https:\/\/sisu.ut.ee\/consumercredit\/et\/publikatsioonid\/","title":{"rendered":"Publikatsioonid"},"content":{"rendered":"<p><\/p>\n\n\n\n<p><strong>2025<\/strong><\/p>\n\n\n\n<p>Karin Sein, Piia Kalamees, Age V\u00e4rv. <a href=\"https:\/\/rito.riigikogu.ee\/wordpress\/wp-content\/uploads\/2025\/06\/131-138_Uuring-Va%CC%88rv-Sein.pdf\" target=\"_blank\" rel=\"noreferrer noopener\">Tarbijakrediidilepingutega seotud aktuaalsed probleemid.<\/a> Riigikogu Toimetised nr 51, lk 131-138<\/p>\n\n\n\n<p>Anu Kaup, Karin Sein (2025). Blacklisting Defaulting Consumers in Credit Information Registers \u2013 Lessons from Estonia and Finland. In: Michelle Kelly-Louw, Duygu Damar-Blanken (Ed.). Financial Inclusion Law and Over-Indebtedness. (63\u221282). Routledge. <a href=\"https:\/\/www.taylorfrancis.com\/chapters\/edit\/10.4324\/9781003510406-6\/blacklisting-defaulting-consumers-credit-information-registers-lessons-estonia-finland-anu-kaup-karin-sein\" target=\"_blank\" rel=\"noreferrer noopener\">DOI: 10.4324\/9781003510406-6<\/a>.<\/p>\n\n\n\n<p>Age V\u00e4rv, Karin Sein, Piia Kalamees. <a href=\"https:\/\/juridica.ee\/article.php?uri=2025_8-9_tarbijakrediidi_aktuaalsed_probleemid_taotlemisest_tagasimaksmiseni_seminari_levaade\" target=\"_blank\" rel=\"noreferrer noopener\">Tarbijakrediidi aktuaalsed probleemid: taotlemisest tagasimaksmiseni. Seminari \u00fclevaade<\/a>. Juridica 2025, nr 8-9, lk 553-562.<\/p>\n\n\n\n<p>Piia Kalamees, Kalev Saare. <a href=\"https:\/\/juridica.ee\/article.php?uri=2025_8-9_kohtulahendi_igusj_u_piirangud_tarbija_krediidi_lepingute_n_itel_euroopa_liidu_iguse_m_ju_e\" target=\"_blank\" rel=\"noreferrer noopener\">Kohtulahendi \u00f5igusj\u00f5u piirangud tarbija(krediidi)lepingute n\u00e4itel: Euroopa Liidu \u00f5iguse m\u00f5ju Eesti menetlus\u00f5iguse normidele<\/a>. Juridica 2025, nr 8-9, lk 533-552.<\/p>\n\n\n\n<p>Martin Ebers,\u00a0<a href=\"https:\/\/beck-online.beck.de\/Dokument?vpath=bibdata%2Fzeits%2Fltz%2F2025%2Fcont%2Fltz.2025.249.1.htm&amp;anchor=Y-300-Z-LTZ-B-2025-S-249&amp;readableType=2&amp;VorgaengerDokumentStreffer3=Beitrag&amp;VorgaengerDokumentFullname=bibdata%2Fzeits%2Fltz%2F2025%2Fcont%2Fltz.2025.246.1.htm&amp;jumpType=Jump&amp;jumpWords=LTZ%2B2025%252c%2B249&amp;readable=Suche%2Bnach%2BFundstelle%253a%2BLTZ%2B2025%2B%2B249\">Auskunftsrecht nach Art. 15 Abs. 1 lit. h DS-GVO bei automatisierter Bonit\u00e4tsbeurteilung<\/a>, Anmerkung zu EuGH, Rs. C-203\/22, Legal Tech Zeitschrift (LTZ) 2025, 249-259.<br><\/p>\n","protected":false},"excerpt":{"rendered":"<p>2025 Karin Sein, Piia Kalamees, Age V\u00e4rv. Tarbijakrediidilepingutega seotud aktuaalsed probleemid. Riigikogu Toimetised nr 51, lk 131-138 Anu Kaup, Karin Sein (2025). Blacklisting Defaulting Consumers in Credit Information Registers \u2013 Lessons from Estonia and Finland. In: Michelle Kelly-Louw, Duygu Damar-Blanken &#8230;<\/p>\n","protected":false},"author":9,"featured_media":0,"parent":0,"menu_order":0,"comment_status":"closed","ping_status":"closed","template":"","meta":{"_acf_changed":false,"inline_featured_image":false,"footnotes":""},"class_list":["post-106","page","type-page","status-publish","hentry"],"acf":[],"_links":{"self":[{"href":"https:\/\/sisu.ut.ee\/consumercredit\/et\/wp-json\/wp\/v2\/pages\/106","targetHints":{"allow":["GET"]}}],"collection":[{"href":"https:\/\/sisu.ut.ee\/consumercredit\/et\/wp-json\/wp\/v2\/pages"}],"about":[{"href":"https:\/\/sisu.ut.ee\/consumercredit\/et\/wp-json\/wp\/v2\/types\/page"}],"author":[{"embeddable":true,"href":"https:\/\/sisu.ut.ee\/consumercredit\/et\/wp-json\/wp\/v2\/users\/9"}],"replies":[{"embeddable":true,"href":"https:\/\/sisu.ut.ee\/consumercredit\/et\/wp-json\/wp\/v2\/comments?post=106"}],"version-history":[{"count":11,"href":"https:\/\/sisu.ut.ee\/consumercredit\/et\/wp-json\/wp\/v2\/pages\/106\/revisions"}],"predecessor-version":[{"id":562,"href":"https:\/\/sisu.ut.ee\/consumercredit\/et\/wp-json\/wp\/v2\/pages\/106\/revisions\/562"}],"wp:attachment":[{"href":"https:\/\/sisu.ut.ee\/consumercredit\/et\/wp-json\/wp\/v2\/media?parent=106"}],"curies":[{"name":"wp","href":"https:\/\/api.w.org\/{rel}","templated":true}]}}