{"id":103,"date":"2025-03-03T00:58:06","date_gmt":"2025-03-02T22:58:06","guid":{"rendered":"https:\/\/sisu.ut.ee\/consumercredit\/?page_id=103"},"modified":"2026-03-10T23:44:04","modified_gmt":"2026-03-10T21:44:04","slug":"sundmused","status":"publish","type":"page","link":"https:\/\/sisu.ut.ee\/consumercredit\/et\/sundmused\/","title":{"rendered":"S\u00fcndmused"},"content":{"rendered":"<figure class=\"wp-block-table is-style-stripes\"><table class=\"table table-hover\"><tbody><tr><td><strong>Aeg<\/strong><\/td><td><strong>Teema<\/strong><\/td><td><strong>Koht<\/strong><\/td><td><strong>Kontakt\/Info<\/strong><\/td><td><\/td><\/tr><tr><td>10.03.2026 kl 15-16.30<\/td><td><a href=\"https:\/\/oigus.ut.ee\/et\/uudis\/avalik-loeng-tarbijakrediidilepingu-kohtuvaline-umberkujundamine-10-martsil-tallinnas\" target=\"_blank\" rel=\"noreferrer noopener\">Avalik loeng: \u201eTarbijakrediidilepingu kohtuv\u00e4line \u00fcmberkujundamine\u201d<\/a><\/td><td>Tallinn, T\u00f5nism\u00e4gi 5a-116<\/td><td>Merle P\u00f5lder (merle.polder@ut.ee)<\/td><td><a href=\"https:\/\/sisu.ut.ee\/wp-content\/uploads\/sites\/892\/Umberkujundamismeetmed.pdf\" target=\"_blank\" rel=\"noreferrer noopener\">slaidid<\/a><\/td><\/tr><tr><td>02.12.2025<\/td><td>Kohtunikuabide t\u00e4iendkoolitus \u201eTarbijakrediidilepingud,krediidiv\u00f5imelisuse hindamine ja vastutustundlik laenamine \u2013 \u00f5igus ja kohtupraktika\u201d<\/td><td><\/td><td>Karin Sein (karin.sein@ut.ee)<\/td><td><\/td><\/tr><tr><td>14.11.2025 kl 10<\/td><td><a href=\"https:\/\/oigus.ut.ee\/et\/uudis\/invitation-webinar-consumer-creditworthiness-assessment-baltic-states-14-november\" target=\"_blank\" rel=\"noreferrer noopener\">Webinar on Consumer Creditworthiness Assessment in the Baltic States<\/a> (inglise keeles), koost\u00f6\u00f6s ELI Balti keskusega (<a href=\"https:\/\/www.europeanlawinstitute.eu\/hubs-sigs\/hubs\/baltic-hub\/baltic-hub\/baltic-hub\/news\/baltic-hub-webinar-on-consumer-creditworthiness-assessment\/\" target=\"_blank\" rel=\"noreferrer noopener\">ELI Baltic Hub<\/a>)<\/td><td>veebis<\/td><td>Piia Kalamees (piia.kalamees@ut.ee)<\/td><td><a href=\"https:\/\/sisu.ut.ee\/consumercredit\/webinar-on-consumer-creditworthiness-assessment\/\" target=\"_blank\" rel=\"noreferrer noopener\">slaidid<\/a><\/td><\/tr><tr><td>15.09.2025 kl 18-19.30<\/td><td><a href=\"https:\/\/oigus.ut.ee\/en\/news\/ai-credit-scoring-webinar-15-sept-2025\" target=\"_blank\" rel=\"noreferrer noopener\">AI in Credit Scoring Webinar<\/a> (inglise keeles)<\/td><td>veebis<\/td><td>Merle P\u00f5lder (merle.polder@ut.ee)<\/td><td><a href=\"https:\/\/sisu.ut.ee\/consumercredit\/ai-in-credit-scoring-webinar\/\" target=\"_blank\" rel=\"noreferrer noopener\">salvestus ja slaidid<\/a><\/td><\/tr><tr><td>22.05.2025 kl 10-17<\/td><td><a href=\"https:\/\/oigus.ut.ee\/et\/uudis\/kutse-seminarile-tarbijakrediidi-aktuaalsed-probleemid-taotlemisest-tagasimaksmiseni-22-mail\">Tarbijakrediidi aktuaalsed probleemid: taotlemisest tagasimaksmiseni<\/a><\/td><td>Tallinn, Kaarli pst 3-201<\/td><td>Merle P\u00f5lder (merle.polder@ut.ee)<\/td><td><br><a href=\"https:\/\/sisu.ut.ee\/consumercredit\/et\/seminar-tarbijakrediidi-aktuaalsed-probleemid-taotlemisest-tagasimaksmiseni\/\" data-type=\"link\" data-id=\"https:\/\/sisu.ut.ee\/consumercredit\/et\/seminar-tarbijakrediidi-aktuaalsed-probleemid-taotlemisest-tagasimaksmiseni\/\">slaidid<\/a><\/td><\/tr><tr><td>15.05.2025<\/td><td>Kohtunike t\u00e4iendkoolitus \u201cT\u00fc\u00fcptingimused\u201d<\/td><td><\/td><td>Karin Sein (karin.sein@ut.ee)<\/td><td><\/td><\/tr><tr><td>04.06.2025 kl 16-19<\/td><td><a href=\"https:\/\/oigus.ut.ee\/et\/uudis\/avalik-loeng-eraisikute-laenukaitumine-eestis-4-juunil-tallinnas\" target=\"_blank\" rel=\"noreferrer noopener\">Avalik loeng: \u201cEraisikute laenuk\u00e4itumine\u201d<\/a><\/td><td>Tallinn, Kaarli pst 3-101<\/td><td>Merle P\u00f5lder (merle.polder@ut.ee)<\/td><td><a href=\"https:\/\/sisu.ut.ee\/wp-content\/uploads\/sites\/892\/Kristjan-Pulk-04.06.2025.pdf\" target=\"_blank\" rel=\"noreferrer noopener\">slaidid<\/a><\/td><\/tr><\/tbody><\/table><\/figure>\n\n\n\n<p><\/p>\n","protected":false},"excerpt":{"rendered":"<p>Aeg Teema Koht Kontakt\/Info 10.03.2026 kl 15-16.30 Avalik loeng: \u201eTarbijakrediidilepingu kohtuv\u00e4line \u00fcmberkujundamine\u201d Tallinn, T\u00f5nism\u00e4gi 5a-116 Merle P\u00f5lder (merle.polder@ut.ee) slaidid 02.12.2025 Kohtunikuabide t\u00e4iendkoolitus \u201eTarbijakrediidilepingud,krediidiv\u00f5imelisuse hindamine ja vastutustundlik laenamine \u2013 \u00f5igus ja kohtupraktika\u201d Karin Sein (karin.sein@ut.ee) 14.11.2025 kl 10 Webinar on Consumer &#8230;<\/p>\n","protected":false},"author":9,"featured_media":0,"parent":0,"menu_order":0,"comment_status":"closed","ping_status":"closed","template":"","meta":{"_acf_changed":false,"inline_featured_image":false,"footnotes":""},"class_list":["post-103","page","type-page","status-publish","hentry"],"acf":[],"_links":{"self":[{"href":"https:\/\/sisu.ut.ee\/consumercredit\/et\/wp-json\/wp\/v2\/pages\/103","targetHints":{"allow":["GET"]}}],"collection":[{"href":"https:\/\/sisu.ut.ee\/consumercredit\/et\/wp-json\/wp\/v2\/pages"}],"about":[{"href":"https:\/\/sisu.ut.ee\/consumercredit\/et\/wp-json\/wp\/v2\/types\/page"}],"author":[{"embeddable":true,"href":"https:\/\/sisu.ut.ee\/consumercredit\/et\/wp-json\/wp\/v2\/users\/9"}],"replies":[{"embeddable":true,"href":"https:\/\/sisu.ut.ee\/consumercredit\/et\/wp-json\/wp\/v2\/comments?post=103"}],"version-history":[{"count":27,"href":"https:\/\/sisu.ut.ee\/consumercredit\/et\/wp-json\/wp\/v2\/pages\/103\/revisions"}],"predecessor-version":[{"id":588,"href":"https:\/\/sisu.ut.ee\/consumercredit\/et\/wp-json\/wp\/v2\/pages\/103\/revisions\/588"}],"wp:attachment":[{"href":"https:\/\/sisu.ut.ee\/consumercredit\/et\/wp-json\/wp\/v2\/media?parent=103"}],"curies":[{"name":"wp","href":"https:\/\/api.w.org\/{rel}","templated":true}]}}