{"id":100,"date":"2025-03-03T00:27:23","date_gmt":"2025-03-02T22:27:23","guid":{"rendered":"https:\/\/sisu.ut.ee\/consumercredit\/?page_id=100"},"modified":"2025-09-23T14:52:22","modified_gmt":"2025-09-23T11:52:22","slug":"inimesed","status":"publish","type":"page","link":"https:\/\/sisu.ut.ee\/consumercredit\/et\/inimesed\/","title":{"rendered":"Inimesed"},"content":{"rendered":"<div class=\"wp-block-columns is-layout-flex wp-container-core-columns-is-layout-9d6595d7 wp-block-columns-is-layout-flex\">\n<div class=\"wp-block-column is-layout-flow wp-block-column-is-layout-flow\">\n<figure class=\"wp-block-image size-full is-style-rounded\"><img loading=\"lazy\" decoding=\"async\" width=\"231\" height=\"245\" src=\"https:\/\/sisu.ut.ee\/wp-content\/uploads\/sites\/892\/Screenshot-2025-05-02-at-14.56.45-1.png\" alt=\"\" class=\"wp-image-285\"><\/figure>\n\n\n\n<p><strong>Karin Sein<\/strong><br>T\u00f6\u00f6r\u00fchma juht<br>Tsiviil\u00f5iguse professor<br>karin.sein@ut.ee  <br><a href=\"https:\/\/www.etis.ee\/CV\/Karin_Sein\/est\/\" target=\"_blank\" rel=\"noreferrer noopener\">CV Eesti teadusinfos\u00fcsteemis<\/a><\/p>\n<\/div>\n\n\n\n<div class=\"wp-block-column is-layout-flow wp-block-column-is-layout-flow\">\n<figure class=\"wp-block-image size-full is-resized is-style-rounded\"><img loading=\"lazy\" decoding=\"async\" width=\"243\" height=\"255\" src=\"https:\/\/sisu.ut.ee\/wp-content\/uploads\/sites\/892\/Screenshot-2025-04-30-at-11.27.14-1.png\" alt=\"\" class=\"wp-image-258\" style=\"width:233px;height:auto\"><\/figure>\n\n\n\n<p><strong>Piia Kalamees<\/strong><br>T\u00f6\u00f6r\u00fchma liige<br>Tsiviil\u00f5iguse kaasprofessor<br>piia.kalamees@ut.ee  <br><a href=\"https:\/\/www.etis.ee\/CV\/Piia_Kalamees\/est\/\">CV Eesti Teadusinfos\u00fcsteemis<\/a><\/p>\n<\/div>\n\n\n\n<div class=\"wp-block-column is-layout-flow wp-block-column-is-layout-flow\">\n<figure class=\"wp-block-image size-full is-resized is-style-rounded\"><img loading=\"lazy\" decoding=\"async\" width=\"237\" height=\"237\" src=\"https:\/\/sisu.ut.ee\/wp-content\/uploads\/sites\/892\/Screenshot-2025-05-02-at-14.54.12.png\" alt=\"\" class=\"wp-image-276\" style=\"width:243px;height:auto\" srcset=\"https:\/\/sisu.ut.ee\/wp-content\/uploads\/sites\/892\/Screenshot-2025-05-02-at-14.54.12.png 237w, https:\/\/sisu.ut.ee\/wp-content\/uploads\/sites\/892\/Screenshot-2025-05-02-at-14.54.12-150x150.png 150w\" sizes=\"auto, (max-width: 237px) 100vw, 237px\"><\/figure>\n\n\n\n<p><strong>Age V\u00e4rv<\/strong><br>T\u00f6\u00f6r\u00fchma liige<br>V\u00f5la\u00f5iguse kaasprofessor<br>age.varv@ut.ee  <br><a href=\"https:\/\/www.etis.ee\/CV\/Age_V%C3%A4rv\/est\/\">CV Eesti teadusinfos\u00fcsteemis<\/a><\/p>\n<\/div>\n\n\n\n<div class=\"wp-block-column is-layout-flow wp-block-column-is-layout-flow\">\n<figure class=\"wp-block-image size-full is-resized is-style-rounded\"><img loading=\"lazy\" decoding=\"async\" width=\"539\" height=\"549\" src=\"https:\/\/sisu.ut.ee\/wp-content\/uploads\/sites\/892\/Screenshot-2025-04-30-at-11.30.56-1.png\" alt=\"\" class=\"wp-image-266\" style=\"width:240px;height:auto\" srcset=\"https:\/\/sisu.ut.ee\/wp-content\/uploads\/sites\/892\/Screenshot-2025-04-30-at-11.30.56-1.png 539w, https:\/\/sisu.ut.ee\/wp-content\/uploads\/sites\/892\/Screenshot-2025-04-30-at-11.30.56-1-295x300.png 295w\" sizes=\"auto, (max-width: 539px) 100vw, 539px\"><\/figure>\n\n\n\n<p><strong>Martin Ebers<\/strong><br>T\u00f6\u00f6r\u00fchma liige<br>Infotehnoloogia\u00f5iguse k\u00fclalisprofessor<br>martin.ebers@ut.ee  <br><a href=\"https:\/\/www.etis.ee\/CV\/Martin_Ebers\/est\/\">CV Eesti teadusinfos\u00fcsteemis<\/a><\/p>\n<\/div>\n<\/div>\n\n\n\n<div class=\"wp-block-columns is-layout-flex wp-container-core-columns-is-layout-9d6595d7 wp-block-columns-is-layout-flex\">\n<div class=\"wp-block-column is-layout-flow wp-block-column-is-layout-flow\">\n<figure class=\"wp-block-image size-full is-resized is-style-rounded\"><img loading=\"lazy\" decoding=\"async\" width=\"268\" height=\"257\" src=\"https:\/\/sisu.ut.ee\/wp-content\/uploads\/sites\/892\/Screenshot-2025-04-30-at-11.47.12-1.png\" alt=\"\" class=\"wp-image-270\" style=\"width:234px;height:auto\"><\/figure>\n\n\n\n<p><strong>Kristjan Pulk<\/strong><br>T\u00f6\u00f6r\u00fchma liige<br>Juhtimise lektor<br>kristjan.pulk@ut.ee<br><a href=\"https:\/\/www.etis.ee\/CV\/Kristjan_Pulk\/est\/\">CV Eesti teadusinfos\u00fcsteemis<\/a><\/p>\n<\/div>\n\n\n\n<div class=\"wp-block-column is-layout-flow wp-block-column-is-layout-flow\">\n<figure class=\"wp-block-image size-full is-resized is-style-rounded\"><img loading=\"lazy\" decoding=\"async\" width=\"648\" height=\"670\" src=\"https:\/\/sisu.ut.ee\/wp-content\/uploads\/sites\/892\/Screenshot-2025-09-15-at-10.59.22-1.png\" alt=\"\" class=\"wp-image-408\" style=\"width:221px;height:auto\" srcset=\"https:\/\/sisu.ut.ee\/wp-content\/uploads\/sites\/892\/Screenshot-2025-09-15-at-10.59.22-1.png 648w, https:\/\/sisu.ut.ee\/wp-content\/uploads\/sites\/892\/Screenshot-2025-09-15-at-10.59.22-1-290x300.png 290w\" sizes=\"auto, (max-width: 648px) 100vw, 648px\"><\/figure>\n\n\n\n<p><strong>Peeter Tarvis<\/strong><br>T\u00f6\u00f6r\u00fchma liige<br>Nooremteadur<br>peeter.tarvis@ut.ee<br><a href=\"https:\/\/www.etis.ee\/CV\/Peeter_Tarvis\/est\/\">CV Eesti teadusinfos\u00fcsteemis<\/a><\/p>\n<\/div>\n\n\n\n<div class=\"wp-block-column is-layout-flow wp-block-column-is-layout-flow\">\n<figure class=\"wp-block-image size-full is-resized is-style-rounded\"><img loading=\"lazy\" decoding=\"async\" width=\"706\" height=\"700\" src=\"https:\/\/sisu.ut.ee\/wp-content\/uploads\/sites\/892\/Screenshot-2025-09-15-at-11.15.52-1.png\" alt=\"\" class=\"wp-image-410\" style=\"width:231px;height:auto\" srcset=\"https:\/\/sisu.ut.ee\/wp-content\/uploads\/sites\/892\/Screenshot-2025-09-15-at-11.15.52-1.png 706w, https:\/\/sisu.ut.ee\/wp-content\/uploads\/sites\/892\/Screenshot-2025-09-15-at-11.15.52-1-300x297.png 300w, https:\/\/sisu.ut.ee\/wp-content\/uploads\/sites\/892\/Screenshot-2025-09-15-at-11.15.52-1-150x150.png 150w\" sizes=\"auto, (max-width: 706px) 100vw, 706px\"><\/figure>\n\n\n\n<p><strong>Kristjan S\u00f5erum\u00e4e<\/strong><br>T\u00f6\u00f6r\u00fchma liige<br>Magistrand<br>kristjan.soerumae@ut.ee<br>CV Eesti teadusinfos\u00fcsteemis<\/p>\n<\/div>\n\n\n\n<div class=\"wp-block-column is-layout-flow wp-block-column-is-layout-flow\">\n<figure class=\"wp-block-image size-full is-resized is-style-rounded\"><img loading=\"lazy\" decoding=\"async\" width=\"438\" height=\"420\" src=\"https:\/\/sisu.ut.ee\/wp-content\/uploads\/sites\/892\/Screenshot-2025-09-23-at-14.45.34-2.png\" alt=\"\" class=\"wp-image-518\" style=\"width:238px;height:auto\" srcset=\"https:\/\/sisu.ut.ee\/wp-content\/uploads\/sites\/892\/Screenshot-2025-09-23-at-14.45.34-2.png 438w, https:\/\/sisu.ut.ee\/wp-content\/uploads\/sites\/892\/Screenshot-2025-09-23-at-14.45.34-2-300x288.png 300w\" sizes=\"auto, (max-width: 438px) 100vw, 438px\"><\/figure>\n\n\n\n<p><strong>Iris Helena Fjuk<\/strong><br>T\u00f6\u00f6r\u00fchma liige<br>Magistrand<br>iris.helena.fjuk@ut.ee<br><a href=\"https:\/\/www.etis.ee\/CV\/Iris_helena_Fjuk\/est\/\" target=\"_blank\" rel=\"noreferrer noopener\">CV Eesti teadusinfos\u00fcsteemis<\/a><\/p>\n<\/div>\n<\/div>\n\n\n\n<figure class=\"wp-block-image size-full is-resized is-style-rounded\"><img loading=\"lazy\" decoding=\"async\" width=\"702\" height=\"746\" src=\"https:\/\/sisu.ut.ee\/wp-content\/uploads\/sites\/892\/Screenshot-2025-06-07-at-00.57.08-1.png\" alt=\"\" class=\"wp-image-301\" style=\"width:221px;height:auto\" srcset=\"https:\/\/sisu.ut.ee\/wp-content\/uploads\/sites\/892\/Screenshot-2025-06-07-at-00.57.08-1.png 702w, https:\/\/sisu.ut.ee\/wp-content\/uploads\/sites\/892\/Screenshot-2025-06-07-at-00.57.08-1-282x300.png 282w\" sizes=\"auto, (max-width: 702px) 100vw, 702px\"><\/figure>\n\n\n\n<p><strong>Merle P\u00f5lder<\/strong><br>T\u00f6\u00f6r\u00fchma assistent<br>\u00d5ppekorralduse spetsialist<br>merle.polder@ut.ee<\/p>\n\n\n\n<p><\/p>\n","protected":false},"excerpt":{"rendered":"<p>Karin SeinT\u00f6\u00f6r\u00fchma juhtTsiviil\u00f5iguse professorkarin.sein@ut.ee CV Eesti teadusinfos\u00fcsteemis Piia KalameesT\u00f6\u00f6r\u00fchma liigeTsiviil\u00f5iguse kaasprofessorpiia.kalamees@ut.ee CV Eesti Teadusinfos\u00fcsteemis Age V\u00e4rvT\u00f6\u00f6r\u00fchma liigeV\u00f5la\u00f5iguse kaasprofessorage.varv@ut.ee CV Eesti teadusinfos\u00fcsteemis Martin EbersT\u00f6\u00f6r\u00fchma liigeInfotehnoloogia\u00f5iguse k\u00fclalisprofessormartin.ebers@ut.ee CV Eesti teadusinfos\u00fcsteemis Kristjan PulkT\u00f6\u00f6r\u00fchma liigeJuhtimise lektorkristjan.pulk@ut.eeCV Eesti teadusinfos\u00fcsteemis Peeter TarvisT\u00f6\u00f6r\u00fchma liigeNooremteadurpeeter.tarvis@ut.eeCV Eesti teadusinfos\u00fcsteemis Kristjan &#8230;<\/p>\n","protected":false},"author":9,"featured_media":0,"parent":0,"menu_order":0,"comment_status":"closed","ping_status":"closed","template":"","meta":{"_acf_changed":false,"inline_featured_image":false,"footnotes":""},"class_list":["post-100","page","type-page","status-publish","hentry"],"acf":[],"_links":{"self":[{"href":"https:\/\/sisu.ut.ee\/consumercredit\/et\/wp-json\/wp\/v2\/pages\/100","targetHints":{"allow":["GET"]}}],"collection":[{"href":"https:\/\/sisu.ut.ee\/consumercredit\/et\/wp-json\/wp\/v2\/pages"}],"about":[{"href":"https:\/\/sisu.ut.ee\/consumercredit\/et\/wp-json\/wp\/v2\/types\/page"}],"author":[{"embeddable":true,"href":"https:\/\/sisu.ut.ee\/consumercredit\/et\/wp-json\/wp\/v2\/users\/9"}],"replies":[{"embeddable":true,"href":"https:\/\/sisu.ut.ee\/consumercredit\/et\/wp-json\/wp\/v2\/comments?post=100"}],"version-history":[{"count":16,"href":"https:\/\/sisu.ut.ee\/consumercredit\/et\/wp-json\/wp\/v2\/pages\/100\/revisions"}],"predecessor-version":[{"id":521,"href":"https:\/\/sisu.ut.ee\/consumercredit\/et\/wp-json\/wp\/v2\/pages\/100\/revisions\/521"}],"wp:attachment":[{"href":"https:\/\/sisu.ut.ee\/consumercredit\/et\/wp-json\/wp\/v2\/media?parent=100"}],"curies":[{"name":"wp","href":"https:\/\/api.w.org\/{rel}","templated":true}]}}