{"id":9,"date":"2024-04-04T04:56:15","date_gmt":"2024-04-04T01:56:15","guid":{"rendered":"https:\/\/sisu.ut.ee\/circle-of-segregation\/presentations-0\/"},"modified":"2025-01-03T13:12:56","modified_gmt":"2025-01-03T11:12:56","slug":"presentations-0","status":"publish","type":"page","link":"https:\/\/sisu.ut.ee\/circle-of-segregation\/presentations-0\/","title":{"rendered":"PRESENTATIONS"},"content":{"rendered":"<h2 class=\"wp-block-heading\">Presentations<\/h2>\n\n\n\n<p><\/p>\n\n\n\n<h2 class=\"wp-block-heading\">2024<\/h2>\n\n\n\n<p><\/p>\n\n\n\n<p>Tiit Tammaru. <strong>Asumip\u00f5histest planeerimiskontseptsioonidest l\u00e4bi aja<\/strong>. Tartu Planeerimiskonverents, 14\u201315 m\u00e4rts, Tartu.<\/p>\n\n\n\n<p><\/p>\n\n\n\n<p>Tiit Tammaru, Kadi Kalm. <strong>Refugees Find Employment in Very Different Settlement Contexts: An Empirical Study from Estonia<\/strong>. INFLUX seminar, 19. m\u00e4rts, NordForsk Online seminar.<\/p>\n\n\n\n<p><\/p>\n\n\n\n<p>Tiit Tammaru, <strong>How Widespread is Counter-urbanization Amidst Digital Transition and Challenges in Urban Housing Affordability?<\/strong>, Keynote address, 2\u20133 mai, 9<sup>th <\/sup>NoRSA conference, Vilnius<\/p>\n\n\n\n<p>J\u0101nis Z\u0101lite, Kadi Kalm, Kadri Leetmaa, Tiit Tammaru. <strong>New Forms of Spatial Inequalities in Digitally Transforming Societies: Ethnic Segregation of Tech Sector Workers in Tallinn Urban Region<\/strong>. 24\u201330 august, 35<sup>th<\/sup> International Geographical Congress, Dublin<\/p>\n\n\n\n<p>Tiit Tammaru. <strong>Miks on vaja poliitiliselt juhitud r\u00e4nde- ja talendipoliitikat?<\/strong> 16. oktoober, Teaduspoliitika konverents 2024, Tallinn<\/p>\n\n\n\n<p>Tiit Tammaru, J\u0101nis Z\u0101lite, Anneli K\u00e4hri, Kadi Kalm. <strong>Shifts in the Location of Estonian Human Resources: Regional Population Projections Until 2050<\/strong>. 30. oktoober, \u00d6koloogia- ja maateaduste instituudi aastakonverents, Tartu<\/p>\n\n\n\n<p>Tiit Tammaru. <strong>R\u00e4ndepoliitika valikud<\/strong>. 7. november, P\u00f5hja- ja Baltimaade r\u00e4ndekonverents 2024, Tartu<\/p>\n\n\n\n<p>Tiit Tammaru. <strong>R\u00e4ndepoliitika valikud<\/strong>. 11. november, Vabariigi valitsuse majanduskabineti n\u00f5upidamine, Tallinn<\/p>\n\n\n\n<p><\/p>\n\n\n\n<p><\/p>\n\n\n\n<h2 class=\"wp-block-heading\">2021<\/h2>\n\n\n\n<div class=\"wp-block-group is-layout-constrained wp-block-group-is-layout-constrained\">\n<p>Kadi Kalm*: <strong>\u201cEthnic residential segregation and integration of the Russian-speaking minority population in Estonia\u201d<\/strong>. Seminar in Charles University; Prague, Czech Republic (virtual); January 12, 2021.<\/p>\n\n\n\n<p>Siiri Silm*: <strong>\u201cInfotehnoloogiline mobiilsusobservatoorium (IMO) \u2013 mobiilsusuuringuid toetav andmetaristu\u201d\u00a0and\u00a0\u201cMobiiliandmetel p\u00f5hinev rahvastikustatistika kaardirakendus\u201d<\/strong>. OKEE andmeklubi;\u00a0virtual; February 16, 2021. (<a href=\"https:\/\/youtu.be\/mmfrUUbHuFE\" target=\"_blank\" rel=\"noreferrer noopener\">Recording<\/a>)<\/p>\n\n\n\n<p>Siiri Silm*: <strong>\u201cThe impact of COVID-19 on daily lives of transnational Estonians in Finland\u201d<\/strong>.\u00a0EIT Urban Mobility online event; April 14, 2021.\u00a0<\/p>\n\n\n\n<p>Siiri Silm*: <strong>\u201cCombining smartphone based application MobilityLog and quantitative interviews to study people`s mobility\u201d<\/strong>.\u00a02nd MASS Workshop:\u00a0Mobile Apps and Sensors in Surveys, virtual; Aptil 23, 2021. (<a href=\"https:\/\/massworkshop.org\/wp-content\/uploads\/sites\/374\/2021\/05\/submitted_MASS21_Siiri-Silm_2021_2nd-MASS-Workshop_Combining-smartphone-based-application-MobilityLog-and-quantitative-interviews-to-study-peoples-mobility.pdf\" target=\"_blank\" rel=\"noreferrer noopener\">Slides<\/a>)<\/p>\n\n\n\n<p>Anto Aasa*:\u00a0<strong>\u201eThe Influence of COVID-19 on Mobility: An Analysis of Mobile Positioning Data from Estonia\u201c<\/strong>. 17th Baltic Conference on Intellectual Cooperation \u201eMathematics for Society\u201d; Tallinn, Estonia; June 28-29, 2021. (<a href=\"https:\/\/www.youtube.com\/watch?v=I1XPa_YOQss\" target=\"_blank\" rel=\"noreferrer noopener\">Recording<\/a>)<\/p>\n\n\n\n<p>Siiri Silm*: <strong>\u201cEtnilised erinevused inimeste tegevusruumis mobiilpositsioneerimise andmetel\u201d<\/strong>.\u00a0Seminar \u201c30 aastat l\u00f5imumist\u201d;\u00a0Narva, Estonia; November 9, 2021. (<a href=\"https:\/\/www.youtube.com\/watch?v=zM9YCAfwc4w&amp;list=PL5C1FzK7UafmktU5QhIIR2cto1-T90_-b&amp;index=17\" target=\"_blank\" rel=\"noreferrer noopener\">Recording<\/a>)<\/p>\n\n\n\n<p>Siiri Silm*: <strong>\u201cEthnic differences in people\u2019s activity space based on mobile positioning data\u201d<\/strong>.\u00a0International conference on integration\u00a0\u201c30 years of integration: success stories, challenges, and unused opportunities\u201d; Tallinn, Estonia;\u00a0November 11-12, 2021.\u00a0<\/p>\n\n\n\n<p>Siiri Silm*: <strong>\u201cImplementing the three pillars of smart city: SUSTAINABILITY, DIGITALISATION and SOCIAL INCLUSION in Tartu, Estonia<\/strong>\u201c. EXPO 2020; Dubai; December 15, 2021. (<a href=\"https:\/\/researchinestonia.eu\/expo\/\" target=\"_blank\" rel=\"noreferrer noopener\">Home page<\/a>)<\/p>\n<\/div>\n\n\n\n<hr class=\"wp-block-separator has-alpha-channel-opacity\">\n\n\n\n<h2 class=\"wp-block-heading\">2020<\/h2>\n\n\n\n<div class=\"wp-block-group is-layout-constrained wp-block-group-is-layout-constrained\">\n<p>Siiri Silm*: <strong>\u201cMobile positioning data for studying the population in space and time\u201d<\/strong>. EIFER seminar; Karlsruhe, Germany; January 20, 2020.<\/p>\n\n\n\n<p>Tiit Tammaru, Siiri Silm*: <strong>\u201cMobility Lab and mobile positioning data for studying the population in space and time\u201d<\/strong>.\u00a0EIT Urban Mobility (www.eiturbanmobility.eu) Northern Innovation Hub seminar; Tartu, Estonia; January 31, 2020.<\/p>\n\n\n\n<p>Siiri Silm*: <strong>\u201cMobile Positioning Data for Human Mobility Studies\u201d<\/strong>.\u00a0Intelligent transportation and logistic systems (ITS) Estonia seminar; Tartu, Estonia; February 13, 2020.<\/p>\n\n\n\n<p>Siiri Silm*: <strong>\u201cMobiilpositsioneerimise andmed inimeste liikuvuse uurimise\u201d<\/strong>.\u00a0 Weminar of Riigikogu Arenguseire Keskus \u201cMillise tuleviku toob meile inimeste liikuvusandmete kasutamine?\u201d; virtual; April 9, 2020. (<a href=\"https:\/\/www.riigikogu.ee\/arenguseire-keskus\/vaata-jarele-veebiseminari-millise-tuleviku-toob-meile-inimeste-liikuvusandmete-kasutamine\/\" target=\"_blank\" rel=\"noreferrer noopener\">Recording<\/a>, <a href=\"https:\/\/www.riigikogu.ee\/wpcms\/wp-content\/uploads\/2020\/04\/1_Siiri-Silm_Mobiilpositsioneerimise-andmed-inimeste-ajalisruumilise-k%c3%a4itumise-uurimisel.pdf\" target=\"_blank\" rel=\"noreferrer noopener\">slides<\/a>)<\/p>\n\n\n\n<p>Anto Aasa*: <strong>\u201cMobiilpositsioneerimise kasutamine viiruse leviku uurimisel\u201d<\/strong>. Webinar of Riigikogu Arenguseire keskus \u201cMillise tuleviku toob meile inimeste liikuvusandmete kasutamine?\u201d;\u00a0virtual; April 9, 2020. (<a href=\"https:\/\/www.youtube.com\/watch?v=lf-Rdcf4Drc&amp;t=2288s&amp;ab_channel=Riigikogu\" target=\"_blank\" rel=\"noreferrer noopener\">Recording<\/a>, <a href=\"https:\/\/www.riigikogu.ee\/wpcms\/wp-content\/uploads\/2020\/04\/2_covid_ja_mobiilid_AASA.pdf\" target=\"_blank\" rel=\"noreferrer noopener\">slides<\/a>)<\/p>\n\n\n\n<p>Siiri Silm*:\u00a0<strong>\u00a0\u201cMobile Positioning Data for Human Mobility Studies\u201d<\/strong>. Seminar of UT botanics; virtual; April 23, 2020.<\/p>\n\n\n\n<p>Veronika Mooses*, Siiri Silm, Tiit Tammaru, Erki Saluveer:<strong> \u201cMeasuring ethnic differences in\u00a0transnational activity space with\u00a0mobile phone data\u201d<\/strong>. Department of Geography seminar; Tartu, Estonia; May 20, 2020. (<a href=\"https:\/\/sisu.ut.ee\/wp-content\/uploads\/sites\/344\/outbound_travel_phdseminar_osakond_veronikamooses.pdf\">Slides<\/a>)<\/p>\n\n\n\n<p>Anto Aasa*: <strong>\u201cUsage of mobiile positioning data to study the spread of viruses\u201d<\/strong>.\u00a0NASA Space Apps Covid-19 Challenge Georgia; virtual; May 29-31, 2020. (<a href=\"https:\/\/www.facebook.com\/watch\/live\/?v=246856030066048&amp;ref=watch_permalink\" target=\"_blank\" rel=\"noreferrer noopener\">Recording<\/a>, from 33:20)<\/p>\n\n\n\n<p>Veronika Mooses*, Siiri Silm, Tiit Tammaru, Erki Saluveer:<strong> \u201cMeasuring ethnic differences in\u00a0transnational activity space with\u00a0mobile phone data\u201d<\/strong>. Mobile Tartu; Tartu, Estonia (virtual); June\u00a030, 2020. (<a href=\"https:\/\/sisu.ut.ee\/wp-content\/uploads\/sites\/344\/veronika_mooses_mobiletartu_3.pdf\">Slides<\/a>)<\/p>\n\n\n\n<p>Anto Aasa*: <strong>\u201cDevelopment of methodological framework for smartphone based timeuse survey\u201d<\/strong>. Mobile Tartu;\u00a0Tartu, Estonia (virtual); June 30, 2020. (<a href=\"https:\/\/vimeo.com\/432911247\" target=\"_blank\" rel=\"noreferrer noopener\">Recording<\/a>, from 1:11:05)<\/p>\n\n\n\n<p>Siiri Silm*: <strong>Panel discussion \u201cMis teeb linnast targa linna?\u201d<\/strong>. Annual conference of JCI Estonia; Tartu, Estonia; September 19, 2020.<\/p>\n\n\n\n<p>Siiri Silm*: <strong>\u201cMobiilsusuuringute labor. Andmed ja teemad\u201d<\/strong>. Course \u201cInimgeograafia alused\u201d; Tartu, Estonia; October 20, 2020.\u00a0<\/p>\n\n\n\n<p>Siiri Silm*, Veronika Mooses, Anniki Puura, Anu Masso, Erki Saluveer: <strong>\u201cThe relation between ethno-linguistic composition of social networks and activity space: a study with mobile phone data\u201d<\/strong>.\u00a0Webinar \u201eHow to break the vicious circle of segregation?\u201c; virtual; October 30, 2020.<\/p>\n\n\n\n<p>Anto Aasa*: <strong>\u201cAnalysis of human mobility on the basis of location based services data\u201d<\/strong>. Conference of Institute of Ecology and Earth Sciences; Tartu, Estonia; November 2, 2020.<\/p>\n\n\n\n<p>Panel session led by Siiri Silm and Veronika Mooses: <strong>\u201cLiikuvusuuringud planeeringute alusena\u201d<\/strong>. Tartu Planeerimiskonverents; Tartu, Estonia (virtual); November 5, 2020. (<a href=\"https:\/\/www.uttv.ee\/naita?id=30754\" target=\"_blank\" rel=\"noreferrer noopener\">Recording<\/a>)<\/p>\n\n\n\n<p>Siiri Silm*: <strong>\u201cInfotehnoloogiline mobiilsusobservatoorium (IMO) \u2013 mobiilsusuuringuid toetav ja uuenduslik ja terviklik andmetaristu\u201d<\/strong>. Tartu Planeerimiskonverents; virtual; November 5, 2020. (<a href=\"https:\/\/imo.ut.ee\/wp-content\/uploads\/2020\/11\/Siiri-Silm_2020_Planeerimiskonverents_IMO.pdf\" target=\"_blank\" rel=\"noreferrer noopener\">Slides<\/a>)<\/p>\n\n\n\n<p>Anto Aasa*: <strong>\u201cArukas kohanemine koroonaviirusega\u201d<\/strong>. Tartu \u00dclikooli koroonakonverents; Tartu, Estonia, November 26-27, 2020. (<a href=\"https:\/\/www.uttv.ee\/naita?id=30869\" target=\"_blank\" rel=\"noreferrer noopener\">Recording<\/a>)<\/p>\n<\/div>\n\n\n\n<hr class=\"wp-block-separator has-alpha-channel-opacity\">\n\n\n\n<h2 class=\"wp-block-heading\">2019<\/h2>\n\n\n\n<p>Panel session led by Age Poom:\u00a0<strong>\u201eStrategies for Using Mobile Big Data for Official Statistics\u201c<\/strong>. American Association of Geographers Annual Meeting 2019;\u00a0Washington, DC; April 3-7, 2019.<\/p>\n\n\n\n<p>Anto Aasa*; Pilleriine Kamenjuk, Erki Saluveer: <strong>\u201cCalculation of population and migration statistics based on mobile positioning data\u201d<\/strong>. American Association of Geographers Annual Meeting 2019; Washington, DC; April 3-7, 2019.<\/p>\n\n\n\n<p>Veronika Mooses*, Siiri Silm: <strong>\u201cEthnic differences in outbound travel: a study with mobile phone data\u201d<\/strong>. American Association of Geographers Annual Meeting 2019; Washington, DC; April 3-7, 2019.<\/p>\n\n\n\n<p>Janika Raun*:\u00a0<strong>\u201cThe role of major gateways on national tourism flows: A tale of two countries\u201d<\/strong>.\u00a0American Association of Geographers Annual Meeting 2019;\u00a0Washington, DC; April 3-7, 2019.<\/p>\n\n\n\n<p>Age Poom*:\u00a0<strong>\u201cDeveloping dynamic greenspace exposure assessment methodology from long-term GPS tracking dataset\u201d<\/strong>.\u00a0American Association of Geographers Annual Meeting 2019;\u00a0Washington, DC; April 3-7, 2019.<\/p>\n\n\n\n<p>Kadi M\u00e4gi*:\u00a0<strong>\u201cDo housing estates play a different role for ethnic groups? Ethnic differences in life course mobility and its impact on neighbourhood change in large housing estates in Tallinn, Estonia\u201d<\/strong>.\u00a0American Association of Geographers Annual Meeting 2019;\u00a0Washington, DC; April 3-7, 2019.<\/p>\n\n\n\n<p>Kirsti Vill*, Siiri Silm, Keiu Telve:\u00a0<strong>\u201eHargmaiste eestlaste meediakasutus\u201c<\/strong>.\u00a0Estonian Social Sciences Annual Conference\u00a0XI; Tartu, Estonia;\u00a0April 26-27, 2019.<\/p>\n\n\n\n<p>Siiri Silm*, Margus Tiru, Jussi Sakari Jauhiainen:\u00a0<strong>\u201eEesti ja Soome vahelised liikumised ja hargmaisus mobiilpositsioneerimise andmetel\u201c<\/strong>.\u00a0Estonian Social Sciences Annual Conference\u00a0XI; Tartu, Estonia;\u00a0April 26-27, 2019.<\/p>\n\n\n\n<p>Kadi M\u00e4gi*, Kadri Leetmaa, Tiit Tammaru, Maarten van Ham:\u00a0<strong>\u201cElukeskkonna m\u00f5ju rahvuslikule enesem\u00e4\u00e4ratlusele\u201d<\/strong>. Estonian Social Sciences Annual Conference\u00a0XI; Tartu, Estonia;\u00a0April\u00a026-27, 2019.<\/p>\n\n\n\n<p>Siiri Silm*:\u00a0<strong>\u201eTransnational temporary mobility between Estonia and Finland based on mobile phone roaming datasets\u201c<\/strong>. The 8th Nordic Geographers Meeting;\u00a0Trondheim, Norway; June 16-19 2019.<\/p>\n\n\n\n<p>Kadi M\u00e4gi*, Anneli K\u00e4hrik: <strong>\u201cWho moves out the ethnically segregated neighbourhoods \u2013 does school ethnic context matter?\u201d<\/strong>. European Network for Housing Research Conference 2019; Athens, Greece; August 27-30, 2019.<\/p>\n","protected":false},"excerpt":{"rendered":"<p>Presentations 2024 Tiit Tammaru. Asumip\u00f5histest planeerimiskontseptsioonidest l\u00e4bi aja. Tartu Planeerimiskonverents, 14\u201315 m\u00e4rts, Tartu. Tiit Tammaru, Kadi Kalm. Refugees Find Employment in Very Different Settlement Contexts: An Empirical Study from Estonia. INFLUX seminar, 19. m\u00e4rts, NordForsk Online seminar. Tiit Tammaru, How &#8230;<\/p>\n","protected":false},"author":138,"featured_media":0,"parent":0,"menu_order":0,"comment_status":"closed","ping_status":"closed","template":"","meta":{"_acf_changed":false,"inline_featured_image":false,"footnotes":""},"class_list":["post-9","page","type-page","status-publish","hentry"],"acf":[],"_links":{"self":[{"href":"https:\/\/sisu.ut.ee\/circle-of-segregation\/wp-json\/wp\/v2\/pages\/9","targetHints":{"allow":["GET"]}}],"collection":[{"href":"https:\/\/sisu.ut.ee\/circle-of-segregation\/wp-json\/wp\/v2\/pages"}],"about":[{"href":"https:\/\/sisu.ut.ee\/circle-of-segregation\/wp-json\/wp\/v2\/types\/page"}],"author":[{"embeddable":true,"href":"https:\/\/sisu.ut.ee\/circle-of-segregation\/wp-json\/wp\/v2\/users\/138"}],"replies":[{"embeddable":true,"href":"https:\/\/sisu.ut.ee\/circle-of-segregation\/wp-json\/wp\/v2\/comments?post=9"}],"version-history":[{"count":9,"href":"https:\/\/sisu.ut.ee\/circle-of-segregation\/wp-json\/wp\/v2\/pages\/9\/revisions"}],"predecessor-version":[{"id":383,"href":"https:\/\/sisu.ut.ee\/circle-of-segregation\/wp-json\/wp\/v2\/pages\/9\/revisions\/383"}],"wp:attachment":[{"href":"https:\/\/sisu.ut.ee\/circle-of-segregation\/wp-json\/wp\/v2\/media?parent=9"}],"curies":[{"name":"wp","href":"https:\/\/api.w.org\/{rel}","templated":true}]}}