{"id":6,"date":"2024-04-04T04:56:15","date_gmt":"2024-04-04T01:56:15","guid":{"rendered":"https:\/\/sisu.ut.ee\/circle-of-segregation\/results\/"},"modified":"2025-04-12T10:44:56","modified_gmt":"2025-04-12T07:44:56","slug":"results","status":"publish","type":"page","link":"https:\/\/sisu.ut.ee\/circle-of-segregation\/results\/","title":{"rendered":"RESULTS"},"content":{"rendered":"<h2 class=\"wp-block-heading has-dark-color has-text-color has-link-color wp-elements-063845e3b678e9408932c20704a9481c\" id=\"articles\">Scientific articles<\/h2>\n\n\n\n<p class=\"has-extra-large-font-size\"><\/p>\n\n\n\n<p class=\"has-extra-large-font-size\"><strong>2025<\/strong><\/p>\n\n\n\n<p>M\u00fc\u00fcrisepp, K., Manninen, M., Bernelius, V., Tammaru, T., Toivonen, T., J\u00e4rv, O. 2025. <strong>Spatial integration or isolation? Capturing the rhythms of daily lives across neighbourhoods in Helsinki using mobile phone data<\/strong>. <em>Population, Space and Place<\/em> 31(1), e70029. DOI: <a href=\"https:\/\/doi.org\/10.1016\/j.cities.2024.104838\">https:\/\/<\/a><a href=\"https:\/\/doi.org\/10.1002\/psp.70029\">doi.org\/10.1002\/psp.70029<\/a><\/p>\n\n\n\n<p><\/p>\n\n\n\n<p class=\"has-extra-large-font-size\"><strong>2024<\/strong><\/p>\n\n\n\n<p>Kalm, K., Knapp, D. L., Tammaru, T., K\u00e4hrik, A., Leetmaa, K. 2024. <strong>Minorities moving out from minority-dense neighbourhoods: Does school ethnic context matter in inter-generational residential desegregation?<\/strong> <em>European Sociological Review<\/em> 40(2), 208\u2013225. DOI: <a href=\"https:\/\/doi.org\/10.1080\/02673037.2024.2392690\">https:\/\/doi.org\/10.1080\/02673037.2024.2392690<\/a><\/p>\n\n\n\n<p>Ubarevi\u010dien\u0117, R., Kalm, K., van Ham, M., \u017dinys, T., Kliimask, J., Tammaru, T. 2024. <strong>Residential mobility and new forms of spatial inequality in the settlement system: A comparative study of Estonia and Lithuania.<\/strong> <em>Environment and Planning B: Urban Analytics and City Science<\/em> 1\u201323. DOI: <a href=\"https:\/\/doi.org\/10.1177\/23998083241257013\">https:\/\/doi.org\/10.1177\/23998083241257013<\/a><\/p>\n\n\n\n<p>Ubarevi\u010dien\u0117, R., van Ham, M., Tammaru, T. 2024. <strong>Fifty years after the Schelling\u2019s models of megregation: Bibliometric analysis of the legacy of Schelling and the future directions of segregation research. <\/strong><em>Cities<\/em> 147, 104838. DOI: <a href=\"https:\/\/doi.org\/10.1016\/j.cities.2024.104838\">https:\/\/doi.org\/10.1016\/j.cities.2024.104838<\/a><\/p>\n\n\n\n<p>Torpan, K., Wessel, T., Chihaya, G. K., Sinitsyna, A., Tammaru, T. 2024. <strong>Migrant residential mobility and tenure transitions within different housing regimes: Evidence from three Nordic capital cities. <\/strong><em>Housing Studies<\/em> 1\u201322. DOI: <a href=\"https:\/\/doi.org\/10.1080\/02673037.2024.2392690\">https:\/\/doi.org\/10.1093\/esr\/jcad025<\/a><\/p>\n\n\n\n<p><strong>Silm, S., Tominga, A., Saidla, K., Poom, A., Tammaru, T.<\/strong> 2024. Socio-economic and residential differences in urban modality styles based on a long-term smartphone experiment. <em>Journal of Transport Geography<\/em> 115, 103810. DOI: <a href=\"https:\/\/doi.org\/10.1016\/j.jtrangeo.2024.103810\">https:\/\/doi.org\/10.1016\/j.jtrangeo.2024.103810<\/a><\/p>\n\n\n\n<div class=\"wp-block-group is-layout-constrained wp-block-group-is-layout-constrained\">\n<p class=\"has-regular-font-size\" style=\"font-style:normal;font-weight:100\">Chihaya, GK., Marci\u0144czak, S., Str\u00f6mgren, M., Lindgren, U., Tammaru, T. 2024. <strong>Trajectories of spatial assimilation or place stratification? A typology of residence and workplace histories of newly arrived migrants in Sweden.<\/strong> International Migration Review 56 (2), 433-462.\u00a0 DOI:\u00a0<a title=\"\" data-url=\"https:\/\/doi.org\/10.1177\/01979183211037314\" href=\"https:\/\/doi.org\/10.1177\/01979183211037314\" target=\"_blank\" rel=\"noopener\">10.1177\/01979183211037314<\/a><\/p>\n\n\n\n<p class=\"has-extra-large-font-size\"><strong>2023<\/strong><\/p>\n\n\n\n<p>Tammaru, T., Kliimask, J., Kalm, K., Z\u0101l\u012bte, J. 2023. <strong>Did pandemic introduce new features to counter-urban moves? Evidence from Estonia.<\/strong> <em>Journal of Rural Studies <\/em>97, 345\u2013355. DOI: <a href=\"https:\/\/doi.org\/10.1016\/j.jrurstud.2022.12.012\">https:\/\/doi.org\/10.1016\/j.jrurstud.2022.12.012<\/a><\/p>\n\n\n\n<p>Tammaru, T., Sevtsuk, A., Witlox, F. 2023. <strong>Towards an equity-centred model of sustainable mobility: Integrating inequality and segregation challenges in the green mobility transition.<\/strong><em> Journal of Transport Geography<\/em> 112, 103686. DOI: <a href=\"https:\/\/doi.org\/10.1016\/j.jtrangeo.2023.103686\">https:\/\/doi.org\/10.1016\/j.jtrangeo.2023.103686<\/a><\/p>\n\n\n\n<p>Knapp, D., Tammaru, T. Leetmaa, K., Kalm, K. 2023. <strong>Family, school, neighbourhood or all three: Differences in tertiary educational achievement among the Russian ethno-linguistic minority in Tallinn urban region.<\/strong> <em>Research in Social Stratification and Mobility<\/em> 87, 100845. DOI: <a href=\"https:\/\/doi.org\/10.1016\/j.rssm.2023.100845\">https:\/\/doi.org\/10.1016\/j.rssm.2023.100845<\/a><\/p>\n\n\n\n<p>Marci\u0144czak, S., Mooses, V., Str\u00f6mgren, M., Tammaru, T. 2023. <strong>A comparative study of immigrant-native segregation at multiple spatial scales in urban Europe.<\/strong> <em>Journal of Ethnic and Migration Studies<\/em> 49, 43\u201365. DOI: <a href=\"https:\/\/doi.org\/10.1080\/1369183X.2021.2008887\">https:\/\/doi.org\/10.1080\/1369183X.2021.2008887<\/a><\/p>\n\n\n\n<p class=\"has-extra-large-font-size\" style=\"font-style:normal;font-weight:100\"><strong>2022<\/strong><\/p>\n\n\n\n<p class=\"has-regular-font-size\" style=\"font-style:normal;font-weight:100\">Hess, D.B., V\u00e4iko, A., Tammaru, T. 2022. <strong>Effects of new construction and renovation on ethnic and social mixing in apartment buildings in Estonia.<\/strong> Town Planning Review, 93(4), 373\u2013400.\u00a0<\/p>\n\n\n\n<p class=\"has-regular-font-size\" style=\"font-style:normal;font-weight:100\">Leetmaa, K., Suitso, E.M., Kalm, K., Pastak, I., Tammaru, T. 2022. <strong>Gentrification as a micro-segregation phenomenon: social and spatial layers of Tallinn inner City<\/strong>. Vertical Cities (toimet. T. Maloutas), Edward Elgar Publishin, 219-236. DOI:\u00a0<a title=\"\" href=\"https:\/\/doi.org\/10.4337\/9781800886391.00025\" target=\"_blank\" rel=\"noopener\" data-url=\"https:\/\/doi.org\/10.4337\/9781800886391.00025\">10.4337\/9781800886391.00025<\/a><\/p>\n\n\n\n<p class=\"has-regular-font-size\" style=\"font-style:normal;font-weight:100\">M\u00fc\u00fcrisepp, K., J\u00e4rv, O., Tammaru, T., Toivonen, T. 2022. <strong>Activity spaces and big data sources in segregation research: A methodological review. <\/strong>Frontiers in Sustainable Cities, 46, 861640. DOI:\u00a0<a title=\"\" href=\"https:\/\/doi.org\/10.3389\/frsc.2022.861640\" target=\"_blank\" rel=\"noopener\" data-url=\"https:\/\/doi.org\/10.3389\/frsc.2022.861640\">10.3389\/frsc.2022.861640<\/a><\/p>\n\n\n\n<p class=\"has-regular-font-size\" style=\"font-style:normal;font-weight:100\">Puur, A., Rahnu, L., Tammaru, T. 2022. <strong>What is the association between the ethnic composition of neighbourhoods, workplaces and schools and the formation of mixed\u2010ethnic unions?<\/strong> Population, Space and Place 28 (1), e2504. DOI:\u00a0<a title=\"\" href=\"https:\/\/doi.org\/10.1002\/psp.2504\" target=\"_blank\" rel=\"noopener\" data-url=\"https:\/\/doi.org\/10.1002\/psp.2504\">10.1002\/psp.2504<\/a><\/p>\n\n\n\n<p class=\"has-regular-font-size\" style=\"font-style:normal;font-weight:100\">Tammaru, T., Kliimask, J., Kalm, K., Z\u0101l\u012bte, J. 2022. <strong>Did the pandemic bring new features to counter-urbanisation? Evidence from Estonia.<\/strong> Journal of Rural Studies 97, 345-355. DOI:\u00a0<a title=\"\" href=\"https:\/\/doi.org\/10.1016\/j.jrurstud.2022.12.012\" target=\"_blank\" rel=\"noopener\" data-url=\"https:\/\/doi.org\/10.1016\/j.jrurstud.2022.12.012\">10.1016\/j.jrurstud.2022.12.012<\/a><\/p>\n\n\n\n<p class=\"has-regular-font-size\" style=\"font-style:normal;font-weight:100\">Telve, K., Vill, K., Silm, S. 2022. <strong>Transnationalism in the digital age: Estonians connected to their country of origin via ICT<\/strong>. Journal of Baltic Studies, 1-19. DOI:\u00a0<a title=\"\" href=\"https:\/\/doi.org\/10.1080\/01629778.2022.2144395\" target=\"_blank\" rel=\"noopener\" data-url=\"https:\/\/doi.org\/10.1080\/01629778.2022.2144395\">10.1080\/01629778.2022.2144395<\/a><\/p>\n\n\n\n<p class=\"has-regular-font-size\" style=\"font-style:normal;font-weight:100\">Puura, A., Silm, S., Masso, A. 2022. <strong>Identifying relationships between personal social networks and spatial mobility: A study using smartphone tracing and related surveys.<\/strong> Social Networks 68, 306-317. DOI:\u00a0<a title=\"\" href=\"https:\/\/doi.org\/10.1016\/j.socnet.2021.08.008\" target=\"_blank\" rel=\"noopener\" data-url=\"https:\/\/doi.org\/10.1016\/j.socnet.2021.08.008\">10.1016\/j.socnet.2021.08.008<\/a><\/p>\n\n\n\n<p class=\"has-regular-font-size\" style=\"font-style:normal;font-weight:100\">Torpan, K., Sinitsyna, A., K\u00e4hrik, A., Kauppinen, T., Tammaru, T. (2022). <strong>Overlap of migrants\u2019 housing and neighbourhood mobility.<\/strong> Housing Studies, 37 (8), 1396-1421. DOI:\u00a0<a title=\"\" href=\"https:\/\/doi.org\/10.1080\/02673037.2020.1849574\" target=\"_blank\" rel=\"noopener\" data-url=\"https:\/\/doi.org\/10.1080\/02673037.2020.1849574\">10.1080\/02673037.2020.1849574<\/a>\u00a0<\/p>\n\n\n\n<p class=\"has-regular-font-size\" style=\"font-style:normal;font-weight:100\">Goel, R., Sharma, R., Aasa, A. (2021).\u00a0<strong>Understanding gender segregation through Call\u00a0Data Records: An Estonian case study.<\/strong> PLoS ONE, 16(3): e0248212. DOI: <a title=\"\" href=\"https:\/\/doi.org\/10.1371\/journal.pone.0248212\" target=\"_blank\" rel=\"noopener\" data-url=\"https:\/\/doi.org\/10.1371\/journal.pone.0248212\">10.1371\/journal.pone.0248212<\/a><\/p>\n\n\n\n<p class=\"has-extra-large-font-size\" style=\"font-style:normal;font-weight:100\"><strong>2021<\/strong><\/p>\n\n\n\n<p>Tammaru, T., Knapp, D., Silm, S., van Ham, M., Witlox, F. (2021). <strong>Spatial underpinnings of social inequalities: A vicious circles of segregation approach.<\/strong> Social Inclusion 9 (2), 65-76. DOI:<strong>\u00a0<\/strong><a href=\"https:\/\/doi.org\/10.17645\/si.v9i2.4345\">https:\/\/doi.org\/10.17645\/si.v9i2.4345<\/a><\/p>\n\n\n\n<p class=\"has-regular-font-size\" style=\"font-style:normal;font-weight:100\">Puur, A.,\u00a0Rahnu, L.,\u00a0Tammaru, T. (2021). <strong>Neighbourhoods and workplaces: are they related to the fertility of immigrants and their descendants? A register-based study of high-fertility groups in Finland, 1999\u20132014.<\/strong> Journal of International Migration and Integration. DOI:\u00a0<a title=\"\" data-url=\"https:\/\/doi.org\/10.1007\/s12134-020-00797-8\" href=\"https:\/\/doi.org\/10.1007\/s12134-020-00797-8\" target=\"_blank\" rel=\"noopener\">10.1007\/s12134-020-00797-8<\/a><\/p>\n\n\n\n<p class=\"has-extra-large-font-size\" style=\"font-style:normal;font-weight:100\"><strong>2020<\/strong><\/p>\n\n\n\n<p class=\"has-regular-font-size\" style=\"font-style:normal;font-weight:100\">van Ham, M.,\u00a0Uesugi, M.,\u00a0Tammaru, T.,\u00a0Manley, D.,\u00a0Janssen, H. (2020). <strong>Changing occupational structures and residential segregation in New York, London and Tokyo.<\/strong> Nature Human Behaviour, 4 (11), 1124\u22121134. DOI:\u00a0<a href=\"http:\/\/dx.doi.org\/10.1038\/s41562-020-0927-5\" target=\"_blank\" rel=\"noopener\">10.1038\/s41562-020-0927-5<\/a>.<\/p>\n\n\n\n<p class=\"has-regular-font-size\" style=\"font-style:normal;font-weight:100\">Torpan, K.,\u00a0Sinitsyna, A.,\u00a0Kahrik, A.,\u00a0Kauppinen, T.\u00a0M.,\u00a0Tammaru, T. (2020). <strong>Overlap of migrants\u2019 housing and neighbourhood mobility.<\/strong> Housing Studies. DOI:\u00a0<a href=\"http:\/\/dx.doi.org\/10.1080\/02673037.2020.1849574\" target=\"_blank\" rel=\"noopener\">10.1080\/02673037.2020.1849574<\/a>.<\/p>\n\n\n\n<p class=\"has-regular-font-size\" style=\"font-style:normal;font-weight:100\">Silm, S.; J\u00e4rv, O.; Masso, A. (2020). <strong>Tracing human mobilities through mobile phones.<\/strong> In: B\u00fcscher, M.; Freudendal-Pedersen, M.; Kesselring, S.; Grauslund Kristensen, N.\u00a0(Eds.). Handbook of Research Methods and Applications for Mobilities (182\u2212192). Edward Elgar Publishing. DOI: <a title=\"\" href=\"https:\/\/doi.org\/10.4337\/9781788115469\" target=\"_blank\" rel=\"noopener\" data-url=\"https:\/\/doi.org\/10.4337\/9781788115469\">10.4337\/9781788115469<\/a><\/p>\n\n\n\n<p class=\"has-regular-font-size\" style=\"font-style:normal;font-weight:100\"><span lang=\"ET\" style=\"border: nonewindowtext1.0pt; padding: 0cm;\"><span style=\"background: white;\"><span style=\"line-height: 107%;\">Mooses, V., Silm, S., Tammaru, T. <i>et al.<\/i><\/span><\/span><\/span><span lang=\"ET\"><span style=\"background: white;\"><span style=\"line-height: 107%;\"> (2020). <strong>An ethno-linguistic dimension in transnational activity space measured with mobile phone data.<\/strong> <span style=\"border: nonewindowtext1.0pt; ,sans-serif;padding: 0cm;\">Humanit Soc Sci Commun\u00a07, <\/span>140. DOI:<span style=\"color: #3a3a3a;\">\u00a0<\/span><\/span><\/span><\/span><a title=\"\" href=\"https:\/\/doi.org\/10.1057\/s41599-020-00627-3\" target=\"_blank\" rel=\"noopener\" data-url=\"https:\/\/doi.org\/10.1057\/s41599-020-00627-3\">10.1057\/s41599-020-00627-3<\/a><\/p>\n\n\n\n<p class=\"has-regular-font-size\" style=\"font-style:normal;font-weight:100\"><span lang=\"ET\" style=\"border: nonewindowtext1.0pt; padding: 0cm;\"><span style=\"background: white;\"><span style=\"line-height: 107%;\">J\u00e4rv, O., Masso, A., Silm, S., Ahas, R.<\/span><\/span><\/span> <span lang=\"ET\"><span style=\"background: white;\"><span style=\"line-height: 107%;\">(2020). <strong>The Link Between Ethnic Segregation and Socio\u2010Economic Status: An Activity Space Approach.<\/strong> <span style=\"border: nonewindowtext1.0pt; ,sans-serif;padding: 0cm;\">Tijdschrift voor Economische en Sociale Geografie<\/span>. DOI: <\/span><\/span><\/span><a title=\"\" href=\"https:\/\/doi.org\/10.1111\/tesg.12465\" target=\"_blank\" rel=\"noopener\" data-url=\"https:\/\/doi.org\/10.1111\/tesg.12465\">10.1111\/tesg.12465<\/a><\/p>\n\n\n\n<p class=\"has-regular-font-size\" style=\"font-style:normal;font-weight:100\"><span lang=\"ET\" style=\"border: nonewindowtext1.0pt; padding: 0cm;\"><span style=\"background: white;\"><span style=\"line-height: 107%;\">Silm, S., Jauhiainen, J. S., Raun, J., Tiru, M.<\/span><\/span><\/span><span lang=\"ET\"><span style=\"background: white;\"><span style=\"line-height: 107%;\"> (2020). <strong>Temporary population mobilities between Estonia and Finland based on mobile phone data and the emergence of a cross-border region.<\/strong> European Planning Studies. DOI: <\/span><\/span><\/span><a title=\"\" href=\"https:\/\/doi.org\/10.1080\/09654313.2020.1774514\" target=\"_blank\" rel=\"noopener\" data-url=\"https:\/\/doi.org\/10.1080\/09654313.2020.1774514\">10.1080\/09654313.2020.1774514<\/a><\/p>\n\n\n\n<p class=\"has-regular-font-size\" style=\"font-style:normal;font-weight:100\"><span lang=\"ET\" style=\"border: nonewindowtext1.0pt; padding: 0cm;\"><span style=\"background: white;\"><span style=\"line-height: 107%;\">Raun, J., Shoval, N., Tiru, M.<\/span><\/span><\/span><span lang=\"ET\"><span style=\"background: white;\"><span style=\"line-height: 107%;\"> (2020). <strong>Gateways for intra-national tourism flows: measured using two types of tracking technologies.<\/strong> International Journal of Tourism Cities. DOI: <\/span><\/span><\/span><a title=\"\" href=\"https:\/\/doi.org\/10.1108\/IJTC-08-2019-0123\" target=\"_blank\" rel=\"noopener\" data-url=\"https:\/\/doi.org\/10.1108\/IJTC-08-2019-0123\">10.1108\/IJTC-08-2019-0123<\/a><\/p>\n\n\n\n<p class=\"has-regular-font-size\" style=\"font-style:normal;font-weight:100\"><span lang=\"ET\" style=\"border: nonewindowtext1.0pt; padding: 0cm;\"><span style=\"background: white;\"><span style=\"line-height: 107%;\">Saluveer, E., Raun, J., Tiru, M., Altin, L., Kroon, J., Snitarenko, T., Aasa, A., Silm, S.<\/span><\/span><\/span><span lang=\"ET\"><span style=\"background: white;\"><span style=\"line-height: 107%;\"> (2020). <strong>Methodological framework for producing national tourism statistics from mobile positioning data.<\/strong>\u00a0Annals of Tourism Research, vol 81. DOI: <\/span><\/span><\/span><a title=\"\" href=\"https:\/\/doi.org\/10.1016\/j.annals.2020.102895\" target=\"_blank\" rel=\"noopener\" data-url=\"https:\/\/doi.org\/10.1016\/j.annals.2020.102895\">10.1016\/j.annals.2020.102895<\/a><\/p>\n\n\n\n<p class=\"has-regular-font-size\" style=\"font-style:normal;font-weight:100\">Rahnu, L.; Puur, A.; Kleinepier, T.; Tammaru, T.\u00a0(2020). <strong>The role of neighbourhood and workplace ethnic contexts in the formation of inter-ethnic partnerships: A native majority perspective.<\/strong> European journal of population = Revue europe\u0301enne de de\u0301mographie, 36, 247-276. DOI:\u00a0<a href=\"https:\/\/doi.org\/10.1007\/s10680-019-09528-x\" target=\"_blank\" rel=\"noopener\">10.1007\/s10680-019-09528-x<\/a><\/p>\n\n\n\n<p class=\"has-regular-font-size\" style=\"font-style:normal;font-weight:100\">Tammaru, T.; Marcinczak, S.; Aunap, R.; van Ham, M.; Janssen, H. (2020). <strong>Relationship between income inequality and residential segregation of socioeconomic groups.<\/strong> Regional Studies, 54:4, 450-461. DOI: <a href=\"https:\/\/doi.org\/10.1080\/00343404.2018.1540035\" target=\"_blank\" rel=\"noopener\">10.1080\/00343404.2018.1540035<\/a>\u00a0<\/p>\n\n\n\n<p class=\"has-regular-font-size\" style=\"font-style:normal;font-weight:100\">Marci\u0144czak, S.; Hess, D.B (2020). <strong>Vertical segregation of apartment building dwellers during late state socialism in Bucharest, Romania.<\/strong> Urban Geography, 41:6, 823-848. DOI:<a href=\"https:\/\/doi.org\/10.1080\/02723638.2019.1697550\" target=\"_blank\" rel=\"noopener\">10.1080\/02723638.2019.1697550<\/a>\u00a0<\/p>\n\n\n\n<hr class=\"wp-block-separator has-alpha-channel-opacity\">\n\n\n\n<h2 class=\"wp-block-heading\" id=\"books\">Edited books<\/h2>\n\n\n\n<p class=\"has-regular-font-size\" style=\"font-style:normal;font-weight:100\"><a><span style=\"color: #000000;\">van Ham, M.; Tammaru, T.; Ubarevi\u010dien\u0117, R.; Janssen, H. (Eds.) 2020. <strong>Urban Socio-Economic Segregation and Income Inequality. A Global Perspective.<\/strong> Springer: Springer International Publishing.\u00a0DOI: 10.1007\/978-3-030-64569-4.<\/span><\/a><\/p>\n<\/div>\n\n\n\n<hr class=\"wp-block-separator has-alpha-channel-opacity\">\n\n\n\n<h2 class=\"wp-block-heading\" id=\"thesis\">PhD Thesis<\/h2>\n\n\n\n<p><\/p>\n\n\n\n<p>Anastasia Sinitsyna 2024. <strong>Links Between Segregation Processes on the Labour and Housing Markets: Evidence From Finland<\/strong>. (PhD thesis, University of Tartu).\u00a0University of Tartu Press. <a href=\"https:\/\/dspace.ut.ee\/server\/api\/core\/bitstreams\/08f12bdb-a7cb-407b-ac13-d12ce18ae052\/content\">Full text<\/a><\/p>\n\n\n\n<p>David Leonard Kanpp 2024. <strong>The Relationship Between Residential Segregation, School Segregation, and Family Context.<\/strong> (PhD thesis, University of Tartu).\u00a0University of Tartu Press. <a href=\"https:\/\/dspace.ut.ee\/server\/api\/core\/bitstreams\/e43f8362-236b-483c-8ab4-f705e8c09c9b\/content\">Full text<\/a><\/p>\n\n\n\n<p class=\"has-regular-font-size\" style=\"font-style:normal;font-weight:100\">Puura, Anniki (2022).\u00a0<strong>Relationships between personal social networks and spatial mobility with mobile phone data<\/strong>.\u00a0(PhD thesis, University of Tartu).\u00a0University of Tartu Press. <a title=\"\" href=\"https:\/\/dspace.ut.ee\/bitstream\/handle\/10062\/76073\/puura_anniki.pdf?sequence=1&amp;isAllowed=y\" target=\"_blank\" rel=\"noopener\" data-url=\"https:\/\/dspace.ut.ee\/bitstream\/handle\/10062\/76073\/puura_anniki.pdf?sequence=1&amp;isAllowed=y\">Full text<\/a><\/p>\n\n\n\n<p class=\"has-regular-font-size\" style=\"font-style:normal;font-weight:100\">Mooses, Veronika (2021).\u00a0<strong>Towards a more comprehensive understanding of ethnic segregation: activity space and the vicious circle of segregation<\/strong>.\u00a0(PhD thesis, University of Tartu).\u00a0University of Tartu Press. <a title=\"\" href=\"https:\/\/dspace.ut.ee\/bitstream\/handle\/10062\/71907\/mooses_veronika.pdf?sequence=1&amp;isAllowed=y\" target=\"_blank\" rel=\"noopener\" data-url=\"https:\/\/dspace.ut.ee\/bitstream\/handle\/10062\/71907\/mooses_veronika.pdf?sequence=1&amp;isAllowed=y\">Full text<\/a><\/p>\n\n\n\n<p class=\"has-regular-font-size\" style=\"font-style:normal;font-weight:100\">Pastak, Ingmar (2021).\u00a0<strong>Gentrification and displacement of long-term residents in post-industrial neighbourhoods of Tallinn<\/strong>.\u00a0(PhD thesis, University of Tartu).\u00a0University of Tartu Press. <a title=\"\" href=\"https:\/\/dspace.ut.ee\/bitstream\/handle\/10062\/71881\/pastak_ingmar.pdf?sequence=1&amp;isAllowed=y\" target=\"_blank\" rel=\"noopener\" data-url=\"https:\/\/dspace.ut.ee\/bitstream\/handle\/10062\/71881\/pastak_ingmar.pdf?sequence=1&amp;isAllowed=y\">Full text<\/a><\/p>\n\n\n\n<p class=\"has-regular-font-size\" style=\"font-style:normal;font-weight:100\">Raun, Janika (2020).\u00a0<strong>Mobile positioning data for tourism destination studies and statistics<\/strong>.\u00a0(PhD thesis, University of Tartu).\u00a0University of Tartu Press. <a title=\"\" href=\"https:\/\/dspace.ut.ee\/bitstream\/handle\/10062\/67430\/raun_janika.pdf\" target=\"_blank\" rel=\"noopener\" data-url=\"https:\/\/dspace.ut.ee\/bitstream\/handle\/10062\/67430\/raun_janika.pdf\">Full text<\/a><\/p>\n\n\n\n<p class=\"has-regular-font-size\" style=\"font-style:normal;font-weight:100\">Kukk, Kristiina (2019). <strong>Understanding the Vicious Circle of Segregation.<\/strong> (PhD thesis, University of Tartu).\u00a0University of Tartu Press.\u00a0<a title=\"\" href=\"https:\/\/dspace.ut.ee\/bitstream\/handle\/10062\/63702\/kukk_kristiina.pdf?\" target=\"_blank\" rel=\"noopener\" data-url=\"https:\/\/dspace.ut.ee\/bitstream\/handle\/10062\/63702\/kukk_kristiina.pdf?\">Full text<\/a><\/p>\n\n\n\n<p class=\"has-regular-font-size\" style=\"font-style:normal;font-weight:100\">Metspalu, Pille\u00a0(2019). <strong>The Changing Role of the Planner. Implications of Creative Pragmatism in Estonian Spatial Planning.<\/strong> (PhD thesis, University of Tartu).\u00a0University of Tartu Press. <a title=\"\" href=\"https:\/\/dspace.ut.ee\/bitstream\/handle\/10062\/65147\/metspalu_pille.pdf\" target=\"_blank\" rel=\"noopener\" data-url=\"https:\/\/dspace.ut.ee\/bitstream\/handle\/10062\/65147\/metspalu_pille.pdf\">Full text<\/a><\/p>\n","protected":false},"excerpt":{"rendered":"<p>Scientific articles 2025 M\u00fc\u00fcrisepp, K., Manninen, M., Bernelius, V., Tammaru, T., Toivonen, T., J\u00e4rv, O. 2025. Spatial integration or isolation? Capturing the rhythms of daily lives across neighbourhoods in Helsinki using mobile phone data. Population, Space and Place 31(1), e70029. &#8230;<\/p>\n","protected":false},"author":138,"featured_media":0,"parent":0,"menu_order":0,"comment_status":"closed","ping_status":"closed","template":"","meta":{"_acf_changed":false,"inline_featured_image":false,"footnotes":""},"class_list":["post-6","page","type-page","status-publish","hentry"],"acf":[],"_links":{"self":[{"href":"https:\/\/sisu.ut.ee\/circle-of-segregation\/wp-json\/wp\/v2\/pages\/6","targetHints":{"allow":["GET"]}}],"collection":[{"href":"https:\/\/sisu.ut.ee\/circle-of-segregation\/wp-json\/wp\/v2\/pages"}],"about":[{"href":"https:\/\/sisu.ut.ee\/circle-of-segregation\/wp-json\/wp\/v2\/types\/page"}],"author":[{"embeddable":true,"href":"https:\/\/sisu.ut.ee\/circle-of-segregation\/wp-json\/wp\/v2\/users\/138"}],"replies":[{"embeddable":true,"href":"https:\/\/sisu.ut.ee\/circle-of-segregation\/wp-json\/wp\/v2\/comments?post=6"}],"version-history":[{"count":30,"href":"https:\/\/sisu.ut.ee\/circle-of-segregation\/wp-json\/wp\/v2\/pages\/6\/revisions"}],"predecessor-version":[{"id":433,"href":"https:\/\/sisu.ut.ee\/circle-of-segregation\/wp-json\/wp\/v2\/pages\/6\/revisions\/433"}],"wp:attachment":[{"href":"https:\/\/sisu.ut.ee\/circle-of-segregation\/wp-json\/wp\/v2\/media?parent=6"}],"curies":[{"name":"wp","href":"https:\/\/api.w.org\/{rel}","templated":true}]}}