{"id":4,"date":"2024-04-04T04:56:15","date_gmt":"2024-04-04T01:56:15","guid":{"rendered":"https:\/\/sisu.ut.ee\/circle-of-segregation\/team\/"},"modified":"2024-12-31T01:54:43","modified_gmt":"2024-12-30T23:54:43","slug":"team","status":"publish","type":"page","link":"https:\/\/sisu.ut.ee\/circle-of-segregation\/team\/","title":{"rendered":"THE TEAM"},"content":{"rendered":"<p>\u00a0<\/p>\n\n\n\n<h3 class=\"wp-block-heading\">Principal investigator<\/h3>\n\n\n<div class=\"person-card border rounded p-2 pb-4 mb-4\">\n\t<div class=\"d-flex \">\n\t\t\t\t\t<img loading=\"lazy\" decoding=\"async\" width=\"150\" height=\"150\" src=\"https:\/\/sisu.ut.ee\/wp-content\/uploads\/sites\/344\/tammaru-150x150.jpg\" class=\"flex-shrink-0 object-fit-cover person-card__image img-fluid rounded mb-2 me-2\" alt=\"\">\n\t\t\t\t<div class=\"person-card__info\">\n\t\t\t\t\t\t\t<h3 class=\"h4 mb-2\">Tiit Tammaru<\/h3>\n\t\t\t\t\t\t\t\t\t\t<div class=\"mb-2\">\n\t\t\t\t\t<p>Professor<br>\nUniversity of Tartu, Faculty of Science and Technology, Institute of Ecology and Earth Sciences<\/p>\n<p><a href=\"https:\/\/www.etis.ee\/CV\/Tiit_Tammaru\/est?lang=ENG&amp;tabId=CV_ENG\" target=\"_blank\">ETIS<\/a><\/p>\n\n\t\t\t\t<\/div>\n\t\t\t\t\t\t\t\t\t\t\t\t\t\t\t\t<a href=\"mailto:tiit.tammaru@ut.ee\" class=\"mb-0\">tiit.tammaru@ut.ee<\/a>\n\t\t\t\t\t<\/div>\n\t<\/div>\n\t<\/div>\n\n\n\n<h3 class=\"wp-block-heading\">Senior research staff<\/h3>\n\n\n<div class=\"person-card border rounded p-2 pb-4 mb-4\">\n\t<div class=\"d-flex \">\n\t\t\t\t\t<img loading=\"lazy\" decoding=\"async\" width=\"150\" height=\"150\" src=\"https:\/\/sisu.ut.ee\/wp-content\/uploads\/sites\/344\/Anneli-Kahrik-150x150.png\" class=\"flex-shrink-0 object-fit-cover person-card__image img-fluid rounded mb-2 me-2\" alt=\"\">\n\t\t\t\t<div class=\"person-card__info\">\n\t\t\t\t\t\t\t<h3 class=\"h4 mb-2\">Anneli K\u00e4hrik<\/h3>\n\t\t\t\t\t\t\t\t\t\t<div class=\"mb-2\">\n\t\t\t\t\t<p>Associate Professor in Urban Geography<br>\nUniversity of Tartu, Faculty of Science and Technology, Institute of Ecology and Earth Sciences<\/p>\n<p><a href=\"https:\/\/www.etis.ee\/CV\/Anneli_K%C3%A4hrik\/eng\/\" target=\"_blank\">ETIS<\/a><\/p>\n\n\t\t\t\t<\/div>\n\t\t\t\t\t\t\t\t\t\t\t\t\t\t\t\t<a href=\"mailto:anneli.kahrik@ut.ee\" class=\"mb-0\">anneli.kahrik@ut.ee<\/a>\n\t\t\t\t\t<\/div>\n\t<\/div>\n\t<\/div>\n\n\n<div class=\"person-card border rounded p-2 pb-4 mb-4\">\n\t<div class=\"d-flex \">\n\t\t\t\t\t<img loading=\"lazy\" decoding=\"async\" width=\"150\" height=\"150\" src=\"https:\/\/sisu.ut.ee\/wp-content\/uploads\/sites\/344\/kadi-kalm-150x150.jpg\" class=\"flex-shrink-0 object-fit-cover person-card__image img-fluid rounded mb-2 me-2\" alt=\"\">\n\t\t\t\t<div class=\"person-card__info\">\n\t\t\t\t\t\t\t<h3 class=\"h4 mb-2\">Kadi Kalm<\/h3>\n\t\t\t\t\t\t\t\t\t\t<div class=\"mb-2\">\n\t\t\t\t\t<p>Research Fellow of Human Geography<br>\nUniversity of Tartu, Faculty of Science and Technology, Institute of Ecology and Earth Sciences<\/p>\n<p><a href=\"https:\/\/www.etis.ee\/CV\/Kadi_M%C3%A4gi\/eng\/\" target=\"_blank\">ETIS<\/a><\/p>\n\n\t\t\t\t<\/div>\n\t\t\t\t\t\t\t\t\t\t\t\t\t\t\t\t<a href=\"mailto:kadi.kalm@ut.ee\" class=\"mb-0\">kadi.kalm@ut.ee<\/a>\n\t\t\t\t\t<\/div>\n\t<\/div>\n\t<\/div>\n\n\n<div class=\"person-card border rounded p-2 pb-4 mb-4\">\n\t<div class=\"d-flex \">\n\t\t\t\t\t<img loading=\"lazy\" decoding=\"async\" width=\"150\" height=\"150\" src=\"https:\/\/sisu.ut.ee\/wp-content\/uploads\/sites\/344\/Anto-Aasa-150x150.png\" class=\"flex-shrink-0 object-fit-cover person-card__image img-fluid rounded mb-2 me-2\" alt=\"\">\n\t\t\t\t<div class=\"person-card__info\">\n\t\t\t\t\t\t\t<h3 class=\"h4 mb-2\">Anto Aasa<\/h3>\n\t\t\t\t\t\t\t\t\t\t<div class=\"mb-2\">\n\t\t\t\t\t<p>Associate Professor in Human Geography<br>\nUniversity of Tartu, Faculty of Science and Technology, Institute of Ecology and Earth Sciences<\/p>\n<p><a href=\"https:\/\/www.etis.ee\/CV\/Anto_Aasa\/eng\/\" target=\"_blank\">ETIS<\/a><\/p>\n\n\t\t\t\t<\/div>\n\t\t\t\t\t\t\t\t\t\t\t\t\t\t\t\t<a href=\"mailto:anto.aasa@ut.ee\" class=\"mb-0\">anto.aasa@ut.ee<\/a>\n\t\t\t\t\t<\/div>\n\t<\/div>\n\t<\/div>\n\n\n<div class=\"person-card border rounded p-2 pb-4 mb-4\">\n\t<div class=\"d-flex \">\n\t\t\t\t\t<img loading=\"lazy\" decoding=\"async\" width=\"150\" height=\"150\" src=\"https:\/\/sisu.ut.ee\/wp-content\/uploads\/sites\/344\/Janika-Raun-150x150.jpg\" class=\"flex-shrink-0 object-fit-cover person-card__image img-fluid rounded mb-2 me-2\" alt=\"\">\n\t\t\t\t<div class=\"person-card__info\">\n\t\t\t\t\t\t\t<h3 class=\"h4 mb-2\">Janika Raun<\/h3>\n\t\t\t\t\t\t\t\t\t\t<div class=\"mb-2\">\n\t\t\t\t\t<p>Research Fellow in Tourism Geography<br>\nUniversity of Tartu, Faculty of Science and Technology, Institute of Ecology and Earth Sciences<\/p>\n<p><a title=\"\" href=\"https:\/\/www.etis.ee\/CV\/Janika_Raun\/eng\/\" target=\"_blank\">ETIS<\/a><\/p>\n\n\t\t\t\t<\/div>\n\t\t\t\t\t\t\t\t\t\t\t\t\t\t\t\t<a href=\"mailto:janika.raun@ut.ee\" class=\"mb-0\">janika.raun@ut.ee<\/a>\n\t\t\t\t\t<\/div>\n\t<\/div>\n\t<\/div>\n\n\n\n<h3 class=\"wp-block-heading\">Research staff<\/h3>\n\n\n<div class=\"person-card border rounded p-2 pb-4 mb-4\">\n\t<div class=\"d-flex \">\n\t\t\t\t\t<img loading=\"lazy\" decoding=\"async\" width=\"150\" height=\"150\" src=\"https:\/\/sisu.ut.ee\/wp-content\/uploads\/sites\/344\/Anastasia-Sinitsyna-03-150x150.jpg\" class=\"flex-shrink-0 object-fit-cover person-card__image img-fluid rounded mb-2 me-2\" alt=\"\">\n\t\t\t\t<div class=\"person-card__info\">\n\t\t\t\t\t\t\t<h3 class=\"h4 mb-2\">Anastasia Sinitsyna<\/h3>\n\t\t\t\t\t\t\t\t\t\t<div class=\"mb-2\">\n\t\t\t\t\t<p>University of Tartu<\/p>\n<p><a title=\"\" href=\"https:\/\/www.etis.ee\/CV\/Anastasia_Sinitsyna001\/eng\/\" target=\"_blank\">ETIS<\/a><\/p>\n\n\t\t\t\t<\/div>\n\t\t\t\t\t\t\t\t\t\t\t\t\t\t\t\t<a href=\"mailto:anastasia.sinitsyna@ut.ee\" class=\"mb-0\">anastasia.sinitsyna@ut.ee<\/a>\n\t\t\t\t\t<\/div>\n\t<\/div>\n\t<\/div>\n\n\n<div class=\"person-card border rounded p-2 pb-4 mb-4\">\n\t<div class=\"d-flex \">\n\t\t\t\t\t<img loading=\"lazy\" decoding=\"async\" width=\"150\" height=\"150\" src=\"https:\/\/sisu.ut.ee\/wp-content\/uploads\/sites\/344\/JanisZalite-150x150.png\" class=\"flex-shrink-0 object-fit-cover person-card__image img-fluid rounded mb-2 me-2\" alt=\"\">\n\t\t\t\t<div class=\"person-card__info\">\n\t\t\t\t\t\t\t<h3 class=\"h4 mb-2\">J\u0101nis Z\u0101l\u012bte<\/h3>\n\t\t\t\t\t\t\t\t\t\t<div class=\"mb-2\">\n\t\t\t\t\t<p>Junior Research Fellow of Human Geography<br>\nUniversity of Tartu, Faculty of Science and Technology, Institute of Ecology and Earth Sciences<\/p>\n<p><a title=\"\" href=\"https:\/\/www.etis.ee\/CV\/Janis_Zalite\/eng\/\" target=\"_blank\">ETIS<\/a><\/p>\n\n\t\t\t\t<\/div>\n\t\t\t\t\t\t\t\t\t\t\t\t\t\t\t\t<a href=\"mailto:janis.zalite@ut.ee\" class=\"mb-0\">janis.zalite@ut.ee<\/a>\n\t\t\t\t\t<\/div>\n\t<\/div>\n\t<\/div>\n","protected":false},"excerpt":{"rendered":"<p>\u00a0 Principal investigator Senior research staff Research staff<\/p>\n","protected":false},"author":138,"featured_media":0,"parent":0,"menu_order":0,"comment_status":"closed","ping_status":"closed","template":"","meta":{"_acf_changed":false,"inline_featured_image":false,"footnotes":""},"class_list":["post-4","page","type-page","status-publish","hentry"],"acf":[],"_links":{"self":[{"href":"https:\/\/sisu.ut.ee\/circle-of-segregation\/wp-json\/wp\/v2\/pages\/4","targetHints":{"allow":["GET"]}}],"collection":[{"href":"https:\/\/sisu.ut.ee\/circle-of-segregation\/wp-json\/wp\/v2\/pages"}],"about":[{"href":"https:\/\/sisu.ut.ee\/circle-of-segregation\/wp-json\/wp\/v2\/types\/page"}],"author":[{"embeddable":true,"href":"https:\/\/sisu.ut.ee\/circle-of-segregation\/wp-json\/wp\/v2\/users\/138"}],"replies":[{"embeddable":true,"href":"https:\/\/sisu.ut.ee\/circle-of-segregation\/wp-json\/wp\/v2\/comments?post=4"}],"version-history":[{"count":29,"href":"https:\/\/sisu.ut.ee\/circle-of-segregation\/wp-json\/wp\/v2\/pages\/4\/revisions"}],"predecessor-version":[{"id":339,"href":"https:\/\/sisu.ut.ee\/circle-of-segregation\/wp-json\/wp\/v2\/pages\/4\/revisions\/339"}],"wp:attachment":[{"href":"https:\/\/sisu.ut.ee\/circle-of-segregation\/wp-json\/wp\/v2\/media?parent=4"}],"curies":[{"name":"wp","href":"https:\/\/api.w.org\/{rel}","templated":true}]}}