{"id":10,"date":"2024-04-04T04:56:15","date_gmt":"2024-04-04T01:56:15","guid":{"rendered":"https:\/\/sisu.ut.ee\/circle-of-segregation\/media\/"},"modified":"2025-04-12T10:33:42","modified_gmt":"2025-04-12T07:33:42","slug":"media","status":"publish","type":"page","link":"https:\/\/sisu.ut.ee\/circle-of-segregation\/media\/","title":{"rendered":"MEDIA"},"content":{"rendered":"<h2 class=\"wp-block-heading\"><strong>News and Opinions<\/strong><\/h2>\n\n\n\n<p><\/p>\n\n\n\n<p class=\"has-dark-color has-text-color has-link-color has-extra-large-font-size wp-elements-b53774cd8f8b73dc220d11276c776db8\"><\/p>\n\n\n\n<p class=\"has-extra-large-font-size\"><strong>2025<\/strong><\/p>\n\n\n\n<p><\/p>\n\n\n\n<p><a href=\"https:\/\/vikerraadio.err.ee\/1609644068\/reporteritund-kas-eestisse-peaks-lubama-rohkem-valistoojoudu\/8a1c28cac7868c61b61b21be8a1acfed?fbclid=IwY2xjawJm9oFleHRuA2FlbQIxMQABHkZyAy3cLo5OBsbBnlXvCYf7CJrpHbytr9x2OmIPT7jhLliIVUu76bEQWBY4_aem_yXMOAA2PQ5tJ9qMMAB3uYQ\">Tammaru, T. Reporteritund. Kas Eestisse peaks lubama rohkem v\u00e4list\u00f6\u00f6j\u00f5udu? 08. aprill 2025<\/a><\/p>\n\n\n\n<p><a href=\"https:\/\/arhiiv.err.ee\/video\/vaata\/mis-varvi-on-majandus-11-491205\">Tammaru, T. Mis v\u00e4rvi on majandus. 11. osa. 31. m\u00e4rts 2025<\/a><\/p>\n\n\n\n<p><a href=\"https:\/\/vikerraadio.err.ee\/1609589370\/reporteritund-kas-demograafilisi-trende-eestis-on-voimalik-muuta\">Tammaru, T. Reporteritund. Kas demograafilisi trende Eestis on v\u00f5imalik muuta?, 11. veebruar 2025<\/a><\/p>\n\n\n\n<p><a href=\"https:\/\/arvamus.postimees.ee\/8170087\/tiit-tammaru-kas-kodukontor-oli-ajutine-nahe-voi-ta-on-tulnud-et-jaada\">Tammaru, T. Kas kodukontor oli ajutine n\u00e4he v\u00f5i ta on tulnud, et j\u00e4\u00e4da? Postimees, 10. jaanuar 2025<\/a><\/p>\n\n\n\n<h2 class=\"wp-block-heading\"><strong>2024\u00a0<\/strong><\/h2>\n\n\n\n<p><\/p>\n\n\n\n<p>Tammaru, T. Kuue samba taga: Mis paneb inimesi r\u00e4ndama? Kuku raadio, 22. jaanuar 2024<\/p>\n\n\n\n<p>Tammaru, T. Intervjuu: Inimgeograaf: ebav\u00f5rdsus on Tallinnas v\u00f5rreldes muu maailmaga leebe, Novaator, 10. veebruar 2024<\/p>\n\n\n\n<p>Labor: Eraldumus ja erilisus, ERR, 18. veebruar 2024<\/p>\n\n\n\n<p>Tammaru, T. Kuidas kiirendada hoonete renoveerimist? Postimees, 22. veebruar 2024<\/p>\n\n\n\n<p>Tammaru, T. Video: \u201eSiit peaks kesklinna arendamisel eeskuju v\u00f5tma.\u201c Saage tuttavaks Eesti tihedaima asustusega kohaga Lasnam\u00e4el, Delfi, 11. september 2024<\/p>\n\n\n\n<p>Tammaru, T. Hariduslik ebav\u00f5rdsus Eestis, Terevisioon, 24. oktoober 2024<\/p>\n\n\n\n<p>Tammaru, T.  Intervjuu: K\u00f5ikide haridusprobleemide lahendamist ei saa panna \u00f5petajate \u00f5lule, \u00d5petajate Leht, 5. november 2024<\/p>\n\n\n\n<p>Tammaru, T, Professorid korraldavad Toompeal akadeemilise tulev\u00e4rgi, 12. detsember 2024, <a href=\"https:\/\/teadus.postimees.ee\/7668872\/professorid-korraldavad-toompeal-akadeemilise-tulevargi\">https:\/\/teadus.postimees.ee\/7668872\/professorid-korraldavad-toompeal-akadeemilise-tulevargi<\/a><\/p>\n\n\n\n<hr class=\"wp-block-separator has-alpha-channel-opacity\">\n\n\n\n<h3 class=\"wp-block-heading\"><strong>2021\u00a0<\/strong><\/h3>\n\n\n\n<div class=\"wp-block-group is-layout-constrained wp-block-group-is-layout-constrained\">\n<p>Aasa, A. Mobiiltelefonid aitavad v\u00f5idelda koroonaviiruse levikuga.\u00a0<em>Sirp<\/em>, 12.02.2021,\u00a0<a title=\"\" href=\"https:\/\/www.sirp.ee\/s1-artiklid\/c21-teadus\/mobiiltelefonid-aitavad-voidelda-koroonaviiruse-levikuga\/\" target=\"_blank\" rel=\"noopener\" data-url=\"https:\/\/www.sirp.ee\/s1-artiklid\/c21-teadus\/mobiiltelefonid-aitavad-voidelda-koroonaviiruse-levikuga\/\">https:\/\/www.sirp.ee\/s1-artiklid\/c21-teadus\/mobiiltelefonid-aitavad-voidelda-koroonaviiruse-levikuga\/<\/a>\u00a0<\/p>\n\n\n\n<p>Tammaru, T. Milline on ebav\u00f5rdseim suurlinn maailmas?<em> Arvamus.postimees.ee<\/em>, 24.04.2021,\u00a0https:\/\/arvamus.postimees.ee\/7232154\/tiit-tammaru-milline-on-ebavordseim-suurlinn-maailmas<\/p>\n\n\n\n<p>Pastak, I.\u00a0P\u00f5hja-Tallinn keskklassistub: Kopli on \u00fcha kirjum, Kalamaja \u00fchetaolisem. <em>Novaator.err.ee<\/em>, 16.06.2021,\u00a0https:\/\/novaator.err.ee\/1608247854\/pohja-tallinn-keskklassistub-kopli-on-uha-kirjum-kalamaja-uhetaolisem<\/p>\n\n\n\n<p>Maran, K.\u00a0Doktorit\u00f6\u00f6: eestlased ja venelased liiguvad segregatsiooni n\u00f5iaringis. <em>Teadus.postimees.ee<\/em>, 10.07.2021,\u00a0https:\/\/teadus.postimees.ee\/7289672\/doktoritoo-eestlased-ja-venelased-liiguvad-segregatsiooni-noiaringis<\/p>\n\n\n\n<p>Silm, S., Mooses, V.\u00a0Videoloeng: kuidas liiguvad Eesti erinevad rahvusr\u00fchmad? <em>Novaator.err.ee<\/em>, 15.10.2021,\u00a0https:\/\/novaator.err.ee\/1608370788\/videoloeng-kuidas-liiguvad-eesti-erinevad-rahvusruhmad<\/p>\n<\/div>\n\n\n\n<hr class=\"wp-block-separator has-alpha-channel-opacity\">\n\n\n\n<h3 class=\"wp-block-heading\"><strong>2020<\/strong><\/h3>\n\n\n\n<div class=\"wp-block-group is-layout-constrained wp-block-group-is-layout-constrained\">\n<p>Tammaru,\u00a0T.,\u00a0Kalm, K. Kui rajakski Lasnam\u00e4ele venelinna?\u00a0<em>Eesti P\u00e4evaleht<\/em>,\u00a004.03.2020, pp.\u00a02-3 (<a title=\"\" href=\"https:\/\/epl.delfi.ee\/artikkel\/89114469\/tiit-tammaru-kadi-kalm-kui-rajakski-lasnamaele-venelinna\" target=\"_blank\" rel=\"noopener\" data-url=\"https:\/\/epl.delfi.ee\/artikkel\/89114469\/tiit-tammaru-kadi-kalm-kui-rajakski-lasnamaele-venelinna\">web news<\/a>).\u00a0<\/p>\n\n\n\n<p>Tammaru, T.\u00a0Viiruse ruumilise leviku t\u00f5kestamise kolm v\u00f5tmeteemat.\u00a0<em>Err.ee<\/em>, 26.03.2020,\u00a0<a href=\"https:\/\/www.err.ee\/1068859\/tiit-tammaru-viiruse-ruumilise-leviku-tokestamise-kolm-votmeteemat\" target=\"_blank\" rel=\"noreferrer noopener\">https:\/\/www.err.ee\/1068859\/tiit-tammaru-viiruse-ruumilise-leviku-tokestamise-kolm-votmeteemat<\/a>\u00a0\u00a0<\/p>\n\n\n\n<p>Roos, K. Rahvastikuteadlane: Eesti suuremates linnades on viiruse levik seni kontrolli all.\u00a0<em>Linnaleht<\/em>, 03.04.2020, pp.\u00a08.\u00a0\u00a0<\/p>\n\n\n\n<p>Suviste, M. Professor: kriisi ajal otsitakse pelgupaika.\u00a0<em>L\u00f5una-Eesti Postimees<\/em>, 03.04.2020, pp.\u00a02 (<a title=\"\" href=\"https:\/\/lounapostimees.postimees.ee\/6940719\/professor-kriisi-ajal-otsitakse-pelgupaika\" target=\"_blank\" rel=\"noopener\" data-url=\"https:\/\/lounapostimees.postimees.ee\/6940719\/professor-kriisi-ajal-otsitakse-pelgupaika\">web news<\/a>).\u00a0\u00a0<\/p>\n\n\n\n<p>Tammaru,\u00a0T.,\u00a0Aasa,\u00a0A.,\u00a0Saluveer, E., Vasar, E.,\u00a0Tominga, A. Koroonadetektiivide anal\u00fc\u00fcs: kuidas j\u00f5udis viirus Wuhanist\u00a0W\u00f5rru.\u00a0<em>Postimees<\/em>, 10.04.2020,\u00a0<a href=\"https:\/\/majandus24.postimees.ee\/6943194\/koroonadetektiivide-analuus-kuidas-joudis-viirus-wuhanist-worru\" target=\"_blank\" rel=\"noreferrer noopener\">https:\/\/majandus24.postimees.ee\/6943194\/koroonadetektiivide-analuus-kuidas-joudis-viirus-wuhanist-worru<\/a>\u00a0\u00a0<\/p>\n\n\n\n<p>Orru, K., Silm, S. Kuidas \u00fchiskond mobiilpositsioneerimisest v\u00f5idaks.\u00a0<em>Postimees<\/em>, 17.04.2020,\u00a0<a href=\"https:\/\/leht.postimees.ee\/6951548\/tu-teadlased-kuidas-uhiskond-mobiilpositsioneerimisest-voidaks\" target=\"_blank\" rel=\"noreferrer noopener\">https:\/\/leht.postimees.ee\/6951548\/tu-teadlased-kuidas-uhiskond-mobiilpositsioneerimisest-voidaks<\/a>\u00a0\u00a0<\/p>\n\n\n\n<p>Minnik, T. Professor Tiit Tammaru: mingist massir\u00e4ndest Eestisse r\u00e4\u00e4kida ei saa.\u00a0<em>Forte.delfi.ee<\/em>, 04.06.2020,\u00a0<a href=\"https:\/\/forte.delfi.ee\/artikkel\/90069031\/intervjuu-professor-tiit-tammaru-mingist-massirandest-eestisse-raakida-ei-saa\" target=\"_blank\" rel=\"noreferrer noopener\">https:\/\/forte.delfi.ee\/artikkel\/90069031\/intervjuu-professor-tiit-tammaru-mingist-massirandest-eestisse-raakida-ei-saa<\/a>?\u00a0\u00a0<\/p>\n\n\n\n<p>Koorits, V. Tallinna venestumine on m\u00fc\u00fct. Enamust hoiavad pealinnas eestlased.\u00a0<em>Eesti P\u00e4evaleht<\/em>, 08.07.2020, pp.\u00a04-5\u00a0(<a title=\"\" href=\"https:\/\/epl.delfi.ee\/artikkel\/90385629\/graafikud-tallinna-venestumine-on-muut-enamust-hoiavad-pealinnas-eestlased?\" target=\"_blank\" rel=\"noopener\" data-url=\"https:\/\/epl.delfi.ee\/artikkel\/90385629\/graafikud-tallinna-venestumine-on-muut-enamust-hoiavad-pealinnas-eestlased?\">web news<\/a>).\u00a0\u00a0<\/p>\n\n\n\n<p>Tikk, M., Aasa, A. Kuidas hinnata isendite ja isendir\u00fchmade arvu?\u00a0<em>Eesti Loodus<\/em>, 01.09.2020, pp.\u00a058-60.\u00a0\u00a0<\/p>\n\n\n\n<p>Eamets,\u00a0R.,\u00a0Tammaru, T. R\u00e4ndekvoodist ja l\u00f5imumisv\u00f5imekusest.\u00a0<em>Postimees<\/em>, 17.09.2020, pp. 14,19 (<a title=\"\" href=\"https:\/\/leht.postimees.ee\/7064230\/raul-eamets-tiit-tammaru-randekvoodist-ja-loimumisvoimekusest\" target=\"_blank\" rel=\"noopener\" data-url=\"https:\/\/leht.postimees.ee\/7064230\/raul-eamets-tiit-tammaru-randekvoodist-ja-loimumisvoimekusest\">web news<\/a>).\u00a0<\/p>\n\n\n\n<p>Varma, E. \u00dcha rohkem eestlasi kolib Soomest kodumaale tagasi.\u00a0<em>Pealinn.ee<\/em>, 18.09.2020,\u00a0<a href=\"https:\/\/www.pealinn.ee\/newset\/uha-rohkem-eestlasi-kolib-soomest-kodumaale-tagasi-n258032\" target=\"_blank\" rel=\"noreferrer noopener\">https:\/\/www.pealinn.ee\/newset\/uha-rohkem-eestlasi-kolib-soomest-kodumaale-tagasi-n258032<\/a>\u00a0<\/p>\n\n\n\n<p>Altosaar, A. Ukrainlased on Eestisse toonud t\u00f6\u00f6andjate usaldus ja sobiv kultuuriruum.\u00a0<em>Postimees<\/em>, 19.09.2020, pp.\u00a04-5 (<a title=\"\" href=\"https:\/\/leht.postimees.ee\/7066112\/tooandjate-usaldus-on-toonud-ukrainlased-eestisse\" target=\"_blank\" rel=\"noopener\" data-url=\"https:\/\/leht.postimees.ee\/7066112\/tooandjate-usaldus-on-toonud-ukrainlased-eestisse\">web news<\/a>).\u00a0<\/p>\n<\/div>\n\n\n\n<hr class=\"wp-block-separator has-alpha-channel-opacity\">\n\n\n\n<h3 class=\"wp-block-heading\"><strong>2019<\/strong><\/h3>\n\n\n\n<div class=\"wp-block-group is-layout-constrained wp-block-group-is-layout-constrained\">\n<p>Himma, M. Mobiiliandmete uuring: Eesti aktiivsed eakad reisivad \u00fcllatavalt palju.\u00a0<em>Novaator.err.ee<\/em>, 10.01.2019,\u00a0<a href=\"https:\/\/novaator.err.ee\/897173\/mobiiliandmete-uuring-eesti-aktiivsed-eakad-reisivad-ullatavalt-palju\" target=\"_blank\" rel=\"noreferrer noopener\">https:\/\/novaator.err.ee\/897173\/mobiiliandmete-uuring-eesti-aktiivsed-eakad-reisivad-ullatavalt-palju<\/a>\u00a0\u00a0<\/p>\n\n\n\n<p>Danilson-J\u00e4rg, L. Milline rahvaloendus oleks Eestile 2021. aastal sobivaim?\u00a0<em>Postimees<\/em>, 14.01.2019, pp.\u00a016-17 (<a title=\"\" href=\"https:\/\/www.postimees.ee\/6498139\/miljonite-eurode-eest-hangitavad-andmed-voivad-osutuda-sisulise-analuusi-jaoks-kolbmatuks\" target=\"_blank\" rel=\"noopener\" data-url=\"https:\/\/www.postimees.ee\/6498139\/miljonite-eurode-eest-hangitavad-andmed-voivad-osutuda-sisulise-analuusi-jaoks-kolbmatuks\">web news<\/a>).\u00a0\u00a0<\/p>\n\n\n\n<p>Parksepp, A. Eestlased siia, venelased sinna. Kas rahvused elavad Eestis eri maailmades?\u00a0<em>Eesti P\u00e4evaleht<\/em>, 15.03.2019, pp.\u00a06-8 (<a title=\"\" href=\"https:\/\/epl.delfi.ee\/artikkel\/85608285\/eestlased-siia-venelased-sinna-kas-rahvused-elavad-eestis-eri-maailmades\" target=\"_blank\" rel=\"noopener\" data-url=\"https:\/\/epl.delfi.ee\/artikkel\/85608285\/eestlased-siia-venelased-sinna-kas-rahvused-elavad-eestis-eri-maailmades\">web news<\/a>).\u00a0\u00a0<\/p>\n\n\n\n<p>Kukk, K. Segregatsiooni n\u00f5iaring. <em>Sirp<\/em>, 14.06.2019, pp.\u00a014-15.\u00a0\u00a0<\/p>\n\n\n\n<p>Mets, M. Kolmandik Raplat s\u00f5idab Tallinna t\u00f6\u00f6le.\u00a0<em>Postimees<\/em>, 04.07.2019, pp.\u00a04-5 (<a title=\"\" href=\"https:\/\/www.postimees.ee\/6721888\/murettegev-trend-toojoukriisile-vajutab-valusalt-tallinna-lahedus\" target=\"_blank\" rel=\"noopener\" data-url=\"https:\/\/www.postimees.ee\/6721888\/murettegev-trend-toojoukriisile-vajutab-valusalt-tallinna-lahedus\">web news<\/a>).\u00a0\u00a0<\/p>\n\n\n\n<p>Vill,\u00a0V.,\u00a0Telve,\u00a0K.,\u00a0Silm,\u00a0S.\u00a0Veebip\u00f5hine rahvuslus \u2013 meie aja uus kokkukuuluvuse vorm.\u00a0<em>Eesti Ekspress<\/em>, 14.08.2019, pp. 42.\u00a0<\/p>\n\n\n\n<p>Sommer-Kalda, A.\u00a0Teadlased: eesm\u00e4rk on \u00fchtne eesti kool\u00a0aastaks 2035.\u00a0<em>P\u00f5hjarannik<\/em>, 03.10.2019, pp. 8 (<a title=\"\" href=\"https:\/\/pohjarannik.postimees.ee\/6792514\/teadlased-eesmark-on-uhtne-eesti-kool-aastaks-2035\" target=\"_blank\" rel=\"noopener\" data-url=\"https:\/\/pohjarannik.postimees.ee\/6792514\/teadlased-eesmark-on-uhtne-eesti-kool-aastaks-2035\">web news<\/a>).\u00a0<\/p>\n\n\n\n<p>Altosaar, A. Eestlased tulevad Soomest koju.\u00a0<em>Postimees<\/em>, 23.10.2019, pp.\u00a020-21 (<a title=\"\" href=\"https:\/\/leht.postimees.ee\/6808042\/eestlased-tulevad-soomest-koju\" target=\"_blank\" rel=\"noopener\" data-url=\"https:\/\/leht.postimees.ee\/6808042\/eestlased-tulevad-soomest-koju\">web news<\/a>).\u00a0<\/p>\n\n\n\n<p>Raud, N. Tallinnast v\u00f5ib saada Euroopa segregeerituim pealinn.\u00a0<em>Postimees<\/em>, 10.11.2019,\u00a0<a href=\"https:\/\/www.postimees.ee\/6822409\/tallinnast-voib-saada-euroopa-segregeerituim-pealinn\" target=\"_blank\" rel=\"noreferrer noopener\">https:\/\/www.postimees.ee\/6822409\/tallinnast-voib-saada-euroopa-segregeerituim-pealinn<\/a>\u00a0\u00a0<\/p>\n\n\n\n<p>Tigasson, K.-R. Teadlane muretseb\u00a0\u00d5ism\u00e4e\u00a0ja Lasnam\u00e4e tuleviku p\u00e4rast.\u00a0<em>Eesti Ekspress<\/em>, 13.11.2019, pp.\u00a018-20 (<a title=\"\" href=\"https:\/\/ekspress.delfi.ee\/artikkel\/88029053\/teadlane-muretseb-oismae-ja-lasnamae-tuleviku-parast-suundumus-on-et-sinna-koonduvad-vaiksema-hariduse-ja-madalama-sissetulekuga-inimesed\" target=\"_blank\" rel=\"noopener\" data-url=\"https:\/\/ekspress.delfi.ee\/artikkel\/88029053\/teadlane-muretseb-oismae-ja-lasnamae-tuleviku-parast-suundumus-on-et-sinna-koonduvad-vaiksema-hariduse-ja-madalama-sissetulekuga-inimesed\">web news<\/a>).\u00a0<\/p>\n\n\n\n<p>Puss, F.\u00a0Tallinnat\u00a0\u00e4hvardab juba\u00a0l\u00e4hik\u00fcmnenditel\u00a0sotsiaalne ja ruumiline l\u00f5hestumine.\u00a0<em>\u00c4rileht.delfi.ee<\/em>, 15.11.2019,\u00a0<a href=\"https:\/\/arileht.delfi.ee\/artikkel\/88073131\/tallinna-ahvardab-juba-lahikumnenditel-sotsiaalne-ja-ruumiline-lohestumine\" target=\"_blank\" rel=\"noreferrer noopener\">https:\/\/arileht.delfi.ee\/artikkel\/88073131\/tallinna-ahvardab-juba-lahikumnenditel-sotsiaalne-ja-ruumiline-lohestumine<\/a>\u00a0<\/p>\n\n\n\n<p>Lepassalu, V. Lasnam\u00e4elasest kunstnik: siinses arhitektuuriski peitub poeesia ja selliseid p\u00e4ikeseloojanguid ei n\u00e4e mitte kusagil mujal.\u00a0<em>Pealinn<\/em>, 02.12.2019, pp.\u00a04-5.\u00a0<\/p>\n<\/div>\n\n\n\n<hr class=\"wp-block-separator has-alpha-channel-opacity\">\n\n\n\n<p><\/p>\n\n\n\n<h2 class=\"wp-block-heading\"><strong>Interviews in radio and television<\/strong><\/h2>\n\n\n\n<hr class=\"wp-block-separator has-alpha-channel-opacity\">\n\n\n\n<h3 class=\"wp-block-heading\">2024<\/h3>\n\n\n\n<p>Tiit Tammaru. <a href=\"https:\/\/novaator.err.ee\/1609500880\/inimgeograaf-eesti-koolisusteemi-hiilib-hariduslik-ebavordsus\">Terevisioon, Eesti koolis\u00fcsteemi hiilib hariduslik ebav\u00f5rdsus<\/a>, <em>ETV,<\/em> 24.10.2024<\/p>\n\n\n\n<p>Tiit Tammaru. Labor <a href=\"https:\/\/vikerraadio.err.ee\/1609243112\/labor-eraldumus-ja-erilisus\/8fb9d66d935bf7739292edf4adeacdd9\">Inimeste eraldumus linnaosadesse<\/a>, <em>Vikerraadio,<\/em> 18.02.2024<\/p>\n\n\n\n<p><\/p>\n\n\n\n<h3 class=\"wp-block-heading\">2023<\/h3>\n\n\n\n<p>Tiit Tammaru. Labor. <a href=\"https:\/\/vikerraadio.err.ee\/1608831157\/labor-linnast-maale\">\u201cLinnast maale\u201d<\/a>, Vikerraadio 08.01.2023<\/p>\n\n\n\n<p><\/p>\n\n\n\n<h3 class=\"wp-block-heading\">2022<\/h3>\n\n\n\n<p>Tiit\u00a0Tammaru. <a href=\"https:\/\/vikerraadio.err.ee\/1608761032\/reporteritund-teadus-ja-julgeolek\">Reporteritund. Teadus ja julgeolek<\/a>,\u00a0<em>Vikerraadio<\/em>, 01.11.2022<\/p>\n\n\n\n<p>Tiit Tammaru. <a href=\"https:\/\/vikerraadio.err.ee\/1608566692\/uudis-arp-muller\/cc5ad68bbe0771cdfc997bf16d3ef16a\">Uudis+ V\u00e4lismaalaste seaduse muutmise seadusest<\/a>,\u00a0<em>Vikerraadio<\/em>, 29.04.2022<\/p>\n\n\n\n<p>Tiit Tammaru <a href=\"https:\/\/vikerraadio.err.ee\/1608453869\/labor-uus-liblikas-loimumistrajektoor\/5adb9e8ad4921aa355f465642bab0d69\">Labor, L\u00f5imumistrajektoor,<\/a>\u00a0<em>Vikerraadio<\/em>, 16.01.2022<\/p>\n\n\n\n<p><\/p>\n\n\n\n<h3 class=\"wp-block-heading\">2021<\/h3>\n\n\n\n<p>Tiit Tammaru. <a href=\"https:\/\/vikerraadio.err.ee\/1608263916\/tiit-tammaru-kui-erinevast-rahvusest-inimesed-omavahel-suhtlevad-hakkab-positiivne-pall-veerema\">Kui erinevast rahvusest inimesed omavahel suhtlevad, hakkab positiivne pall veerema,<\/a> <em>Vikerraadio<\/em>, 01.07.2021<\/p>\n\n\n\n<p>Tiit Tammaru. <a href=\"https:\/\/vikerraadio.err.ee\/1608180235\/uudis-lauri-varik\/1264597\">Uudis+ Uuring registrite parandamiseks ja paremaks kasutamiseks,<\/a> <em>Vikerraadio<\/em>, 29.04.2021<\/p>\n\n\n\n<p>Tiit Tammaru. <a href=\"https:\/\/vikerraadio.err.ee\/1228153\/uudis-lauri-varik\/1168153\">Uudis+ Muutuv t\u00f6\u00f6turg ja r\u00e4nne, <\/a>Vikerraadio, 18.01.2021<\/p>\n\n\n\n<p><\/p>\n\n\n\n<h3 class=\"wp-block-heading\">2020<\/h3>\n\n\n\n<div class=\"wp-block-group is-layout-constrained wp-block-group-is-layout-constrained\">\n<p>Tiit\u00a0Tammaru. Uudis+.\u00a0<em>Vikerraadio<\/em>, 17.01.2020\u00a0<\/p>\n\n\n\n<p>Tiit Tammaru. Uudis+.\u00a0<em>Vikerraadio<\/em>, 06.02.2020\u00a0<\/p>\n\n\n\n<p>Tiit Tammaru. Pealtn\u00e4gija.\u00a0<em>Eesti Televisioon<\/em>, 25.03.2020\u00a0<\/p>\n\n\n\n<p>Tiit Tammaru. Uudis+.\u00a0<em>Vikerraadio<\/em>, 26.03.2020\u00a0<\/p>\n\n\n\n<p>Tiit Tammaru. Reporteritund.\u00a0<em>Vikerraadio<\/em>, 11.06.2020\u00a0<\/p>\n\n\n\n<p>Siiri Silm.\u00a0\u00c4rataja.\u00a0<em>Raadio Kuku<\/em>, 30.06.2020\u00a0<\/p>\n\n\n\n<p>Siiri Silm. <em>Raadio 4<\/em>, 30.06.2020<\/p>\n\n\n\n<p><\/p>\n<\/div>\n\n\n\n<h3 class=\"wp-block-heading\">2019<\/h3>\n\n\n\n<div class=\"wp-block-group is-layout-constrained wp-block-group-is-layout-constrained\">\n<p>Tiit Tammaru. P\u00e4evakaja.\u00a0<em>Vikerraadio<\/em>, 08.01.2019\u00a0<\/p>\n\n\n\n<p>Tiit Tammaru. Aktuaalne kaamera.\u00a0<em>Eesti\u00a0Televisioon<\/em>, 29.05.2019\u00a0<\/p>\n\n\n\n<p>Tiit Tammaru.\u00a0Vikerhommik.\u00a0<em>Vikerraadio<\/em>, 16.09.2019\u00a0<\/p>\n\n\n\n<p>Tiit Tammaru. Labor.\u00a0<em>Vikerraadio<\/em>, 22.09.2019\u00a0<\/p>\n\n\n\n<p>Tiit Tammaru.\u00a0Vikerhommik.\u00a0<em>Vikerraadio<\/em>, 20.11.2019\u00a0<\/p>\n\n\n\n<p>Tiit Tammaru. Uudis+.\u00a0<em>Vikerraadio<\/em>, 05.12.2019\u00a0<\/p>\n<\/div>\n","protected":false},"excerpt":{"rendered":"<p>News and Opinions 2025 Tammaru, T. Reporteritund. Kas Eestisse peaks lubama rohkem v\u00e4list\u00f6\u00f6j\u00f5udu? 08. aprill 2025 Tammaru, T. Mis v\u00e4rvi on majandus. 11. osa. 31. m\u00e4rts 2025 Tammaru, T. Reporteritund. Kas demograafilisi trende Eestis on v\u00f5imalik muuta?, 11. veebruar 2025 &#8230;<\/p>\n","protected":false},"author":138,"featured_media":0,"parent":0,"menu_order":0,"comment_status":"closed","ping_status":"closed","template":"","meta":{"_acf_changed":false,"inline_featured_image":false,"footnotes":""},"class_list":["post-10","page","type-page","status-publish","hentry"],"acf":[],"_links":{"self":[{"href":"https:\/\/sisu.ut.ee\/circle-of-segregation\/wp-json\/wp\/v2\/pages\/10","targetHints":{"allow":["GET"]}}],"collection":[{"href":"https:\/\/sisu.ut.ee\/circle-of-segregation\/wp-json\/wp\/v2\/pages"}],"about":[{"href":"https:\/\/sisu.ut.ee\/circle-of-segregation\/wp-json\/wp\/v2\/types\/page"}],"author":[{"embeddable":true,"href":"https:\/\/sisu.ut.ee\/circle-of-segregation\/wp-json\/wp\/v2\/users\/138"}],"replies":[{"embeddable":true,"href":"https:\/\/sisu.ut.ee\/circle-of-segregation\/wp-json\/wp\/v2\/comments?post=10"}],"version-history":[{"count":24,"href":"https:\/\/sisu.ut.ee\/circle-of-segregation\/wp-json\/wp\/v2\/pages\/10\/revisions"}],"predecessor-version":[{"id":422,"href":"https:\/\/sisu.ut.ee\/circle-of-segregation\/wp-json\/wp\/v2\/pages\/10\/revisions\/422"}],"wp:attachment":[{"href":"https:\/\/sisu.ut.ee\/circle-of-segregation\/wp-json\/wp\/v2\/media?parent=10"}],"curies":[{"name":"wp","href":"https:\/\/api.w.org\/{rel}","templated":true}]}}