{"id":963,"date":"2024-09-01T20:10:30","date_gmt":"2024-09-01T17:10:30","guid":{"rendered":"https:\/\/sisu.ut.ee\/cifu14\/%d0%be%d1%80%d0%b3%d0%b0%d0%bd%d0%b8%d0%b7%d0%b0%d1%82%d0%be%d1%80%d1%8b\/"},"modified":"2025-08-26T14:19:54","modified_gmt":"2025-08-26T11:19:54","slug":"%d0%be%d1%80%d0%b3%d0%b0%d0%bd%d0%b8%d0%b7%d0%b0%d1%82%d0%be%d1%80%d1%8b","status":"publish","type":"page","link":"https:\/\/sisu.ut.ee\/cifu14\/%d0%be%d1%80%d0%b3%d0%b0%d0%bd%d0%b8%d0%b7%d0%b0%d1%82%d0%be%d1%80%d1%8b\/?lang=ru","title":{"rendered":"\u041e\u0440\u0433\u0430\u043d\u0438\u0437\u0430\u0442\u043e\u0440\u044b"},"content":{"rendered":"<p style=\"text-align: justify;\"><span style=\"font-size: 12pt;\">\u041e\u0440\u0433\u0430\u043d\u0438\u0437\u0430\u0442\u043e\u0440\u044b:<\/span><\/p>\n<p style=\"text-align: justify;\"><\/p><div class=\"accordion mb-3\">\n        <div class=\"accordion-item accordion-item--white\">\n        <h2 class=\"accordion-header\" id=\"accordion-69e249d56b6b3-heading\">\n            <button class=\"accordion-button collapsed\" type=\"button\" data-bs-toggle=\"collapse\" data-bs-target=\"#accordion-69e249d56b6b3-collapse\" aria-expanded=\"true\" aria-controls=\"accordion-69e249d56b6b3-collapse\"><span style=\"color: #6699ff;\"><span style=\"font-size: 15px;\">\u041a\u041e\u041c\u0410\u041d\u0414\u0410 \u0412 \u0422\u0410\u0420\u0422\u0423<\/span><\/span><\/button>\n        <\/h2>\n        <div id=\"accordion-69e249d56b6b3-collapse\" class=\"accordion-collapse collapse\" aria-labelledby=\"accordion-69e249d56b6b3-heading\">\n            <div class=\"accordion-body\"><span style=\"color: #696969;\"><span style=\"background: white;\">Gerson Klumpp (\u041f\u0440\u0435\u0437\u0438\u0434\u0435\u043d\u0442), Marili Tomingas (\u0421\u0435\u043a\u0440\u0435\u0442\u0430\u0440\u044c), Madis Arukask, Svetlana Karm, Birute Klaas-Lang, Nikolay Kuznetsov, Tiia Margus, Keit M\u00f5isavald, Andrea Nagy, Miina Norvik, <\/span>Karl Pajusalu, Helen Plado, Eva Saar, Tuuli Tuisk<\/span><\/div>\n        <\/div>\n        <\/div>\n    <\/div>\n<p style=\"text-align: justify;\"><\/p><div class=\"accordion mb-3\">\n        <div class=\"accordion-item accordion-item--white\">\n        <h2 class=\"accordion-header\" id=\"accordion-69e249d56b6ba-heading\">\n            <button class=\"accordion-button collapsed\" type=\"button\" data-bs-toggle=\"collapse\" data-bs-target=\"#accordion-69e249d56b6ba-collapse\" aria-expanded=\"true\" aria-controls=\"accordion-69e249d56b6ba-collapse\"><span style=\"color: #6699ff;\"><span style=\"font-size: 15px;\">\u041c\u0415\u0416\u0414\u0423\u041d\u0410\u0420\u041e\u0414\u041d\u042b\u0419 \u0418\u0421\u041f\u041e\u041b\u041d\u0418\u0422\u0415\u041b\u042c\u041d\u042b\u0419 \u041a\u041e\u041c\u0418\u0422\u0415\u0422<\/span><\/span><\/button>\n        <\/h2>\n        <div id=\"accordion-69e249d56b6ba-collapse\" class=\"accordion-collapse collapse\" aria-labelledby=\"accordion-69e249d56b6ba-heading\">\n            <div class=\"accordion-body\">\n<ul>\n<li style=\"text-align: justify;\"><span style=\"color: #696969;\">\u042d\u0441\u0442\u043e\u043d\u0438\u044f: Gerson Klumpp, \u0437\u0430\u043c.: Karl Pajusalu;<\/span><\/li>\n<li style=\"text-align: justify;\"><span style=\"color: #696969;\">\u0424\u0438\u043d\u043b\u044f\u043d\u0434\u0438\u044f: Johanna Laakso, \u0437\u0430\u043c.: Riho Gr\u00fcnthal;<\/span><\/li>\n<li style=\"text-align: justify;\"><span style=\"color: #696969;\">\u0412\u0435\u043d\u0433\u0440\u0438\u044f: Katalin Sip\u0151cz, \u0437\u0430\u043c.: S\u00e1ndor Matics\u00e1k;<\/span><\/li>\n<li style=\"text-align: justify;\"><span style=\"color: #696969;\">\u0420\u043e\u0441\u0441\u0438\u044f: Oleg Sergeev, \u0437\u0430\u043c.: Natalia Kondratieva;<\/span><\/li>\n<li style=\"text-align: justify;\"><span style=\"color: #696969;\">\u0434\u0440\u0443\u0433\u0438\u0435 \u0441\u0442\u0440\u0430\u043d\u044b: Rogier Blokland, \u0437\u0430\u043c.: Ksenia Shagal. <\/span><\/li><\/ul><\/div>\n        <\/div>\n        <\/div>\n    <\/div>\n\n<p style=\"text-align: justify;\"><\/p><div class=\"accordion mb-3\">\n        <div class=\"accordion-item accordion-item--white\">\n        <h2 class=\"accordion-header\" id=\"accordion-69e249d56b6bf-heading\">\n            <button class=\"accordion-button collapsed\" type=\"button\" data-bs-toggle=\"collapse\" data-bs-target=\"#accordion-69e249d56b6bf-collapse\" aria-expanded=\"true\" aria-controls=\"accordion-69e249d56b6bf-collapse\"><span style=\"color: #6699ff;\"><span style=\"font-size: 15px;\">\u041c\u0415\u0416\u0414\u0423\u041d\u0410\u0420\u041e\u0414\u041d\u042b\u0419 \u041a\u041e\u041c\u0418\u0422\u0415\u0422<\/span><\/span><\/button>\n        <\/h2>\n        <div id=\"accordion-69e249d56b6bf-collapse\" class=\"accordion-collapse collapse\" aria-labelledby=\"accordion-69e249d56b6bf-heading\">\n            <div class=\"accordion-body\"><span style=\"color: #696969;\">Luobbal S\u00e1mmol S\u00e1mmol \u00c1nte (Ante Aikio), Alho Alhoniemi*, Madis Arukask, Marianne Bakr\u00f3-Nagy*, G\u00e1bor Barna*, Andr\u00e1s Bereczki, Rogier Blokland, M\u00e1rta Csepregi*, S\u00e1ndor Cs\u00facs*, Tatiana Devyatkina, Nikolett F. Guly\u00e1s, L\u00e1szl\u00f3 Felf\u00f6ldi*, M. M. Jocelyne Fernandez-Vest*, Ulla-Maija Forsberg, Liudmilla Grigoreva, Riho Gr\u00fcnthal, Katalin Gug\u00e1n, Pekka Hakamies*, Arja Hamari, Cornelius Hasselblatt, L\u00e1szl\u00f3 Honti*, Mih\u00e1ly Hopp\u00e1l*, Petar Kehayov, Valentin Kelmakov \u2020*, L\u00e1szl\u00f3 Keresztes*, \u00c1gnes Kerezsi*, Gerson Klumpp, Natalia Kondratieva, Nikolai Kuznetsov, Johanna Laakso, Valter Lang, Lars-Gunnar Larsson*, Mika Lavento, Ildik\u00f3 Lehtinen*, Heikki Leskinen \u2020*, Aado Lintrop, Karina Lukin, Harri Mantila, S\u00e1ndor Matics\u00e1k, Kazuto Matsumura*, Zita McRobbie-Utasi*, Irma Mullonen, Zolt\u00e1n Nagy, Anu Nurk, Karl Pajusalu, Anatoliy Rakin*, Ingrid R\u00fc\u00fctel*, Janne Saarikivi, Sirkka Saarinen*, Zsuzsa Sal\u00e1nki, Pekka Sammallahti*, T\u00f5nu Seilenthal*, Oleg Sergeev, Ksenia Shagal, Katalin Sip\u0151cz, M\u00e1ria Sipos, Ildik\u00f3 Sirat\u00f3, Elena Skribnik*, Eva Toulouze, Evgenii Tsypanov, Riitta-Liisa Valij\u00e4rvi, P\u00e1l S. Varga*, Zsuzsa V\u00e1rnai, Yrj\u00f6 Varpio*, Vilmos Voigt \u2020*, Mika Waseda, Eberhard Winkler*, Jussi Ylikoski, Aleksei Zagrebin.<\/span>\n<p style=\"text-align: justify;\"><span style=\"color: #696969;\">* \u043f\u043e\u0447\u0435\u0442\u043d\u044b\u0439 \u0447\u043b\u0435\u043d<\/span><\/p><\/div>\n        <\/div>\n        <\/div>\n    <\/div>\n","protected":false},"excerpt":{"rendered":"<p>\u041e\u0440\u0433\u0430\u043d\u0438\u0437\u0430\u0442\u043e\u0440\u044b: \u041a\u041e\u041c\u0410\u041d\u0414\u0410 \u0412 \u0422\u0410\u0420\u0422\u0423 Gerson Klumpp (\u041f\u0440\u0435\u0437\u0438\u0434\u0435\u043d\u0442), Marili Tomingas (\u0421\u0435\u043a\u0440\u0435\u0442\u0430\u0440\u044c), Madis Arukask, Svetlana Karm, Birute Klaas-Lang, Nikolay Kuznetsov, Tiia Margus, Keit M\u00f5isavald, Andrea Nagy, Miina Norvik, Karl Pajusalu, Helen Plado, Eva Saar, Tuuli Tuisk \u041c\u0415\u0416\u0414\u0423\u041d\u0410\u0420\u041e\u0414\u041d\u042b\u0419 \u0418\u0421\u041f\u041e\u041b\u041d\u0418\u0422\u0415\u041b\u042c\u041d\u042b\u0419 \u041a\u041e\u041c\u0418\u0422\u0415\u0422 \u042d\u0441\u0442\u043e\u043d\u0438\u044f: Gerson Klumpp, &#8230;<\/p>\n","protected":false},"author":306,"featured_media":0,"parent":0,"menu_order":0,"comment_status":"closed","ping_status":"closed","template":"","meta":{"_acf_changed":false,"inline_featured_image":false,"footnotes":""},"class_list":["post-963","page","type-page","status-publish","hentry"],"acf":[],"_links":{"self":[{"href":"https:\/\/sisu.ut.ee\/cifu14\/wp-json\/wp\/v2\/pages\/963","targetHints":{"allow":["GET"]}}],"collection":[{"href":"https:\/\/sisu.ut.ee\/cifu14\/wp-json\/wp\/v2\/pages"}],"about":[{"href":"https:\/\/sisu.ut.ee\/cifu14\/wp-json\/wp\/v2\/types\/page"}],"author":[{"embeddable":true,"href":"https:\/\/sisu.ut.ee\/cifu14\/wp-json\/wp\/v2\/users\/306"}],"replies":[{"embeddable":true,"href":"https:\/\/sisu.ut.ee\/cifu14\/wp-json\/wp\/v2\/comments?post=963"}],"version-history":[{"count":9,"href":"https:\/\/sisu.ut.ee\/cifu14\/wp-json\/wp\/v2\/pages\/963\/revisions"}],"predecessor-version":[{"id":6197,"href":"https:\/\/sisu.ut.ee\/cifu14\/wp-json\/wp\/v2\/pages\/963\/revisions\/6197"}],"wp:attachment":[{"href":"https:\/\/sisu.ut.ee\/cifu14\/wp-json\/wp\/v2\/media?parent=963"}],"curies":[{"name":"wp","href":"https:\/\/api.w.org\/{rel}","templated":true}]}}