{"id":957,"date":"2024-09-01T20:10:30","date_gmt":"2024-09-01T17:10:30","guid":{"rendered":"https:\/\/sisu.ut.ee\/cifu14\/jarjestajat\/"},"modified":"2025-08-26T14:18:45","modified_gmt":"2025-08-26T11:18:45","slug":"jarjestajat","status":"publish","type":"page","link":"https:\/\/sisu.ut.ee\/cifu14\/jarjestajat\/?lang=fi","title":{"rendered":"J\u00e4rjest\u00e4j\u00e4t"},"content":{"rendered":"<p>J\u00e4rjest\u00e4j\u00e4t:<\/p>\n<p><\/p><div class=\"accordion mb-3\">\n        <div class=\"accordion-item accordion-item--white\">\n        <h2 class=\"accordion-header\" id=\"accordion-69df73b714677-heading\">\n            <button class=\"accordion-button collapsed\" type=\"button\" data-bs-toggle=\"collapse\" data-bs-target=\"#accordion-69df73b714677-collapse\" aria-expanded=\"true\" aria-controls=\"accordion-69df73b714677-collapse\"><span style=\"font-size: 15px;\"><span style=\"color: #6699ff;\">TY\u00d6RYHM\u00c4 TARTOSSA<\/span><\/span><\/button>\n        <\/h2>\n        <div id=\"accordion-69df73b714677-collapse\" class=\"accordion-collapse collapse\" aria-labelledby=\"accordion-69df73b714677-heading\">\n            <div class=\"accordion-body\"><span style=\"color: #696969;\"><span style=\"background: white;\">Gerson Klumpp (presidentti), Marili Tomingas (sihteeri), Madis Arukask, Svetlana Karm, Birute Klaas-Lang, Nikolay Kuznetsov, Tiia Margus, Keit M\u00f5isavald, Andrea Nagy, Miina Norvik, <\/span>Karl Pajusalu, Helen Plado, Eva Saar, Tuuli Tuisk<\/span><\/div>\n        <\/div>\n        <\/div>\n    <\/div>\n<p><\/p><div class=\"accordion mb-3\">\n        <div class=\"accordion-item accordion-item--white\">\n        <h2 class=\"accordion-header\" id=\"accordion-69df73b71467d-heading\">\n            <button class=\"accordion-button collapsed\" type=\"button\" data-bs-toggle=\"collapse\" data-bs-target=\"#accordion-69df73b71467d-collapse\" aria-expanded=\"true\" aria-controls=\"accordion-69df73b71467d-collapse\"><span style=\"font-size: 15px;\"><span style=\"color: #6699ff;\">KANSAINV\u00c4LINEN P\u00c4\u00c4TOIMIKUNTA<\/span><\/span><\/button>\n        <\/h2>\n        <div id=\"accordion-69df73b71467d-collapse\" class=\"accordion-collapse collapse\" aria-labelledby=\"accordion-69df73b71467d-heading\">\n            <div class=\"accordion-body\">\n<ul>\n<li><span style=\"color: #696969;\">Viro: Gerson Klumpp, viransijainen: Karl Pajusalu;<\/span><\/li>\n<li><span style=\"color: #696969;\">Suomi: Johanna Laakso, viransijainen: Riho Gr\u00fcnthal;<\/span><\/li>\n<li><span style=\"color: #696969;\">Unkari: Katalin Sip\u0151cz, viransijainen: S\u00e1ndor Matics\u00e1k;<\/span><\/li>\n<li><span style=\"color: #696969;\">Ven\u00e4j\u00e4: Oleg Sergeev, viransijainen: Natalia Kondratieva;<\/span><\/li>\n<li><span style=\"color: #696969;\">muut maat: Rogier Blokland, viransijainen: Ksenia Shagal.<\/span>\u00a0<\/li><\/ul><\/div>\n        <\/div>\n        <\/div>\n    <\/div>\n\n<p><\/p><div class=\"accordion mb-3\">\n        <div class=\"accordion-item accordion-item--white\">\n        <h2 class=\"accordion-header\" id=\"accordion-69df73b714682-heading\">\n            <button class=\"accordion-button collapsed\" type=\"button\" data-bs-toggle=\"collapse\" data-bs-target=\"#accordion-69df73b714682-collapse\" aria-expanded=\"true\" aria-controls=\"accordion-69df73b714682-collapse\"><span style=\"font-size: 15px;\"><span style=\"color: #6699ff;\">KANSAINV\u00c4LINEN J\u00c4RJESTYSKOMITEA<\/span><\/span><\/button>\n        <\/h2>\n        <div id=\"accordion-69df73b714682-collapse\" class=\"accordion-collapse collapse\" aria-labelledby=\"accordion-69df73b714682-heading\">\n            <div class=\"accordion-body\"><span style=\"color: #696969;\">Luobbal S\u00e1mmol S\u00e1mmol \u00c1nte (Ante Aikio), Alho Alhoniemi*, Madis Arukask, Marianne Bakr\u00f3-Nagy*, G\u00e1bor Barna*, Andr\u00e1s Bereczki, Rogier Blokland, M\u00e1rta Csepregi*, S\u00e1ndor Cs\u00facs*, Tatiana Devyatkina, Nikolett F. Guly\u00e1s, L\u00e1szl\u00f3 Felf\u00f6ldi*, M. M. Jocelyne Fernandez-Vest*, Ulla-Maija Forsberg, Liudmilla Grigoreva, Riho Gr\u00fcnthal, Katalin Gug\u00e1n, Pekka Hakamies*, Arja Hamari, Cornelius Hasselblatt, L\u00e1szl\u00f3 Honti*, Mih\u00e1ly Hopp\u00e1l*, Petar Kehayov, Valentin Kelmakov \u2020*, L\u00e1szl\u00f3 Keresztes*, \u00c1gnes Kerezsi*, Gerson Klumpp, Natalia Kondratieva, Nikolai Kuznetsov, Johanna Laakso, Valter Lang, Lars-Gunnar Larsson*, Mika Lavento, Ildik\u00f3 Lehtinen*, Heikki Leskinen \u2020*, Aado Lintrop, Karina Lukin, Harri Mantila, S\u00e1ndor Matics\u00e1k, Kazuto Matsumura*, Zita McRobbie-Utasi*, Irma Mullonen, Zolt\u00e1n Nagy, Anu Nurk, Karl Pajusalu, Anatoliy Rakin*, Ingrid R\u00fc\u00fctel*, Janne Saarikivi, Sirkka Saarinen*, Zsuzsa Sal\u00e1nki, Pekka Sammallahti*, T\u00f5nu Seilenthal*, Oleg Sergeev, Ksenia Shagal, Katalin Sip\u0151cz, M\u00e1ria Sipos, Ildik\u00f3 Sirat\u00f3, Elena Skribnik*, Eva Toulouze, Evgenii Tsypanov, Riitta-Liisa Valij\u00e4rvi, P\u00e1l S. Varga*, Zsuzsa V\u00e1rnai, Yrj\u00f6 Varpio*, Vilmos Voigt \u2020*, Mika Waseda, Eberhard Winkler*, Jussi Ylikoski, Aleksei Zagrebin.<\/span>\n<p><span style=\"color: #696969;\">* kunniaj\u00e4sen<\/span><\/p><\/div>\n        <\/div>\n        <\/div>\n    <\/div>\n","protected":false},"excerpt":{"rendered":"<p>J\u00e4rjest\u00e4j\u00e4t: TY\u00d6RYHM\u00c4 TARTOSSA Gerson Klumpp (presidentti), Marili Tomingas (sihteeri), Madis Arukask, Svetlana Karm, Birute Klaas-Lang, Nikolay Kuznetsov, Tiia Margus, Keit M\u00f5isavald, Andrea Nagy, Miina Norvik, Karl Pajusalu, Helen Plado, Eva Saar, Tuuli Tuisk KANSAINV\u00c4LINEN P\u00c4\u00c4TOIMIKUNTA Viro: Gerson Klumpp, viransijainen: Karl &#8230;<\/p>\n","protected":false},"author":306,"featured_media":0,"parent":0,"menu_order":0,"comment_status":"closed","ping_status":"closed","template":"","meta":{"_acf_changed":false,"inline_featured_image":false,"footnotes":""},"class_list":["post-957","page","type-page","status-publish","hentry"],"acf":[],"_links":{"self":[{"href":"https:\/\/sisu.ut.ee\/cifu14\/wp-json\/wp\/v2\/pages\/957","targetHints":{"allow":["GET"]}}],"collection":[{"href":"https:\/\/sisu.ut.ee\/cifu14\/wp-json\/wp\/v2\/pages"}],"about":[{"href":"https:\/\/sisu.ut.ee\/cifu14\/wp-json\/wp\/v2\/types\/page"}],"author":[{"embeddable":true,"href":"https:\/\/sisu.ut.ee\/cifu14\/wp-json\/wp\/v2\/users\/306"}],"replies":[{"embeddable":true,"href":"https:\/\/sisu.ut.ee\/cifu14\/wp-json\/wp\/v2\/comments?post=957"}],"version-history":[{"count":8,"href":"https:\/\/sisu.ut.ee\/cifu14\/wp-json\/wp\/v2\/pages\/957\/revisions"}],"predecessor-version":[{"id":6195,"href":"https:\/\/sisu.ut.ee\/cifu14\/wp-json\/wp\/v2\/pages\/957\/revisions\/6195"}],"wp:attachment":[{"href":"https:\/\/sisu.ut.ee\/cifu14\/wp-json\/wp\/v2\/media?parent=957"}],"curies":[{"name":"wp","href":"https:\/\/api.w.org\/{rel}","templated":true}]}}