{"id":953,"date":"2024-09-01T22:01:05","date_gmt":"2024-09-01T19:01:05","guid":{"rendered":"https:\/\/sisu.ut.ee\/cifu14\/toetajad\/"},"modified":"2025-09-29T12:39:25","modified_gmt":"2025-09-29T09:39:25","slug":"toetajad","status":"publish","type":"page","link":"https:\/\/sisu.ut.ee\/cifu14\/toetajad\/?lang=et","title":{"rendered":"Toetajad"},"content":{"rendered":"<p style=\"text-align: justify;\">CIFU 14 projekti kaasrahastab Euroopa Liit. CIFU XIV projekti eesm\u00e4rk on suurendada Eesti tuntust rahvusvaheliste konverentside toimumise sihtkohana, t\u00e4ita kohustust rahvusvahelise kongressi CIFU XIV korraldamisel ja korraldada kongressi raamprogrammina temaatilisi ekskursioone, samuti tuua Tartu kongressile osalejaid ka v\u00e4lismaalt. Ettev\u00f5tluse ja Innovatsiooni SA toetab CIFU 14 projekti summas 17 841,01 \u20ac, mida kasutatakse korraldus- ja turunduskuludeks. T\u00e4name toetuse eest!<\/p>\n<p style=\"text-align: justify;\"><img loading=\"lazy\" decoding=\"async\" class=\"alignnone\" src=\"https:\/\/sisu.ut.ee\/wp-content\/uploads\/sites\/626\/Kaasrahastanud_EL_kaksiklogod_EST_hor_color_RGB.jpg\" alt=\"EAS\" width=\"200\" height=\"116\"><a href=\"https:\/\/puhkaeestis.ee\/et\" target=\"_blank\" rel=\"noopener\"><img loading=\"lazy\" decoding=\"async\" class=\"alignnone\" src=\"https:\/\/sisu.ut.ee\/wp-content\/uploads\/sites\/626\/visit_estonia_horizontal_negative.png\" alt=\"VisitEst\" width=\"200\" height=\"57\"><\/a><\/p>\n<p>CIFU 14 sai toetust ka <a href=\"https:\/\/fennougria.ee\/toetused\/hoimurahvaste-programm\/\" target=\"_blank\" rel=\"noopener\">H\u00f5imurahvaste programmilt<\/a>, <a href=\"https:\/\/humanitaarteadused.ut.ee\/et\" target=\"_blank\" rel=\"noopener\">Tartu \u00dclikooli humanitaarteaduste valdkonnalt<\/a>, <a href=\"https:\/\/tallinn.mfa.gov.hu\/eng\" target=\"_blank\" rel=\"noopener\">Ungari suursaatkonnalt Eestis<\/a> ja <a href=\"https:\/\/tartu.ee\/et\" target=\"_blank\" rel=\"noopener\">Tartu linnavalitsuselt<\/a>.<\/p>\n<p>T\u00e4name v\u00e4ga k\u00f5iki toetajaid!<\/p>\n\n\n<p><\/p>\n","protected":false},"excerpt":{"rendered":"<p>CIFU 14 projekti kaasrahastab Euroopa Liit. CIFU XIV projekti eesm\u00e4rk on suurendada Eesti tuntust rahvusvaheliste konverentside toimumise sihtkohana, t\u00e4ita kohustust rahvusvahelise kongressi CIFU XIV korraldamisel ja korraldada kongressi raamprogrammina temaatilisi ekskursioone, samuti tuua Tartu kongressile osalejaid ka v\u00e4lismaalt. Ettev\u00f5tluse ja &#8230;<\/p>\n","protected":false},"author":306,"featured_media":0,"parent":0,"menu_order":0,"comment_status":"closed","ping_status":"closed","template":"","meta":{"_acf_changed":false,"inline_featured_image":false,"footnotes":""},"class_list":["post-953","page","type-page","status-publish","hentry"],"acf":[],"_links":{"self":[{"href":"https:\/\/sisu.ut.ee\/cifu14\/wp-json\/wp\/v2\/pages\/953","targetHints":{"allow":["GET"]}}],"collection":[{"href":"https:\/\/sisu.ut.ee\/cifu14\/wp-json\/wp\/v2\/pages"}],"about":[{"href":"https:\/\/sisu.ut.ee\/cifu14\/wp-json\/wp\/v2\/types\/page"}],"author":[{"embeddable":true,"href":"https:\/\/sisu.ut.ee\/cifu14\/wp-json\/wp\/v2\/users\/306"}],"replies":[{"embeddable":true,"href":"https:\/\/sisu.ut.ee\/cifu14\/wp-json\/wp\/v2\/comments?post=953"}],"version-history":[{"count":7,"href":"https:\/\/sisu.ut.ee\/cifu14\/wp-json\/wp\/v2\/pages\/953\/revisions"}],"predecessor-version":[{"id":6212,"href":"https:\/\/sisu.ut.ee\/cifu14\/wp-json\/wp\/v2\/pages\/953\/revisions\/6212"}],"wp:attachment":[{"href":"https:\/\/sisu.ut.ee\/cifu14\/wp-json\/wp\/v2\/media?parent=953"}],"curies":[{"name":"wp","href":"https:\/\/api.w.org\/{rel}","templated":true}]}}