{"id":944,"date":"2024-09-01T20:10:30","date_gmt":"2024-09-01T17:10:30","guid":{"rendered":"https:\/\/sisu.ut.ee\/cifu14\/korraldajaq\/"},"modified":"2025-08-26T14:18:21","modified_gmt":"2025-08-26T11:18:21","slug":"korraldajaq","status":"publish","type":"page","link":"https:\/\/sisu.ut.ee\/cifu14\/korraldajaq\/?lang=vro","title":{"rendered":"K\u00f5rraldajaq"},"content":{"rendered":"<p style=\"text-align: justify;\"><span style=\"font-size: 12pt;\">K\u00f5rraldajaq:<\/span><\/p>\n<p style=\"text-align: justify;\"><\/p><div class=\"accordion mb-3\">\n        <div class=\"accordion-item accordion-item--white\">\n        <h2 class=\"accordion-header\" id=\"accordion-69dfbc1da72e8-heading\">\n            <button class=\"accordion-button collapsed\" type=\"button\" data-bs-toggle=\"collapse\" data-bs-target=\"#accordion-69dfbc1da72e8-collapse\" aria-expanded=\"true\" aria-controls=\"accordion-69dfbc1da72e8-collapse\"><span style=\"color: #6699ff;\"><span style=\"font-size: 15px;\">T\u00dc\u00dcR\u00dcHM TARTUN<\/span><\/span><\/button>\n        <\/h2>\n        <div id=\"accordion-69dfbc1da72e8-collapse\" class=\"accordion-collapse collapse\" aria-labelledby=\"accordion-69dfbc1da72e8-heading\">\n            <div class=\"accordion-body\">Gerson Klumpp (president\u00b4), Marili Tomingas (sekret\u00e4\u0155), Madis Arukask, Svetlana Karm, Birute Klaas-Lang, Nikolay Kuznetsov, Tiia Margus, Keit M\u00f5isavald, Andrea Nagy, Miina Norvik, Karl Pajusalu, Helen Plado, Eva Saar, Tuuli Tuisk<\/div>\n        <\/div>\n        <\/div>\n    <\/div>\n<p style=\"text-align: justify;\"><\/p><div class=\"accordion mb-3\">\n        <div class=\"accordion-item accordion-item--white\">\n        <h2 class=\"accordion-header\" id=\"accordion-69dfbc1da7300-heading\">\n            <button class=\"accordion-button collapsed\" type=\"button\" data-bs-toggle=\"collapse\" data-bs-target=\"#accordion-69dfbc1da7300-collapse\" aria-expanded=\"true\" aria-controls=\"accordion-69dfbc1da7300-collapse\"><span style=\"color: #6699ff;\"><span style=\"font-size: 15px;\">RAHVID\u00d5VAIH\u00d5LIN\u00d5 P\u00c4\u00c4KOGO<\/span><\/span><\/button>\n        <\/h2>\n        <div id=\"accordion-69dfbc1da7300-collapse\" class=\"accordion-collapse collapse\" aria-labelledby=\"accordion-69dfbc1da7300-heading\">\n            <div class=\"accordion-body\">\n<ul>\n<li style=\"text-align: justify;\"><span style=\"color: #696969;\">Eesti: Gerson Klumpp, as\u00f5mik: Karl Pajusalu;<\/span><\/li>\n<li style=\"text-align: justify;\"><span style=\"color: #696969;\">Soom\u00f5: Johanna Laakso, as\u00f5mik: Riho Gr\u00fcnthal;<\/span><\/li>\n<li style=\"text-align: justify;\"><span style=\"color: #696969;\">Ungari: Katalin Sip\u0151cz, as\u00f5mik: S\u00e1ndor Matics\u00e1k;<\/span><\/li>\n<li style=\"text-align: justify;\"><span style=\"color: #696969;\">Vinnemaa: Oleg Sergeev, as\u00f5mik: Natalia Kondratieva;<\/span><\/li>\n<li style=\"text-align: justify;\"><span style=\"color: #696969;\">t\u00f5\u00f5s\u00f5q maaq: Rogier Blokland, as\u00f5mik: Ksenia Shagal. <\/span><\/li><\/ul><\/div>\n        <\/div>\n        <\/div>\n    <\/div>\n\n<p style=\"text-align: justify;\"><\/p><div class=\"accordion mb-3\">\n        <div class=\"accordion-item accordion-item--white\">\n        <h2 class=\"accordion-header\" id=\"accordion-69dfbc1da7305-heading\">\n            <button class=\"accordion-button collapsed\" type=\"button\" data-bs-toggle=\"collapse\" data-bs-target=\"#accordion-69dfbc1da7305-collapse\" aria-expanded=\"true\" aria-controls=\"accordion-69dfbc1da7305-collapse\"><span style=\"color: #6699ff;\"><span style=\"font-size: 15px;\">RAHVID\u00d5VAIH\u00d5LIN\u00d5 KONGRESSIKOMITEE<\/span><\/span><\/button>\n        <\/h2>\n        <div id=\"accordion-69dfbc1da7305-collapse\" class=\"accordion-collapse collapse\" aria-labelledby=\"accordion-69dfbc1da7305-heading\">\n            <div class=\"accordion-body\"><span style=\"color: #696969;\">Luobbal S\u00e1mmol S\u00e1mmol \u00c1nte (Ante Aikio), Alho Alhoniemi*, Madis Arukask, Marianne Bakr\u00f3-Nagy*, G\u00e1bor Barna*, Andr\u00e1s Bereczki, Rogier Blokland, M\u00e1rta Csepregi*, S\u00e1ndor Cs\u00facs*, Tatiana Devyatkina, Nikolett F. Guly\u00e1s, L\u00e1szl\u00f3 Felf\u00f6ldi*, M. M. Jocelyne Fernandez-Vest*, Ulla-Maija Forsberg, Liudmilla Grigoreva, Riho Gr\u00fcnthal, Katalin Gug\u00e1n, Pekka Hakamies*, Arja Hamari, Cornelius Hasselblatt, L\u00e1szl\u00f3 Honti*, Mih\u00e1ly Hopp\u00e1l*, Petar Kehayov, Valentin Kelmakov \u2020*, L\u00e1szl\u00f3 Keresztes*, \u00c1gnes Kerezsi*, Gerson Klumpp, Natalia Kondratieva, Nikolai Kuznetsov, Johanna Laakso, Valter Lang, Lars-Gunnar Larsson*, Mika Lavento, Ildik\u00f3 Lehtinen*, Heikki Leskinen \u2020*, Aado Lintrop, Karina Lukin, Harri Mantila, S\u00e1ndor Matics\u00e1k, Kazuto Matsumura*, Zita McRobbie-Utasi*, Irma Mullonen, Zolt\u00e1n Nagy, Anu Nurk, Karl Pajusalu, Anatoliy Rakin*, Ingrid R\u00fc\u00fctel*, Janne Saarikivi, Sirkka Saarinen*, Zsuzsa Sal\u00e1nki, Pekka Sammallahti*, T\u00f5nu Seilenthal*, Oleg Sergeev, Ksenia Shagal, Katalin Sip\u0151cz, M\u00e1ria Sipos, Ildik\u00f3 Sirat\u00f3, Elena Skribnik*, Eva Toulouze, Evgenii Tsypanov, Riitta-Liisa Valij\u00e4rvi, P\u00e1l S. Varga*, Zsuzsa V\u00e1rnai, Yrj\u00f6 Varpio*, Vilmos Voigt \u2020*, Mika Waseda, Eberhard Winkler*, Jussi Ylikoski, Aleksei Zagrebin.<\/span>\n<p style=\"text-align: justify;\"><span style=\"color: #696969;\">* auliig\u00f5q<\/span><\/p><\/div>\n        <\/div>\n        <\/div>\n    <\/div>\n\n\n<p><\/p>\n","protected":false},"excerpt":{"rendered":"<p>K\u00f5rraldajaq: T\u00dc\u00dcR\u00dcHM TARTUN Gerson Klumpp (president\u00b4), Marili Tomingas (sekret\u00e4\u0155), Madis Arukask, Svetlana Karm, Birute Klaas-Lang, Nikolay Kuznetsov, Tiia Margus, Keit M\u00f5isavald, Andrea Nagy, Miina Norvik, Karl Pajusalu, Helen Plado, Eva Saar, Tuuli Tuisk RAHVID\u00d5VAIH\u00d5LIN\u00d5 P\u00c4\u00c4KOGO Eesti: Gerson Klumpp, as\u00f5mik: Karl &#8230;<\/p>\n","protected":false},"author":306,"featured_media":0,"parent":0,"menu_order":0,"comment_status":"closed","ping_status":"closed","template":"","meta":{"_acf_changed":false,"inline_featured_image":false,"footnotes":""},"class_list":["post-944","page","type-page","status-publish","hentry"],"acf":[],"_links":{"self":[{"href":"https:\/\/sisu.ut.ee\/cifu14\/wp-json\/wp\/v2\/pages\/944","targetHints":{"allow":["GET"]}}],"collection":[{"href":"https:\/\/sisu.ut.ee\/cifu14\/wp-json\/wp\/v2\/pages"}],"about":[{"href":"https:\/\/sisu.ut.ee\/cifu14\/wp-json\/wp\/v2\/types\/page"}],"author":[{"embeddable":true,"href":"https:\/\/sisu.ut.ee\/cifu14\/wp-json\/wp\/v2\/users\/306"}],"replies":[{"embeddable":true,"href":"https:\/\/sisu.ut.ee\/cifu14\/wp-json\/wp\/v2\/comments?post=944"}],"version-history":[{"count":9,"href":"https:\/\/sisu.ut.ee\/cifu14\/wp-json\/wp\/v2\/pages\/944\/revisions"}],"predecessor-version":[{"id":6194,"href":"https:\/\/sisu.ut.ee\/cifu14\/wp-json\/wp\/v2\/pages\/944\/revisions\/6194"}],"wp:attachment":[{"href":"https:\/\/sisu.ut.ee\/cifu14\/wp-json\/wp\/v2\/media?parent=944"}],"curies":[{"name":"wp","href":"https:\/\/api.w.org\/{rel}","templated":true}]}}