{"id":734,"date":"2024-05-06T15:19:14","date_gmt":"2024-05-06T12:19:14","guid":{"rendered":"https:\/\/sisu.ut.ee\/cifu14\/second-circular-may-2024\/"},"modified":"2025-01-28T13:52:34","modified_gmt":"2025-01-28T11:52:34","slug":"2-teeduskiri","status":"publish","type":"page","link":"https:\/\/sisu.ut.ee\/cifu14\/2-teeduskiri\/?lang=vro","title":{"rendered":"T\u00f5n\u00f5 teed\u00fcskiri, lehekuu 2024"},"content":{"rendered":"<p style=\"text-align: justify;\">H\u00e4\u00e4q kolleegiq!<\/p>\n<p style=\"text-align: justify;\">Seon t\u00f5s\u00f5n teed\u00fcskir\u00e4n om abstrakt\u00f5 kuts\u00f5q 14. rahvid\u00f5vaih\u00f5lids\u00f5 soom\u00f5-ugri kongressi (Tarto, p\u00f5imukuu 18.\u201323. p\u00e4iv 2025) teemasektsiuun\u00f5 ni \u00fcldsetksiooni ettekandid\u00f5 jaos. Mi ol\u00f5 h\u00e4\u00e4s kitn\u00fcq 19 teemasektsiooni ettepan\u00f5kit nel\u00e4n kat\u00f5goorian: A. Soom\u00f5-ugri \u00fcledseq k\u00fcs\u00fcm\u00fcseq, B. Keeletiid\u00fcs, C. Etnoloogia, usotiid\u00fcs ja rahvaluul\u00f5tiid\u00fcs ni D. Aolugu, edeaolugu ja arkeoloogia. (Seok\u00f5rd es ol\u00f5q kir\u00e4nd\u00fcse ja kunstiga k\u00f6\u00fcdet\u00fcid ettepan\u00f5kit.) Teemasektsiuun\u00f5 nimekirja saa noq kaiaq kongressi kodolehe p\u00e4\u00e4lt: <a href=\"https:\/\/cifu14.ut.ee\/programme\/symposia\/\" target=\"_blank\" rel=\"noopener\">https:\/\/cifu14.ut.ee\/programme\/symposia\/<\/a>.<\/p>\n<p style=\"text-align: justify;\">Abstrakt\u00f5 saatmis\u00f5 k\u00f5rd: k\u00f5ik\u00b4 abstraktiq tul\u00f5 kirotaq ingl\u00fcse keelen. Abstrakt\u00b4 tohe-iq ollaq pikemb ku kat\u015b lehek\u00fclge (s\u00e4\u00e4l seen ka kir\u00e4nd\u00fcs), kir\u00e4 suurus pi\u00e4t ol\u00f5ma 12, riavaih 1,5, k\u00f5ik\u00b4 veereq 2,5. Abstrakt\u00b4 tul\u00f5 saataq ku kir\u00e4 ilma autori(d\u00f5) nimmild\u00e4q manoqpannus (k\u00f5g\u00f5 par\u00f5mb, ku nii word- ku pdf-fail) aadressi <a href=\"mailto:cifu14@ut.ee\">cifu14@ut.ee<\/a> p\u00e4\u00e4le. Kir\u00e4 sisse tul\u00f5 pandaq uma nimi, amm\u00f5diasotus ni ettekand\u00f5 p\u00e4\u00e4lkiri. (Altpuult kaeq Vinnemaa ja Valg\u00f5vinne tiidl\u00e4isile m\u00f5t\u00f5ldut teed\u00fcst.) Ku plaanit pit\u00e4q ettekand\u00f5 m\u00f5n\u00f5n muun keelen ku ingl\u00fcse keelen, pan\u00f5q mano ka p\u00e4\u00e4lkiri tuun keelen. (Teemasektsiuun\u00f5 t\u00fc\u00fckiil vai t\u00fc\u00fckeeleq j\u00e4\u00e4seq eg\u00e4 sektsiooni k\u00f5rraldajid\u00f5 otsustaq.) Ol\u00f5q h\u00e4\u00e4 ni annaq uman kir\u00e4n teed\u00e4q ka tuud, kas ettekann\u00f5q om m\u00f5t\u00f5ld m\u00f5n\u00f5 teemasektsiooni vai \u00fcldsektsiooni suulids\u00f5s ettekand\u00f5s vai hoobis sainaettekand\u00f5s kongressi sainaettekandid\u00f5 sektsioonin. Eg\u00e4 osaline v\u00f5i saataq k\u00f5g\u00f5 in\u00e4mb kat\u015b abstrakti: \u00fcte, kon t\u00e4 om p\u00e4\u00e4m\u00e4dses tegij\u00e4s ja \u00fcteliidsi ka ettekandjas, ni t\u00f5s\u00f5, kon t\u00e4 ei ol\u00f5q p\u00e4\u00e4m\u00e4dses tegij\u00e4s. Ettekandid\u00f5 abstraktiq tul\u00f5 saataq <strong>2024. aastaga<\/strong> <del>s\u00fck\u00fcskuu 30. p\u00e4\u00e4v\u00e4s<\/del><strong> rehekuu 20. p\u00e4\u00e4v\u00e4s<\/strong>.<\/p>\n<p style=\"text-align: justify;\">P\u00e4\u00e4lt abstrakt\u00f5 hindamist saadamiq 2024. aastaga 1. joulukuu p\u00e4\u00e4v\u00e4s teed\u00fcsse tuu kotsil\u00f5, kas abstrakt\u00b4 om vasta v\u00f5et vai tagasi tougat.<\/p>\n<p style=\"text-align: justify;\">Teed\u00fcs kirjapandmis\u00f5 kotsil\u00f5 (ja ka osav\u00f5tumass\u00f5 kotsil\u00f5) tul\u00f5 3. teed\u00fcskir\u00e4n, mis saad\u00f5tas k\u00f5g\u00f5 ildampa 2025. aastaga vahts\u00f5aastagakuun. Umma kodolehe p\u00e4\u00e4le pan\u00f5miq teed\u00fcst varrampa. Kongressile saa hinn\u00e4st kirja pandaq 2025. aastaga radokuust p\u00e4\u00e4le. Vasta v\u00f5etuq abstraktiq pandas \u00fcles kongressi kodolehe p\u00e4\u00e4le. Ku vasta v\u00f5etu abstrakti tekij hinn\u00e4st kongressile kirj\u00e4 ei pan\u00f5q, v\u00f5etas abstrakt\u00b4 maaha.<\/p>\n<p style=\"text-align: justify;\">Kutsumiq teemasektsiuun\u00f5 k\u00f5rraldajit v\u00e4ll\u00e4 andma aokirju erinumbrit vai raamatit n\u00e4ide sektsiuun\u00f5 mat\u00f5rjaal\u00f5 p\u00e4\u00e4lt, aq \u00fclest CIFU ettekandid\u00f5 v\u00e4ll\u00e4ann\u00f5t ei ol\u00f5q plaanin.<\/p>\n<p style=\"text-align: justify;\">Mi kodolehte <a href=\"http:\/\/cifu14.ut.ee\">cifu14.ut.ee <\/a>vahts\u00f5nd\u00f5das eg\u00e4 veit\u00fc ao takast ni pandas sinn\u00e4q teed\u00fcst kirj\u00e4pandmis\u00f5, kava, kotuss\u00f5, per\u00e4lesaamis\u00f5 ni \u00fc\u00fcmajjo kotsil\u00f5. Kaeq ka kongressi Facebooki lehte <a href=\"https:\/\/fb.me\/e\/gkV8xAp80\" target=\"_blank\" rel=\"noopener\">https:\/\/fb.me\/e\/gkV8xAp80<\/a> vai kirodaq meile: <a href=\"mailto:cifu14@ut.ee\">cifu14@ut.ee<\/a>.<\/p>\n<p style=\"text-align: justify;\">Teed\u00fcs Vinnemaa ja Valg\u00f5vinne tiidl\u00e4isile: parhillaq om eg\u00e4suguman\u00f5 kuunt\u00fc\u00fc Tarto \u00dclikooli ja Vinnemaa ni Valg\u00f5vinne asotuisi vaih\u00f5l k\u00f5vva keelet. Vinnemaalt ja Valg\u00f5venest saad\u00f5tuid\u00f5 abstrakt\u00f5ga \u00fcten tul\u00f5 kir\u00e4n \u00fcld\u00e4q uma liin, a mitte asotust. P\u00f5hjusm\u00f5tt\u00f5lids\u00f5lt saavaq Vinnemaa ja Valg\u00f5vene inemiseq paiga p\u00e4\u00e4le tullaq, a Tarto \u00dclikuul\u00b4 ei annaq Vinnemaa ja Valg\u00f5vinne kodanig\u00f5l\u00f5 viisakuts\u00f5t. \u00dcle v\u00f5rgo saa kongressist ossa v\u00f5ttaq. Kuimuudu tuu k\u00f5rrald\u00f5das, annamiq teed\u00e4q ildampa.<\/p>\n<p style=\"text-align: justify;\">T\u00e4htside kuup\u00e4ivi kokkov\u00f5t\u00f5q:<\/p>\n<ul>\n<li style=\"text-align: justify;\">Abstrakt\u00f5 saatmin\u00f5 om vallal\u00f5<\/li>\n<li style=\"text-align: justify;\">Abstrakt\u00f5 saa saataq kooni 2024. aastaga <del>s\u00fck\u00fcskuu 30. p\u00e4\u00e4v\u00e4ni<\/del>\u00a0<strong>rehekuu 20. p\u00e4\u00e4v\u00e4ni<\/strong><\/li>\n<li style=\"text-align: justify;\">Ettekandid\u00f5 vastav\u00f5tmis\u00f5st annamiq teed\u00e4q 2024. aastaga joulukuu 1. p\u00e4\u00e4v\u00e4st p\u00e4\u00e4le<\/li>\n<li>Kirj\u00e4pandmin\u00f5 nakkas p\u00e4\u00e4le 2025. aastaga radokuun (t\u00e4ps\u00e4mb teed\u00fcs 2025. aastaga alostus\u00f5n 3. teed\u00fcskir\u00e4n)<\/li>\n<\/ul>\n<p>Oodamiq teid 2025. aastaga Tartohe!<\/p>\n<p>Gerson Klumpp<br>\nXIV Soom\u00f5-Ugri Kongressi president\u00b4<\/p>\n<p>Marili Tomingas<br>\nXIV Soom\u00f5-Ugri Kongressi sekret\u00e4\u0155<\/p>\n","protected":false},"excerpt":{"rendered":"<p>H\u00e4\u00e4q kolleegiq! Seon t\u00f5s\u00f5n teed\u00fcskir\u00e4n om abstrakt\u00f5 kuts\u00f5q 14. rahvid\u00f5vaih\u00f5lids\u00f5 soom\u00f5-ugri kongressi (Tarto, p\u00f5imukuu 18.\u201323. p\u00e4iv 2025) teemasektsiuun\u00f5 ni \u00fcldsetksiooni ettekandid\u00f5 jaos. Mi ol\u00f5 h\u00e4\u00e4s kitn\u00fcq 19 teemasektsiooni ettepan\u00f5kit nel\u00e4n kat\u00f5goorian: A. Soom\u00f5-ugri \u00fcledseq k\u00fcs\u00fcm\u00fcseq, B. Keeletiid\u00fcs, C. Etnoloogia, usotiid\u00fcs &#8230;<\/p>\n","protected":false},"author":306,"featured_media":0,"parent":0,"menu_order":0,"comment_status":"closed","ping_status":"closed","template":"","meta":{"_acf_changed":false,"inline_featured_image":false,"footnotes":""},"class_list":["post-734","page","type-page","status-publish","hentry"],"acf":[],"_links":{"self":[{"href":"https:\/\/sisu.ut.ee\/cifu14\/wp-json\/wp\/v2\/pages\/734","targetHints":{"allow":["GET"]}}],"collection":[{"href":"https:\/\/sisu.ut.ee\/cifu14\/wp-json\/wp\/v2\/pages"}],"about":[{"href":"https:\/\/sisu.ut.ee\/cifu14\/wp-json\/wp\/v2\/types\/page"}],"author":[{"embeddable":true,"href":"https:\/\/sisu.ut.ee\/cifu14\/wp-json\/wp\/v2\/users\/306"}],"replies":[{"embeddable":true,"href":"https:\/\/sisu.ut.ee\/cifu14\/wp-json\/wp\/v2\/comments?post=734"}],"version-history":[{"count":10,"href":"https:\/\/sisu.ut.ee\/cifu14\/wp-json\/wp\/v2\/pages\/734\/revisions"}],"predecessor-version":[{"id":1331,"href":"https:\/\/sisu.ut.ee\/cifu14\/wp-json\/wp\/v2\/pages\/734\/revisions\/1331"}],"wp:attachment":[{"href":"https:\/\/sisu.ut.ee\/cifu14\/wp-json\/wp\/v2\/media?parent=734"}],"curies":[{"name":"wp","href":"https:\/\/api.w.org\/{rel}","templated":true}]}}