{"id":719,"date":"2024-05-06T15:19:14","date_gmt":"2024-05-06T12:19:14","guid":{"rendered":"https:\/\/sisu.ut.ee\/cifu14\/second-circular-may-2024\/"},"modified":"2025-01-28T13:51:21","modified_gmt":"2025-01-28T11:51:21","slug":"2-koerlevel","status":"publish","type":"page","link":"https:\/\/sisu.ut.ee\/cifu14\/2-koerlevel\/?lang=hu","title":{"rendered":"M\u00e1sodik k\u00f6rlev\u00e9l, m\u00e1jus 2024"},"content":{"rendered":"<p style=\"text-align: justify;\">Kedves Koll\u00e9ga!<\/p>\n<p style=\"text-align: justify;\">M\u00e1sodik k\u00f6rlevel\u00fcnk egyben felk\u00e9r\u00e9s t\u00e9mav\u00e1zlat\u00e1nak beny\u00fajt\u00e1s\u00e1ra a XIV. Nemzetk\u00f6zi Finnugor Kongresszus szimp\u00f3ziumaira \u00e9s\/vagy \u00e1ltal\u00e1nos \u00fcl\u00e9s\u00e9re, melyre 2025. augusztus 18.-23.-\u00e1n a Tartui Egyetemen ker\u00fcl sor. A bizotts\u00e1g 19 szimp\u00f3ziumi-javaslatot fogadott el a k\u00f6vetkez\u0151 n\u00e9gy kateg\u00f3ri\u00e1ban: A.\u00a0Finnugrisztika \u00e1ltal\u00e1nos k\u00e9rd\u00e9sei; B.\u00a0Nyelv\u00e9szet; C.\u00a0N\u00e9prajz, vall\u00e1s \u00e9s folklorisztika valamint D.\u00a0T\u00f6rt\u00e9nelem, \u0151st\u00f6rt\u00e9net \u00e9s r\u00e9g\u00e9szet. (Figyelemre m\u00e9lt\u00f3, hogy irodalom t\u00e9m\u00e1ban nem \u00e9rkezett javaslat.) A szimp\u00f3ziumok list\u00e1ja el\u00e9rhet\u0151 a Kongresszus honlapj\u00e1n: <a href=\"https:\/\/cifu14.ut.ee\/programme\/symposia\/\" target=\"_blank\" rel=\"noopener\">https:\/\/cifu14.ut.ee\/programme\/symposia\/<\/a>.<\/p>\n<p style=\"text-align: justify;\">\u00datmutat\u00f3 a t\u00e9mav\u00e1zlat beny\u00fajt\u00e1s\u00e1hoz: A t\u00e9mav\u00e1zlat angol nyelv\u0171, terjedelme a hivatkoz\u00e1sokkal egy\u00fctt nem t\u00f6bb, mint 2 A4-es oldal. A bet\u0171m\u00e9ret 12 pont, sork\u00f6z 1,5, marg\u00f3k mind a n\u00e9gy oldalon 2,5 cm. A t\u00e9mav\u00e1zlatot anonim mell\u00e9kletk\u00e9nt (lehet\u0151leg Word vagy PDF f\u00e1jlform\u00e1tumban) kell beny\u00fajtani a <a href=\"mailto:cifu14@ut.ee\">cifu14@ut.ee<\/a> c\u00edmre. K\u00e9rj\u00fck, az e-mail sz\u00f6veg\u00e9ben t\u00fcntesse fel nev\u00e9t, int\u00e9zm\u00e9ny\u00e9t \u00e9s el\u0151ad\u00e1sa c\u00edm\u00e9t. (Az Oroszorsz\u00e1gb\u00f3l vagy Feh\u00e9roroszorsz\u00e1gb\u00f3l val\u00f3 r\u00e9szv\u00e9tellel kapcsolatos tudnival\u00f3k az al\u00e1bbiakban tal\u00e1lhat\u00f3k.) Amennyiben az el\u0151ad\u00e1st az angolt\u00f3l elt\u00e9r\u0151 nyelven k\u00edv\u00e1nja tartani, k\u00e9rj\u00fck, adja meg az el\u0151ad\u00e1s c\u00edm\u00e9t a megfelel\u0151 nyelven is (felh\u00edvjuk figyelm\u00e9t arra, hogy a szimp\u00f3zium munkanyelv\u00e9r\u0151l az adott szimp\u00f3zium szervez\u0151i d\u00f6ntenek). K\u00e9rj\u00fck, az e-mailben t\u00fcntesse fel, hogy sz\u00f3beli el\u0151ad\u00e1ssal szeretne r\u00e9szt venni egy adott szimp\u00f3ziumon vagy az \u00e1ltal\u00e1nos \u00fcl\u00e9sen, vagy poszter el\u0151ad\u00e1ssal a kongresszus poszter\u00fcl\u00e9s\u00e9n. Minden r\u00e9sztvev\u0151 legfeljebb k\u00e9t t\u00e9mav\u00e1zlatot ny\u00fajthat be: egyet els\u0151 szerz\u0151 \u00e9s el\u0151ad\u00f3k\u00e9nt, \u00e9s egyet, mint t\u00e1rsszerz\u0151. <strong>A t\u00e9mav\u00e1zlatokat 2024. <\/strong><del>szeptember 30-ig\u00a0<\/del><strong> okt\u00f3ber 20-ig kell beny\u00fajtani<\/strong>.<\/p>\n<p style=\"text-align: justify;\">A t\u00e9mav\u00e1zlatok \u00e9rt\u00e9kel\u00e9s\u00e9t k\u00f6vet\u0151en 2024. december 1-ig \u00e9rtes\u00edt\u00e9st k\u00fcld\u00fcnk a t\u00e9mav\u00e1zlatok elfogad\u00e1s\u00e1r\u00f3l vagy elutas\u00edt\u00e1s\u00e1r\u00f3l.<\/p>\n<p style=\"text-align: justify;\">A regisztr\u00e1ci\u00f3val kapcsolatos tudnival\u00f3k (a r\u00e9szv\u00e9teli d\u00edjakkal egy\u00fctt) legk\u00e9s\u0151bb 2025 janu\u00e1rj\u00e1ban, a harmadik k\u00f6rlev\u00e9lben jelennek meg. A kongresszus honlapj\u00e1t el\u0151zetesen friss\u00edtj\u00fck. A kongresszusra 2025 febru\u00e1rj\u00e1t\u00f3l lehet jelentkezni. Minden elfogadott t\u00e9mav\u00e1zlatot k\u00f6zz\u00e9tessz\u00fck a kongresszus honlapj\u00e1n. Ha a t\u00e9mav\u00e1zlat szerz\u0151je nem regisztr\u00e1l a kongresszusra t\u00e9mav\u00e1zlat\u00e1t elt\u00e1vol\u00edtjuk a honlapr\u00f3l.<\/p>\n<p style=\"text-align: justify;\">A szimp\u00f3zium szervez\u0151it arra biztatjuk, hogy szimp\u00f3ziumuk anyag\u00e1t szerkesztett kiadv\u00e1nyk\u00e9nt tegy\u00e9k k\u00f6zz\u00e9, mivel a kongresszus keret\u00e9n bel\u00fcl nem terveznek CIFU kiadv\u00e1nyt. A regisztr\u00e1ci\u00f3val, r\u00e9szv\u00e9teli d\u00edjjal, programmal, helysz\u00ednekkel, k\u00f6zleked\u00e9ssel \u00e9s sz\u00e1ll\u00e1ssal kapcsolatos inform\u00e1ci\u00f3t folyamatosan friss\u00edtj\u00fck a kongresszus honlapj\u00e1n (cifu14.ut.ee). Szeretettel v\u00e1rjuk Facebook oldalunkra is <a href=\"https:\/\/fb.me\/e\/gkV8xAp80\" target=\"_blank\" rel=\"noopener\">https:\/\/fb.me\/e\/gkV8xAp80<\/a>. Ha b\u00e1rmi k\u00e9rd\u00e9se van, k\u00e9rj\u00fck, \u00edrjon a <a href=\"mailto:cifu14@ut.ee\">cifu14@ut.ee<\/a> c\u00edmre.<\/p>\n<p>Inform\u00e1ci\u00f3 schengeni v\u00edzummal nem rendelkez\u0151 orosz vagy feh\u00e9rorosz r\u00e9sztvev\u0151k sz\u00e1m\u00e1ra<\/p>\n<p style=\"text-align: justify;\">A jelenlegi szab\u00e1lyok szerint a Tartui Egyetem nem m\u0171k\u00f6dhet egy\u00fctt ezen orsz\u00e1gok int\u00e9zm\u00e9nyeivel. Ha t\u00e9mav\u00e1zlat\u00e1t Oroszorsz\u00e1gb\u00f3l vagy\u00a0 Feh\u00e9roroszorsz\u00e1gb\u00f3l k\u00fcldi, k\u00e9rj\u00fck, az e-mailben adja meg lak\u00f3hely\u00e9nek nev\u00e9t \u00e9s nem az int\u00e9zm\u00e9ny\u00e9t. Az \u00e9sztorsz\u00e1gi r\u00e9szv\u00e9tel lehets\u00e9ges, b\u00e1r a Tartui Egyetem nem adhat ki megh\u00edv\u00f3levelet orosz \u00e9s feh\u00e9rorosz \u00e1llampolg\u00e1roknak, viszont online mindenki r\u00e9szt vehet a kongresszuson. Az online r\u00e9szv\u00e9tel r\u00e9szletes felt\u00e9teleit k\u00e9s\u0151bb k\u00f6z\u00f6lj\u00fck.<\/p>\n<p style=\"text-align: justify;\">A fontosabb hat\u00e1rid\u0151k \u00f6sszefoglal\u00f3ja:<\/p>\n<ul>\n<li style=\"text-align: justify;\">Az absztraktokat a mai napt\u00f3l lehet bek\u00fcldeni.<\/li>\n<li style=\"text-align: justify;\">Az absztraktok bek\u00fcld\u00e9s\u00e9nek hat\u00e1rideje: <del>2024.\u00a0szeptember 30<\/del> <strong>2024. okt\u00f3ber 20<\/strong>.<\/li>\n<li style=\"text-align: justify;\">\u00c9rtes\u00edt\u00e9s az absztrakt elfogad\u00e1s\u00e1r\u00f3l vagy elutas\u00edt\u00e1s\u00e1r\u00f3l 2024. december 1.<\/li>\n<li style=\"text-align: justify;\">A regisztr\u00e1ci\u00f3 2025 febru\u00e1rj\u00e1ban kezd\u0151dik (pontosabb inform\u00e1ci\u00f3 a harmadik k\u00f6rlev\u00e9lben, <del>2025 janu\u00e1rj\u00e1ban<\/del> 2025 febru\u00e1rj\u00e1ban).<\/li>\n<\/ul>\n<p style=\"text-align: justify;\">Szeretettel v\u00e1rjuk 2025-ben Tartuban!<\/p>\n<p style=\"text-align: justify;\">Gerson Klumpp A XIV. Nemzetk\u00f6zi Fennugor Kongresszus eln\u00f6ke<\/p>\n<p style=\"text-align: justify;\">Marili Tomingas A XIV. Nemzetk\u00f6zi Fennugor Kongresszus titk\u00e1ra<\/p>\n","protected":false},"excerpt":{"rendered":"<p>Kedves Koll\u00e9ga! M\u00e1sodik k\u00f6rlevel\u00fcnk egyben felk\u00e9r\u00e9s t\u00e9mav\u00e1zlat\u00e1nak beny\u00fajt\u00e1s\u00e1ra a XIV. Nemzetk\u00f6zi Finnugor Kongresszus szimp\u00f3ziumaira \u00e9s\/vagy \u00e1ltal\u00e1nos \u00fcl\u00e9s\u00e9re, melyre 2025. augusztus 18.-23.-\u00e1n a Tartui Egyetemen ker\u00fcl sor. A bizotts\u00e1g 19 szimp\u00f3ziumi-javaslatot fogadott el a k\u00f6vetkez\u0151 n\u00e9gy kateg\u00f3ri\u00e1ban: A.\u00a0Finnugrisztika \u00e1ltal\u00e1nos k\u00e9rd\u00e9sei; B.\u00a0Nyelv\u00e9szet; &#8230;<\/p>\n","protected":false},"author":306,"featured_media":0,"parent":0,"menu_order":0,"comment_status":"closed","ping_status":"closed","template":"","meta":{"_acf_changed":false,"inline_featured_image":false,"footnotes":""},"class_list":["post-719","page","type-page","status-publish","hentry"],"acf":[],"_links":{"self":[{"href":"https:\/\/sisu.ut.ee\/cifu14\/wp-json\/wp\/v2\/pages\/719","targetHints":{"allow":["GET"]}}],"collection":[{"href":"https:\/\/sisu.ut.ee\/cifu14\/wp-json\/wp\/v2\/pages"}],"about":[{"href":"https:\/\/sisu.ut.ee\/cifu14\/wp-json\/wp\/v2\/types\/page"}],"author":[{"embeddable":true,"href":"https:\/\/sisu.ut.ee\/cifu14\/wp-json\/wp\/v2\/users\/306"}],"replies":[{"embeddable":true,"href":"https:\/\/sisu.ut.ee\/cifu14\/wp-json\/wp\/v2\/comments?post=719"}],"version-history":[{"count":13,"href":"https:\/\/sisu.ut.ee\/cifu14\/wp-json\/wp\/v2\/pages\/719\/revisions"}],"predecessor-version":[{"id":1863,"href":"https:\/\/sisu.ut.ee\/cifu14\/wp-json\/wp\/v2\/pages\/719\/revisions\/1863"}],"wp:attachment":[{"href":"https:\/\/sisu.ut.ee\/cifu14\/wp-json\/wp\/v2\/media?parent=719"}],"curies":[{"name":"wp","href":"https:\/\/api.w.org\/{rel}","templated":true}]}}