{"id":658,"date":"2024-05-06T15:19:14","date_gmt":"2024-05-06T12:19:14","guid":{"rendered":"https:\/\/sisu.ut.ee\/cifu14\/teine-ringkiri-mai-2024\/"},"modified":"2025-01-28T13:48:44","modified_gmt":"2025-01-28T11:48:44","slug":"2-ringkiri","status":"publish","type":"page","link":"https:\/\/sisu.ut.ee\/cifu14\/2-ringkiri\/?lang=et","title":{"rendered":"Teine ringkiri, mai 2024"},"content":{"rendered":"<p>Head kolleegid!<\/p>\n<p style=\"text-align: justify;\">K\u00e4esolevas ringkirjas on \u00fcldkutse abstraktide esitamiseks 14. rahvusvahelise fennougristika kongressi s\u00fcmpoosiumidele ja \u00fcldsektsiooni. Kongress toimub 18.\u201323. augustil 2025 Tartus. Kongressile on vastu v\u00f5etud 19 s\u00fcmpoosiumiettepanekut neljas erinevas kategoorias: A. Fennougristika \u00fcldk\u00fcsimused; B. Keeleteadus; C. Etnoloogia, religioon ja folkloristika; ja D. Ajalugu, eelajalugu ja arheoloogia. (Seekord ei laekunud ettepanekuid kirjanduse ja kunsti teemadel.) S\u00fcmpoosiumide nimekiri on n\u00fc\u00fcd k\u00e4ttesaadav kongressi kodulehel: <a href=\"https:\/\/cifu14.ut.ee\/programme\/symposia\/\" target=\"_blank\" rel=\"noopener\">https:\/\/cifu14.ut.ee\/programme\/symposia\/<\/a>.<\/p>\n<p style=\"text-align: justify;\">K\u00f5ik abstraktid peavad olema inglise keeles. Abstrakti pikkus ei tohi \u00fcletada 2 A4 lehek\u00fclge (koos viidetega), fondi suurus: 12, reavahe: 1.5, lehe veerised: 2.5 cm. Abstrakt tuleb esitada anon\u00fc\u00fcmse manusena (eelistatavalt nii word- kui ka PDF-failina) meiliaadressile <a href=\"mailto:cifu14@ut.ee\">cifu14@ut.ee<\/a>. Palun lisage e-maili teksti oma nimi, asutus ja ettekande pealkiri. (Info Venemaalt ja Valgevenest osalemise kohta on toodud allpool.) Juhul kui plaanite pidada oma ettekande m\u00f5nes muus keeles kui inglise keel, lisage ettekande pealkiri ka vastavas keeles. (Pange t\u00e4hele, et s\u00fcmpoosiumi korraldajad otsustavad s\u00fcmpoosiumi t\u00f6\u00f6keele \u00fcle eraldi.) Samuti lisage e-maili info, kas abstrakt esitatakse suulise ettekandena kindlale s\u00fcmpoosiumile v\u00f5i \u00fcldsessiooni v\u00f5i posterettekandena kongressi postrisessiooni. Iga osaleja v\u00f5ib esitada maksimaalselt kaks abstrakti: \u00fche peamise autori ja ettekande esitajana ning \u00fche kaasautorina. Abstraktid tuleb esitada <del>30. septembriks 2024<\/del><strong> 20. oktoobriks 2024<\/strong>.<\/p>\n<p style=\"text-align: justify;\">P\u00e4rast abstraktide teaduslikku hindamist saadame teavitused abstraktide vastuv\u00f5tmise v\u00f5i tagasil\u00fckkamise kohta 1. detsembriks 2024.<\/p>\n<p style=\"text-align: justify;\">Informatsioon registreerumise kohta (kaasa arvatud osalustasude kohta) j\u00e4rgneb kolmandas ringkirjas hiljemalt jaanuaris 2025. Kongressi kodulehte uuendame juba eelnevalt. Kongressile registreerumine algab veebruaris 2025. K\u00f5ik vastuv\u00f5etud abstraktid avaldatakse kongressi kodulehel. Kui abstrakti autor kongressile ei registreeru, eemaldatakse abstrakt kodulehelt.<\/p>\n<p style=\"text-align: justify;\">Julgustame s\u00fcmpoosiumide korraldajaid avaldama oma s\u00fcmpoosiumi materjale toimetatud v\u00e4ljaannetena, kuna keskset CIFU ettekandeid sisaldavat v\u00e4ljaannet ei ilmu.<\/p>\n<p style=\"text-align: justify;\">Kongressi kodulehte <a href=\"https:\/\/cifu14.ut.ee\">cifu14.ut.ee<\/a> t\u00e4iendatakse jooksvalt ja lisatakse juurde uut informatsiooni registreerumise, osalustasude, kava, toimumiskohtade, transpordi ja majutuse kohta. Olete teretulnud j\u00e4lgima ka meie Facebooki \u00fcrituse lehte <a href=\"https:\/\/fb.me\/e\/gkV8xAp80\" target=\"_blank\" rel=\"noopener\">https:\/\/fb.me\/e\/gkV8xAp80<\/a>, k\u00fcsimuste korral saate kirjutada e-mailile <a href=\"mailto:cifu14.@ut.ee\">cifu14@ut.ee.<\/a><\/p>\n<p style=\"text-align: justify;\">Eriinformatsioon Venemaa ja Valgevene kohta: praeguste eeskirjade j\u00e4rgi on Tartu \u00dclikoolil keelatud teha koost\u00f6\u00f6d nende riikide asutustega. enemaalt ja Valgevenest esitatud abstraktide puhul palume e-maili lisada elukohalinn, kuid mitte asutust. Kohapeal osalemine on p\u00f5him\u00f5tteliselt v\u00f5imalik, kuid Tartu \u00dclikool ei v\u00e4ljasta viisakutseid Venemaa ega Valgevene kodanikele, alternatiiviks on ka veebi kaudu osalemine. T\u00e4psemad tingimused veebis osalemise kohta teatatakse hiljem.<\/p>\n<p style=\"text-align: justify;\">Kokkuv\u00f5tte olulistest kuup\u00e4evadest:<\/p>\n<ul>\n<li style=\"text-align: justify;\">Abstraktide esitamine on n\u00fc\u00fcd alanud<\/li>\n<li style=\"text-align: justify;\">Abstraktide esitamise t\u00e4htaeg: <del>30. september 2024<\/del>\u00a0<strong>20. oktoober 2024<\/strong><\/li>\n<li style=\"text-align: justify;\">Teavitused abstraktide vastuv\u00f5tmise kohta: alates 1. detsembrist 2024.<\/li>\n<li style=\"text-align: justify;\">Registreerumine algab 2025. aasta veebruaris (info j\u00e4rgneb kolmandas ringkirjas <del>jaanuaris 2025<\/del> veebruaris 2025)<\/li>\n<\/ul>\n<p style=\"text-align: justify;\">Ootame teid 2025. aastal Tartusse!<\/p>\n<p style=\"text-align: justify;\">Gerson Klumpp <br>XIV rahvusvahelise fennougristika kongressi president<\/p>\n<p>Marili Tomingas <br>XIV rahvusvahelise fennougristika kongressi sekret\u00e4r<\/p>\n\n\n<p><\/p>\n","protected":false},"excerpt":{"rendered":"<p>Head kolleegid! K\u00e4esolevas ringkirjas on \u00fcldkutse abstraktide esitamiseks 14. rahvusvahelise fennougristika kongressi s\u00fcmpoosiumidele ja \u00fcldsektsiooni. Kongress toimub 18.\u201323. augustil 2025 Tartus. Kongressile on vastu v\u00f5etud 19 s\u00fcmpoosiumiettepanekut neljas erinevas kategoorias: A. Fennougristika \u00fcldk\u00fcsimused; B. Keeleteadus; C. Etnoloogia, religioon ja folkloristika; &#8230;<\/p>\n","protected":false},"author":306,"featured_media":0,"parent":0,"menu_order":0,"comment_status":"closed","ping_status":"closed","template":"","meta":{"_acf_changed":false,"inline_featured_image":false,"footnotes":""},"class_list":["post-658","page","type-page","status-publish","hentry"],"acf":[],"_links":{"self":[{"href":"https:\/\/sisu.ut.ee\/cifu14\/wp-json\/wp\/v2\/pages\/658","targetHints":{"allow":["GET"]}}],"collection":[{"href":"https:\/\/sisu.ut.ee\/cifu14\/wp-json\/wp\/v2\/pages"}],"about":[{"href":"https:\/\/sisu.ut.ee\/cifu14\/wp-json\/wp\/v2\/types\/page"}],"author":[{"embeddable":true,"href":"https:\/\/sisu.ut.ee\/cifu14\/wp-json\/wp\/v2\/users\/306"}],"replies":[{"embeddable":true,"href":"https:\/\/sisu.ut.ee\/cifu14\/wp-json\/wp\/v2\/comments?post=658"}],"version-history":[{"count":22,"href":"https:\/\/sisu.ut.ee\/cifu14\/wp-json\/wp\/v2\/pages\/658\/revisions"}],"predecessor-version":[{"id":1858,"href":"https:\/\/sisu.ut.ee\/cifu14\/wp-json\/wp\/v2\/pages\/658\/revisions\/1858"}],"wp:attachment":[{"href":"https:\/\/sisu.ut.ee\/cifu14\/wp-json\/wp\/v2\/media?parent=658"}],"curies":[{"name":"wp","href":"https:\/\/api.w.org\/{rel}","templated":true}]}}