{"id":6,"date":"2024-04-04T08:38:37","date_gmt":"2024-04-04T05:38:37","guid":{"rendered":"https:\/\/sisu.ut.ee\/cifu14\/et\/"},"modified":"2025-08-25T11:41:26","modified_gmt":"2025-08-25T08:41:26","slug":"et","status":"publish","type":"page","link":"https:\/\/sisu.ut.ee\/cifu14\/et\/?lang=et","title":{"rendered":"14. rahvusvaheline fennougristika kongress"},"content":{"rendered":"<p><\/p>\n\n\n<p style=\"text-align: justify;\"><span style=\"background: white;\"><span style=\"line-height: normal;\"><span style=\"color: #565656;\">Congressus Internationalis Fenno-Ugristarum (CIFU) on suurim rahvusvaheline soome-ugri (Uurali) keelte, kultuuride, kirjanduse, folkloori, kunsti, muusika, rahvausundi, ajaloo, geneetika ja arheoloogia uurimisele p\u00fchendatud teadus\u00fcritus. Alates 1960. aastast on kongressi korraldatud iga viie aasta tagant. <\/span><\/span><\/span><span style=\"background: white;\"><span style=\"line-height: normal;\"><span style=\"color: #565656;\"><strong>14. rahvusvaheline fennougristika kongress (CIFU XIV)<\/strong> toimus <strong>18.\u201323. augustil 2025 Tartus<\/strong>. <\/span><span lang=\"FI\"><span style=\"color: #565656;\">Kongressi peakorraldaja oli Tartu \u00dclikooli eesti ja \u00fcldkeeleteaduse instituut.<\/span><\/span><\/span><\/span><\/p>\n<p><strong>CIFU XV<\/strong> toimub <strong>2030. aastal<\/strong>\u00a0<strong>E\u00f6tv\u00f6s Lor\u00e1nd \u00dclikoolis<\/strong>\u00a0(ELTE) in <strong>Budapestis<\/strong>.<\/p>\n\n\n<p><\/p>\n","protected":false},"excerpt":{"rendered":"<p>Congressus Internationalis Fenno-Ugristarum (CIFU) on suurim rahvusvaheline soome-ugri (Uurali) keelte, kultuuride, kirjanduse, folkloori, kunsti, muusika, rahvausundi, ajaloo, geneetika ja arheoloogia uurimisele p\u00fchendatud teadus\u00fcritus. Alates 1960. aastast on kongressi korraldatud iga viie aasta tagant. 14. rahvusvaheline fennougristika kongress (CIFU XIV) toimus &#8230;<\/p>\n","protected":false},"author":306,"featured_media":0,"parent":0,"menu_order":0,"comment_status":"closed","ping_status":"closed","template":"","meta":{"_acf_changed":false,"inline_featured_image":false,"footnotes":""},"class_list":["post-6","page","type-page","status-publish","hentry"],"acf":[],"_links":{"self":[{"href":"https:\/\/sisu.ut.ee\/cifu14\/wp-json\/wp\/v2\/pages\/6","targetHints":{"allow":["GET"]}}],"collection":[{"href":"https:\/\/sisu.ut.ee\/cifu14\/wp-json\/wp\/v2\/pages"}],"about":[{"href":"https:\/\/sisu.ut.ee\/cifu14\/wp-json\/wp\/v2\/types\/page"}],"author":[{"embeddable":true,"href":"https:\/\/sisu.ut.ee\/cifu14\/wp-json\/wp\/v2\/users\/306"}],"replies":[{"embeddable":true,"href":"https:\/\/sisu.ut.ee\/cifu14\/wp-json\/wp\/v2\/comments?post=6"}],"version-history":[{"count":30,"href":"https:\/\/sisu.ut.ee\/cifu14\/wp-json\/wp\/v2\/pages\/6\/revisions"}],"predecessor-version":[{"id":6154,"href":"https:\/\/sisu.ut.ee\/cifu14\/wp-json\/wp\/v2\/pages\/6\/revisions\/6154"}],"wp:attachment":[{"href":"https:\/\/sisu.ut.ee\/cifu14\/wp-json\/wp\/v2\/media?parent=6"}],"curies":[{"name":"wp","href":"https:\/\/api.w.org\/{rel}","templated":true}]}}