{"id":5952,"date":"2025-08-15T12:55:08","date_gmt":"2025-08-15T09:55:08","guid":{"rendered":"https:\/\/sisu.ut.ee\/cifu14\/?page_id=5952"},"modified":"2025-10-03T15:12:11","modified_gmt":"2025-10-03T12:12:11","slug":"receptions","status":"publish","type":"page","link":"https:\/\/sisu.ut.ee\/cifu14\/receptions\/","title":{"rendered":"Receptions"},"content":{"rendered":"<p><\/p>\n\n\n<p><b>CIFU 14 Receptions<\/b><\/p>\n<p><b>Reception at University of Tartu\u2019s History Museum, Lossi 25<\/b><\/p>\n<p><b>Tuesday 19th, 18:30\u201321:00<\/b><\/p>\n<p><span style=\"font-weight: 400;\">18:30 Welcome drink<\/span><\/p>\n<p><span style=\"font-weight: 400;\">18:45 \u201cK\u00e4nnu peal k\u00e4bi\u201d<\/span><\/p>\n<p><span style=\"font-weight: 400;\">19:00 Greetings\/addresses:<\/span><\/p>\n<p><span style=\"font-weight: 400;\">\u2013CIFU president Gerson Klumpp<\/span><\/p>\n<p><span style=\"font-weight: 400;\">\u2013Ambassador Extraordinary and Plenipotentiary of Hungary, P\u00e1l Andr\u00e1s<\/span><\/p>\n<p><span style=\"font-weight: 400;\">\u2013 Ambassador of Finland to Estonia, Vesa Vasara<\/span><\/p>\n<p><span style=\"font-weight: 400;\">19:15 Beverages and Food (supported by the Hungarian Embassy, Tallinn)<\/span><\/p>\n<p><span style=\"font-weight: 400;\">20:15\u00a0 \u201cK\u00e4nnu peal k\u00e4bi\u201d<\/span><\/p>\n<p><span style=\"font-weight: 400;\">21:00 End<\/span><\/p>\n<p><span style=\"font-weight: 400;\">\u201cK\u00e4nnu peal k\u00e4bi\u201d: <\/span><i><span style=\"font-weight: 400;\">Bog\u00e1ta Tim\u00e1r, Rodolfo Basile, Dmitry Denisov, Britt-Kathleen Mere, Merit Niinem\u00e4gi, Anna Venchakova<\/span><\/i><span style=\"font-weight: 400;\">.<\/span><\/p>\n<hr>\n<p><b>Reception at the Estonian National Museum (ERM), Muuseumi tee 2<\/b><\/p>\n<p><b>Thursday 21st, 18:30\u201322:00<\/b><\/p>\n<p><span style=\"font-weight: 400;\">18:30\u201319:00 Welcome drink, information desks of Finno-Ugric Societies and Associations in Estonia: <\/span><i><span style=\"font-weight: 400;\">Tartu Ingrian-Finnish Association, Komi Cultural Society<\/span><\/i><span style=\"font-weight: 400;\">,<\/span><i><span style=\"font-weight: 400;\">\u00a0Estonian Mordvin Society<\/span><\/i><span style=\"font-weight: 400;\">, <\/span><i><span style=\"font-weight: 400;\">Tartu Udmurt Assciation \u201cYumshan Gur\u201d, Seto Van\u00f5mbid\u00f5 Kogo and Seto \u00dclembsootska Jalmar Vabarna<\/span><\/i><\/p>\n<p><span style=\"font-weight: 400;\">19:00\u201319:15 Greetings\/addresses:<\/span><\/p>\n<p><span style=\"font-weight: 400;\">\u2013CIFU president Gerson Klumpp<br>\u2013ERM director Laura Kipper<\/span><span style=\"font-weight: 400;\"><br><\/span><span style=\"font-weight: 400;\">\u2013Deputy Mayor of the City of Tartu, Reno Laidre<\/span><\/p>\n<p><span style=\"font-weight: 400;\">19:15\u201320:15 Dinner<\/span><\/p>\n<p><span style=\"font-weight: 400;\">20:15\u2013 \u2026 Open stage for representatives of the Finno-Ugric Societies and Associations\u00a0<\/span><\/p>\n<p><span style=\"font-weight: 400;\">21:00 Cake<\/span><\/p>\n<p><span style=\"font-weight: 400;\">22:00 End<\/span><\/p>\n\n\n<p><\/p>\n\n\n\n<p><span style=\"font-weight: 400;\">See also:<\/span><\/p>\n\n\n\n<ul class=\"wp-block-list\">\n<li><a href=\"https:\/\/maps.app.goo.gl\/bfenR9cnfeajaxWFA\" target=\"_blank\" rel=\"noopener\"><span style=\"font-weight: 400;\">Buses to the Estonian National Museum from the Center:<\/span><\/a><span style=\"font-weight: 400;\"> Bus nr 25 at 18:12 from the bus stop <a href=\"https:\/\/maps.app.goo.gl\/hfh8ibhTH52ytxPg7\" target=\"_blank\" rel=\"noopener\">Linnamuuseum<\/a>. NB! Also the bus nr 7 goes to ERM, <span style=\"font-weight: 400;\">temporarily<\/span> via the bus stop Linnamuuseum and skips the bus stop Raeplats near to Town Hall Square, as there is a renovation going on on Vabaduse Puiestee.<\/span><\/li>\n\n\n\n<li><a href=\"https:\/\/maps.app.goo.gl\/vqzPJ12eHPbnCK5JA\" target=\"_blank\" rel=\"noopener\"><span style=\"font-weight: 400;\">Buses back to the center from the Museum<\/span><\/a><span style=\"font-weight: 400;\">: Bus nr 7 at 22:10 and at 22:40 from the bus stop <a href=\"https:\/\/maps.app.goo.gl\/KtBk8AidCLri7HtaA\" target=\"_blank\" rel=\"noopener\">ERM<\/a>.<\/span><\/li>\n\n\n\n<li><span style=\"font-weight: 400;\">The city bus rides are free with CIFU 14 congress name tags<\/span>.<\/li>\n<\/ul>\n\n\n\n<p><\/p>\n","protected":false},"excerpt":{"rendered":"<p>CIFU 14 Receptions Reception at University of Tartu\u2019s History Museum, Lossi 25 Tuesday 19th, 18:30\u201321:00 18:30 Welcome drink 18:45 \u201cK\u00e4nnu peal k\u00e4bi\u201d 19:00 Greetings\/addresses: \u2013CIFU president Gerson Klumpp \u2013Ambassador Extraordinary and Plenipotentiary of Hungary, P\u00e1l Andr\u00e1s \u2013 Ambassador of Finland &#8230;<\/p>\n","protected":false},"author":306,"featured_media":0,"parent":0,"menu_order":0,"comment_status":"closed","ping_status":"closed","template":"","meta":{"_acf_changed":false,"inline_featured_image":false,"footnotes":""},"class_list":["post-5952","page","type-page","status-publish","hentry"],"acf":[],"_links":{"self":[{"href":"https:\/\/sisu.ut.ee\/cifu14\/wp-json\/wp\/v2\/pages\/5952","targetHints":{"allow":["GET"]}}],"collection":[{"href":"https:\/\/sisu.ut.ee\/cifu14\/wp-json\/wp\/v2\/pages"}],"about":[{"href":"https:\/\/sisu.ut.ee\/cifu14\/wp-json\/wp\/v2\/types\/page"}],"author":[{"embeddable":true,"href":"https:\/\/sisu.ut.ee\/cifu14\/wp-json\/wp\/v2\/users\/306"}],"replies":[{"embeddable":true,"href":"https:\/\/sisu.ut.ee\/cifu14\/wp-json\/wp\/v2\/comments?post=5952"}],"version-history":[{"count":20,"href":"https:\/\/sisu.ut.ee\/cifu14\/wp-json\/wp\/v2\/pages\/5952\/revisions"}],"predecessor-version":[{"id":6213,"href":"https:\/\/sisu.ut.ee\/cifu14\/wp-json\/wp\/v2\/pages\/5952\/revisions\/6213"}],"wp:attachment":[{"href":"https:\/\/sisu.ut.ee\/cifu14\/wp-json\/wp\/v2\/media?parent=5952"}],"curies":[{"name":"wp","href":"https:\/\/api.w.org\/{rel}","templated":true}]}}