{"id":5947,"date":"2025-08-15T12:11:59","date_gmt":"2025-08-15T09:11:59","guid":{"rendered":"https:\/\/sisu.ut.ee\/cifu14\/?page_id=5947"},"modified":"2025-08-16T02:28:13","modified_gmt":"2025-08-15T23:28:13","slug":"restaurants","status":"publish","type":"page","link":"https:\/\/sisu.ut.ee\/cifu14\/restaurants\/","title":{"rendered":"Restaurants"},"content":{"rendered":"<p><\/p>\n\n\n<p><strong>Restaurants, pubs and cafes that offer a small discount on either the daily special and\/or the \u00e0 la carte menu upon showing the <span style=\"text-decoration: underline;\">CIFU14 name tag<\/span> to the waiter:<\/strong><strong><br><\/strong><a href=\"https:\/\/chaplinpub.ee\/\"><strong>Chaplin<\/strong><\/a> K\u00fc\u00fcni street 7<br>-10% discount on the entire menu (except tobacco products, promotional products ). There is no daily lunch offer<strong> on August 20<sup>th <\/sup><\/strong>(Independence Restoration Day of Estonia).<br><a href=\"https:\/\/chaplinpub.ee\/our-seasonal-menu\/\">Menu<\/a><br><a href=\"https:\/\/chaplinpub.ee\/\">Daily offers<\/a><\/p>\n<p><a href=\"https:\/\/embassypub.ee\/\"><strong>The Irish Embassy Pub<\/strong><\/a> Raekoja plats 10 (Town Hall Square 10)<br><a href=\"https:\/\/xn--pevapakkumised-5hb.ee\/tartu\/the-irish-embassy-pub-tartu\">Daily offers<\/a><br>-10% discount on the entire menu also in evening.<br><a href=\"https:\/\/embassypub.ee\/lat-lit-fin\">Menu in Latvian, Lithuanian and Finnish<\/a><\/p>\n<p><a href=\"https:\/\/pyss.ee\/\"><strong>P\u00fcssirohukelder<\/strong><\/a> Lossi 28<br>-10% discount on the entire menu, daily offer costs 6 euros.<br><a href=\"http:\/\/www.pyss.ee\">Menu<\/a><\/p>\n<p><a href=\"https:\/\/pazzo.ee\/en\/home\/\"><strong>Pazzo<\/strong><\/a> K\u00fc\u00fctri 3<br>15% discount on the entire menu.<br><a href=\"https:\/\/www.canva.com\/design\/DAGvY0t7BP8\/N8q7Ls99SmdHokfG1cAOwA\/view?utm_content=DAGvY0t7BP8&amp;utm_campaign=designshare&amp;utm_medium=link2&amp;utm_source=uniquelinks&amp;utlId=hb8e372ee3e\">Weekly offers<\/a><br><a href=\"https:\/\/pazzo.ee\/wp-content\/uploads\/2025\/05\/soogimenuu-inglise-1.pdf\">Regular menu<\/a><\/p>\n<p><strong>\u00a0<\/strong><\/p>\n<p><strong>Other restaurants, pubs and cafes near Jakobi 2<\/strong><\/p>\n<p><a href=\"https:\/\/www.werner.ee\/\"><strong>Caf\u00e9 Werner<\/strong><\/a> \u00dclikooli street 11<br><a href=\"https:\/\/werner.ee\/menuu\">Menu<\/a><br><a href=\"https:\/\/werner.ee\/paevapakkumised\">Daily offers<\/a><\/p>\n<p><a href=\"https:\/\/kohvik.ut.ee\/\"><strong>\u00dclikooli kohvik<\/strong><\/a> \u00dclikooli street 20<br><a href=\"https:\/\/kohvik.ut.ee\/et\">Menu<\/a> (The menu is located on the left side of the main page. Also offers vegetarian food, but the menu is only in Estonian.)<br><span style=\"color: #ff0000;\"><strong>Closed on 20.08.<\/strong><\/span><\/p>\n<p><a href=\"https:\/\/www.chezandre.ee\/\"><strong>Chez Andre<\/strong><\/a> K\u00fc\u00fctri 3<br><a href=\"https:\/\/drive.google.com\/file\/d\/1lgm4w8Ktk-k-HIyDovHAZb-uqN5BqNdQ\/view\">Menu<\/a><\/p>\n<p><a href=\"https:\/\/kampustartu.ee\/en\/\"><strong>Kampus<\/strong><\/a> R\u00fc\u00fctli 7<br><a href=\"https:\/\/kampustartu.ee\/en\/menu\/lunch-offers\/\">Menu<\/a><\/p>\n<p><a href=\"https:\/\/restaurant-munchen.com\/\"><strong>Restoran M\u00fcnchen<\/strong><\/a> K\u00fc\u00fctri 2<br><a href=\"https:\/\/restaurant-munchen.com\/menuu\">Menu<\/a><\/p>\n<p><a href=\"https:\/\/pompei.ee\/en\/\"><strong>Pompei<\/strong><\/a> R\u00fc\u00fctli 7<br><a href=\"https:\/\/pompei.ee\/en\/menu\/lounamenuu\/\">Lunch offers<\/a><br><a href=\"https:\/\/pompei.ee\/en\/menu\/a-la-carte\/\">A La Carte menu<\/a><\/p>\n<p><a href=\"https:\/\/crepp.ee\/en\/\"><strong>Cafe Crepp<\/strong><\/a> R\u00fc\u00fctli 16 (also offers food suitable for vegetarians and vegans)<br><a href=\"https:\/\/crepp.ee\/en\/menuu\">Menu<\/a><\/p>\n<p><a href=\"https:\/\/www.elchapotartu.eu\/\"><strong>El Chapo<\/strong><\/a> R\u00fc\u00fctli 9 (also offers food suitable for vegetarians and vegans)<br><a href=\"https:\/\/www.elchapotartu.eu\/menuu\">Menu<\/a><\/p>\n<p><a href=\"https:\/\/gingergrill.ee\/en\/home\/\"><strong>Ginger Grill<\/strong><\/a> K\u00fc\u00fcni 5b<br>See the menu at the bottom of the homepage<\/p>\n<p><a href=\"https:\/\/pahadpoisid.ee\/\"><strong>Pahad Poisid<\/strong><\/a> K\u00fc\u00fcni 2 (also offers food suitable for vegetarians and vegans)<strong><br><\/strong><a href=\"https:\/\/pahadpoisid.ee\/our-seasonal-menu\/\">Menu<\/a><\/p>\n<p><a href=\"https:\/\/www.pierre.ee\/pierre-restaurant\/tutvustus\"><strong>Pierre Caf\u00e9<\/strong><\/a><a href=\"https:\/\/www.pierre.ee\/pierre-restaurant\/tutvustus\"><strong>\/Reastaurant<\/strong><\/a> (also offers vegetarian-friendly dishes that may contain eggs and\/or dairy products)<br>Town Hall Squere 12\/Raekoja plats 12, 14<br><a href=\"https:\/\/www.pierre.ee\/pierre-restaurant\/menuu\">Menu<\/a><\/p>\n<p><a href=\"https:\/\/truffe.ee\/\"><strong>Caf\u00e9 Truffe<\/strong><\/a> Raekoja plats 16 (Town Hall Square 16)<br><a href=\"https:\/\/truffe.ee\/#paevapakkumine-section\">Menu &amp; Daily deals<\/a> (Only in Estonian)<\/p>\n<p><a href=\"https:\/\/vilde.ee\/gb\/\"><strong>Vilde ja Vine<\/strong><\/a> (also offers vegetarian-friendly dishes that may contain eggs and\/or dairy products)<strong><br><\/strong>Vallikraavi street 4<br><a href=\"https:\/\/vilde.ee\/gb\/menuu\/\">Menu<\/a><br>Daily special costs 7 euros (coffee is included in the price), soup 4 euros, set lunch: small soup + steak 8.50 euros.<br><span style=\"color: #ff0000;\"><strong>Closed on 20.08.<\/strong><\/span><\/p>\n<p><a href=\"https:\/\/humalbistro.ee\/en\/\"><strong>Humal Bistro<\/strong><\/a> (offers food suitable for vegetarians and vegans)<br>Riia street 4<br>Humal will be offering a daily special on 19.08, 21.08 and 22.08. <strong>Humal Bistro will be closed on 18.08<\/strong> and our regular menu will be available on 20.08.<br><a href=\"https:\/\/humalbistro.ee\/menuu\/louna\/\">Daily offers<\/a><br><a href=\"https:\/\/humalbistro.ee\/en\/menu\/food\/\">Menu<\/a><\/p>\n<p><a href=\"https:\/\/ladolcevita.ee\/?lang=en\"><strong>La Dolce Vita<\/strong><\/a> <a href=\"https:\/\/www.google.com\/maps\/place\/Kompanii+tn+10,+51007+Tartu,+Estonia\/@58.381961,26.72272,16z\/data=!4m6!3m5!1s0x46eb36e6e05f3513:0xcb1e432cd1cc3677!8m2!3d58.3819606!4d26.7227205!16s%2Fg%2F11bw40tc8c?hl=en-US&amp;entry=ttu&amp;g_ep=EgoyMDI1MDcyNy4wIKXMDSoASAFQAw%3D%3D\">Kompanii 10<\/a><br><a href=\"https:\/\/ladolcevita.ee\/meat-fish\/?lang=en\">Menu<\/a><strong><br><span style=\"color: #ff0000;\">Closed on 20.08<\/span><\/strong><\/p>","protected":false},"excerpt":{"rendered":"<p>Restaurants, pubs and cafes that offer a small discount on either the daily special and\/or the \u00e0 la carte menu upon showing the CIFU14 name tag to the waiter:Chaplin K\u00fc\u00fcni street 7-10% discount on the entire menu (except tobacco products, &#8230;<\/p>\n","protected":false},"author":306,"featured_media":0,"parent":0,"menu_order":0,"comment_status":"closed","ping_status":"closed","template":"","meta":{"_acf_changed":false,"inline_featured_image":false,"footnotes":""},"class_list":["post-5947","page","type-page","status-publish","hentry"],"acf":[],"_links":{"self":[{"href":"https:\/\/sisu.ut.ee\/cifu14\/wp-json\/wp\/v2\/pages\/5947","targetHints":{"allow":["GET"]}}],"collection":[{"href":"https:\/\/sisu.ut.ee\/cifu14\/wp-json\/wp\/v2\/pages"}],"about":[{"href":"https:\/\/sisu.ut.ee\/cifu14\/wp-json\/wp\/v2\/types\/page"}],"author":[{"embeddable":true,"href":"https:\/\/sisu.ut.ee\/cifu14\/wp-json\/wp\/v2\/users\/306"}],"replies":[{"embeddable":true,"href":"https:\/\/sisu.ut.ee\/cifu14\/wp-json\/wp\/v2\/comments?post=5947"}],"version-history":[{"count":5,"href":"https:\/\/sisu.ut.ee\/cifu14\/wp-json\/wp\/v2\/pages\/5947\/revisions"}],"predecessor-version":[{"id":6049,"href":"https:\/\/sisu.ut.ee\/cifu14\/wp-json\/wp\/v2\/pages\/5947\/revisions\/6049"}],"wp:attachment":[{"href":"https:\/\/sisu.ut.ee\/cifu14\/wp-json\/wp\/v2\/media?parent=5947"}],"curies":[{"name":"wp","href":"https:\/\/api.w.org\/{rel}","templated":true}]}}