{"id":488,"date":"2024-04-29T01:58:37","date_gmt":"2024-04-28T22:58:37","guid":{"rendered":"https:\/\/sisu.ut.ee\/cifu14\/?page_id=488"},"modified":"2024-05-06T15:23:50","modified_gmt":"2024-05-06T12:23:50","slug":"symposium-b7","status":"publish","type":"page","link":"https:\/\/sisu.ut.ee\/cifu14\/symposium-b7\/","title":{"rendered":"Symposium B.7: Clause combining in Uralic languages: functional and interactional perspectives"},"content":{"rendered":"<hr class=\"wp-block-separator has-alpha-channel-opacity\">\n\n\n\n<p class=\"has-extra-large-font-size\">Organizers: Larisa Leisi\u00f6 and Ritva Laury<\/p>\n\n\n<p style=\"text-align: justify;\"><a href=\"https:\/\/sisu.ut.ee\/wp-content\/uploads\/sites\/626\/S_B7_Clause_combining.pdf\">Download PDF<\/a><\/p>\n<p style=\"text-align: justify;\">Clause combining is a relatively well articulated field in linguistic typology (Shopen 2007; Croft 2022, 461-615). The term refers to combining of two or several clauses into a complex sentence. In a complex sentence, the relationship between clauses can be either coordination or subordination. <strong>Coordination<\/strong> of clauses has been traditionally distinguished as asyndetic <em>versus <\/em>syndetic, with the shift from the former to the latter <em>via <\/em>development of writing systems. (Haspelmath 2007.) Further, coordinate clauses are classified into conjunctive (semantically analyzed as <em>additive<\/em>, Malchukov 2004: 186; Croft 2022: 470), disjunctive and adversative. Coordinate clauses can be considered as \u201cco-ranking structures\u201d. They have finite verb predication and are contrasted to \u201cchaining structures\u201d that have one \u201cdominating\u201d verb along with clauses with \u201cmorphologically deficient verbs\u201d (Longacre 2007: 374-376). The latter are prototypical <strong>subordinate<\/strong> clauses. A subordinate clause has a grammatical function within the main clause: it can be a modifier of a noun or verb phrase, or the entire main clause, or it can be a subject or direct object. Clausal subjects and objects are usually called complement clauses. Modifiers of noun phrase are relative clauses. Modifiers of the verb phrase or the whole clause are adverbial clauses. (Longacre 2007: 374.) The latter, but also some certain subtypes of the complement clause were identified and named on functional basis (Cristofaro 2003 and 2005, Thompson et al. 2007).<\/p>\n<p style=\"text-align: justify;\">In descriptions of Uralic languages, syntax has traditionally been paid less attention to than other language levels, phonology, morphology and vocabulary. The situation has improved in the last decades. Syntax is given its due place in recent grammatical descriptions of distinct languages, e.g., Tundra Nenets by Nikolaeva 2014, and in collective monographs containing systematic descriptions of Uralic languages: Abondolo &amp; V\u00e4lij\u00e4rvi (eds.) 2023, Bakr\u00f3-Nagy et al. (eds.) 2022.<\/p>\n<p style=\"text-align: justify;\">In the last three decades, many grammatical categories and subordinate clauses among them have been examined from usage-based and interactional linguistics perspective (e.g., Schegloff, Ochs and Thompson 1996). In interactional linguistics, language use is seen as a social activity along with other activity types (Couper-Kuhlen &amp; Selting 2018). Subordination in Finnish and Estonian has been described in the conversation-analytical framework with special attention to complement clauses. The status of parenthetic clauses, for instance, clauses with interrogative verbs as main clauses has been disputed (Hakulinen et al. 2003; Keevallik 2006 &amp; 2011, Laury 2006; Koivisto, Laury and Sepp\u00e4nen 2011). The subordinate status of Finnish relative clauses has also been questioned (Laury &amp; Helasvuo 2023). \u00a0Usage-based approaches make visible similar grammatical processes observed through regularities in conversational structures in Finnish, Estonian and Swedish conversational structures (Hakulinen et al. 2003). Thus the contiguity of cultures can lead to similar processes in language structures without visible influence of language contacts.<\/p>\n<p style=\"text-align: justify;\">We know the general strategies of combining sentences in Uralic languages. These include originally asyndetically juxtaposed coordinate clauses and infinite predication of subordinate clauses including nominalization, participles, and verbal adverbs, typologically considered subordinate but not normally counted as clausal at least in Finnish grammar (e.g., Hakulinen et al. 2003). Changes in the type of subordinate predication as well as borrowing of connectors have occurred in the course of language contacts (Skribnik 2022 and references therein). The most exact structural account of clause combination has got Tundra Nenets in the grammar description (Nikolaeva 2014) and analysis of relative and complement clauses (Nikolaeva 2017).<\/p>\n<p style=\"text-align: justify;\">We invite data-driven functionally informed papers on clause combining in distinct Uralic languages with the following topics, to be considered as possibilities but not limitations.<\/p>\n<ul>\n<li>semantics and pragmatics of coordination and subordination<\/li>\n<li>effect of language contact on clause combining<\/li>\n<li>clause combining in various forms of communication (conversation, storytelling, oral and written, public speech, etc.)<\/li>\n<li>role of intonation in clause combining<\/li>\n<li>clause combining and turn taking in conversation<\/li>\n<li>clause combining and reference tracking<\/li>\n<\/ul>\n<p><strong>References<\/strong><\/p>\n<p>Abondolo, D. &amp; V\u00e4lij\u00e4rvi, R.-L. (eds.) 2023. <em>The Uralic Languages<\/em>. London: Routledge.<\/p>\n<p>Bakro\u0301-Nagy, M., Laakso, J., &amp; Skribnik, E. K. (eds.) 2022.\u00a0<em>The Oxford guide to the Uralic languages<\/em>. Oxford \u2013 New York: Oxford University Press.<\/p>\n<p>Couper-Kuhlen, E. &amp; Selting, M. 2018. <em>Interactional Linguistics<\/em>. <em>Studying language in social interaction.<\/em> Cambridge: Cambridge University Press.<\/p>\n<p>Cristofaro, S. 2005. Purpose Clauses; \u2019When\u2019 Clauses, Reason Clauses, Utterance Complement Clauses. In: <em>The World Atlas of Language Structures<\/em>, M. Haspelmath, M. S. Dryer, D. Gil and B. Comrie, Oxford \u2013 New York: Oxford University Press, 506-521.<\/p>\n<p>Cristofaro, S. 2003. <em>Subordination<\/em>. (Oxford Studies in Typology and Linguistic Theory). Oxford \u2013 New York:: Oxford University Press.<\/p>\n<p>Croft, W. 2022. <em>Morphosyntax. Constructions of the World\u2019s Languages<\/em>. Cambridge, New York etc.: Cambridge University Press.<\/p>\n<p>Hakulinen, A., Keevallik Eriksson, L. and Lindstr\u00f6m, J. 2003. <em>Kuule, kule, h\u00f6rdu<\/em> \u2012 projicerande praktiker i finska, estniska och svenska samtal. In: <em>Grammatik och Samtal: Studier till minne av Mats Eriksson, <\/em>B. Norberg et al. (eds.), Uppsala: Uppsala Universitet, 199-218.<\/p>\n<p>Haspelmath, M. 2007. Coordination. In Shopen (ed.), 1-51.<\/p>\n<p>Keevallik, L. 2006. From discourse pattern to epistemic marker: Estonian <em>ei tea <\/em>\u2018don\u2019t know\u2019. \u2012 <em>Nordic Journal of Linguistics <\/em>29(2), 173-200.<\/p>\n<p>Keevallik, L. 2011. Interrogative \u201ccomplements\u201d and question design in Estonian. In: Laury &amp; Suzuki (eds.), 37-68.<\/p>\n<p>Koivisto, A., Laury, R. and Sepp\u00e4nen, E.-L. 2011. Syntactic and actional characteristics of Finnish <em>ett\u00e4-<\/em>clauses. In: R. Laury and R. Suzuki (eds.), 69-103.<\/p>\n<p>Laury, R. &amp; Helasvuo, M.-L. 2023. Main clauses of relative clauses in Finnish conversation: Where is the important information? In: <em>Jazyk kak on est\u00b4.<\/em> Sbornik statej k 60-letiju A. A. Kibrika, T. I. Davidjuk et al. (eds.), Moskva: Buki Vedi, 37-42.<\/p>\n<p>Laury, R. and Suzuki, R.(eds.) 2011.\u00a0<em>Subordination in Conversation: A Cross-Linguistic Perspective<\/em>. (Studies in Language and Social Interaction vol. 24) Amsterdam: John Benjamins.<\/p>\n<p>Longacre, R. E. 2007. Sentences as combinations of clauses. IN: Shopen (ed.), 372-420.<\/p>\n<p>Malchukov, A. 2004. Toward a semantic typology of adversative and contrast marking. <em>Journal of Semantics <\/em>21, 177-198.<\/p>\n<p>Nikolaeva, I. 2014. A Grammar of Tundra Nenets. (Mouton Grammar Library, Vol. 65). Berlin, Boston: Walter de Gruyter.<\/p>\n<p>Nikolaeva, I. 2017. The general noun-modifying clause construction in Tundra Nenets and its possible origin. In: <em>Noun-Modifying Clause Constructions in Languages of Eurasia<\/em> (Typological Studies in Language) \/ Y. Matsumoto, P. Sells and B. Comrie, Amsterdam: John Benjamins Publishing Company, 147-178.<\/p>\n<p>Schegloff, E. A., Ochs, E. and Thompson, S. A. 1996. Introduction. In: <em>Interaction and grammar.<\/em> (<em>Studies in interactional sociolinguistics <\/em>13), Ochs, Elinor, Emanuel A. Schegloff and Sandra A. Thompson (eds.), Cambridge, New York etc.: Cambridge University Press, 1-51.<\/p>\n<p>Skribnik, Elena 2022. Clause combining. In: Bacr\u00f3-Nagy et al. (eds.), 996-1017.<\/p>\n<p>Shopen, T. (ed.) \u00a02007. <em>Language Typology and Syntactic Description<\/em> (Volume II: Complex Constructions. Cambridge, New York etc.: Cambridge University Press.<\/p>\n<p>Thompson, Sandra A., Robert E. Longacre and Shin Ja J. Hwang 2007. Adverbial clauses. in Shopen (ed.), 237-300.<\/p>\n<p><strong>Contact persons: <\/strong>Larisa Leisi\u00f6 <a href=\"mailto:larisa.leisio@uef.fi\">larisa.leisio@uef.fi<\/a>, Ritva Laury <a href=\"mailto:ritva.laury@helsinki.fi\">ritva.laury@helsinki.fi<\/a><\/p>","protected":false},"excerpt":{"rendered":"<p>Organizers: Larisa Leisi\u00f6 and Ritva Laury Download PDF Clause combining is a relatively well articulated field in linguistic typology (Shopen 2007; Croft 2022, 461-615). The term refers to combining of two or several clauses into a complex sentence. In a &#8230;<\/p>\n","protected":false},"author":306,"featured_media":0,"parent":0,"menu_order":0,"comment_status":"closed","ping_status":"closed","template":"","meta":{"_acf_changed":false,"inline_featured_image":false,"footnotes":""},"class_list":["post-488","page","type-page","status-publish","hentry"],"acf":[],"_links":{"self":[{"href":"https:\/\/sisu.ut.ee\/cifu14\/wp-json\/wp\/v2\/pages\/488","targetHints":{"allow":["GET"]}}],"collection":[{"href":"https:\/\/sisu.ut.ee\/cifu14\/wp-json\/wp\/v2\/pages"}],"about":[{"href":"https:\/\/sisu.ut.ee\/cifu14\/wp-json\/wp\/v2\/types\/page"}],"author":[{"embeddable":true,"href":"https:\/\/sisu.ut.ee\/cifu14\/wp-json\/wp\/v2\/users\/306"}],"replies":[{"embeddable":true,"href":"https:\/\/sisu.ut.ee\/cifu14\/wp-json\/wp\/v2\/comments?post=488"}],"version-history":[{"count":2,"href":"https:\/\/sisu.ut.ee\/cifu14\/wp-json\/wp\/v2\/pages\/488\/revisions"}],"predecessor-version":[{"id":497,"href":"https:\/\/sisu.ut.ee\/cifu14\/wp-json\/wp\/v2\/pages\/488\/revisions\/497"}],"wp:attachment":[{"href":"https:\/\/sisu.ut.ee\/cifu14\/wp-json\/wp\/v2\/media?parent=488"}],"curies":[{"name":"wp","href":"https:\/\/api.w.org\/{rel}","templated":true}]}}