{"id":45,"date":"2024-04-04T08:38:37","date_gmt":"2024-04-04T05:38:37","guid":{"rendered":"https:\/\/sisu.ut.ee\/cifu14\/vro\/"},"modified":"2025-08-25T12:01:32","modified_gmt":"2025-08-25T09:01:32","slug":"vro","status":"publish","type":"page","link":"https:\/\/sisu.ut.ee\/cifu14\/vro\/?lang=vro","title":{"rendered":"14. rahvid\u00f5vaih\u00f5lin\u00f5 soom\u00f5-ugri kongress"},"content":{"rendered":"<p><\/p>\n\n\n<p style=\"text-align: justify;\">Congressus Internationalis Fenno-Ugristarum (CIFU) om soom\u00f5-ugri (Uurali) kiili, kultuur\u00f5 ja aoluu k\u00f5g\u00f5 t\u00e4hts\u00e4mb rahvid\u00f5vaih\u00f5lin\u00f5 tiid\u00fcss\u00fcndm\u00fcs. Kongr\u00f5ss\u00f5 om k\u00f5rrald\u00f5t 1960. aastagast p\u00e4\u00e4le eg\u00e4 viie aastaga takast. <strong>14. rahvid\u00f5vaih\u00f5lin\u00f5 soom\u00f5-ugri kongress (CIFU XIV)<\/strong> ol\u013e <strong>Tarton 2025. aastaga p\u00f5imukuu 18.\u201323. p\u00e4\u00e4v\u00e4ni<\/strong>. Kongressi k\u00f5rral\u010f Tarto \u00dclikooli eesti ja \u00fcldkeeletiid\u00fcse instituut\u00b4.\u00a0<\/p>\n<p><strong>CIFU XV<\/strong> peet\u00e4s <strong>2030.<\/strong> aastaga <strong>E\u00f6tv\u00f6s Lor\u00e1ndi \u00fclikoolin<\/strong> (ELTE) <strong>Budapestin<\/strong>.<\/p>\n\n\n<p><\/p>\n","protected":false},"excerpt":{"rendered":"<p>Congressus Internationalis Fenno-Ugristarum (CIFU) om soom\u00f5-ugri (Uurali) kiili, kultuur\u00f5 ja aoluu k\u00f5g\u00f5 t\u00e4hts\u00e4mb rahvid\u00f5vaih\u00f5lin\u00f5 tiid\u00fcss\u00fcndm\u00fcs. Kongr\u00f5ss\u00f5 om k\u00f5rrald\u00f5t 1960. aastagast p\u00e4\u00e4le eg\u00e4 viie aastaga takast. 14. rahvid\u00f5vaih\u00f5lin\u00f5 soom\u00f5-ugri kongress (CIFU XIV) ol\u013e Tarton 2025. aastaga p\u00f5imukuu 18.\u201323. p\u00e4\u00e4v\u00e4ni. Kongressi k\u00f5rral\u010f &#8230;<\/p>\n","protected":false},"author":306,"featured_media":0,"parent":0,"menu_order":0,"comment_status":"closed","ping_status":"closed","template":"","meta":{"_acf_changed":false,"inline_featured_image":false,"footnotes":""},"class_list":["post-45","page","type-page","status-publish","hentry"],"acf":[],"_links":{"self":[{"href":"https:\/\/sisu.ut.ee\/cifu14\/wp-json\/wp\/v2\/pages\/45","targetHints":{"allow":["GET"]}}],"collection":[{"href":"https:\/\/sisu.ut.ee\/cifu14\/wp-json\/wp\/v2\/pages"}],"about":[{"href":"https:\/\/sisu.ut.ee\/cifu14\/wp-json\/wp\/v2\/types\/page"}],"author":[{"embeddable":true,"href":"https:\/\/sisu.ut.ee\/cifu14\/wp-json\/wp\/v2\/users\/306"}],"replies":[{"embeddable":true,"href":"https:\/\/sisu.ut.ee\/cifu14\/wp-json\/wp\/v2\/comments?post=45"}],"version-history":[{"count":29,"href":"https:\/\/sisu.ut.ee\/cifu14\/wp-json\/wp\/v2\/pages\/45\/revisions"}],"predecessor-version":[{"id":6163,"href":"https:\/\/sisu.ut.ee\/cifu14\/wp-json\/wp\/v2\/pages\/45\/revisions\/6163"}],"wp:attachment":[{"href":"https:\/\/sisu.ut.ee\/cifu14\/wp-json\/wp\/v2\/media?parent=45"}],"curies":[{"name":"wp","href":"https:\/\/api.w.org\/{rel}","templated":true}]}}