{"id":44,"date":"2024-04-04T08:38:34","date_gmt":"2024-04-04T05:38:34","guid":{"rendered":"https:\/\/sisu.ut.ee\/cifu14\/1-teeduskiri\/"},"modified":"2024-05-07T09:09:02","modified_gmt":"2024-05-07T06:09:02","slug":"1-teeduskiri","status":"publish","type":"page","link":"https:\/\/sisu.ut.ee\/cifu14\/1-teeduskiri\/?lang=vro","title":{"rendered":"Edim\u00e4ne teed\u00fcskiri, lehekuu 2023"},"content":{"rendered":"<p style=\"text-align: justify;\"><span lang=\"DE\">H\u00e4\u00e4q kolleegiq!<\/span><\/p>\n<p style=\"text-align: justify;\"><span lang=\"EN-US\">1960. aastagast p\u00e4\u00e4le om eg\u00e4 viie aastaga takast k\u00f5rrald\u00f5t rahvid\u00f5vaih\u00f5list soom\u00f5-ugri kongressi (Congressus Internationalis Fenno-Ugristarum, CIFU). Viim\u00e4ne kongress, mis ol\u00f5s pid\u00e4n\u00fcq ol\u00f5ma 2020. aastagal, oll\u00b4 COVIDi per\u00e4st kat\u015b aastakka ildampa, 2022. aastaga p\u00f5imukuun Viinin. Rahvid\u00f5vaih\u00f5lids\u00f5 juht\u00b4kogo kuunol\u00f5kil otsust\u00f5di, et j\u00e4rgm\u00e4ne kongress, mis tul\u00f5 Tarton, l\u00e4tt j\u00e4lkin\u00e4q hariligu aoplaani perr\u00e4. <\/span><span lang=\"FI\">Nii et <strong>CIFU XIV om Tarton 2025. aastaga p\u00f5imukuu 18.\u201323. p\u00e4\u00e4v\u00e4ni<\/strong>. Tarto om viim\u00e4te kongressi vasta v\u00f5tnuq 25 aastakka tagasi, 2000. aastagal. <\/span><\/p>\n<p style=\"text-align: justify;\"><span lang=\"EN-US\">Tarto \u00dclikooli eesti ja \u00fcldkeeletiid\u00fcse instituut\u00b4 ja tuu soom\u00f5-ugri kiili osakund (<\/span><a title=\"\" href=\"https:\/\/keel.ut.ee\/\" target=\"_blank\" rel=\"noopener\" data-url=\"https:\/\/keel.ut.ee\/\">https:\/\/keel.ut.ee\/<\/a><span lang=\"EN-US\">) kuts k\u00f5iki kolleege tool\u00f5 t\u00e4hts\u00e4le rahvid\u00f5vaih\u00f5lids\u00f5l\u00f5 soom\u00f5-ugri (Uurali) uurmiisi s\u00fcndm\u00fcsele. Kavan ommaq plenaarettekand\u00f5q, teemasektsiooniq ja \u00fcldsektsiooni ettekand\u00f5q.<\/span><\/p>\n<p style=\"text-align: justify;\"><span lang=\"EN-US\">Taa teed\u00fcskir\u00e4ga kutsumiq teid saatma teemasektsiuun\u00f5 ettepan\u00f5kit <strong>2023. aastaga 31. rehekuu p\u00e4\u00e4v\u00e4s<\/strong> e-kir\u00e4ga aadr\u00f5si <\/span><a href=\"mailto:cifu14@ut.ee\">cifu14@ut.ee<\/a><span lang=\"EN-US\"> p\u00e4\u00e4le. Ettepan\u00f5kihe pi\u00e4t ol\u00f5ma kirja pant teemasektsiooni l\u00fchk\u00fc selet\u00fcs (1\u20132 lk) ni p\u00e4\u00e4m\u00e4dse k\u00f5rraldaja vai p\u00e4\u00e4m\u00e4idsi k\u00f5rraldajid\u00f5 nimeq ja kontaktiq. Ettepan\u00f5giq pi\u00e4t ol\u00f5ma kirot\u00f5duq ingl\u00fcse keelen. Siski v\u00f5i kongressil ettekandit pit\u00e4q ka t\u00f5isin sisseharinuin soom\u00f5-ugri uurmiisi keelin. Teemasektsioon\u00f5n saavaq k\u00f5rraldajaq esiq otsustaq, m\u00e4\u00e4ntsin keelin v\u00f5i sektsioonin ettekandit pit\u00e4q. Teemasektsiuun\u00f5 k\u00f5rraldajaq vastutas\u00f5q uma sektsiooni kokkov\u00f5ttid\u00f5 hind\u00e4mise iist. Ku n\u00e4 tahtvaq, v\u00f5ivaq n\u00e4 k\u00f5rraldaq ka teemasektsiooni artiklikogomigu v\u00e4ll\u00e4andmis\u00f5, \u00fctist kongressi kogomikku plaanin ei ol\u00f5q. Kongressile ommaq ood\u00f5duq teemasektsiooniq soom\u00f5-ugri\/Uurali uurmiisi k\u00f5iki allo p\u00e4\u00e4lt. <\/span><\/p>\n<p style=\"text-align: justify;\"><span lang=\"EN-US\">Konv\u00f5rendsi veebilehte <\/span><a title=\"\" href=\"https:\/\/cifu14.ut.ee\" target=\"_blank\" rel=\"noopener\" data-url=\"https:\/\/cifu14.ut.ee\">cifu14.ut.ee<\/a><span lang=\"EN-US\"> vahts\u00f5nd\u00f5das k\u00f5ik aig; vahts\u00f5t teed\u00fcst (j\u00e4rgm\u00e4dseq teed\u00fcskir\u00e4q, ettekandid\u00f5 kuts\u00f5q, teed\u00fcs kongressi kotuss\u00f5, kava, kirj\u00e4pandmis\u00f5 ja kongressimassu kotsil\u00f5) pandas k\u00f5ik aig manoq.<\/span><\/p>\n<p style=\"text-align: justify;\"><span lang=\"EN-US\">Olk\u00f5q terveq tul\u00f5ma 2025. aastagal Tartohe!<\/span><\/p>\n<p style=\"text-align: justify;\">Gerson Klumpp<br>\nTartu \u00dclikooli soom\u00f5-ugri kiili prohv\u00f5sri<br>\nXIV Soom\u00f5-Ugri Kongressi president\u00b4<br>\nka mui\u00f5 k\u00f5rraldajid\u00f5 puult<\/p>\n","protected":false},"excerpt":{"rendered":"<p>H\u00e4\u00e4q kolleegiq! 1960. aastagast p\u00e4\u00e4le om eg\u00e4 viie aastaga takast k\u00f5rrald\u00f5t rahvid\u00f5vaih\u00f5list soom\u00f5-ugri kongressi (Congressus Internationalis Fenno-Ugristarum, CIFU). Viim\u00e4ne kongress, mis ol\u00f5s pid\u00e4n\u00fcq ol\u00f5ma 2020. aastagal, oll\u00b4 COVIDi per\u00e4st kat\u015b aastakka ildampa, 2022. aastaga p\u00f5imukuun Viinin. Rahvid\u00f5vaih\u00f5lids\u00f5 juht\u00b4kogo kuunol\u00f5kil otsust\u00f5di, &#8230;<\/p>\n","protected":false},"author":306,"featured_media":0,"parent":0,"menu_order":0,"comment_status":"closed","ping_status":"closed","template":"","meta":{"_acf_changed":false,"inline_featured_image":false,"footnotes":""},"class_list":["post-44","page","type-page","status-publish","hentry"],"acf":[],"_links":{"self":[{"href":"https:\/\/sisu.ut.ee\/cifu14\/wp-json\/wp\/v2\/pages\/44","targetHints":{"allow":["GET"]}}],"collection":[{"href":"https:\/\/sisu.ut.ee\/cifu14\/wp-json\/wp\/v2\/pages"}],"about":[{"href":"https:\/\/sisu.ut.ee\/cifu14\/wp-json\/wp\/v2\/types\/page"}],"author":[{"embeddable":true,"href":"https:\/\/sisu.ut.ee\/cifu14\/wp-json\/wp\/v2\/users\/306"}],"replies":[{"embeddable":true,"href":"https:\/\/sisu.ut.ee\/cifu14\/wp-json\/wp\/v2\/comments?post=44"}],"version-history":[{"count":4,"href":"https:\/\/sisu.ut.ee\/cifu14\/wp-json\/wp\/v2\/pages\/44\/revisions"}],"predecessor-version":[{"id":763,"href":"https:\/\/sisu.ut.ee\/cifu14\/wp-json\/wp\/v2\/pages\/44\/revisions\/763"}],"wp:attachment":[{"href":"https:\/\/sisu.ut.ee\/cifu14\/wp-json\/wp\/v2\/media?parent=44"}],"curies":[{"name":"wp","href":"https:\/\/api.w.org\/{rel}","templated":true}]}}