{"id":4,"date":"2024-04-04T08:38:34","date_gmt":"2024-04-04T05:38:34","guid":{"rendered":"https:\/\/sisu.ut.ee\/cifu14\/cifust\/"},"modified":"2025-07-30T16:29:38","modified_gmt":"2025-07-30T13:29:38","slug":"cifust","status":"publish","type":"page","link":"https:\/\/sisu.ut.ee\/cifu14\/cifust\/?lang=et","title":{"rendered":"CIFUst"},"content":{"rendered":"<p style=\"text-align: justify;\"><em>Congressus Internationalis Fenno-Ugristarum<\/em> (CIFU) on suurim soome-ugri (Uurali) keelte, kultuuride, rahvaste ja nende ajaloo uurimisele keskenduv rahvusvaheline teadus\u00fcritus. Kongresse korraldatakse alates 1960. aastast igal viie aasta j\u00e4rel. CIFU XIV toimub 2025. aasta augustis Tartus, kus see on toimunud varasemalt ka 2000. aastal.<\/p>\n<p style=\"text-align: justify;\">P\u00e4rast Teist maailmas\u00f5da, k\u00fclma s\u00f5ja tingimustes polnud rahvusvaheliste teadus\u00fcrituste korraldamine l\u00e4bi raudse eesriide kuigi kerge. Juba 1950ndatel aastatel \u00f5nnestus Soome ja Ungari fennougristidel kutsuda oma konverentsidele ka v\u00e4lismaade teadlasi, ja l\u00f5puks leidis esimene CIFU aset Budapestis aastal 1960. Algatajateks olid m\u00f5ned tuntud ja m\u00f5jukad teadlased, nagu Soomes Kustaa Vilkuna ja Lauri Posti, Ungaris Gyula Ortutay, Eestis ja N\u00f5ukogude Liidus Paul Ariste ja Boris Serebrennikov ning Ida-Saksamaal Wolfgang Steinitz. Alates 1960. aastast toimuvad CIFU-d iga viie aasta tagant (2022. aasta kongress Viinis l\u00fckkus 2020. aastalt edasi koroonapandeemia t\u00f5ttu). Alguses korraldasid neid kordam\u00f6\u00f6da kolm riiki (Ungari, Soome, N\u00f5ukogude Liit), hiljem neli (Ungari, Soome, Eesti, Venemaa). 2022. aasta kongressi korraldas Viini \u00dclikooli soome-ugri osakond ning see\u00a0oli\u00a0esimene aasta, mil CIFU toimus v\u00e4ljaspool soome-ugri riike v\u00f5i Venemaad. Varasemad kongressid on toimunud allolevas j\u00e4rjekorras:<\/p>\n<blockquote>\n<ul>\n<li class=\"MsoNoSpacing\" style=\"text-align: justify;\"><span style=\"font-size: 14px;\">1960: CIFU I, Budapest, Ungari<\/span><\/li>\n<li class=\"MsoNoSpacing\" style=\"text-align: justify;\"><span style=\"font-size: 14px;\">1965: CIFU II, Helsingi, Soome<\/span><\/li>\n<li class=\"MsoNoSpacing\" style=\"text-align: justify;\"><span style=\"font-size: 14px;\">1970: CIFU III, Tallinn, Eesti (sel\u00a0ajal N\u00f5ukogude Liidu osa)<\/span><\/li>\n<li class=\"MsoNoSpacing\" style=\"text-align: justify;\"><span style=\"font-size: 14px;\">1975: CIFU IV, Budapest, Ungari<\/span><\/li>\n<li class=\"MsoNoSpacing\" style=\"text-align: justify;\"><span style=\"font-size: 14px;\">1980: CIFU V, Turu, Soome<\/span><\/li>\n<li class=\"MsoNoSpacing\" style=\"text-align: justify;\"><span style=\"font-size: 14px;\">1985: CIFU VI, S\u00f5kt\u00f5vkar, Komimaa, N\u00f5ukogude Liit<\/span><\/li>\n<li class=\"MsoNoSpacing\" style=\"text-align: justify;\"><span style=\"font-size: 14px;\">1990: CIFU VII, Debrecen, Ungari<\/span><\/li>\n<li class=\"MsoNoSpacing\" style=\"text-align: justify;\"><span style=\"font-size: 14px;\">1995: CIFU VIII, Jyv\u00e4skyl\u00e4, Soome<\/span><\/li>\n<li class=\"MsoNoSpacing\" style=\"text-align: justify;\"><span style=\"font-size: 14px;\">2000: CIFU IX, Tartu, Eesti<\/span><\/li>\n<li class=\"MsoNoSpacing\" style=\"text-align: justify;\"><span style=\"font-size: 14px;\"><a title=\"\" href=\"http:\/\/fu10.mari-el.ru\/\" target=\"_blank\" rel=\"noopener\" data-url=\"http:\/\/fu10.mari-el.ru\/\">2005: CIFU X, Jo\u0161kar-Ola, Mari El, Venemaa<\/a><\/span><\/li>\n<li class=\"MsoNoSpacing\" style=\"text-align: justify;\"><span style=\"font-size: 14px;\"><a title=\"\" href=\"https:\/\/web.archive.org\/web\/20121015005923\/http:\/\/fu11.btk.ppke.hu\/index.php?option=com_content&amp;view=article&amp;id=47&amp;Itemid=58&amp;lang=hu\" target=\"_blank\" rel=\"noopener\" data-url=\"https:\/\/web.archive.org\/web\/20121015005923\/http:\/\/fu11.btk.ppke.hu\/index.php?option=com_content&amp;view=article&amp;id=47&amp;Itemid=58&amp;lang=hu\">2010: CIFU XI, Piliscsaba, Ungari<\/a><\/span><\/li>\n<li class=\"MsoNoSpacing\" style=\"text-align: justify;\"><span style=\"font-size: 14px;\"><a title=\"\" href=\"https:\/\/www.oulu.fi\/fi\/yliopisto\/tiedekunnat-ja-yksikot\/humanistinen-tiedekunta\/kielet-ja-kirjallisuus\" target=\"_blank\" rel=\"noopener\" data-url=\"https:\/\/www.oulu.fi\/fi\/yliopisto\/tiedekunnat-ja-yksikot\/humanistinen-tiedekunta\/kielet-ja-kirjallisuus\">2015: CIFU XII, Oulu, Soome<\/a><\/span><\/li>\n<li class=\"MsoNoSpacing\" style=\"text-align: justify;\"><span style=\"font-size: 14px;\"><a title=\"\" href=\"https:\/\/cifu13.univie.ac.at\/\" target=\"_blank\" rel=\"noopener\" data-url=\"https:\/\/cifu13.univie.ac.at\/\">2022: CIFU XIII, Viin, Austria<\/a><\/span><\/li>\n<\/ul>\n<\/blockquote>\n","protected":false},"excerpt":{"rendered":"<p>Congressus Internationalis Fenno-Ugristarum (CIFU) on suurim soome-ugri (Uurali) keelte, kultuuride, rahvaste ja nende ajaloo uurimisele keskenduv rahvusvaheline teadus\u00fcritus. Kongresse korraldatakse alates 1960. aastast igal viie aasta j\u00e4rel. CIFU XIV toimub 2025. aasta augustis Tartus, kus see on toimunud varasemalt ka &#8230;<\/p>\n","protected":false},"author":306,"featured_media":0,"parent":0,"menu_order":0,"comment_status":"closed","ping_status":"closed","template":"","meta":{"_acf_changed":false,"inline_featured_image":false,"footnotes":""},"class_list":["post-4","page","type-page","status-publish","hentry"],"acf":[],"_links":{"self":[{"href":"https:\/\/sisu.ut.ee\/cifu14\/wp-json\/wp\/v2\/pages\/4","targetHints":{"allow":["GET"]}}],"collection":[{"href":"https:\/\/sisu.ut.ee\/cifu14\/wp-json\/wp\/v2\/pages"}],"about":[{"href":"https:\/\/sisu.ut.ee\/cifu14\/wp-json\/wp\/v2\/types\/page"}],"author":[{"embeddable":true,"href":"https:\/\/sisu.ut.ee\/cifu14\/wp-json\/wp\/v2\/users\/306"}],"replies":[{"embeddable":true,"href":"https:\/\/sisu.ut.ee\/cifu14\/wp-json\/wp\/v2\/comments?post=4"}],"version-history":[{"count":5,"href":"https:\/\/sisu.ut.ee\/cifu14\/wp-json\/wp\/v2\/pages\/4\/revisions"}],"predecessor-version":[{"id":5706,"href":"https:\/\/sisu.ut.ee\/cifu14\/wp-json\/wp\/v2\/pages\/4\/revisions\/5706"}],"wp:attachment":[{"href":"https:\/\/sisu.ut.ee\/cifu14\/wp-json\/wp\/v2\/media?parent=4"}],"curies":[{"name":"wp","href":"https:\/\/api.w.org\/{rel}","templated":true}]}}