{"id":34,"date":"2024-04-04T08:38:34","date_gmt":"2024-04-04T05:38:34","guid":{"rendered":"https:\/\/sisu.ut.ee\/cifu14\/a-kongresszusrol\/"},"modified":"2024-05-28T13:17:41","modified_gmt":"2024-05-28T10:17:41","slug":"a-kongresszusrol","status":"publish","type":"page","link":"https:\/\/sisu.ut.ee\/cifu14\/a-kongresszusrol\/?lang=hu","title":{"rendered":"A kongresszusr\u00f3l"},"content":{"rendered":"<p style=\"text-align: justify;\">A Nemzetk\u00f6zi Finnugor Kongresszus (Congressus Internationalis Fenno-Ugristarum) a finnugor (ur\u00e1li) nyelvek, kult\u00far\u00e1k \u00e9s t\u00f6rt\u00e9nelm\u00fck kutat\u00e1s\u00e1nak ter\u00fclet\u00e9n a legjelent\u0151sebb tudom\u00e1nyos rendezv\u00e9ny. A kongresszust 1960 \u00f3ta \u00f6t\u00e9vente szervezik meg, ez\u00fattal el\u0151sz\u00f6r az \u00f6n\u00e1ll\u00f3 \u00e1llamis\u00e1ggal rendelkez\u0151 finnugor \u00e1llamokon \u00e9s Oroszorsz\u00e1gon k\u00edv\u00fcl.<\/p>\n<p style=\"text-align: justify;\">A hidegh\u00e1bor\u00fa alatt nemzetk\u00f6zi tudom\u00e1nyos konferenci\u00e1kat a vasf\u00fcgg\u00f6ny\u00f6n kereszt\u00fcl nem volt egyszer\u0171 megszervezni. Finnorsz\u00e1gban \u00e9s Magyarorsz\u00e1gon m\u00e1r az 1950-es \u00e9vekben siker\u00fclt n\u00e9h\u00e1ny finnugor \u00f6sszej\u00f6vetelt rendezni, amelyekre k\u00fclf\u00f6ldi kutat\u00f3kat is megh\u00edvtak, majd v\u00e9gre 1960-ban megval\u00f3sult az els\u0151 Nemzetk\u00f6zi Finnugor Kongresszus (CIFU), amelyet Budapesten tartottak, olyan h\u00edres \u00e9s tekint\u00e9lyes kutat\u00f3k kezdem\u00e9nyez\u00e9s\u00e9re, mint a finn Kustaa Vilkuna \u00e9s Lauri Posti, a magyar Ortutay Gyula, az orosz Borisz Szerebrennyikov, az \u00e9szt Paul Ariste vagy a keletn\u00e9met Wolfgang Steinitz.<\/p>\n<p style=\"text-align: justify;\">Az\u00f3ta \u00f6t\u00e9vente tartj\u00e1k meg a kongresszusokat, kezdetben Magyarorsz\u00e1g, Finnorsz\u00e1g \u00e9s a Szovjetuni\u00f3, majd Magyarorsz\u00e1g, Finnorsz\u00e1g, \u00c9sztorsz\u00e1g \u00e9s Oroszorsz\u00e1g k\u00f6z\u00fcl felv\u00e1ltva valamelyik \u00e1llamban. 2022 volt az els\u0151 \u00e9v, amikor a CIFU-t m\u00e1shol is megszervezt\u00e9k: B\u00e9csben, Ausztri\u00e1ban ker\u00fclt sor a CIFU XIII.<\/p>\n<p style=\"text-align: justify;\">Kor\u00e1bbi kongresszusok:<\/p>\n<blockquote>\n<ul>\n<li><span style=\"font-size: 14px;\">1960: CIFU I, Budapest, Magyarorsz\u00e1g<\/span><\/li>\n<li><span style=\"font-size: 14px;\">1965: CIFU II, Helsinki, Finnorsz\u00e1g<\/span><\/li>\n<li><span style=\"font-size: 14px;\">1970: CIFU III, Tallinn, \u00c9sztorsz\u00e1g (akkoriban a Szovjetuni\u00f3 r\u00e9sze)<\/span><\/li>\n<li><span style=\"font-size: 14px;\">1975: CIFU IV, Budapest, Magyarorsz\u00e1g<\/span><\/li>\n<li><span style=\"font-size: 14px;\">1980: CIFU V, Turku, Finnorsz\u00e1g<\/span><\/li>\n<li><span style=\"font-size: 14px;\">1985: CIFU VI, Sziktivkar, Komif\u00f6ld, Szovjetuni\u00f3<\/span><\/li>\n<li><span style=\"font-size: 14px;\">1990: CIFU VII, Debrecen, Magyarorsz\u00e1g<\/span><\/li>\n<li><span style=\"font-size: 14px;\">1995: CIFU VIII, Jyv\u00e4skyl\u00e4, Finnorsz\u00e1g<\/span><\/li>\n<li><span style=\"font-size: 14px;\">2000: CIFU IX, Tartu, \u00c9sztorsz\u00e1g<\/span><\/li>\n<li><span style=\"font-size: 14px;\"><a href=\"http:\/\/fu10.mari-el.ru\/\" target=\"_blank\" rel=\"noopener\">2005: CIFU X, Joskar-Ola, Mari El, Oroszorsz\u00e1g<\/a><\/span><\/li>\n<li><span style=\"font-size: 14px;\"><a href=\"https:\/\/web.archive.org\/web\/20121015005923\/http:\/\/fu11.btk.ppke.hu\/index.php?option=com_content&amp;view=article&amp;id=47&amp;Itemid=58&amp;lang=hu\" target=\"_blank\" rel=\"noopener\">2010: CIFU XI, Piliscsaba, Magyarorsz\u00e1g<\/a><\/span><\/li>\n<li><span style=\"font-size: 14px;\"><a href=\"http:\/\/www.oulu.fi\/suomenkieli\/fuxii\/englanti\/etusivu\" target=\"_blank\" rel=\"noopener\">2015: CIFU XII, Oulu, Finnorsz\u00e1g<\/a><\/span><\/li>\n<li><span style=\"font-size: 14px;\"><a title=\"\" href=\"https:\/\/cifu13.univie.ac.at\/\" target=\"_blank\" rel=\"noopener\" data-url=\"https:\/\/cifu13.univie.ac.at\/\">2022: CIFU XIII,\u00a0B\u00e9cs, Ausztria<\/a><\/span><\/li>\n<\/ul>\n<\/blockquote>\n","protected":false},"excerpt":{"rendered":"<p>A Nemzetk\u00f6zi Finnugor Kongresszus (Congressus Internationalis Fenno-Ugristarum) a finnugor (ur\u00e1li) nyelvek, kult\u00far\u00e1k \u00e9s t\u00f6rt\u00e9nelm\u00fck kutat\u00e1s\u00e1nak ter\u00fclet\u00e9n a legjelent\u0151sebb tudom\u00e1nyos rendezv\u00e9ny. A kongresszust 1960 \u00f3ta \u00f6t\u00e9vente szervezik meg, ez\u00fattal el\u0151sz\u00f6r az \u00f6n\u00e1ll\u00f3 \u00e1llamis\u00e1ggal rendelkez\u0151 finnugor \u00e1llamokon \u00e9s Oroszorsz\u00e1gon k\u00edv\u00fcl. A hidegh\u00e1bor\u00fa &#8230;<\/p>\n","protected":false},"author":306,"featured_media":0,"parent":0,"menu_order":0,"comment_status":"closed","ping_status":"closed","template":"","meta":{"_acf_changed":false,"inline_featured_image":false,"footnotes":""},"class_list":["post-34","page","type-page","status-publish","hentry"],"acf":[],"_links":{"self":[{"href":"https:\/\/sisu.ut.ee\/cifu14\/wp-json\/wp\/v2\/pages\/34","targetHints":{"allow":["GET"]}}],"collection":[{"href":"https:\/\/sisu.ut.ee\/cifu14\/wp-json\/wp\/v2\/pages"}],"about":[{"href":"https:\/\/sisu.ut.ee\/cifu14\/wp-json\/wp\/v2\/types\/page"}],"author":[{"embeddable":true,"href":"https:\/\/sisu.ut.ee\/cifu14\/wp-json\/wp\/v2\/users\/306"}],"replies":[{"embeddable":true,"href":"https:\/\/sisu.ut.ee\/cifu14\/wp-json\/wp\/v2\/comments?post=34"}],"version-history":[{"count":2,"href":"https:\/\/sisu.ut.ee\/cifu14\/wp-json\/wp\/v2\/pages\/34\/revisions"}],"predecessor-version":[{"id":813,"href":"https:\/\/sisu.ut.ee\/cifu14\/wp-json\/wp\/v2\/pages\/34\/revisions\/813"}],"wp:attachment":[{"href":"https:\/\/sisu.ut.ee\/cifu14\/wp-json\/wp\/v2\/media?parent=34"}],"curies":[{"name":"wp","href":"https:\/\/api.w.org\/{rel}","templated":true}]}}