{"id":32,"date":"2024-04-04T08:38:33","date_gmt":"2024-04-04T05:38:33","guid":{"rendered":"https:\/\/sisu.ut.ee\/cifu14\/program\/"},"modified":"2025-08-12T11:58:05","modified_gmt":"2025-08-12T08:58:05","slug":"program","status":"publish","type":"page","link":"https:\/\/sisu.ut.ee\/cifu14\/program\/?lang=hu","title":{"rendered":"Program"},"content":{"rendered":"<p><\/p>\n\n\n<p>A XIV. Nemzetk\u00f6zi Finnugor Kongresszust <strong>2025. augusztus 18. \u00e9s 23.<\/strong> k\u00f6z\u00f6tt rendezz\u00fck meg <strong>Tartuban<\/strong>.<\/p>\n<ul>\n<li><a href=\"https:\/\/cifu14.ut.ee\/elozetes-programvazlat\/?lang=hu\"><strong><span style=\"font-size: 18pt;\">Programt\u00e1bl\u00e1zat<\/span><\/strong><\/a><\/li>\n<li><strong><a href=\"https:\/\/cifu14.ut.ee\/plenaris-eloadok\/?lang=hu\"><span style=\"font-size: 18pt;\">Plen\u00e1ris el\u0151ad\u00f3k<\/span><\/a><\/strong><\/li>\n<li><span style=\"font-size: 18pt;\"><strong><a href=\"https:\/\/cifu14.ut.ee\/program\/szimpoziumok\/?lang=hu\">Szimp\u00f3ziumok<\/a><\/strong><\/span><\/li>\n<li><a href=\"https:\/\/cifu14.ut.ee\/list-of-accepted-papers\/\" rel=\"noopener\"><span style=\"font-size: 18pt;\"><strong>Az elfogadott absztraktok list\u00e1ja<\/strong><\/span><\/a><\/li>\n<\/ul>","protected":false},"excerpt":{"rendered":"<p>A XIV. Nemzetk\u00f6zi Finnugor Kongresszust 2025. augusztus 18. \u00e9s 23. k\u00f6z\u00f6tt rendezz\u00fck meg Tartuban. Programt\u00e1bl\u00e1zat Plen\u00e1ris el\u0151ad\u00f3k Szimp\u00f3ziumok Az elfogadott absztraktok list\u00e1ja<\/p>\n","protected":false},"author":306,"featured_media":0,"parent":0,"menu_order":0,"comment_status":"closed","ping_status":"closed","template":"","meta":{"_acf_changed":false,"inline_featured_image":false,"footnotes":""},"class_list":["post-32","page","type-page","status-publish","hentry"],"acf":[],"_links":{"self":[{"href":"https:\/\/sisu.ut.ee\/cifu14\/wp-json\/wp\/v2\/pages\/32","targetHints":{"allow":["GET"]}}],"collection":[{"href":"https:\/\/sisu.ut.ee\/cifu14\/wp-json\/wp\/v2\/pages"}],"about":[{"href":"https:\/\/sisu.ut.ee\/cifu14\/wp-json\/wp\/v2\/types\/page"}],"author":[{"embeddable":true,"href":"https:\/\/sisu.ut.ee\/cifu14\/wp-json\/wp\/v2\/users\/306"}],"replies":[{"embeddable":true,"href":"https:\/\/sisu.ut.ee\/cifu14\/wp-json\/wp\/v2\/comments?post=32"}],"version-history":[{"count":15,"href":"https:\/\/sisu.ut.ee\/cifu14\/wp-json\/wp\/v2\/pages\/32\/revisions"}],"predecessor-version":[{"id":5838,"href":"https:\/\/sisu.ut.ee\/cifu14\/wp-json\/wp\/v2\/pages\/32\/revisions\/5838"}],"wp:attachment":[{"href":"https:\/\/sisu.ut.ee\/cifu14\/wp-json\/wp\/v2\/media?parent=32"}],"curies":[{"name":"wp","href":"https:\/\/api.w.org\/{rel}","templated":true}]}}