{"id":31,"date":"2024-04-04T08:38:37","date_gmt":"2024-04-04T05:38:37","guid":{"rendered":"https:\/\/sisu.ut.ee\/cifu14\/de\/"},"modified":"2025-08-25T11:42:23","modified_gmt":"2025-08-25T08:42:23","slug":"de","status":"publish","type":"page","link":"https:\/\/sisu.ut.ee\/cifu14\/de\/?lang=de","title":{"rendered":"Der 14. Internationale Kongress f\u00fcr Finnougristik"},"content":{"rendered":"<p><\/p>\n\n\n<p style=\"text-align: justify;\">Der Congressus Internationalis Fenno-Ugristarum (CIFU) ist die wichtigste internationale wissenschaftliche Veranstaltung zur Erforschung der finno-ugrischen (uralischen) Sprachen, der Kulturen und Geschichte der finno-ugrischsprachigen V\u00f6lker. Die CIFU-Kongresse werden seit 1960 alle f\u00fcnf Jahre veranstaltet. <strong>Der 14. Internationale Kongress f\u00fcr Finnougristik (CIFU XIV)<\/strong> fand vom <strong>18. bis 23. August 2025 in Tartu, Estland<\/strong> statt. Der Kongress wurde vom Institut f\u00fcr Estnische und Allgemeine Sprachwissenschaft der Universit\u00e4t Tartu organisiert.<\/p>\n<p><strong>CIFU XV<\/strong> findet <strong>2030<\/strong> an der <strong>E\u00f6tv\u00f6s Lor\u00e1nd Universit\u00e4t <\/strong>(ELTE) in <strong>Budapest\u00a0<\/strong>statt.<\/p>\n\n\n<p><\/p>\n","protected":false},"excerpt":{"rendered":"<p>Der Congressus Internationalis Fenno-Ugristarum (CIFU) ist die wichtigste internationale wissenschaftliche Veranstaltung zur Erforschung der finno-ugrischen (uralischen) Sprachen, der Kulturen und Geschichte der finno-ugrischsprachigen V\u00f6lker. Die CIFU-Kongresse werden seit 1960 alle f\u00fcnf Jahre veranstaltet. Der 14. Internationale Kongress f\u00fcr Finnougristik (CIFU &#8230;<\/p>\n","protected":false},"author":306,"featured_media":0,"parent":0,"menu_order":0,"comment_status":"closed","ping_status":"closed","template":"","meta":{"_acf_changed":false,"inline_featured_image":false,"footnotes":""},"class_list":["post-31","page","type-page","status-publish","hentry"],"acf":[],"_links":{"self":[{"href":"https:\/\/sisu.ut.ee\/cifu14\/wp-json\/wp\/v2\/pages\/31","targetHints":{"allow":["GET"]}}],"collection":[{"href":"https:\/\/sisu.ut.ee\/cifu14\/wp-json\/wp\/v2\/pages"}],"about":[{"href":"https:\/\/sisu.ut.ee\/cifu14\/wp-json\/wp\/v2\/types\/page"}],"author":[{"embeddable":true,"href":"https:\/\/sisu.ut.ee\/cifu14\/wp-json\/wp\/v2\/users\/306"}],"replies":[{"embeddable":true,"href":"https:\/\/sisu.ut.ee\/cifu14\/wp-json\/wp\/v2\/comments?post=31"}],"version-history":[{"count":30,"href":"https:\/\/sisu.ut.ee\/cifu14\/wp-json\/wp\/v2\/pages\/31\/revisions"}],"predecessor-version":[{"id":6155,"href":"https:\/\/sisu.ut.ee\/cifu14\/wp-json\/wp\/v2\/pages\/31\/revisions\/6155"}],"wp:attachment":[{"href":"https:\/\/sisu.ut.ee\/cifu14\/wp-json\/wp\/v2\/media?parent=31"}],"curies":[{"name":"wp","href":"https:\/\/api.w.org\/{rel}","templated":true}]}}