{"id":30,"date":"2024-04-04T08:38:34","date_gmt":"2024-04-04T05:38:34","guid":{"rendered":"https:\/\/sisu.ut.ee\/cifu14\/1-koerlevel\/"},"modified":"2025-01-27T16:27:55","modified_gmt":"2025-01-27T14:27:55","slug":"1-koerlevel","status":"publish","type":"page","link":"https:\/\/sisu.ut.ee\/cifu14\/1-koerlevel\/?lang=hu","title":{"rendered":"Els\u0151 k\u00f6rlev\u00e9l, m\u00e1jus 2023"},"content":{"rendered":"<p style=\"text-align: justify;\"><span lang=\"FI\">Tisztelt<\/span><span lang=\"FI\"><span style=\"line-height: 150%;\"><span style=\"color: black;\"> koll\u00e9g\u00e1k!<\/span><\/span><\/span><\/p>\n<p style=\"text-align: justify;\"><span lang=\"FI\">1960 \u00f3ta \u00f6t\u00e9venk\u00e9nt megrendezik a Nemzetk\u00f6zi Finnugor Kongresszust (Congressus Internationalis Fenno-Ugristarum, CIFU). Az eredetileg 2020-ra tervezett el\u0151z\u0151 kongresszus a Covid-19 vil\u00e1gj\u00e1rv\u00e1ny miatt k\u00e9t \u00e9vvel k\u00e9s\u0151bb, 2022 augusztus\u00e1ban val\u00f3sult meg B\u00e9csben. A nemzetk\u00f6zi kongresszusi bizotts\u00e1g \u00fagy hat\u00e1rozott, hogy a k\u00f6vetkez\u0151 kongresszus Tartuban t\u00e9rjen vissza az eredeti id\u0151rendhez. \u00cdgy a <strong>XIV. Nemzetk\u00f6zi Finnugor Kongresszust 2025. augusztus 18. \u00e9s 23. k\u00f6z\u00f6tt rendezz\u00fck meg Tartuban<\/strong>. Tartu volt m\u00e1r a kongresszus szervez\u0151je, 25 \u00e9vvel kor\u00e1bban, 2000-ben.<\/span><\/p>\n<p style=\"text-align: justify;\"><span lang=\"FI\">A Tartui Egyetem \u00c9szt \u00e9s \u00c1ltal\u00e1nos Nyelvtudom\u00e1nyi Int\u00e9zete <\/span><span lang=\"ET\">(<\/span><a title=\"\" href=\"https:\/\/keel.ut.ee\/\" target=\"_blank\" rel=\"noopener\" data-url=\"https:\/\/keel.ut.ee\/\">https:\/\/keel.ut.ee\/<\/a><span lang=\"ET\">) \u00e9s az int\u00e9zetben m\u0171k\u00f6d\u0151 finnugor tansz\u00e9kcsoport minden \u00e9rdekl\u0151d\u0151t szeretettel v\u00e1r a nemzetk\u00f6zi finnugrisztika e jelent\u0151s esem\u00e9ny\u00e9re. A program plen\u00e1ris \u00fcl\u00e9sekb\u0151l, szimp\u00f3ziumokb\u00f3l \u00e9s az \u00e1ltal\u00e1nos szekci\u00f3 el\u0151ad\u00e1saib\u00f3l fog \u00e1llni.<\/span><\/p>\n<p style=\"text-align: justify;\"><span lang=\"ET\">Els\u0151 k\u00f6rlevel\u00fcnkben arra szeretn\u00e9nk k\u00e9rni \u00d6n\u00f6ket, hogy a <strong>szimp\u00f3ziumokra tett javaslataikat<\/strong> e-mailben a <\/span><a href=\"mailto:cifu14@ut.ee\">cifu14@ut.ee<\/a><span lang=\"ET\"> c\u00edmre sz\u00edveskedjenek elk\u00fcldeni legk\u00e9s\u0151bb <strong>2023. okt\u00f3ber 31-ig<\/strong>. A javaslat tartalmazza a szimp\u00f3zium r\u00f6vid (egy-k\u00e9t oldal terjedelm\u0171) le\u00edr\u00e1s\u00e1t, valamint a szervez\u0151(k) nev\u00e9t \u00e9s el\u00e9rhet\u0151s\u00e9g\u00e9t. K\u00e9rj\u00fck, javaslataikat angol nyelven k\u00fcldj\u00e9k el. Felh\u00edvjuk figyelm\u00fcket, hogy a kongresszuson a finnugrisztik\u00e1ban \u00e1ltal\u00e1ban haszn\u00e1lt m\u00e1s nyelveken is lehet el\u0151ad\u00e1st tartani. A szimp\u00f3ziumok munkanyelveit a szimp\u00f3ziumok vezet\u0151i hat\u00e1rozhatj\u00e1k meg. Minden szimp\u00f3ziumvezet\u0151 maga felel a szimp\u00f3zium\u00e1ra beny\u00fajtott absztraktok elb\u00edr\u00e1l\u00e1s\u00e1\u00e9rt. Ugyancsak a szimp\u00f3ziumvezet\u0151k d\u00f6nt\u00e9se, hogy k\u00edv\u00e1nj\u00e1k-e k\u00e9s\u0151bb \u00f6n\u00e1ll\u00f3 k\u00f6tet form\u00e1j\u00e1ban publik\u00e1lni a szimp\u00f3zium el\u0151ad\u00e1sait. A kongresszuson elhangz\u00f3 \u00f6sszes el\u0151ad\u00e1st nem tervezz\u00fck gy\u0171jtem\u00e9nyes k\u00f6tetben megjelentetni. A t\u00e1gabb \u00e9rtelemben vett finnugrisztika\/uralisztika minden ter\u00fclet\u00e9r\u0151l sz\u00edvesen l\u00e1tunk javaslatokat.<\/span><\/p>\n<p style=\"text-align: justify;\"><span lang=\"ET\">A kongresszus weblapj\u00e1t \u2013 <\/span><a title=\"\" href=\"https:\/\/cifu14.ut.ee\" target=\"_blank\" rel=\"noopener\" data-url=\"https:\/\/cifu14.ut.ee\">cifu14.ut.ee<\/a><span lang=\"ET\"> \u2013 folyamatosan friss\u00edtj\u00fck, hogy naprak\u00e9szek legyenek az inform\u00e1ci\u00f3k (tov\u00e1bbi k\u00f6rlevelek, felh\u00edv\u00e1s az absztraktok beny\u00fajt\u00e1s\u00e1ra, tudnival\u00f3k a kongresszus helysz\u00edn\u00e9r\u0151l, programj\u00e1r\u00f3l, a regisztr\u00e1ci\u00f3r\u00f3l \u00e9s a r\u00e9szv\u00e9teli d\u00edjr\u00f3l stb.)<\/span><\/p>\n<p>Szeretettel v\u00e1rjuk 2025-ben Tartuban!<\/p>\n<p style=\"text-align: justify;\"><span lang=\"ET\">A szervez\u0151bizotts\u00e1g nev\u00e9ben<br>\nGerson Klumpp<br>\nTartui Egyetem finnugrisztika professzora<br>\nA XIV. Nemzetk\u00f6zi Finnugor Kongresszus eln\u0151ke<\/span><\/p>\n","protected":false},"excerpt":{"rendered":"<p>Tisztelt koll\u00e9g\u00e1k! 1960 \u00f3ta \u00f6t\u00e9venk\u00e9nt megrendezik a Nemzetk\u00f6zi Finnugor Kongresszust (Congressus Internationalis Fenno-Ugristarum, CIFU). Az eredetileg 2020-ra tervezett el\u0151z\u0151 kongresszus a Covid-19 vil\u00e1gj\u00e1rv\u00e1ny miatt k\u00e9t \u00e9vvel k\u00e9s\u0151bb, 2022 augusztus\u00e1ban val\u00f3sult meg B\u00e9csben. A nemzetk\u00f6zi kongresszusi bizotts\u00e1g \u00fagy hat\u00e1rozott, hogy a &#8230;<\/p>\n","protected":false},"author":306,"featured_media":0,"parent":0,"menu_order":0,"comment_status":"closed","ping_status":"closed","template":"","meta":{"_acf_changed":false,"inline_featured_image":false,"footnotes":""},"class_list":["post-30","page","type-page","status-publish","hentry"],"acf":[],"_links":{"self":[{"href":"https:\/\/sisu.ut.ee\/cifu14\/wp-json\/wp\/v2\/pages\/30","targetHints":{"allow":["GET"]}}],"collection":[{"href":"https:\/\/sisu.ut.ee\/cifu14\/wp-json\/wp\/v2\/pages"}],"about":[{"href":"https:\/\/sisu.ut.ee\/cifu14\/wp-json\/wp\/v2\/types\/page"}],"author":[{"embeddable":true,"href":"https:\/\/sisu.ut.ee\/cifu14\/wp-json\/wp\/v2\/users\/306"}],"replies":[{"embeddable":true,"href":"https:\/\/sisu.ut.ee\/cifu14\/wp-json\/wp\/v2\/comments?post=30"}],"version-history":[{"count":3,"href":"https:\/\/sisu.ut.ee\/cifu14\/wp-json\/wp\/v2\/pages\/30\/revisions"}],"predecessor-version":[{"id":1845,"href":"https:\/\/sisu.ut.ee\/cifu14\/wp-json\/wp\/v2\/pages\/30\/revisions\/1845"}],"wp:attachment":[{"href":"https:\/\/sisu.ut.ee\/cifu14\/wp-json\/wp\/v2\/media?parent=30"}],"curies":[{"name":"wp","href":"https:\/\/api.w.org\/{rel}","templated":true}]}}