{"id":2938,"date":"2025-02-28T15:48:02","date_gmt":"2025-02-28T13:48:02","guid":{"rendered":"https:\/\/sisu.ut.ee\/cifu14\/dritter-rundbrief-februar-2025\/"},"modified":"2025-05-29T14:57:31","modified_gmt":"2025-05-29T11:57:31","slug":"3-rundbrief","status":"publish","type":"page","link":"https:\/\/sisu.ut.ee\/cifu14\/3-rundbrief\/?lang=de","title":{"rendered":"Dritter Rundbrief, Februar 2025"},"content":{"rendered":"<p><\/p>\n\n\n<p style=\"text-align: justify;\">Liebe Kollegen,<\/p>\n<p style=\"text-align: justify;\">dieser 3. Rundbrief informiert \u00fcber die Anmeldung zum XIV. Internationalen Kongress f\u00fcr Finnougristik, CIFU\u00a014. Die Liste der Symposien, die Liste der angenommenen Vortr\u00e4ge, Informationen zu den Plenarsprechern sowie ein vorl\u00e4ufiges Programmschema finden sich unter <a href=\"https:\/\/cifu14.ut.ee\/programme\/\">https:\/\/cifu14.ut.ee\/programme\/<\/a>. Es werden bis zu 8 Parallelsektionen stattfinden, und das Programm wird haupts\u00e4chlich in Form von 30-Minuten-Slots organisiert (20 Minuten f\u00fcr Pr\u00e4sentation, 5\u20137 Minuten f\u00fcr Diskussion und 3\u20135 Minuten um zwischen Auditorien zu wechseln). Alle Auditorien sind mit Internetverbindung und Projektor ausgestattet. Falls Sie f\u00fcr Ihren Vortrag spezielle Technik ben\u00f6tigen, kontaktieren Sie uns bitte im Voraus. Unsere Homepage wird laufend aktualisiert, und mehr Einzelheiten zum Programm erscheinen in den n\u00e4chsten Monaten.<\/p>\n<p style=\"text-align: justify;\">Um sich zu registrieren, gehen Sie bitte zum Anmeldeformular auf der Kongress-Homepage <a href=\"https:\/\/cifu14.ut.ee\/registration\/\">https:\/\/cifu14.ut.ee\/registration\/<\/a>. Beim Ausf\u00fcllen des Formulars beachten Sie bitte, dass Affiliationen mit russl\u00e4ndischen oder belarusischen Institutionen nicht akzeptiert werden k\u00f6nnen. In diesem Fall, oder wenn Sie \u00fcber keinerlei Affiliation verf\u00fcgen, geben Sie bitte den Namen ihre Stadt an.<\/p>\n<p style=\"text-align: justify;\">Wir fragen nach der Sprache, in der Sie Ihren Vortrag halten werden, falls dieser nicht auf Englisch stattfindet. Bitte beachten Sie, dass die Sprache von Symposiumsvortr\u00e4gen mit den Symposiumsveranstaltern abgestimmt werden muss. F\u00fcr Vortr\u00e4ge in der Allgemeinen Sektion liegt die Entscheidung bei den Autoren. Falls Ihr Vortrag auf Englisch stattfindet, die Folien aber in einer anderen Sprache sind, muss dies bei der Anmeldung nicht angegeben werden.<\/p>\n<p style=\"text-align: justify;\">Die fr\u00fche Anmeldegeb\u00fchr betr\u00e4gt 250 Euro f\u00fcr die Teilnahme vor Ort und 100 Euro f\u00fcr die Online-Teilnahme. Die fr\u00fche Anmeldung beginnt am 1. M\u00e4rz und dauert bis zum <strong>30. April<\/strong>. Danach betr\u00e4gt die Anmeldegeb\u00fchr 300 Euro (on-site) bzw. 150 Euro (online). Falls Sie planen, an einer der Exkursionen oder gef\u00fchrten Touren teilzunehmen, bitten wir um Anmeldung bis sp\u00e4testens <del>1.<\/del> 30. Juni. Alle Autoren sind aufgefordert sich bis zum <strong>30. Juni <\/strong>anmelden. Bitte beachten Sie, dass Abstracts erst nach erfolgreicher Anmeldung auf der Kongress-Hompage ver\u00f6ffentlicht werden. Die Anmeldung ist erfolgreich abgeschlossen, wenn die Zahlung eingegangen ist. F\u00fcr eine Anmeldung nach dem 30. Juni kontaktieren Sie bitte die Organisatoren. Die Teilnahmegeb\u00fchr beinhaltet Kongressmaterialien, Kaffeepausen und die Abendempf\u00e4nge.<\/p>\n<p style=\"text-align: justify;\">Wir bitten Sie Ihre Teilnahme bei den beiden Empf\u00e4ngen am Dienstag, den 19., und am Donnerstag, den 21., anzuzeigen. Diese sind in der Teilnahmegeb\u00fchr enthalten, aber wir m\u00f6chten die Teilnehmeranzahl im Voraus wissen. Au\u00dferdem stellen Sie bitte sicher, sich ggf. f\u00fcr die gef\u00fchrten Stadtrundg\u00e4nge am Donnerstag, den 21., und die Exkursionen am Samstag, den 23., anzumelden. Diese sind unter <a href=\"https:\/\/cifu14.ut.ee\/excursions\/\">https:\/\/cifu14.ut.ee\/excursions\/<\/a> aufgef\u00fchrt und beschrieben.<\/p>\n<p style=\"text-align: justify;\">Schlie\u00dflich bitten wir bei Teilnahme vor Ort darum, die Tage Ihrer Teilnahme anzugeben. Das hilft uns, in den Kaffeepausen entsprechend ausgestattet zu sein (die ebenfalls in der Kongressgeb\u00fchr enthalten sind).<\/p>\n<p style=\"text-align: justify;\">Falls Sie eine Einladung f\u00fcr einen Visaantrag ben\u00f6tigen, erkundigen Sie sich zun\u00e4chst nach den Anforderungen der Botschaft, wo Sie den Antrag stellen, und kontaktieren Sie uns dann <a href=\"mailto:cifu14@ut.ee\">cifu14@ut.ee<\/a>. Es ist nicht m\u00f6glich Visaeinladungen f\u00fcr B\u00fcrger Russlands und Wei\u00dfrusslands auszustellen. \u00dcber Online-Teilnahme freuen wir uns.<\/p>\n<p style=\"text-align: justify;\">Nach Absenden des Anmeldeformulars erhalten Sie eine Best\u00e4tigung Ihrer Auswahl an Ihre Email-Adresse. Diese Best\u00e4tigung enth\u00e4lt auch den Link zu <strong>Bezahlseite<\/strong> <a href=\"https:\/\/cifu14.ut.ee\/payment-options\/\">https:\/\/cifu14.ut.ee\/payment-options\/<\/a>. Alle Zahlungsinformationen sind dort angef\u00fchrt, bitte folgen Sie den Anweisungen. Sollte keine der angef\u00fchrten Zahlungsm\u00f6glichkeiten f\u00fcr Sie in Frage kommen, kontaktieren Sie uns bitte unter <a href=\"mailto:cifu14@ut.ee\">cifu14@ut.ee<\/a>.<\/p>\n<p style=\"text-align: justify;\">Der Hauptveranstaltungsort ist das Geb\u00e4ude der Geisteswissenschaften der Universit\u00e4t Tartu in Jakobi 2 und im Nachbarbau Lossi 3 (zu erreichen \u00fcber Jakobi 2). Die Er\u00f6ffnung findet in Vanemuise 46 statt und die Abendempf\u00e4nge im Geschichtsmuseum der Universit\u00e4t Tartu in Lossi 25 sowie im Estnischen Nationalmuseum, Muuseumi tee 2. In der nahen Umgebung des Veranstaltungsorts befinden sich zahlreiche Restaurants und Caf\u00e9s in verschiedenen Preisklassen. Zentrales Mittagessen kann leider nicht organisiert werden.<\/p>\n<p style=\"text-align: justify;\">F\u00fcr die <strong>Unterkunft <\/strong>haben wir eine Liste von Hotels mit Vorausbuchung und\/oder Preisnachl\u00e4ssen zusammengestellt: <a href=\"https:\/\/cifu14.ut.ee\/accommodation\/\">https:\/\/cifu14.ut.ee\/accommodation\/<\/a>. Wir empfehlen, so fr\u00fch als m\u00f6glich zu buchen.<\/p>\n<p style=\"text-align: justify;\">Alle Abstracts werden auf der Kongress-Homepage ver\u00f6ffentlicht. Es wird keinen Papierband mit den Abstracts geben und auch keine Kongressb\u00e4nde. Symposium-Organisatoren werden ermutigt, ihre eigenen Ver\u00f6ffentlichungen zu planen.<\/p>\n<p style=\"text-align: justify;\">Wir freuen uns auf Ihre Teilnahme im August!<\/p>\n<p style=\"text-align: justify;\">Gerson Klumpp<br>Pr\u00e4sident des XIV. Internationalen Kongresses f\u00fcr Finnougristik<\/p>\n<p style=\"text-align: justify;\">Marili Tomingas<br>Gesch\u00e4ftsf\u00fchrerin des XIV. Internationalen Kongresses f\u00fcr Finnougristik<\/p>","protected":false},"excerpt":{"rendered":"<p>Liebe Kollegen, dieser 3. Rundbrief informiert \u00fcber die Anmeldung zum XIV. Internationalen Kongress f\u00fcr Finnougristik, CIFU\u00a014. Die Liste der Symposien, die Liste der angenommenen Vortr\u00e4ge, Informationen zu den Plenarsprechern sowie ein vorl\u00e4ufiges Programmschema finden sich unter https:\/\/cifu14.ut.ee\/programme\/. Es werden bis &#8230;<\/p>\n","protected":false},"author":306,"featured_media":0,"parent":0,"menu_order":0,"comment_status":"closed","ping_status":"closed","template":"","meta":{"_acf_changed":false,"inline_featured_image":false,"footnotes":""},"class_list":["post-2938","page","type-page","status-publish","hentry"],"acf":[],"_links":{"self":[{"href":"https:\/\/sisu.ut.ee\/cifu14\/wp-json\/wp\/v2\/pages\/2938","targetHints":{"allow":["GET"]}}],"collection":[{"href":"https:\/\/sisu.ut.ee\/cifu14\/wp-json\/wp\/v2\/pages"}],"about":[{"href":"https:\/\/sisu.ut.ee\/cifu14\/wp-json\/wp\/v2\/types\/page"}],"author":[{"embeddable":true,"href":"https:\/\/sisu.ut.ee\/cifu14\/wp-json\/wp\/v2\/users\/306"}],"replies":[{"embeddable":true,"href":"https:\/\/sisu.ut.ee\/cifu14\/wp-json\/wp\/v2\/comments?post=2938"}],"version-history":[{"count":2,"href":"https:\/\/sisu.ut.ee\/cifu14\/wp-json\/wp\/v2\/pages\/2938\/revisions"}],"predecessor-version":[{"id":4695,"href":"https:\/\/sisu.ut.ee\/cifu14\/wp-json\/wp\/v2\/pages\/2938\/revisions\/4695"}],"wp:attachment":[{"href":"https:\/\/sisu.ut.ee\/cifu14\/wp-json\/wp\/v2\/media?parent=2938"}],"curies":[{"name":"wp","href":"https:\/\/api.w.org\/{rel}","templated":true}]}}