{"id":29,"date":"2024-04-04T08:38:34","date_gmt":"2024-04-04T05:38:34","guid":{"rendered":"https:\/\/sisu.ut.ee\/cifu14\/koerlevelek\/"},"modified":"2025-03-10T15:47:20","modified_gmt":"2025-03-10T13:47:20","slug":"koerlevelek","status":"publish","type":"page","link":"https:\/\/sisu.ut.ee\/cifu14\/koerlevelek\/?lang=hu","title":{"rendered":"K\u00f6rlevelek"},"content":{"rendered":"<ul>\n<li><span style=\"font-size: 18pt;\"><a href=\"https:\/\/cifu14.ut.ee\/1-koerlevel\/?lang=hu\"><strong>Els\u0151 k\u00f6rlev\u00e9l, m\u00e1jus 2023\u00a0<\/strong><\/a><\/span><\/li>\n<li><span style=\"font-size: 18pt;\"><a href=\"https:\/\/cifu14.ut.ee\/2-koerlevel\/?lang=hu\"><strong>M\u00e1sodik k\u00f6rlev\u00e9l, m\u00e1jus 2024<\/strong><\/a><\/span><\/li>\n<li><span style=\"font-size: 18pt;\"><a href=\"https:\/\/cifu14.ut.ee\/3-koerlevel\/?lang=hu\"><strong>Harmadik k\u00f6rlev\u00e9l, febru\u00e1r 2025<\/strong><\/a><\/span><\/li>\n<\/ul>\n","protected":false},"excerpt":{"rendered":"<p>Els\u0151 k\u00f6rlev\u00e9l, m\u00e1jus 2023\u00a0 M\u00e1sodik k\u00f6rlev\u00e9l, m\u00e1jus 2024 Harmadik k\u00f6rlev\u00e9l, febru\u00e1r 2025<\/p>\n","protected":false},"author":306,"featured_media":0,"parent":0,"menu_order":0,"comment_status":"closed","ping_status":"closed","template":"","meta":{"_acf_changed":false,"inline_featured_image":false,"footnotes":""},"class_list":["post-29","page","type-page","status-publish","hentry"],"acf":[],"_links":{"self":[{"href":"https:\/\/sisu.ut.ee\/cifu14\/wp-json\/wp\/v2\/pages\/29","targetHints":{"allow":["GET"]}}],"collection":[{"href":"https:\/\/sisu.ut.ee\/cifu14\/wp-json\/wp\/v2\/pages"}],"about":[{"href":"https:\/\/sisu.ut.ee\/cifu14\/wp-json\/wp\/v2\/types\/page"}],"author":[{"embeddable":true,"href":"https:\/\/sisu.ut.ee\/cifu14\/wp-json\/wp\/v2\/users\/306"}],"replies":[{"embeddable":true,"href":"https:\/\/sisu.ut.ee\/cifu14\/wp-json\/wp\/v2\/comments?post=29"}],"version-history":[{"count":4,"href":"https:\/\/sisu.ut.ee\/cifu14\/wp-json\/wp\/v2\/pages\/29\/revisions"}],"predecessor-version":[{"id":2750,"href":"https:\/\/sisu.ut.ee\/cifu14\/wp-json\/wp\/v2\/pages\/29\/revisions\/2750"}],"wp:attachment":[{"href":"https:\/\/sisu.ut.ee\/cifu14\/wp-json\/wp\/v2\/media?parent=29"}],"curies":[{"name":"wp","href":"https:\/\/api.w.org\/{rel}","templated":true}]}}