{"id":2742,"date":"2025-02-28T15:48:02","date_gmt":"2025-02-28T13:48:02","guid":{"rendered":"https:\/\/sisu.ut.ee\/cifu14\/harmadik-korlevel-2025-februar\/"},"modified":"2025-05-29T14:58:15","modified_gmt":"2025-05-29T11:58:15","slug":"3-koerlevel","status":"publish","type":"page","link":"https:\/\/sisu.ut.ee\/cifu14\/3-koerlevel\/?lang=hu","title":{"rendered":"Harmadik k\u00f6rlev\u00e9l, febru\u00e1r 2025"},"content":{"rendered":"<p><\/p>\n\n\n<p style=\"text-align: justify;\">A harmadik k\u00f6rlev\u00e9l tartalmazza a 14. finnugor kongresszusra val\u00f3 regisztr\u00e1ci\u00f3hoz sz\u00fcks\u00e9ges inform\u00e1ci\u00f3kat. A szimp\u00f3ziumok \u00e9s az elfogadott el\u0151ad\u00e1sok list\u00e1ja, a plen\u00e1ris el\u0151ad\u00f3kkal kapcsolatos inform\u00e1ci\u00f3k, valamint az el\u0151zetes programv\u00e1zlat itt tal\u00e1lhat\u00f3: <a href=\"https:\/\/cifu14.ut.ee\/programme\/\">https:\/\/cifu14.ut.ee\/programme\/<\/a>. Honlapunk tartalma \u00e9s a program folyamatosan friss\u00fcl. A kongresszuson legfeljebb 8 p\u00e1rhuzamos szekci\u00f3 lesz, a szekci\u00f3-el\u0151ad\u00e1sok \u00e1ltal\u00e1ban 30 percesek (20 perc az el\u0151ad\u00e1sra, 5-7 perc a k\u00e9rd\u00e9sekre \u00e9s 3-5 perc az el\u0151ad\u00f3termek k\u00f6z\u00f6tti k\u00f6zleked\u00e9sre). Minden el\u0151ad\u00f3teremben van internet csatlakoz\u00e1ssal ell\u00e1tott sz\u00e1m\u00edt\u00f3g\u00e9p \u00e9s projektor. Ha el\u0151ad\u00e1s\u00e1hoz sz\u00fcks\u00e9ge van valamilyen m\u00e1sfajta technikai felszerel\u00e9sre is, azt k\u00e9rj\u00fck, el\u0151zetesen jelezze.<\/p>\n<p style=\"text-align: justify;\">A regisztr\u00e1ci\u00f3hoz sz\u00fcks\u00e9ges \u0171rlap itt tal\u00e1lhat\u00f3: <a href=\"https:\/\/cifu14.ut.ee\/registration\/\">https:\/\/cifu14.ut.ee\/registration\/<\/a>. Az \u0171rlap kit\u00f6lt\u00e9sekor k\u00e9rj\u00fck, vegye figyelembe, hogy orosz vagy feh\u00e9rorosz int\u00e9zm\u00e9nyek r\u00e9szv\u00e9tele nem elfogadhat\u00f3. Ebben az esetben, vagy ha pillanatnyilag nincs kapcsolata egyetlen int\u00e9zm\u00e9nnyel sem, k\u00e9rj\u00fck, adja meg helyette lak\u00f3helye szerinti v\u00e1ros\u00e1nak nev\u00e9t.<br>A jelentkez\u00e9si \u0171rlap kit\u00f6lt\u00e9sekor k\u00e9rj\u00fck, adja meg el\u0151ad\u00e1s\u00e1nak nyelv\u00e9t, ha az nem angol. K\u00e9rj\u00fck, vegye figyelembe, hogy a szimp\u00f3ziumi el\u0151ad\u00e1sok nyelv\u00e9t egyeztetni kell a szimp\u00f3zium szervez\u0151j\u00e9vel. Az \u00e1ltal\u00e1nos \u00fcl\u00e9seken elhangz\u00f3 el\u0151ad\u00e1sok nyelv\u00e9vel kapcsolatban a szerz\u0151k maguk d\u00f6nthetnek. Az angolt\u00f3l elt\u00e9r\u0151 nyelv\u0171 el\u0151ad\u00e1sokat aj\u00e1nlott angol nyelv\u0171 di\u00e1kkal t\u00e1mogatni. A regisztr\u00e1ci\u00f3s \u0171rlapon nem sz\u00fcks\u00e9ges felt\u00fcntetni, ha az el\u0151ad\u00e1s angolul, a di\u00e1k viszont m\u00e1s nyelven lesznek.<\/p>\n<p style=\"text-align: justify;\">Korai regisztr\u00e1ci\u00f3 eset\u00e9n a helysz\u00edni r\u00e9szv\u00e9tel d\u00edja 250, online r\u00e9szv\u00e9tel eset\u00e9n 100 eur\u00f3. A korai regisztr\u00e1ci\u00f3 2025. m\u00e1rcius 1-t\u0151l \u00e1prilis 30-ig tart. \u00c1prilis 30-a ut\u00e1n a r\u00e9szv\u00e9telid\u00edjak \u00f6sszege helysz\u00edni r\u00e9szv\u00e9tel eset\u00e9n 300, online r\u00e9szv\u00e9tel eset\u00e9n 150 eur\u00f3. Az absztraktok szerz\u0151it k\u00e9rj\u00fck, hogy legk\u00e9s\u0151bb j\u00fanius 30-ig regisztr\u00e1ljanak, mert az el\u0151ad\u00e1s absztraktj\u00e1t csak a regisztr\u00e1ci\u00f3 ut\u00e1n t\u00f6ltj\u00fck fel a honlapra. A kir\u00e1ndul\u00e1sok \u00e9s\/vagy m\u00fazeuml\u00e1togat\u00e1sok regisztr\u00e1ci\u00f3s hat\u00e1rideje 2025. j\u00fanius <del>1<\/del> 30. A regisztr\u00e1ci\u00f3 \u00e9rv\u00e9nyes amint r\u00e9szv\u00e9teli d\u00edj meg\u00e9rkezik hozz\u00e1nk.<\/p>\n<p style=\"text-align: justify;\">A r\u00e9szv\u00e9teli d\u00edj fedezi a kongresszusi mapp\u00e1t, a k\u00e1v\u00e9sz\u00fcneteket \u00e9s a fogad\u00e1sokat. B\u00e1r a r\u00e9szv\u00e9teli d\u00edj fedezi a fogad\u00e1sokat, m\u00e9gis k\u00e9rj\u00fck, hogy a regisztr\u00e1ci\u00f3 sor\u00e1n jelezze, ha szeretne r\u00e9szt venni az augusztus 19-i \u00e9s\/vagy augusztus 21-i fogad\u00e1son, valamint az augusztus 21-i \u00e9s 23-i kir\u00e1ndul\u00e1sok vagy m\u00fazeuml\u00e1togat\u00e1sok valamelyik\u00e9n, hogy felm\u00e9rhess\u00fck a r\u00e9sztvev\u0151k sz\u00e1m\u00e1t. A m\u00fazeuml\u00e1togat\u00e1sokkal \u00e9s kir\u00e1ndul\u00e1sokkal kapcsolatos b\u0151vebb inform\u00e1ci\u00f3 itt tal\u00e1lhat\u00f3: <a href=\"https:\/\/cifu14.ut.ee\/excursions\/\">https:\/\/cifu14.ut.ee\/excursions\/<\/a>.<\/p>\n<p style=\"text-align: justify;\">A regisztr\u00e1ci\u00f3s \u0171rlap v\u00e9g\u00e9n k\u00e9rj\u00fck, felt\u00e9tlen\u00fcl jelezze, mely napokon k\u00edv\u00e1n r\u00e9szt venni a kongresszuson, hogy a k\u00e1v\u00e9sz\u00fcneteket a r\u00e9sztvev\u0151k sz\u00e1m\u00e1hoz igaz\u00edthassuk.<\/p>\n<p style=\"text-align: justify;\">Ha a v\u00edzumig\u00e9nyl\u00e9shez sz\u00fcks\u00e9ge van megh\u00edv\u00f3ra, k\u00e9rj\u00fck, k\u00e9rdezze meg az illet\u00e9kes nagyk\u00f6vets\u00e9gen mik a megh\u00edv\u00f3 k\u00f6vetelm\u00e9nyei, majd \u00e9rtes\u00edtsen minket a k\u00f6vetkez\u0151 emailc\u00edmen: <a href=\"mailto:cifu14@ut.ee\">cifu14@ut.ee<\/a>.<br>Oroszorsz\u00e1g \u00e9s Feh\u00e9roroszorsz\u00e1g \u00e1llampolg\u00e1rai sz\u00e1m\u00e1ra sajnos nem tudunk megh\u00edv\u00f3t k\u00fcldeni, de \u00f6r\u00f6m\u00fcnkre szolg\u00e1l, ha \u0151k online vesznek r\u00e9szt a kongresszuson.<\/p>\n<p style=\"text-align: justify;\">A regisztr\u00e1ci\u00f3s \u0171rlap elk\u00fcld\u00e9s\u00e9t k\u00f6vet\u0151en egy automatikus visszaigazol\u00f3 e-mailt k\u00fcld\u00fcnk a megadott e-mail c\u00edmre, amely tartalmazza az \u0171rlapon megadott v\u00e1laszait. A v\u00e1laszlev\u00e9l v\u00e9g\u00e9n a k\u00f6vetkez\u0151 linket tal\u00e1lja: <a href=\"https:\/\/cifu14.ut.ee\/payment-options\">https:\/\/cifu14.ut.ee\/payment-options<\/a>, ahol r\u00e9szletes inform\u00e1ci\u00f3t tal\u00e1l a fizet\u00e9si lehet\u0151s\u00e9gekkel kapcsolatban. K\u00e9rj\u00fck, k\u00f6vesse az oldalon tal\u00e1lhat\u00f3 utas\u00edt\u00e1sokat. Ha a felsorolt fizet\u00e9si m\u00f3dok egyike sem felel meg \u00d6nnek, k\u00e9rj\u00fck, vegye fel vel\u00fcnk a kapcsolatot ezen a c\u00edmen: <a href=\"mailto:cifu14@ut.ee\">cifu14@ut.ee<\/a>.<\/p>\n<p style=\"text-align: justify;\">A kongresszus f\u0151 helysz\u00ednei a Tartui Egyetem B\u00f6lcs\u00e9szettudom\u00e1nyi \u00e9s M\u0171v\u00e9szeti Kar\u00e1nak Jakobi 2. sz\u00e1m alatti \u00e9p\u00fclete \u00e9s a szomsz\u00e9dos Lossi 3. sz\u00e1m alatti \u00e9p\u00fclet, melybe a Jakobi 2 kereszt\u00fcl is eljuthat. A kongresszus megnyit\u00f3j\u00e1ra a Vanemuise 46. sz\u00e1m alatti el\u0151ad\u00f3teremben (ringauditoorium) ker\u00fcl sor, az esti fogad\u00e1sokra a Tartui Egyetem t\u00f6rt\u00e9nelmi m\u00fazeum\u00e1ban (Lossi 25) \u00e9s az \u00c9szt Nemzeti M\u00fazeumban (Muuseumi tee 2) ker\u00fcl sor. A kongresszus helysz\u00edn\u00e9nek k\u00f6zel\u00e9ben sz\u00e1mos, k\u00fcl\u00f6nb\u00f6z\u0151 \u00e1rkateg\u00f3ri\u00e1j\u00fa \u00e9tterem \u00e9s k\u00e1v\u00e9z\u00f3 tal\u00e1lhat\u00f3. Felh\u00edvjuk figyelm\u00e9t, hogy k\u00f6z\u00f6s eb\u00e9d biztos\u00edt\u00e1s\u00e1ra nincs lehet\u0151s\u00e9g\u00fcnk.<\/p>\n<p style=\"text-align: justify;\">\u00d6ssze\u00e1ll\u00edtottunk egy list\u00e1t az el\u0151re lefoglalt szob\u00e1kat \u00e9s\/vagy kedvezm\u00e9nyeket k\u00edn\u00e1l\u00f3 sz\u00e1ll\u00e1sokr\u00f3l is: <a href=\"https:\/\/cifu14.ut.ee\/accommodation\/\">https:\/\/cifu14.ut.ee\/accommodation\/<\/a>. Javasoljuk, hogy a lehet\u0151 leghamarabb foglalja le sz\u00e1ll\u00e1s\u00e1t.<\/p>\n<p style=\"text-align: justify;\">Minden absztraktot k\u00f6zz\u00e9tesz\u00fcnk a kongresszus honlapj\u00e1n, absztraktf\u00fczetet \u00e9s konferencia kiadv\u00e1nyt nyomtatott form\u00e1ban nem jelentet\u00fcnk meg. A szimp\u00f3ziumok szervez\u0151i maguk d\u00f6ntenek a szimp\u00f3ziumi el\u0151ad\u00e1sok kiad\u00e1s\u00e1r\u00f3l.<\/p>\n<p style=\"text-align: justify;\">Szeretettel v\u00e1runk mindenkit augusztusban, Tartuban!<\/p>\n<p style=\"text-align: justify;\">Gerson Klumpp<br>a 14. Nemzetk\u00f6zi Finnugrisztikai Kongresszus eln\u00f6ke<\/p>\n<p style=\"text-align: justify;\">Marili Tomingas<br>a 14. Nemzetk\u00f6zi Finnugrisztikai Kongresszus titk\u00e1ra<\/p>","protected":false},"excerpt":{"rendered":"<p>A harmadik k\u00f6rlev\u00e9l tartalmazza a 14. finnugor kongresszusra val\u00f3 regisztr\u00e1ci\u00f3hoz sz\u00fcks\u00e9ges inform\u00e1ci\u00f3kat. A szimp\u00f3ziumok \u00e9s az elfogadott el\u0151ad\u00e1sok list\u00e1ja, a plen\u00e1ris el\u0151ad\u00f3kkal kapcsolatos inform\u00e1ci\u00f3k, valamint az el\u0151zetes programv\u00e1zlat itt tal\u00e1lhat\u00f3: https:\/\/cifu14.ut.ee\/programme\/. Honlapunk tartalma \u00e9s a program folyamatosan friss\u00fcl. A kongresszuson &#8230;<\/p>\n","protected":false},"author":306,"featured_media":0,"parent":0,"menu_order":0,"comment_status":"closed","ping_status":"closed","template":"","meta":{"_acf_changed":false,"inline_featured_image":false,"footnotes":""},"class_list":["post-2742","page","type-page","status-publish","hentry"],"acf":[],"_links":{"self":[{"href":"https:\/\/sisu.ut.ee\/cifu14\/wp-json\/wp\/v2\/pages\/2742","targetHints":{"allow":["GET"]}}],"collection":[{"href":"https:\/\/sisu.ut.ee\/cifu14\/wp-json\/wp\/v2\/pages"}],"about":[{"href":"https:\/\/sisu.ut.ee\/cifu14\/wp-json\/wp\/v2\/types\/page"}],"author":[{"embeddable":true,"href":"https:\/\/sisu.ut.ee\/cifu14\/wp-json\/wp\/v2\/users\/306"}],"replies":[{"embeddable":true,"href":"https:\/\/sisu.ut.ee\/cifu14\/wp-json\/wp\/v2\/comments?post=2742"}],"version-history":[{"count":5,"href":"https:\/\/sisu.ut.ee\/cifu14\/wp-json\/wp\/v2\/pages\/2742\/revisions"}],"predecessor-version":[{"id":4696,"href":"https:\/\/sisu.ut.ee\/cifu14\/wp-json\/wp\/v2\/pages\/2742\/revisions\/4696"}],"wp:attachment":[{"href":"https:\/\/sisu.ut.ee\/cifu14\/wp-json\/wp\/v2\/media?parent=2742"}],"curies":[{"name":"wp","href":"https:\/\/api.w.org\/{rel}","templated":true}]}}