{"id":2594,"date":"2025-02-28T15:48:02","date_gmt":"2025-02-28T13:48:02","guid":{"rendered":"https:\/\/sisu.ut.ee\/cifu14\/kolmas-ringkiri-veebruar-2025\/"},"modified":"2025-05-29T14:56:47","modified_gmt":"2025-05-29T11:56:47","slug":"3-ringkiri","status":"publish","type":"page","link":"https:\/\/sisu.ut.ee\/cifu14\/3-ringkiri\/?lang=et","title":{"rendered":"Kolmas ringkiri, veebruar 2025"},"content":{"rendered":"<p><\/p>\n\n\n<p>Head kolleegid,<\/p>\n<p style=\"text-align: justify;\">K\u00e4esolevas 3. ringkirjas on t\u00e4psem info registreerumise kohta 14. fennougristika kongressile. S\u00fcmpoosiumide ja vastuv\u00f5etud abstraktide nimekiri, plenaaresinejate info ning esialgne ajakava skeem on n\u00fc\u00fcd k\u00e4ttesaadaval lingil <a href=\"https:\/\/cifu14.ut.ee\/programme\/\">https:\/\/cifu14.ut.ee\/programme\/<\/a>. Kokku toimub paralleelselt kuni 8 ettekandesessiooni ning sessioonide kava on jaotatud peamiselt 30-minutilisteks ajal\u00f5ikudeks (20 minutit ettekandeks, 5\u20137 minutit diskussiooniks ning 3\u20135 auditooriumide vahel liikumiseks). K\u00f5igis auditooriumides on olemas interneti\u00fchendusega arvuti ja projektor. Juhul kui vajate oma esitluseks lisavahendeid, siis palun v\u00f5tke meiega eelnevalt \u00fchendust. Kongressi veebilehte uuendatakse jooksvalt ning t\u00e4psem kava lisatakse l\u00e4hikuudel.<\/p>\n<p style=\"text-align: justify;\">Kongressile registreerumiseks t\u00e4itke palun \u00e4ra registreerimisvorm, mille leiate lingi <a href=\"https:\/\/cifu14.ut.ee\/registration\/\">https:\/\/cifu14.ut.ee\/registration<\/a> alt. Vormi\u00a0t\u00e4ites pange palun t\u00e4hele, et Venemaa ja Valgevene asutusi ei saa kongressil aktsepteerida. Sellisel juhul (v\u00f5i kui teil puudub hetkel seos kindla asutusega) m\u00e4rkige palun oma elukohalinn.<\/p>\n<p style=\"text-align: justify;\">Palume, et t\u00e4psustaksite ka oma ettekande keele, juhul kui peate ettekande m\u00f5nes teises keeles kui inglise keel. Pange ka t\u00e4hele, et s\u00fcmpoosiumiettekande korral tuleb sellisel juhul ka vastava s\u00fcmpoosiumi korraldaja(te)ga kokku leppida. \u00dcldsessioonis v\u00f5ivad autorid oma ettekande keele \u00fcle ise otsustada. Kui ettekanne on m\u00f5nes muus keeles peale inglise keele, siis soovitame ettekandele lisada ingliskeelsed slaidid. Kui ettekanne on inglise keeles, kuid slaidid m\u00f5nes teises keeles, siis ei ole vaja sellest registreerimisvormis eraldi teada anda.<\/p>\n<p style=\"text-align: justify;\">Varase registreerumise korral on kongressi osalustasu 250 eurot kohapeal osaledes ning 100 eurot veebis osaledes. Varane registreerumine algab 1. m\u00e4rtsil ning kestab kuni <strong>30. aprillini<\/strong>. P\u00e4rast seda kuup\u00e4eva on registreerimistasud vastavalt 300 eurot kohapeal osaledes \/ 150 eurot veebis osaledes. Juhul kui plaanite osaleda m\u00f5nel ekskursioonil ja\/v\u00f5i giidituuril, siis palun registreerige oma osalus <del>1.<\/del> 30. juuniks. Palume k\u00f5igil abstraktide autoritel registreeruda hiljemalt <strong>30. juuniks<\/strong>. Palun pange t\u00e4hele, et ettekande abstrakti ei lisata kongressi veebilehele enne registreerumise l\u00f5puleviimist. Registreerumine on edukalt l\u00f5petatud, kui osalustasu on saabunud. Osalustasudest kaetakse kongressi materjalid, kohvipausid ja vastuv\u00f5tud.<\/p>\n<p style=\"text-align: justify;\">Palume, et m\u00e4rgiksite \u00e4ra ka oma osaluse \u00f5htustel vastuv\u00f5ttudel, mis toimuvad teisip\u00e4eval, 19. augustil ja neljap\u00e4eval, 21. augustil. Vastuv\u00f5tud on kongressi osalustasu hinna sees, kuid sooviksime siiski eelnevalt teada osalejate arvu. Samuti pange palun kirja oma valikud neljap\u00e4eva, 21. augusti p\u00e4rastl\u00f5una giidituuride ja laup\u00e4eva, 23. augusti ekskursioonide osas. Tuuride ja ekskursioonide kirjeldustega saab t\u00e4psemalt tutvuda lingil <a href=\"https:\/\/cifu14.ut.ee\/excursions\/\">https:\/\/cifu14.ut.ee\/excursions\/<\/a>.<\/p>\n<p style=\"text-align: justify;\">Registreerimisvormi l\u00f5pus palume eriti kohapeal osalemise puhul \u00e4ra m\u00e4rkida, millistel p\u00e4evadel te kongressil osalete, et olla v\u00f5imalikult h\u00e4sti varustatud kohvipausideks (mis on samuti osalustasu hinna sees).<\/p>\n<p style=\"text-align: justify;\">Juhul kui vajate meilt viisakutset viisa taotlemiseks, siis palun k\u00fcsige vastavast saatkonnast, millised on nende n\u00f5uded viisakutsele, ning andke meile sellest teada e-postile <a href=\"mailto:cifu14@ut.ee\">cifu14@ut.ee<\/a>. Meil ei ole v\u00f5imalik v\u00e4ljastada viisakutseid Venemaa ja Valgevene kodanikele. Veebis osalemine on aga teretulnud.<\/p>\n<p style=\"text-align: justify;\">P\u00e4rast registreerimisvormi esitamist saadetakse teie sisestatud e-mailile automaatne kinnituskiri koos teie valitud vastustega. Kirja l\u00f5pus on ka link makselehele: <a href=\"https:\/\/cifu14.ut.ee\/payment-options\">https:\/\/cifu14.ut.ee\/payment-options<\/a>. Seal on kirjas t\u00e4psem info maksev\u00f5imaluste kohta, palun j\u00e4rgige juhiseid. Juhul kui \u00fckski kirja pandud maksev\u00f5imalustest ei sobi teile, siis palun v\u00f5tke meiega \u00fchendust: <a href=\"mailto:cifu14@ut.ee\">cifu14@ut.ee<\/a>.<\/p>\n<p style=\"text-align: justify;\">Kongressi peamised toimumiskohad on Tartu \u00dclikooli humanitaarteaduste ja kunstide valdkonna hoone aadressil Jakobi 2 ning naaberhoone Lossi 3 (kuhu saab liikuda Jakobi 2-st). Kongressi avamine toimub Vanemuise 46 ringauditooriumis, \u00f5htused vastuv\u00f5tud vastavalt Tartu \u00dclikooli Ajaloomuuseumis aadressil Lossi 25 ning Eesti Rahva Muuseumis aadressil Muuseumi tee 2. Kongressi toimumiskoha l\u00e4heduses on mitmeid erinevas hinnaklassis restorane ja kohvikuid. Palun pange t\u00e4hele, et \u00fchist l\u00f5unat ei ole v\u00f5imalik korraldada.<\/p>\n<p style=\"text-align: justify;\">Oleme koostanud nimekirja ka <strong>majutusasutuste <\/strong>kohta, mis pakuvad eelbroneeritud tube ja\/v\u00f5i soodustusi: <a href=\"https:\/\/cifu14.ut.ee\/accommodation\/\">https:\/\/cifu14.ut.ee\/accommodation\/<\/a>. Soovitame broneerida majutuse nii vara kui v\u00f5imalik.<\/p>\n<p style=\"text-align: justify;\">K\u00f5ik abstraktid avaldatakse kongressi veebilehel. Abstraktide raamatut paberil eraldi v\u00e4lja ei anta, samuti ei ole plaanis \u00fchist ettekannete v\u00e4ljaannet. S\u00fcmpoosiumide korraldajad on teretulnud oma s\u00fcmpoosiumi ettekannete v\u00e4ljaandmist planeerima.<\/p>\n<p style=\"text-align: justify;\">Ootame teid augustis Tartusse!<\/p>\n<p style=\"text-align: justify;\">Gerson Klumpp<br>XIV fennougristika kongressi president<\/p>\n<p style=\"text-align: justify;\">Marili Tomingas<br>XIV fennougristika kongressi sekret\u00e4r<\/p>","protected":false},"excerpt":{"rendered":"<p>Head kolleegid, K\u00e4esolevas 3. ringkirjas on t\u00e4psem info registreerumise kohta 14. fennougristika kongressile. S\u00fcmpoosiumide ja vastuv\u00f5etud abstraktide nimekiri, plenaaresinejate info ning esialgne ajakava skeem on n\u00fc\u00fcd k\u00e4ttesaadaval lingil https:\/\/cifu14.ut.ee\/programme\/. Kokku toimub paralleelselt kuni 8 ettekandesessiooni ning sessioonide kava on jaotatud &#8230;<\/p>\n","protected":false},"author":306,"featured_media":0,"parent":0,"menu_order":0,"comment_status":"closed","ping_status":"closed","template":"","meta":{"_acf_changed":false,"inline_featured_image":false,"footnotes":""},"class_list":["post-2594","page","type-page","status-publish","hentry"],"acf":[],"_links":{"self":[{"href":"https:\/\/sisu.ut.ee\/cifu14\/wp-json\/wp\/v2\/pages\/2594","targetHints":{"allow":["GET"]}}],"collection":[{"href":"https:\/\/sisu.ut.ee\/cifu14\/wp-json\/wp\/v2\/pages"}],"about":[{"href":"https:\/\/sisu.ut.ee\/cifu14\/wp-json\/wp\/v2\/types\/page"}],"author":[{"embeddable":true,"href":"https:\/\/sisu.ut.ee\/cifu14\/wp-json\/wp\/v2\/users\/306"}],"replies":[{"embeddable":true,"href":"https:\/\/sisu.ut.ee\/cifu14\/wp-json\/wp\/v2\/comments?post=2594"}],"version-history":[{"count":11,"href":"https:\/\/sisu.ut.ee\/cifu14\/wp-json\/wp\/v2\/pages\/2594\/revisions"}],"predecessor-version":[{"id":4693,"href":"https:\/\/sisu.ut.ee\/cifu14\/wp-json\/wp\/v2\/pages\/2594\/revisions\/4693"}],"wp:attachment":[{"href":"https:\/\/sisu.ut.ee\/cifu14\/wp-json\/wp\/v2\/media?parent=2594"}],"curies":[{"name":"wp","href":"https:\/\/api.w.org\/{rel}","templated":true}]}}